{"id":1139,"date":"2022-04-04T14:10:02","date_gmt":"2022-04-04T14:10:02","guid":{"rendered":"https:\/\/www.tsa-interlocks.com\/?page_id=1139"},"modified":"2022-09-27T12:24:28","modified_gmt":"2022-09-27T12:24:28","slug":"iot-safety-company","status":"publish","type":"page","link":"https:\/\/accept.tsa-interlocks.com.bmade.it\/de\/iot-safety-company\/","title":{"rendered":"Intelligente Schl\u00f6sser"},"content":{"rendered":"\t\t<div data-elementor-type=\"wp-page\" data-elementor-id=\"1139\" class=\"elementor elementor-1139\">\r\n\t\t\t\t\t\t<section class=\"elementor-section elementor-top-section elementor-element elementor-element-171d9b3a elementor-section-boxed elementor-section-height-default elementor-section-height-default\" data-id=\"171d9b3a\" data-element_type=\"section\">\r\n\t\t\t\t\t\t<div class=\"elementor-container elementor-column-gap-default\">\r\n\t\t\t\t\t<div class=\"elementor-column elementor-col-100 elementor-top-column elementor-element elementor-element-3f6c102b\" data-id=\"3f6c102b\" data-element_type=\"column\">\r\n\t\t\t<div class=\"elementor-widget-wrap elementor-element-populated\">\r\n\t\t\t\t\t\t<div class=\"elementor-element elementor-element-60c004c2 elementor-widget elementor-widget-text-editor\" data-id=\"60c004c2\" data-element_type=\"widget\" data-widget_type=\"text-editor.default\">\r\n\t\t\t\t<div class=\"elementor-widget-container\">\r\n\t\t\t\t\t\t\t\t\t<h2>Intelligente Schl\u00f6sser\u00a0<\/h2><p>Neben den regul\u00e4ren Schl\u00f6ssern gibt es auch neue Innovationen, die die Sicherheit weiter erh\u00f6hen k\u00f6nnen. TSA Safety Services ist der Distributor von Smart Locks. Diese Smart Locks passen in regul\u00e4re Verfahren, in denen normale Vorh\u00e4ngeschl\u00f6sser verwendet werden, beispielsweise bei LoToTo.<\/p><p>Die Vorteile dieser Smart Locks sind, dass sie in Echtzeit verfolgt werden k\u00f6nnen und dass es eine sofortige Push-Nachricht gibt, wenn sich der Status des Schlosses ungewollt \u00e4ndert. Dies erm\u00f6glicht eine sofortige Nachverfolgung. Dies erh\u00f6ht die Sicherheit Ihrer Installation.<\/p><p><span style=\"background-color: var(--theme-color-bg_color);color: var(--theme-color-text_dark);font-family: 'Red Hat Display', sans-serif;font-size: 28px;font-style: normal;font-weight: bold;letter-spacing: 0.1px\">Sicherheitsl\u00f6sungen<\/span><\/p><p><strong>Anwendbar in allen Branchen<br \/><\/strong><span style=\"font-size: 18px;background-color: var(--theme-color-bg_color);color: var(--theme-color-text);letter-spacing: 0.1px\">Die Smart Locks k\u00f6nnen in jeder Branche eingesetzt werden, insbesondere in einem Umfeld, in dem erh\u00f6hte Risiken, beispielsweise durch Gefahrstoffe, bestehen.<\/span><\/p><p><span style=\"font-size: 18px;background-color: var(--theme-color-bg_color);color: var(--theme-color-text);letter-spacing: 0.1px\"><strong>Schnell einsatzbereit<\/strong>\u00a0<br \/><\/span>Alle Smart Locks passen auf normale Sicherheitsausr\u00fcstung sowie auf alle LoToTo-Anwendungen. Dadurch sind die Sicherheitsl\u00f6sungen schnell einsetzbar, betriebsbereit und es ist keine Verfahrens\u00e4nderung erforderlich.<\/p><p><span style=\"font-size: 18px;background-color: var(--theme-color-bg_color);color: var(--theme-color-text);letter-spacing: 0.1px\"><b>Kontrolle von \u00fcberall<br \/><\/b><\/span><span style=\"background-color: var(--theme-color-bg_color);color: var(--theme-color-text);font-size: 18px;letter-spacing: 0.1px\">Die Smart Locks k\u00f6nnen \u00fcber eine Cloud-L\u00f6sung in Echtzeit verfolgt werden. Auf diese Weise k\u00f6nnen Sie den Status schnell und \u00fcberall auf jedem Ger\u00e4t anzeigen. Die Smart Locks sind st\u00e4ndig mit dem IoT-Netzwerk verbunden. Status und Standort aller angelegten Smart Locks werden auf einem pers\u00f6nlichen Dashboard angezeigt.\u00a0<\/span><\/p><p>Wir bieten die M\u00f6glichkeit, die Integration mit Ihren eigenen Systemen durch eine Verkn\u00fcpfung zu realisieren.<\/p><p><span style=\"font-size: 18px;color: var(--theme-color-text);letter-spacing: 0.1px;background-color: var(--theme-color-bg_color)\">&#8211; Eigene Verbindung zum Internet.<br \/>&#8211; Einblick durch das Dashboard.<br \/>&#8211; Push-Benachrichtigungen bei \u00c4nderungen.<\/span><\/p><p><strong>Download &#8211; <a href=\"https:\/\/www.tsa-interlocks.com\/wp-content\/uploads\/2022\/04\/Informatiesheet-slimme-sloten.pdf\">Informationsblatt &#8211; Intelligente Schl\u00f6sser<\/a>.<\/strong><\/p><p><span style=\"font-size: 18px;color: var(--theme-color-text);letter-spacing: 0.1px;background-color: var(--theme-color-bg_color)\">Weitere Informationen finden Sie unter &#8211; <a href=\"https:\/\/www.iotsafetycompany.com\/\"><strong>www.iotsafetycompany.com<\/strong><\/a><\/span><\/p><p><!-- \/wp:paragraph --><\/p>\t\t\t\t\t\t\t\t<\/div>\r\n\t\t\t\t<\/div>\r\n\t\t\t\t\t<\/div>\r\n\t\t<\/div>\r\n\t\t\t\t\t<\/div>\r\n\t\t<\/section>\r\n\t\t\t\t<section class=\"elementor-section elementor-top-section elementor-element elementor-element-af6c0d5 elementor-section-boxed elementor-section-height-default elementor-section-height-default\" data-id=\"af6c0d5\" data-element_type=\"section\">\r\n\t\t\t\t\t\t<div class=\"elementor-container elementor-column-gap-default\">\r\n\t\t\t\t\t<div class=\"elementor-column elementor-col-50 elementor-top-column elementor-element elementor-element-9726b12\" data-id=\"9726b12\" data-element_type=\"column\">\r\n\t\t\t<div class=\"elementor-widget-wrap elementor-element-populated\">\r\n\t\t\t\t\t\t<div class=\"elementor-element elementor-element-edff4ce elementor-widget elementor-widget-image\" data-id=\"edff4ce\" data-element_type=\"widget\" data-widget_type=\"image.default\">\r\n\t\t\t\t<div class=\"elementor-widget-container\">\r\n\t\t\t\t\t\t\t\t\t\t\t\t\t\t\t<img fetchpriority=\"high\" decoding=\"async\" width=\"720\" height=\"985\" src=\"https:\/\/accept.tsa-interlocks.com.bmade.it\/de\/wp-content\/uploads\/sites\/2\/2022\/04\/IOT-safety.png\" class=\"attachment-large size-large wp-image-1238\" alt=\"\" srcset=\"https:\/\/accept.tsa-interlocks.com.bmade.it\/de\/wp-content\/uploads\/sites\/2\/2022\/04\/IOT-safety.png 720w, https:\/\/accept.tsa-interlocks.com.bmade.it\/de\/wp-content\/uploads\/sites\/2\/2022\/04\/IOT-safety-219x300.png 219w, https:\/\/accept.tsa-interlocks.com.bmade.it\/de\/wp-content\/uploads\/sites\/2\/2022\/04\/IOT-safety-370x506.png 370w, https:\/\/accept.tsa-interlocks.com.bmade.it\/de\/wp-content\/uploads\/sites\/2\/2022\/04\/IOT-safety-410x561.png 410w, https:\/\/accept.tsa-interlocks.com.bmade.it\/de\/wp-content\/uploads\/sites\/2\/2022\/04\/IOT-safety-600x821.png 600w\" sizes=\"(max-width: 720px) 100vw, 720px\" \/>\t\t\t\t\t\t\t\t\t\t\t\t\t\t\t<\/div>\r\n\t\t\t\t<\/div>\r\n\t\t\t\t\t<\/div>\r\n\t\t<\/div>\r\n\t\t\t\t<div class=\"elementor-column elementor-col-50 elementor-top-column elementor-element elementor-element-3f2f380\" data-id=\"3f2f380\" data-element_type=\"column\">\r\n\t\t\t<div class=\"elementor-widget-wrap elementor-element-populated\">\r\n\t\t\t\t\t\t<div class=\"elementor-element elementor-element-8af080d elementor-widget elementor-widget-image\" data-id=\"8af080d\" data-element_type=\"widget\" data-widget_type=\"image.default\">\r\n\t\t\t\t<div class=\"elementor-widget-container\">\r\n\t\t\t\t\t\t\t\t\t\t\t\t\t\t\t<img decoding=\"async\" width=\"786\" height=\"1024\" src=\"https:\/\/accept.tsa-interlocks.com.bmade.it\/de\/wp-content\/uploads\/sites\/2\/2022\/04\/Iot-safety-3-e1649158026347.png\" class=\"attachment-large size-large wp-image-1264\" alt=\"\" \/>\t\t\t\t\t\t\t\t\t\t\t\t\t\t\t<\/div>\r\n\t\t\t\t<\/div>\r\n\t\t\t\t\t<\/div>\r\n\t\t<\/div>\r\n\t\t\t\t\t<\/div>\r\n\t\t<\/section>\r\n\t\t\t\t<\/div>\r\n\t\t","protected":false},"excerpt":{"rendered":"<p>Intelligente Schl\u00f6sser Neben den regul\u00e4ren Schl\u00f6ssern gibt es auch neue Innovationen, die die Sicherheit weiter erh\u00f6hen k\u00f6nnen. TSA Safety Services ist der Distributor von Smart Locks. Diese Smart Locks passen&hellip;<\/p>\n","protected":false},"author":1,"featured_media":0,"parent":0,"menu_order":0,"comment_status":"closed","ping_status":"closed","template":"","meta":{"editor_notices":[],"footnotes":""},"yoast_head":"<!-- This site is optimized with the Yoast SEO plugin v24.5 - https:\/\/yoast.com\/wordpress\/plugins\/seo\/ -->\n<title>Intelligente Schl\u00f6sser - TSA Interlocks<\/title>\n<meta name=\"description\" content=\"Intelligente Schl\u00f6sser oder Smart Locks #smartlocks k\u00f6nnen \u00fcber eine Cloud-L\u00f6sung (#cloud solution) in Echtzeit (#live tracking) verfolgt werden. Die TSA-Interlocks Intelligente #Schl\u00f6sser passen in regul\u00e4re Verfahren, in denen normale Vorh\u00e4ngeschl\u00f6sser verwendet werden, beispielsweise bei LoToTo. Vortleile: Eigene Verbindung zum Internet, einblick durch das Dashboard, push-Benachrichtigungen bei \u00c4nderungen. #iotsafetycompany\" \/>\n<meta name=\"robots\" content=\"index, follow, max-snippet:-1, max-image-preview:large, max-video-preview:-1\" \/>\n<link rel=\"canonical\" href=\"https:\/\/www.tsa-interlocks.com\/de\/iot-safety-company\/\" \/>\n<meta property=\"og:locale\" content=\"en_US\" \/>\n<meta property=\"og:type\" content=\"article\" \/>\n<meta property=\"og:title\" content=\"Intelligente Schl\u00f6sser - TSA Interlocks\" \/>\n<meta property=\"og:description\" content=\"Intelligente Schl\u00f6sser oder Smart Locks #smartlocks k\u00f6nnen \u00fcber eine Cloud-L\u00f6sung (#cloud solution) in Echtzeit (#live tracking) verfolgt werden. Die TSA-Interlocks Intelligente #Schl\u00f6sser passen in regul\u00e4re Verfahren, in denen normale Vorh\u00e4ngeschl\u00f6sser verwendet werden, beispielsweise bei LoToTo. Vortleile: Eigene Verbindung zum Internet, einblick durch das Dashboard, push-Benachrichtigungen bei \u00c4nderungen. #iotsafetycompany\" \/>\n<meta property=\"og:url\" content=\"https:\/\/www.tsa-interlocks.com\/de\/iot-safety-company\/\" \/>\n<meta property=\"og:site_name\" content=\"TSA Interlocks\" \/>\n<meta property=\"article:modified_time\" content=\"2022-09-27T12:24:28+00:00\" \/>\n<meta property=\"og:image\" content=\"https:\/\/www.tsa-interlocks.com\/de\/wp-content\/uploads\/sites\/2\/2022\/04\/IOT-safety.png\" \/>\n<meta name=\"twitter:card\" content=\"summary_large_image\" \/>\n<meta name=\"twitter:label1\" content=\"Est. reading time\" \/>\n\t<meta name=\"twitter:data1\" content=\"2 minutes\" \/>\n<script type=\"application\/ld+json\" class=\"yoast-schema-graph\">{\"@context\":\"https:\/\/schema.org\",\"@graph\":[{\"@type\":\"WebPage\",\"@id\":\"https:\/\/www.tsa-interlocks.com\/de\/iot-safety-company\/\",\"url\":\"https:\/\/www.tsa-interlocks.com\/de\/iot-safety-company\/\",\"name\":\"Intelligente Schl\u00f6sser - TSA Interlocks\",\"isPartOf\":{\"@id\":\"https:\/\/www.tsa-interlocks.com\/de\/#website\"},\"primaryImageOfPage\":{\"@id\":\"https:\/\/www.tsa-interlocks.com\/de\/iot-safety-company\/#primaryimage\"},\"image\":{\"@id\":\"https:\/\/www.tsa-interlocks.com\/de\/iot-safety-company\/#primaryimage\"},\"thumbnailUrl\":\"https:\/\/www.tsa-interlocks.com\/de\/wp-content\/uploads\/sites\/2\/2022\/04\/IOT-safety.png\",\"datePublished\":\"2022-04-04T14:10:02+00:00\",\"dateModified\":\"2022-09-27T12:24:28+00:00\",\"description\":\"Intelligente Schl\u00f6sser oder Smart Locks #smartlocks k\u00f6nnen \u00fcber eine Cloud-L\u00f6sung (#cloud solution) in Echtzeit (#live tracking) verfolgt werden. Die TSA-Interlocks Intelligente #Schl\u00f6sser passen in regul\u00e4re Verfahren, in denen normale Vorh\u00e4ngeschl\u00f6sser verwendet werden, beispielsweise bei LoToTo. Vortleile: Eigene Verbindung zum Internet, einblick durch das Dashboard, push-Benachrichtigungen bei \u00c4nderungen. #iotsafetycompany\",\"breadcrumb\":{\"@id\":\"https:\/\/www.tsa-interlocks.com\/de\/iot-safety-company\/#breadcrumb\"},\"inLanguage\":\"en-US\",\"potentialAction\":[{\"@type\":\"ReadAction\",\"target\":[\"https:\/\/www.tsa-interlocks.com\/de\/iot-safety-company\/\"]}]},{\"@type\":\"ImageObject\",\"inLanguage\":\"en-US\",\"@id\":\"https:\/\/www.tsa-interlocks.com\/de\/iot-safety-company\/#primaryimage\",\"url\":\"https:\/\/www.tsa-interlocks.com\/de\/wp-content\/uploads\/sites\/2\/2022\/04\/IOT-safety.png\",\"contentUrl\":\"https:\/\/www.tsa-interlocks.com\/de\/wp-content\/uploads\/sites\/2\/2022\/04\/IOT-safety.png\"},{\"@type\":\"WebSite\",\"@id\":\"https:\/\/www.tsa-interlocks.com\/de\/#website\",\"url\":\"https:\/\/www.tsa-interlocks.com\/de\/\",\"name\":\"TSA Interlocks\",\"description\":\"\",\"publisher\":{\"@id\":\"https:\/\/www.tsa-interlocks.com\/de\/#organization\"},\"potentialAction\":[{\"@type\":\"SearchAction\",\"target\":{\"@type\":\"EntryPoint\",\"urlTemplate\":\"https:\/\/www.tsa-interlocks.com\/de\/?s={search_term_string}\"},\"query-input\":{\"@type\":\"PropertyValueSpecification\",\"valueRequired\":true,\"valueName\":\"search_term_string\"}}],\"inLanguage\":\"en-US\"},{\"@type\":\"Organization\",\"@id\":\"https:\/\/www.tsa-interlocks.com\/de\/#organization\",\"name\":\"TSA Interlocks\",\"url\":\"https:\/\/www.tsa-interlocks.com\/de\/\",\"logo\":{\"@type\":\"ImageObject\",\"inLanguage\":\"en-US\",\"@id\":\"https:\/\/www.tsa-interlocks.com\/de\/#\/schema\/logo\/image\/\",\"url\":\"https:\/\/accept.tsa-interlocks.com.bmade.it\/de\/wp-content\/uploads\/sites\/2\/2022\/01\/Logo-TSA-Safety-Services-PNG.png\",\"contentUrl\":\"https:\/\/accept.tsa-interlocks.com.bmade.it\/de\/wp-content\/uploads\/sites\/2\/2022\/01\/Logo-TSA-Safety-Services-PNG.png\",\"width\":5000,\"height\":2212,\"caption\":\"TSA Interlocks\"},\"image\":{\"@id\":\"https:\/\/www.tsa-interlocks.com\/de\/#\/schema\/logo\/image\/\"}}]}<\/script>\n<!-- \/ Yoast SEO plugin. -->","yoast_head_json":{"title":"Intelligente Schl\u00f6sser - TSA Interlocks","description":"Intelligente Schl\u00f6sser oder Smart Locks #smartlocks k\u00f6nnen \u00fcber eine Cloud-L\u00f6sung (#cloud solution) in Echtzeit (#live tracking) verfolgt werden. Die TSA-Interlocks Intelligente #Schl\u00f6sser passen in regul\u00e4re Verfahren, in denen normale Vorh\u00e4ngeschl\u00f6sser verwendet werden, beispielsweise bei LoToTo. Vortleile: Eigene Verbindung zum Internet, einblick durch das Dashboard, push-Benachrichtigungen bei \u00c4nderungen. #iotsafetycompany","robots":{"index":"index","follow":"follow","max-snippet":"max-snippet:-1","max-image-preview":"max-image-preview:large","max-video-preview":"max-video-preview:-1"},"canonical":"https:\/\/www.tsa-interlocks.com\/de\/iot-safety-company\/","og_locale":"en_US","og_type":"article","og_title":"Intelligente Schl\u00f6sser - TSA Interlocks","og_description":"Intelligente Schl\u00f6sser oder Smart Locks #smartlocks k\u00f6nnen \u00fcber eine Cloud-L\u00f6sung (#cloud solution) in Echtzeit (#live tracking) verfolgt werden. Die TSA-Interlocks Intelligente #Schl\u00f6sser passen in regul\u00e4re Verfahren, in denen normale Vorh\u00e4ngeschl\u00f6sser verwendet werden, beispielsweise bei LoToTo. Vortleile: Eigene Verbindung zum Internet, einblick durch das Dashboard, push-Benachrichtigungen bei \u00c4nderungen. #iotsafetycompany","og_url":"https:\/\/www.tsa-interlocks.com\/de\/iot-safety-company\/","og_site_name":"TSA Interlocks","article_modified_time":"2022-09-27T12:24:28+00:00","og_image":[{"url":"https:\/\/www.tsa-interlocks.com\/de\/wp-content\/uploads\/sites\/2\/2022\/04\/IOT-safety.png","type":"","width":"","height":""}],"twitter_card":"summary_large_image","twitter_misc":{"Est. reading time":"2 minutes"},"schema":{"@context":"https:\/\/schema.org","@graph":[{"@type":"WebPage","@id":"https:\/\/www.tsa-interlocks.com\/de\/iot-safety-company\/","url":"https:\/\/www.tsa-interlocks.com\/de\/iot-safety-company\/","name":"Intelligente Schl\u00f6sser - TSA Interlocks","isPartOf":{"@id":"https:\/\/www.tsa-interlocks.com\/de\/#website"},"primaryImageOfPage":{"@id":"https:\/\/www.tsa-interlocks.com\/de\/iot-safety-company\/#primaryimage"},"image":{"@id":"https:\/\/www.tsa-interlocks.com\/de\/iot-safety-company\/#primaryimage"},"thumbnailUrl":"https:\/\/www.tsa-interlocks.com\/de\/wp-content\/uploads\/sites\/2\/2022\/04\/IOT-safety.png","datePublished":"2022-04-04T14:10:02+00:00","dateModified":"2022-09-27T12:24:28+00:00","description":"Intelligente Schl\u00f6sser oder Smart Locks #smartlocks k\u00f6nnen \u00fcber eine Cloud-L\u00f6sung (#cloud solution) in Echtzeit (#live tracking) verfolgt werden. Die TSA-Interlocks Intelligente #Schl\u00f6sser passen in regul\u00e4re Verfahren, in denen normale Vorh\u00e4ngeschl\u00f6sser verwendet werden, beispielsweise bei LoToTo. Vortleile: Eigene Verbindung zum Internet, einblick durch das Dashboard, push-Benachrichtigungen bei \u00c4nderungen. #iotsafetycompany","breadcrumb":{"@id":"https:\/\/www.tsa-interlocks.com\/de\/iot-safety-company\/#breadcrumb"},"inLanguage":"en-US","potentialAction":[{"@type":"ReadAction","target":["https:\/\/www.tsa-interlocks.com\/de\/iot-safety-company\/"]}]},{"@type":"ImageObject","inLanguage":"en-US","@id":"https:\/\/www.tsa-interlocks.com\/de\/iot-safety-company\/#primaryimage","url":"https:\/\/www.tsa-interlocks.com\/de\/wp-content\/uploads\/sites\/2\/2022\/04\/IOT-safety.png","contentUrl":"https:\/\/www.tsa-interlocks.com\/de\/wp-content\/uploads\/sites\/2\/2022\/04\/IOT-safety.png"},{"@type":"WebSite","@id":"https:\/\/www.tsa-interlocks.com\/de\/#website","url":"https:\/\/www.tsa-interlocks.com\/de\/","name":"TSA Interlocks","description":"","publisher":{"@id":"https:\/\/www.tsa-interlocks.com\/de\/#organization"},"potentialAction":[{"@type":"SearchAction","target":{"@type":"EntryPoint","urlTemplate":"https:\/\/www.tsa-interlocks.com\/de\/?s={search_term_string}"},"query-input":{"@type":"PropertyValueSpecification","valueRequired":true,"valueName":"search_term_string"}}],"inLanguage":"en-US"},{"@type":"Organization","@id":"https:\/\/www.tsa-interlocks.com\/de\/#organization","name":"TSA Interlocks","url":"https:\/\/www.tsa-interlocks.com\/de\/","logo":{"@type":"ImageObject","inLanguage":"en-US","@id":"https:\/\/www.tsa-interlocks.com\/de\/#\/schema\/logo\/image\/","url":"https:\/\/accept.tsa-interlocks.com.bmade.it\/de\/wp-content\/uploads\/sites\/2\/2022\/01\/Logo-TSA-Safety-Services-PNG.png","contentUrl":"https:\/\/accept.tsa-interlocks.com.bmade.it\/de\/wp-content\/uploads\/sites\/2\/2022\/01\/Logo-TSA-Safety-Services-PNG.png","width":5000,"height":2212,"caption":"TSA Interlocks"},"image":{"@id":"https:\/\/www.tsa-interlocks.com\/de\/#\/schema\/logo\/image\/"}}]}},"_links":{"self":[{"href":"https:\/\/accept.tsa-interlocks.com.bmade.it\/de\/wp-json\/wp\/v2\/pages\/1139"}],"collection":[{"href":"https:\/\/accept.tsa-interlocks.com.bmade.it\/de\/wp-json\/wp\/v2\/pages"}],"about":[{"href":"https:\/\/accept.tsa-interlocks.com.bmade.it\/de\/wp-json\/wp\/v2\/types\/page"}],"author":[{"embeddable":true,"href":"https:\/\/accept.tsa-interlocks.com.bmade.it\/de\/wp-json\/wp\/v2\/users\/1"}],"replies":[{"embeddable":true,"href":"https:\/\/accept.tsa-interlocks.com.bmade.it\/de\/wp-json\/wp\/v2\/comments?post=1139"}],"version-history":[{"count":0,"href":"https:\/\/accept.tsa-interlocks.com.bmade.it\/de\/wp-json\/wp\/v2\/pages\/1139\/revisions"}],"wp:attachment":[{"href":"https:\/\/accept.tsa-interlocks.com.bmade.it\/de\/wp-json\/wp\/v2\/media?parent=1139"}],"curies":[{"name":"wp","href":"https:\/\/api.w.org\/{rel}","templated":true}]}}