{"id":1557,"date":"2022-04-20T15:03:59","date_gmt":"2022-04-20T15:03:59","guid":{"rendered":"https:\/\/www.tsa-interlocks.com\/?page_id=1557"},"modified":"2023-11-03T15:27:07","modified_gmt":"2023-11-03T15:27:07","slug":"producten","status":"publish","type":"page","link":"https:\/\/accept.tsa-interlocks.com.bmade.it\/de\/producten\/","title":{"rendered":"Produkte"},"content":{"rendered":"\t\t<div data-elementor-type=\"wp-page\" data-elementor-id=\"1557\" class=\"elementor elementor-1557\">\r\n\t\t\t\t\t\t<section class=\"elementor-section elementor-top-section elementor-element elementor-element-171d9b3a elementor-section-boxed elementor-section-height-default elementor-section-height-default\" data-id=\"171d9b3a\" data-element_type=\"section\">\r\n\t\t\t\t\t\t<div class=\"elementor-container elementor-column-gap-default\">\r\n\t\t\t\t\t<div class=\"elementor-column elementor-col-100 elementor-top-column elementor-element elementor-element-3f6c102b\" data-id=\"3f6c102b\" data-element_type=\"column\">\r\n\t\t\t<div class=\"elementor-widget-wrap elementor-element-populated\">\r\n\t\t\t\t\t\t<div class=\"elementor-element elementor-element-60c004c2 elementor-widget elementor-widget-text-editor\" data-id=\"60c004c2\" data-element_type=\"widget\" data-widget_type=\"text-editor.default\">\r\n\t\t\t\t<div class=\"elementor-widget-container\">\r\n\t\t\t\t\t\t\t\t\t<h2>Unsere Produkte<\/h2><p>Die Produkte sind robust, langlebig und haben sich seit mehr als 95 Jahren in unterschiedlichsten Gesch\u00e4ftsumgebungen bew\u00e4hrt. Sie wurden entwickelt, um Arbeitnehmer dort zu sch\u00fctzen, wo das Verletzungs- und Schadensrisiko hoch ist.<\/p><h3><strong>Zutritt<\/strong><\/h3><p>Um Zugang zu einem Gefahrenbereich zu erhalten, muss zuerst die Maschine oder Schaltanlage gesichert werden. Ist dies geschehen, kann die richtige Art der Zugangssperre unter Ber\u00fccksichtigung von Teil- oder Vollzugang ausgew\u00e4hlt werden.<\/p><p><span style=\"text-decoration: underline\"><a href=\"https:\/\/www.tsa-interlocks.com\/access-control\/\"><strong>Lies mehr&#8230;<\/strong><\/a><\/span><\/p><p><img fetchpriority=\"high\" decoding=\"async\" class=\"alignnone size-medium wp-image-1302\" style=\"font-family: inherit;font-style: inherit;font-weight: inherit;color: var(--theme-color-text);letter-spacing: 0.1px;background-color: var(--theme-color-bg_color)\" src=\"https:\/\/www.tsa-interlocks.com\/wp-content\/uploads\/2022\/04\/Onze-producten-acces-control-300x222.png\" alt=\"\" width=\"300\" height=\"222\" srcset=\"https:\/\/accept.tsa-interlocks.com.bmade.it\/de\/wp-content\/uploads\/sites\/2\/2022\/04\/Onze-producten-acces-control-300x222.png 300w, https:\/\/accept.tsa-interlocks.com.bmade.it\/de\/wp-content\/uploads\/sites\/2\/2022\/04\/Onze-producten-acces-control-768x569.png 768w, https:\/\/accept.tsa-interlocks.com.bmade.it\/de\/wp-content\/uploads\/sites\/2\/2022\/04\/Onze-producten-acces-control-370x274.png 370w, https:\/\/accept.tsa-interlocks.com.bmade.it\/de\/wp-content\/uploads\/sites\/2\/2022\/04\/Onze-producten-acces-control-410x304.png 410w, https:\/\/accept.tsa-interlocks.com.bmade.it\/de\/wp-content\/uploads\/sites\/2\/2022\/04\/Onze-producten-acces-control-600x444.png 600w, https:\/\/accept.tsa-interlocks.com.bmade.it\/de\/wp-content\/uploads\/sites\/2\/2022\/04\/Onze-producten-acces-control.png 841w\" sizes=\"(max-width: 300px) 100vw, 300px\" \/><\/p><h3><strong>Isolation<\/strong><\/h3><p>Durch Erfahrung und Entwicklung verf\u00fcgen wir \u00fcber eine Reihe von Methoden, um Maschinen oder Schaltanlagen zu isolieren\/sichern. Dies kann mechanisch, durch Steuerstrom und\/oder durch Unterbrechung der Stromversorgung erfolgen.<\/p><p>Die Isolationsschl\u00fcssel k\u00f6nnen f\u00fcr den sofortigen Zugriff, als Schl\u00fcsselwechseleinheit f\u00fcr mehrere Zugriffspunkte oder als Zeitverz\u00f6gerungseinheit verwendet werden.<\/p><p><a href=\"https:\/\/www.tsa-interlocks.com\/isolation\/\"><span style=\"text-decoration: underline\"><strong>Lies mehr&#8230;<\/strong><\/span><\/a><\/p><h2><img decoding=\"async\" class=\"alignnone size-medium wp-image-1307\" src=\"https:\/\/www.tsa-interlocks.com\/wp-content\/uploads\/2022\/04\/Onze-producten-isolatie-300x270.png\" alt=\"\" width=\"300\" height=\"270\" srcset=\"https:\/\/accept.tsa-interlocks.com.bmade.it\/de\/wp-content\/uploads\/sites\/2\/2022\/04\/Onze-producten-isolatie-300x270.png 300w, https:\/\/accept.tsa-interlocks.com.bmade.it\/de\/wp-content\/uploads\/sites\/2\/2022\/04\/Onze-producten-isolatie-370x333.png 370w, https:\/\/accept.tsa-interlocks.com.bmade.it\/de\/wp-content\/uploads\/sites\/2\/2022\/04\/Onze-producten-isolatie-410x369.png 410w, https:\/\/accept.tsa-interlocks.com.bmade.it\/de\/wp-content\/uploads\/sites\/2\/2022\/04\/Onze-producten-isolatie.png 412w\" sizes=\"(max-width: 300px) 100vw, 300px\" \/><\/h2><h3><strong>Schl\u00fcsselwechselsysteme<\/strong><\/h3><p>Der Einsatz von Schl\u00fcsselwechseleinheiten ist Teil integrierter Sicherheitsl\u00f6sungen in Maschinen- und Schaltanlagenanwendungen.<\/p><p>Bei komplexen Operationen oder mehreren Zutrittspunkten wird die Schl\u00fcsselwechseleinheit verwendet, um sicherzustellen, dass gesch\u00fctzte Bereiche sicher betreten werden k\u00f6nnen.<\/p><p><a href=\"https:\/\/www.tsa-interlocks.com\/key-exchange\/\"><span style=\"text-decoration: underline\"><strong>Lies mehr&#8230;<\/strong><\/span><\/a><\/p><h3><img decoding=\"async\" class=\"alignnone size-medium wp-image-1308\" src=\"https:\/\/www.tsa-interlocks.com\/wp-content\/uploads\/2022\/04\/Onze-producten-key-exchange-300x243.png\" alt=\"\" width=\"300\" height=\"243\" srcset=\"https:\/\/accept.tsa-interlocks.com.bmade.it\/de\/wp-content\/uploads\/sites\/2\/2022\/04\/Onze-producten-key-exchange-300x243.png 300w, https:\/\/accept.tsa-interlocks.com.bmade.it\/de\/wp-content\/uploads\/sites\/2\/2022\/04\/Onze-producten-key-exchange-768x623.png 768w, https:\/\/accept.tsa-interlocks.com.bmade.it\/de\/wp-content\/uploads\/sites\/2\/2022\/04\/Onze-producten-key-exchange-370x300.png 370w, https:\/\/accept.tsa-interlocks.com.bmade.it\/de\/wp-content\/uploads\/sites\/2\/2022\/04\/Onze-producten-key-exchange-840x682.png 840w, https:\/\/accept.tsa-interlocks.com.bmade.it\/de\/wp-content\/uploads\/sites\/2\/2022\/04\/Onze-producten-key-exchange-410x333.png 410w, https:\/\/accept.tsa-interlocks.com.bmade.it\/de\/wp-content\/uploads\/sites\/2\/2022\/04\/Onze-producten-key-exchange-600x487.png 600w, https:\/\/accept.tsa-interlocks.com.bmade.it\/de\/wp-content\/uploads\/sites\/2\/2022\/04\/Onze-producten-key-exchange.png 844w\" sizes=\"(max-width: 300px) 100vw, 300px\" \/><\/h3><h3>\u00a0<\/h3><h3><strong>Schl\u00fcssel Zubeh\u00f6r<\/strong><\/h3><p>F\u00fcr verschiedene Anwendungen stehen verschiedene Schl\u00fcssel zur Verf\u00fcgung. Von einfachen vernickelten Schl\u00fcsseln bis hin zu Edelstahlschl\u00fcsseln und Schutzkappen.<\/p><p><a href=\"https:\/\/www.tsa-interlocks.com\/key-accessoires\/\"><span style=\"text-decoration: underline\"><strong>Lies mehr&#8230;<\/strong><\/span><\/a><\/p><h3><img loading=\"lazy\" decoding=\"async\" class=\"alignnone size-medium wp-image-1304\" src=\"https:\/\/www.tsa-interlocks.com\/wp-content\/uploads\/2022\/04\/onze-producten-sleutel-accesoires-300x121.png\" alt=\"\" width=\"300\" height=\"121\" \/><\/h3><h3><strong>Lockout\/Tagout<\/strong><\/h3><p>Wenn Sie ein mechanisches Sicherheitssystem f\u00fcr Schalteranwendungen in Betracht ziehen, ist neben dem Schl\u00fcsselverriegelungssystem auch ein auf Vorh\u00e4ngeschl\u00f6ssern basierendes Lock-out\/Tag-out-System (LOTO) eine Option.<\/p><p><a href=\"https:\/\/www.tsa-interlocks.com\/lockout\/\"><span style=\"text-decoration: underline\"><strong>Lies mehr&#8230;<\/strong><\/span><\/a><\/p><h3><img loading=\"lazy\" decoding=\"async\" class=\"alignnone size-medium wp-image-1309\" src=\"https:\/\/www.tsa-interlocks.com\/wp-content\/uploads\/2022\/04\/onze-producten-lockout-300x223.gif\" alt=\"\" width=\"300\" height=\"223\" srcset=\"https:\/\/accept.tsa-interlocks.com.bmade.it\/de\/wp-content\/uploads\/sites\/2\/2022\/04\/onze-producten-lockout-300x223.gif 300w, https:\/\/accept.tsa-interlocks.com.bmade.it\/de\/wp-content\/uploads\/sites\/2\/2022\/04\/onze-producten-lockout-768x572.gif 768w, https:\/\/accept.tsa-interlocks.com.bmade.it\/de\/wp-content\/uploads\/sites\/2\/2022\/04\/onze-producten-lockout-370x276.gif 370w, https:\/\/accept.tsa-interlocks.com.bmade.it\/de\/wp-content\/uploads\/sites\/2\/2022\/04\/onze-producten-lockout-840x626.gif 840w, https:\/\/accept.tsa-interlocks.com.bmade.it\/de\/wp-content\/uploads\/sites\/2\/2022\/04\/onze-producten-lockout-410x305.gif 410w, https:\/\/accept.tsa-interlocks.com.bmade.it\/de\/wp-content\/uploads\/sites\/2\/2022\/04\/onze-producten-lockout-890x664.gif 890w, https:\/\/accept.tsa-interlocks.com.bmade.it\/de\/wp-content\/uploads\/sites\/2\/2022\/04\/onze-producten-lockout-600x447.gif 600w\" sizes=\"(max-width: 300px) 100vw, 300px\" \/><\/h3><h3><strong>Logistik L\u00f6sung<\/strong><\/h3><p>Salvo ist ein einzigartiges Wegfahrsperrensystem zum Be- und Entladen von Plattformen. Die Bremsen des Fahrzeugs sind mit der Verladet\u00fcr verbunden, sodass der Anh\u00e4nger nicht abfahren kann, bevor die Beladung abgeschlossen und die Verladet\u00fcr verriegelt ist.<\/p><p><a href=\"https:\/\/www.tsa-interlocks.com\/logistics-solutions\/\"><span style=\"text-decoration: underline\"><strong>Lies mehr&#8230;<\/strong><\/span><\/a><\/p><p><img loading=\"lazy\" decoding=\"async\" class=\"alignnone size-medium wp-image-1342\" src=\"https:\/\/www.tsa-interlocks.com\/wp-content\/uploads\/2022\/04\/SGLKoppeling-salvo-300x166.png\" alt=\"\" width=\"300\" height=\"166\" srcset=\"https:\/\/accept.tsa-interlocks.com.bmade.it\/de\/wp-content\/uploads\/sites\/2\/2022\/04\/SGLKoppeling-salvo-300x166.png 300w, https:\/\/accept.tsa-interlocks.com.bmade.it\/de\/wp-content\/uploads\/sites\/2\/2022\/04\/SGLKoppeling-salvo-370x205.png 370w, https:\/\/accept.tsa-interlocks.com.bmade.it\/de\/wp-content\/uploads\/sites\/2\/2022\/04\/SGLKoppeling-salvo-410x227.png 410w, https:\/\/accept.tsa-interlocks.com.bmade.it\/de\/wp-content\/uploads\/sites\/2\/2022\/04\/SGLKoppeling-salvo-600x332.png 600w, https:\/\/accept.tsa-interlocks.com.bmade.it\/de\/wp-content\/uploads\/sites\/2\/2022\/04\/SGLKoppeling-salvo.png 631w\" sizes=\"(max-width: 300px) 100vw, 300px\" \/><\/p><p><!-- \/wp:paragraph --><\/p>\t\t\t\t\t\t\t\t<\/div>\r\n\t\t\t\t<\/div>\r\n\t\t\t\t\t<\/div>\r\n\t\t<\/div>\r\n\t\t\t\t\t<\/div>\r\n\t\t<\/section>\r\n\t\t\t\t<\/div>\r\n\t\t","protected":false},"excerpt":{"rendered":"<p>Unsere Produkte Die Produkte sind robust, langlebig und haben sich seit mehr als 95 Jahren in unterschiedlichsten Gesch\u00e4ftsumgebungen bew\u00e4hrt. Sie wurden entwickelt, um Arbeitnehmer dort zu sch\u00fctzen, wo das Verletzungs-&hellip;<\/p>\n","protected":false},"author":1,"featured_media":0,"parent":0,"menu_order":0,"comment_status":"closed","ping_status":"closed","template":"","meta":{"editor_notices":[],"footnotes":""},"yoast_head":"<!-- This site is optimized with the Yoast SEO plugin v24.5 - https:\/\/yoast.com\/wordpress\/plugins\/seo\/ -->\n<title>Produkte - TSA Interlocks<\/title>\n<meta name=\"description\" content=\"Die Produkte sind robust, langlebig und haben sich seit mehr als 95 Jahren in unterschiedlichsten Gesch\u00e4ftsumgebungen bew\u00e4hrt.\" \/>\n<meta name=\"robots\" content=\"index, follow, max-snippet:-1, max-image-preview:large, max-video-preview:-1\" \/>\n<link rel=\"canonical\" href=\"https:\/\/www.tsa-interlocks.com\/de\/producten\/\" \/>\n<meta property=\"og:locale\" content=\"en_US\" \/>\n<meta property=\"og:type\" content=\"article\" \/>\n<meta property=\"og:title\" content=\"Produkte - TSA Interlocks\" \/>\n<meta property=\"og:description\" content=\"Die Produkte sind robust, langlebig und haben sich seit mehr als 95 Jahren in unterschiedlichsten Gesch\u00e4ftsumgebungen bew\u00e4hrt.\" \/>\n<meta property=\"og:url\" content=\"https:\/\/www.tsa-interlocks.com\/de\/producten\/\" \/>\n<meta property=\"og:site_name\" content=\"TSA Interlocks\" \/>\n<meta property=\"article:modified_time\" content=\"2023-11-03T15:27:07+00:00\" \/>\n<meta property=\"og:image\" content=\"https:\/\/www.tsa-interlocks.com\/wp-content\/uploads\/2022\/04\/Onze-producten-acces-control-300x222.png\" \/>\n<meta name=\"twitter:card\" content=\"summary_large_image\" \/>\n<meta name=\"twitter:label1\" content=\"Est. reading time\" \/>\n\t<meta name=\"twitter:data1\" content=\"3 minutes\" \/>\n<script type=\"application\/ld+json\" class=\"yoast-schema-graph\">{\"@context\":\"https:\/\/schema.org\",\"@graph\":[{\"@type\":\"WebPage\",\"@id\":\"https:\/\/www.tsa-interlocks.com\/de\/producten\/\",\"url\":\"https:\/\/www.tsa-interlocks.com\/de\/producten\/\",\"name\":\"Produkte - TSA Interlocks\",\"isPartOf\":{\"@id\":\"https:\/\/www.tsa-interlocks.com\/de\/#website\"},\"primaryImageOfPage\":{\"@id\":\"https:\/\/www.tsa-interlocks.com\/de\/producten\/#primaryimage\"},\"image\":{\"@id\":\"https:\/\/www.tsa-interlocks.com\/de\/producten\/#primaryimage\"},\"thumbnailUrl\":\"https:\/\/www.tsa-interlocks.com\/wp-content\/uploads\/2022\/04\/Onze-producten-acces-control-300x222.png\",\"datePublished\":\"2022-04-20T15:03:59+00:00\",\"dateModified\":\"2023-11-03T15:27:07+00:00\",\"description\":\"Die Produkte sind robust, langlebig und haben sich seit mehr als 95 Jahren in unterschiedlichsten Gesch\u00e4ftsumgebungen bew\u00e4hrt.\",\"breadcrumb\":{\"@id\":\"https:\/\/www.tsa-interlocks.com\/de\/producten\/#breadcrumb\"},\"inLanguage\":\"en-US\",\"potentialAction\":[{\"@type\":\"ReadAction\",\"target\":[\"https:\/\/www.tsa-interlocks.com\/de\/producten\/\"]}]},{\"@type\":\"ImageObject\",\"inLanguage\":\"en-US\",\"@id\":\"https:\/\/www.tsa-interlocks.com\/de\/producten\/#primaryimage\",\"url\":\"https:\/\/www.tsa-interlocks.com\/wp-content\/uploads\/2022\/04\/Onze-producten-acces-control-300x222.png\",\"contentUrl\":\"https:\/\/www.tsa-interlocks.com\/wp-content\/uploads\/2022\/04\/Onze-producten-acces-control-300x222.png\"},{\"@type\":\"WebSite\",\"@id\":\"https:\/\/www.tsa-interlocks.com\/de\/#website\",\"url\":\"https:\/\/www.tsa-interlocks.com\/de\/\",\"name\":\"TSA Interlocks\",\"description\":\"\",\"publisher\":{\"@id\":\"https:\/\/www.tsa-interlocks.com\/de\/#organization\"},\"potentialAction\":[{\"@type\":\"SearchAction\",\"target\":{\"@type\":\"EntryPoint\",\"urlTemplate\":\"https:\/\/www.tsa-interlocks.com\/de\/?s={search_term_string}\"},\"query-input\":{\"@type\":\"PropertyValueSpecification\",\"valueRequired\":true,\"valueName\":\"search_term_string\"}}],\"inLanguage\":\"en-US\"},{\"@type\":\"Organization\",\"@id\":\"https:\/\/www.tsa-interlocks.com\/de\/#organization\",\"name\":\"TSA Interlocks\",\"url\":\"https:\/\/www.tsa-interlocks.com\/de\/\",\"logo\":{\"@type\":\"ImageObject\",\"inLanguage\":\"en-US\",\"@id\":\"https:\/\/www.tsa-interlocks.com\/de\/#\/schema\/logo\/image\/\",\"url\":\"https:\/\/accept.tsa-interlocks.com.bmade.it\/de\/wp-content\/uploads\/sites\/2\/2022\/01\/Logo-TSA-Safety-Services-PNG.png\",\"contentUrl\":\"https:\/\/accept.tsa-interlocks.com.bmade.it\/de\/wp-content\/uploads\/sites\/2\/2022\/01\/Logo-TSA-Safety-Services-PNG.png\",\"width\":5000,\"height\":2212,\"caption\":\"TSA Interlocks\"},\"image\":{\"@id\":\"https:\/\/www.tsa-interlocks.com\/de\/#\/schema\/logo\/image\/\"}}]}<\/script>\n<!-- \/ Yoast SEO plugin. -->","yoast_head_json":{"title":"Produkte - TSA Interlocks","description":"Die Produkte sind robust, langlebig und haben sich seit mehr als 95 Jahren in unterschiedlichsten Gesch\u00e4ftsumgebungen bew\u00e4hrt.","robots":{"index":"index","follow":"follow","max-snippet":"max-snippet:-1","max-image-preview":"max-image-preview:large","max-video-preview":"max-video-preview:-1"},"canonical":"https:\/\/www.tsa-interlocks.com\/de\/producten\/","og_locale":"en_US","og_type":"article","og_title":"Produkte - TSA Interlocks","og_description":"Die Produkte sind robust, langlebig und haben sich seit mehr als 95 Jahren in unterschiedlichsten Gesch\u00e4ftsumgebungen bew\u00e4hrt.","og_url":"https:\/\/www.tsa-interlocks.com\/de\/producten\/","og_site_name":"TSA Interlocks","article_modified_time":"2023-11-03T15:27:07+00:00","og_image":[{"url":"https:\/\/www.tsa-interlocks.com\/wp-content\/uploads\/2022\/04\/Onze-producten-acces-control-300x222.png","type":"","width":"","height":""}],"twitter_card":"summary_large_image","twitter_misc":{"Est. reading time":"3 minutes"},"schema":{"@context":"https:\/\/schema.org","@graph":[{"@type":"WebPage","@id":"https:\/\/www.tsa-interlocks.com\/de\/producten\/","url":"https:\/\/www.tsa-interlocks.com\/de\/producten\/","name":"Produkte - TSA Interlocks","isPartOf":{"@id":"https:\/\/www.tsa-interlocks.com\/de\/#website"},"primaryImageOfPage":{"@id":"https:\/\/www.tsa-interlocks.com\/de\/producten\/#primaryimage"},"image":{"@id":"https:\/\/www.tsa-interlocks.com\/de\/producten\/#primaryimage"},"thumbnailUrl":"https:\/\/www.tsa-interlocks.com\/wp-content\/uploads\/2022\/04\/Onze-producten-acces-control-300x222.png","datePublished":"2022-04-20T15:03:59+00:00","dateModified":"2023-11-03T15:27:07+00:00","description":"Die Produkte sind robust, langlebig und haben sich seit mehr als 95 Jahren in unterschiedlichsten Gesch\u00e4ftsumgebungen bew\u00e4hrt.","breadcrumb":{"@id":"https:\/\/www.tsa-interlocks.com\/de\/producten\/#breadcrumb"},"inLanguage":"en-US","potentialAction":[{"@type":"ReadAction","target":["https:\/\/www.tsa-interlocks.com\/de\/producten\/"]}]},{"@type":"ImageObject","inLanguage":"en-US","@id":"https:\/\/www.tsa-interlocks.com\/de\/producten\/#primaryimage","url":"https:\/\/www.tsa-interlocks.com\/wp-content\/uploads\/2022\/04\/Onze-producten-acces-control-300x222.png","contentUrl":"https:\/\/www.tsa-interlocks.com\/wp-content\/uploads\/2022\/04\/Onze-producten-acces-control-300x222.png"},{"@type":"WebSite","@id":"https:\/\/www.tsa-interlocks.com\/de\/#website","url":"https:\/\/www.tsa-interlocks.com\/de\/","name":"TSA Interlocks","description":"","publisher":{"@id":"https:\/\/www.tsa-interlocks.com\/de\/#organization"},"potentialAction":[{"@type":"SearchAction","target":{"@type":"EntryPoint","urlTemplate":"https:\/\/www.tsa-interlocks.com\/de\/?s={search_term_string}"},"query-input":{"@type":"PropertyValueSpecification","valueRequired":true,"valueName":"search_term_string"}}],"inLanguage":"en-US"},{"@type":"Organization","@id":"https:\/\/www.tsa-interlocks.com\/de\/#organization","name":"TSA Interlocks","url":"https:\/\/www.tsa-interlocks.com\/de\/","logo":{"@type":"ImageObject","inLanguage":"en-US","@id":"https:\/\/www.tsa-interlocks.com\/de\/#\/schema\/logo\/image\/","url":"https:\/\/accept.tsa-interlocks.com.bmade.it\/de\/wp-content\/uploads\/sites\/2\/2022\/01\/Logo-TSA-Safety-Services-PNG.png","contentUrl":"https:\/\/accept.tsa-interlocks.com.bmade.it\/de\/wp-content\/uploads\/sites\/2\/2022\/01\/Logo-TSA-Safety-Services-PNG.png","width":5000,"height":2212,"caption":"TSA Interlocks"},"image":{"@id":"https:\/\/www.tsa-interlocks.com\/de\/#\/schema\/logo\/image\/"}}]}},"_links":{"self":[{"href":"https:\/\/accept.tsa-interlocks.com.bmade.it\/de\/wp-json\/wp\/v2\/pages\/1557"}],"collection":[{"href":"https:\/\/accept.tsa-interlocks.com.bmade.it\/de\/wp-json\/wp\/v2\/pages"}],"about":[{"href":"https:\/\/accept.tsa-interlocks.com.bmade.it\/de\/wp-json\/wp\/v2\/types\/page"}],"author":[{"embeddable":true,"href":"https:\/\/accept.tsa-interlocks.com.bmade.it\/de\/wp-json\/wp\/v2\/users\/1"}],"replies":[{"embeddable":true,"href":"https:\/\/accept.tsa-interlocks.com.bmade.it\/de\/wp-json\/wp\/v2\/comments?post=1557"}],"version-history":[{"count":0,"href":"https:\/\/accept.tsa-interlocks.com.bmade.it\/de\/wp-json\/wp\/v2\/pages\/1557\/revisions"}],"wp:attachment":[{"href":"https:\/\/accept.tsa-interlocks.com.bmade.it\/de\/wp-json\/wp\/v2\/media?parent=1557"}],"curies":[{"name":"wp","href":"https:\/\/api.w.org\/{rel}","templated":true}]}}