{"id":2915,"date":"2024-05-17T09:04:49","date_gmt":"2024-05-17T09:04:49","guid":{"rendered":"https:\/\/www.tsa-interlocks.com\/de\/?page_id=2915"},"modified":"2024-06-14T09:55:08","modified_gmt":"2024-06-14T09:55:08","slug":"laderampensicherheit","status":"publish","type":"page","link":"https:\/\/accept.tsa-interlocks.com.bmade.it\/de\/laderampensicherheit\/","title":{"rendered":"Salvo"},"content":{"rendered":"\t\t<div data-elementor-type=\"wp-page\" data-elementor-id=\"2915\" class=\"elementor elementor-2915\">\r\n\t\t\t\t\t\t<section class=\"elementor-section elementor-top-section elementor-element elementor-element-fbf4058 elementor-section-stretched scheme_default elementor-section-boxed elementor-section-height-default elementor-section-height-default\" data-id=\"fbf4058\" data-element_type=\"section\" data-settings=\"{&quot;stretch_section&quot;:&quot;section-stretched&quot;,&quot;background_background&quot;:&quot;classic&quot;}\">\r\n\t\t\t\t\t\t<div class=\"elementor-container elementor-column-gap-default\">\r\n\t\t\t\t\t<div class=\"elementor-column elementor-col-100 elementor-top-column elementor-element elementor-element-7dc6864\" data-id=\"7dc6864\" data-element_type=\"column\">\r\n\t\t\t<div class=\"elementor-widget-wrap elementor-element-populated\">\r\n\t\t\t\t\t\t\t<\/div>\r\n\t\t<\/div>\r\n\t\t\t\t\t<\/div>\r\n\t\t<\/section>\r\n\t\t\t\t<section class=\"elementor-section elementor-top-section elementor-element elementor-element-0b88951 elementor-section-stretched elementor-section-boxed elementor-section-height-default elementor-section-height-default\" data-id=\"0b88951\" data-element_type=\"section\" data-settings=\"{&quot;stretch_section&quot;:&quot;section-stretched&quot;,&quot;background_background&quot;:&quot;classic&quot;}\">\r\n\t\t\t\t\t\t<div class=\"elementor-container elementor-column-gap-default\">\r\n\t\t\t\t\t<div class=\"elementor-column elementor-col-100 elementor-top-column elementor-element elementor-element-818922e\" data-id=\"818922e\" data-element_type=\"column\">\r\n\t\t\t<div class=\"elementor-widget-wrap elementor-element-populated\">\r\n\t\t\t\t\t\t<div class=\"elementor-element elementor-element-8cb2f9d elementor-widget elementor-widget-text-editor\" data-id=\"8cb2f9d\" data-element_type=\"widget\" data-widget_type=\"text-editor.default\">\r\n\t\t\t\t<div class=\"elementor-widget-container\">\r\n\t\t\t\t\t\t\t\t\t<p>Unsere Sicherheits- und Effizienzl\u00f6sungen f\u00fcr Laderampen sch\u00fctzen vor unbeabsichtigtem Wegfahren. Zus\u00e4tzlich kann es wertvolle Erkenntnisse zur Verbesserung des Betriebs von Produktions-, Einzelhandels- und Lagereinrichtungen liefern. Salvo gew\u00e4hrleistet in erster Linie die Sicherheit des Personals und optimiert den Warenfluss, wodurch eine sicherere und effizientere Verladerampe f\u00fcr Einrichtungen auf der ganzen Welt geschaffen wird.<\/p><p>F\u00fcr die Absicherung Ihrer Laderampen haben wir f\u00fcr jede Anwendung eine L\u00f6sung. Die Produktlinie bietet nicht nur die Absicherung von Sattelaufliegern mit der <a href=\"https:\/\/www.tsa-interlocks.com\/de\/product\/salvo-glad-hand-lock\/\">Salvo Glad Hand<\/a>, sondern auch dem Wechselbr\u00fcckenbetrieb durch den <a href=\"https:\/\/www.tsa-interlocks.com\/de\/product\/salvo-swap-body-lock\/\">Swap Body Lock<\/a>. F\u00fcr einen Betrieb mit kleineren Fahrzeugen oder Anh\u00e4ngern bietet Salvo einen fahrbaren Doppelkeil, sowie einer <a href=\"https:\/\/www.tsa-interlocks.com\/de\/product\/salvo-club-lock\/\">Lenkradsperre<\/a>.\u00a0<\/p><p>Auch wenn Ihre Ladestellen nicht einzeln mit Toren ausgestattet sind, k\u00f6nnen wir mit dem <a href=\"https:\/\/www.tsa-interlocks.com\/de\/product\/salvo-bollard\/\">Bollard<\/a>, Ihre Ladepl\u00e4tze einzeln mechanisch absichern.<\/p><p>Dadurch k\u00f6nnen Sie organisatorische Ma\u00dfnahmen wie, das F\u00fchren von Protokollen oder ein Mehr-Personen-Prinzip verzichten. Setzen sie technische Arbeitsschutzma\u00dfnahmen und \u00fcberlassen nichts mehr dem Zufall!\u00a0<\/p>\t\t\t\t\t\t\t\t<\/div>\r\n\t\t\t\t<\/div>\r\n\t\t\t\t\t<\/div>\r\n\t\t<\/div>\r\n\t\t\t\t\t<\/div>\r\n\t\t<\/section>\r\n\t\t\t\t<section class=\"elementor-section elementor-top-section elementor-element elementor-element-e9c403e elementor-section-stretched elementor-section-boxed elementor-section-height-default elementor-section-height-default\" data-id=\"e9c403e\" data-element_type=\"section\" data-settings=\"{&quot;stretch_section&quot;:&quot;section-stretched&quot;,&quot;background_background&quot;:&quot;classic&quot;}\">\r\n\t\t\t\t\t\t\t<div class=\"elementor-background-overlay\"><\/div>\r\n\t\t\t\t\t\t\t<div class=\"elementor-container elementor-column-gap-default\">\r\n\t\t\t\t\t<div class=\"elementor-column elementor-col-100 elementor-top-column elementor-element elementor-element-a76b063\" data-id=\"a76b063\" data-element_type=\"column\">\r\n\t\t\t<div class=\"elementor-widget-wrap elementor-element-populated\">\r\n\t\t\t\t\t\t<div class=\"elementor-element elementor-element-4de2b7b elementor-widget elementor-widget-spacer\" data-id=\"4de2b7b\" data-element_type=\"widget\" data-widget_type=\"spacer.default\">\r\n\t\t\t\t<div class=\"elementor-widget-container\">\r\n\t\t\t\t\t\t\t<div class=\"elementor-spacer\">\r\n\t\t\t<div class=\"elementor-spacer-inner\"><\/div>\r\n\t\t<\/div>\r\n\t\t\t\t\t\t<\/div>\r\n\t\t\t\t<\/div>\r\n\t\t\t\t\t<\/div>\r\n\t\t<\/div>\r\n\t\t\t\t\t<\/div>\r\n\t\t<\/section>\r\n\t\t\t\t<section class=\"elementor-section elementor-top-section elementor-element elementor-element-0393938 elementor-section-boxed elementor-section-height-default elementor-section-height-default\" data-id=\"0393938\" data-element_type=\"section\">\r\n\t\t\t\t\t\t<div class=\"elementor-container elementor-column-gap-default\">\r\n\t\t\t\t\t<div class=\"elementor-column elementor-col-100 elementor-top-column elementor-element elementor-element-27e428c\" data-id=\"27e428c\" data-element_type=\"column\">\r\n\t\t\t<div class=\"elementor-widget-wrap elementor-element-populated\">\r\n\t\t\t\t\t\t<div class=\"elementor-element elementor-element-5cc746f elementor-widget elementor-widget-spacer\" data-id=\"5cc746f\" data-element_type=\"widget\" data-widget_type=\"spacer.default\">\r\n\t\t\t\t<div class=\"elementor-widget-container\">\r\n\t\t\t\t\t\t\t<div class=\"elementor-spacer\">\r\n\t\t\t<div class=\"elementor-spacer-inner\"><\/div>\r\n\t\t<\/div>\r\n\t\t\t\t\t\t<\/div>\r\n\t\t\t\t<\/div>\r\n\t\t\t\t\t<\/div>\r\n\t\t<\/div>\r\n\t\t\t\t\t<\/div>\r\n\t\t<\/section>\r\n\t\t\t\t<\/div>\r\n\t\t","protected":false},"excerpt":{"rendered":"<p>Produkte Salvo Serie Unsere Sicherheits- und Effizienzl\u00f6sungen f\u00fcr Laderampen sch\u00fctzen vor unbeabsichtigtem Wegfahren. Zus\u00e4tzlich kann es wertvolle Erkenntnisse zur Verbesserung des Betriebs von Produktions-, Einzelhandels- und Lagereinrichtungen liefern. Salvo gew\u00e4hrleistet&hellip;<\/p>\n","protected":false},"author":4,"featured_media":2803,"parent":0,"menu_order":0,"comment_status":"closed","ping_status":"closed","template":"","meta":{"editor_notices":[],"footnotes":""},"yoast_head":"<!-- This site is optimized with the Yoast SEO plugin v24.5 - https:\/\/yoast.com\/wordpress\/plugins\/seo\/ -->\n<title>Salvo - TSA Interlocks<\/title>\n<meta name=\"description\" content=\"TSA Interlocks Salvo - Lasttrennschalter f\u00fcr Maschinen und Anlagen mit Sicherheitscodierung, angepasst an Ihre Anforderungen.\" \/>\n<meta name=\"robots\" content=\"index, follow, max-snippet:-1, max-image-preview:large, max-video-preview:-1\" \/>\n<link rel=\"canonical\" href=\"https:\/\/www.tsa-interlocks.com\/de\/laderampensicherheit\/\" \/>\n<meta property=\"og:locale\" content=\"en_US\" \/>\n<meta property=\"og:type\" content=\"article\" \/>\n<meta property=\"og:title\" content=\"Salvo - TSA Interlocks\" \/>\n<meta property=\"og:description\" content=\"TSA Interlocks Salvo - Lasttrennschalter f\u00fcr Maschinen und Anlagen mit Sicherheitscodierung, angepasst an Ihre Anforderungen.\" \/>\n<meta property=\"og:url\" content=\"https:\/\/www.tsa-interlocks.com\/de\/laderampensicherheit\/\" \/>\n<meta property=\"og:site_name\" content=\"TSA Interlocks\" \/>\n<meta property=\"article:modified_time\" content=\"2024-06-14T09:55:08+00:00\" \/>\n<meta property=\"og:image\" content=\"https:\/\/www.tsa-interlocks.com\/de\/wp-content\/uploads\/sites\/2\/2023\/01\/UK-EU-New-SGL-e1716278092714.png\" \/>\n\t<meta property=\"og:image:width\" content=\"300\" \/>\n\t<meta property=\"og:image:height\" content=\"145\" \/>\n\t<meta property=\"og:image:type\" content=\"image\/png\" \/>\n<meta name=\"twitter:card\" content=\"summary_large_image\" \/>\n<meta name=\"twitter:label1\" content=\"Est. reading time\" \/>\n\t<meta name=\"twitter:data1\" content=\"4 minutes\" \/>\n<script type=\"application\/ld+json\" class=\"yoast-schema-graph\">{\"@context\":\"https:\/\/schema.org\",\"@graph\":[{\"@type\":\"WebPage\",\"@id\":\"https:\/\/www.tsa-interlocks.com\/de\/laderampensicherheit\/\",\"url\":\"https:\/\/www.tsa-interlocks.com\/de\/laderampensicherheit\/\",\"name\":\"Salvo - TSA Interlocks\",\"isPartOf\":{\"@id\":\"https:\/\/www.tsa-interlocks.com\/de\/#website\"},\"primaryImageOfPage\":{\"@id\":\"https:\/\/www.tsa-interlocks.com\/de\/laderampensicherheit\/#primaryimage\"},\"image\":{\"@id\":\"https:\/\/www.tsa-interlocks.com\/de\/laderampensicherheit\/#primaryimage\"},\"thumbnailUrl\":\"https:\/\/accept.tsa-interlocks.com.bmade.it\/de\/wp-content\/uploads\/sites\/2\/2023\/01\/UK-EU-New-SGL-e1716278092714.png\",\"datePublished\":\"2024-05-17T09:04:49+00:00\",\"dateModified\":\"2024-06-14T09:55:08+00:00\",\"description\":\"TSA Interlocks Salvo - Lasttrennschalter f\u00fcr Maschinen und Anlagen mit Sicherheitscodierung, angepasst an Ihre Anforderungen.\",\"breadcrumb\":{\"@id\":\"https:\/\/www.tsa-interlocks.com\/de\/laderampensicherheit\/#breadcrumb\"},\"inLanguage\":\"en-US\",\"potentialAction\":[{\"@type\":\"ReadAction\",\"target\":[\"https:\/\/www.tsa-interlocks.com\/de\/laderampensicherheit\/\"]}]},{\"@type\":\"ImageObject\",\"inLanguage\":\"en-US\",\"@id\":\"https:\/\/www.tsa-interlocks.com\/de\/laderampensicherheit\/#primaryimage\",\"url\":\"https:\/\/accept.tsa-interlocks.com.bmade.it\/de\/wp-content\/uploads\/sites\/2\/2023\/01\/UK-EU-New-SGL-e1716278092714.png\",\"contentUrl\":\"https:\/\/accept.tsa-interlocks.com.bmade.it\/de\/wp-content\/uploads\/sites\/2\/2023\/01\/UK-EU-New-SGL-e1716278092714.png\",\"width\":300,\"height\":145},{\"@type\":\"WebSite\",\"@id\":\"https:\/\/www.tsa-interlocks.com\/de\/#website\",\"url\":\"https:\/\/www.tsa-interlocks.com\/de\/\",\"name\":\"TSA Interlocks\",\"description\":\"\",\"publisher\":{\"@id\":\"https:\/\/www.tsa-interlocks.com\/de\/#organization\"},\"potentialAction\":[{\"@type\":\"SearchAction\",\"target\":{\"@type\":\"EntryPoint\",\"urlTemplate\":\"https:\/\/www.tsa-interlocks.com\/de\/?s={search_term_string}\"},\"query-input\":{\"@type\":\"PropertyValueSpecification\",\"valueRequired\":true,\"valueName\":\"search_term_string\"}}],\"inLanguage\":\"en-US\"},{\"@type\":\"Organization\",\"@id\":\"https:\/\/www.tsa-interlocks.com\/de\/#organization\",\"name\":\"TSA Interlocks\",\"url\":\"https:\/\/www.tsa-interlocks.com\/de\/\",\"logo\":{\"@type\":\"ImageObject\",\"inLanguage\":\"en-US\",\"@id\":\"https:\/\/www.tsa-interlocks.com\/de\/#\/schema\/logo\/image\/\",\"url\":\"https:\/\/accept.tsa-interlocks.com.bmade.it\/de\/wp-content\/uploads\/sites\/2\/2022\/01\/Logo-TSA-Safety-Services-PNG.png\",\"contentUrl\":\"https:\/\/accept.tsa-interlocks.com.bmade.it\/de\/wp-content\/uploads\/sites\/2\/2022\/01\/Logo-TSA-Safety-Services-PNG.png\",\"width\":5000,\"height\":2212,\"caption\":\"TSA Interlocks\"},\"image\":{\"@id\":\"https:\/\/www.tsa-interlocks.com\/de\/#\/schema\/logo\/image\/\"}}]}<\/script>\n<!-- \/ Yoast SEO plugin. -->","yoast_head_json":{"title":"Salvo - TSA Interlocks","description":"TSA Interlocks Salvo - Lasttrennschalter f\u00fcr Maschinen und Anlagen mit Sicherheitscodierung, angepasst an Ihre Anforderungen.","robots":{"index":"index","follow":"follow","max-snippet":"max-snippet:-1","max-image-preview":"max-image-preview:large","max-video-preview":"max-video-preview:-1"},"canonical":"https:\/\/www.tsa-interlocks.com\/de\/laderampensicherheit\/","og_locale":"en_US","og_type":"article","og_title":"Salvo - TSA Interlocks","og_description":"TSA Interlocks Salvo - Lasttrennschalter f\u00fcr Maschinen und Anlagen mit Sicherheitscodierung, angepasst an Ihre Anforderungen.","og_url":"https:\/\/www.tsa-interlocks.com\/de\/laderampensicherheit\/","og_site_name":"TSA Interlocks","article_modified_time":"2024-06-14T09:55:08+00:00","og_image":[{"width":300,"height":145,"url":"https:\/\/www.tsa-interlocks.com\/de\/wp-content\/uploads\/sites\/2\/2023\/01\/UK-EU-New-SGL-e1716278092714.png","type":"image\/png"}],"twitter_card":"summary_large_image","twitter_misc":{"Est. reading time":"4 minutes"},"schema":{"@context":"https:\/\/schema.org","@graph":[{"@type":"WebPage","@id":"https:\/\/www.tsa-interlocks.com\/de\/laderampensicherheit\/","url":"https:\/\/www.tsa-interlocks.com\/de\/laderampensicherheit\/","name":"Salvo - TSA Interlocks","isPartOf":{"@id":"https:\/\/www.tsa-interlocks.com\/de\/#website"},"primaryImageOfPage":{"@id":"https:\/\/www.tsa-interlocks.com\/de\/laderampensicherheit\/#primaryimage"},"image":{"@id":"https:\/\/www.tsa-interlocks.com\/de\/laderampensicherheit\/#primaryimage"},"thumbnailUrl":"https:\/\/accept.tsa-interlocks.com.bmade.it\/de\/wp-content\/uploads\/sites\/2\/2023\/01\/UK-EU-New-SGL-e1716278092714.png","datePublished":"2024-05-17T09:04:49+00:00","dateModified":"2024-06-14T09:55:08+00:00","description":"TSA Interlocks Salvo - Lasttrennschalter f\u00fcr Maschinen und Anlagen mit Sicherheitscodierung, angepasst an Ihre Anforderungen.","breadcrumb":{"@id":"https:\/\/www.tsa-interlocks.com\/de\/laderampensicherheit\/#breadcrumb"},"inLanguage":"en-US","potentialAction":[{"@type":"ReadAction","target":["https:\/\/www.tsa-interlocks.com\/de\/laderampensicherheit\/"]}]},{"@type":"ImageObject","inLanguage":"en-US","@id":"https:\/\/www.tsa-interlocks.com\/de\/laderampensicherheit\/#primaryimage","url":"https:\/\/accept.tsa-interlocks.com.bmade.it\/de\/wp-content\/uploads\/sites\/2\/2023\/01\/UK-EU-New-SGL-e1716278092714.png","contentUrl":"https:\/\/accept.tsa-interlocks.com.bmade.it\/de\/wp-content\/uploads\/sites\/2\/2023\/01\/UK-EU-New-SGL-e1716278092714.png","width":300,"height":145},{"@type":"WebSite","@id":"https:\/\/www.tsa-interlocks.com\/de\/#website","url":"https:\/\/www.tsa-interlocks.com\/de\/","name":"TSA Interlocks","description":"","publisher":{"@id":"https:\/\/www.tsa-interlocks.com\/de\/#organization"},"potentialAction":[{"@type":"SearchAction","target":{"@type":"EntryPoint","urlTemplate":"https:\/\/www.tsa-interlocks.com\/de\/?s={search_term_string}"},"query-input":{"@type":"PropertyValueSpecification","valueRequired":true,"valueName":"search_term_string"}}],"inLanguage":"en-US"},{"@type":"Organization","@id":"https:\/\/www.tsa-interlocks.com\/de\/#organization","name":"TSA Interlocks","url":"https:\/\/www.tsa-interlocks.com\/de\/","logo":{"@type":"ImageObject","inLanguage":"en-US","@id":"https:\/\/www.tsa-interlocks.com\/de\/#\/schema\/logo\/image\/","url":"https:\/\/accept.tsa-interlocks.com.bmade.it\/de\/wp-content\/uploads\/sites\/2\/2022\/01\/Logo-TSA-Safety-Services-PNG.png","contentUrl":"https:\/\/accept.tsa-interlocks.com.bmade.it\/de\/wp-content\/uploads\/sites\/2\/2022\/01\/Logo-TSA-Safety-Services-PNG.png","width":5000,"height":2212,"caption":"TSA Interlocks"},"image":{"@id":"https:\/\/www.tsa-interlocks.com\/de\/#\/schema\/logo\/image\/"}}]}},"_links":{"self":[{"href":"https:\/\/accept.tsa-interlocks.com.bmade.it\/de\/wp-json\/wp\/v2\/pages\/2915"}],"collection":[{"href":"https:\/\/accept.tsa-interlocks.com.bmade.it\/de\/wp-json\/wp\/v2\/pages"}],"about":[{"href":"https:\/\/accept.tsa-interlocks.com.bmade.it\/de\/wp-json\/wp\/v2\/types\/page"}],"author":[{"embeddable":true,"href":"https:\/\/accept.tsa-interlocks.com.bmade.it\/de\/wp-json\/wp\/v2\/users\/4"}],"replies":[{"embeddable":true,"href":"https:\/\/accept.tsa-interlocks.com.bmade.it\/de\/wp-json\/wp\/v2\/comments?post=2915"}],"version-history":[{"count":23,"href":"https:\/\/accept.tsa-interlocks.com.bmade.it\/de\/wp-json\/wp\/v2\/pages\/2915\/revisions"}],"predecessor-version":[{"id":3289,"href":"https:\/\/accept.tsa-interlocks.com.bmade.it\/de\/wp-json\/wp\/v2\/pages\/2915\/revisions\/3289"}],"wp:featuredmedia":[{"embeddable":true,"href":"https:\/\/accept.tsa-interlocks.com.bmade.it\/de\/wp-json\/wp\/v2\/media\/2803"}],"wp:attachment":[{"href":"https:\/\/accept.tsa-interlocks.com.bmade.it\/de\/wp-json\/wp\/v2\/media?parent=2915"}],"curies":[{"name":"wp","href":"https:\/\/api.w.org\/{rel}","templated":true}]}}