{"id":765,"date":"2022-03-15T10:54:09","date_gmt":"2022-03-15T10:54:09","guid":{"rendered":"https:\/\/www.tsa-interlocks.com\/?page_id=765"},"modified":"2023-09-04T11:53:47","modified_gmt":"2023-09-04T11:53:47","slug":"our-sectors","status":"publish","type":"page","link":"https:\/\/accept.tsa-interlocks.com.bmade.it\/de\/our-sectors\/","title":{"rendered":"Unsere Bereiche"},"content":{"rendered":"\t\t<div data-elementor-type=\"wp-page\" data-elementor-id=\"765\" class=\"elementor elementor-765\">\r\n\t\t\t\t\t\t<section class=\"elementor-section elementor-top-section elementor-element elementor-element-171d9b3a elementor-section-boxed elementor-section-height-default elementor-section-height-default\" data-id=\"171d9b3a\" data-element_type=\"section\">\r\n\t\t\t\t\t\t<div class=\"elementor-container elementor-column-gap-default\">\r\n\t\t\t\t\t<div class=\"elementor-column elementor-col-100 elementor-top-column elementor-element elementor-element-3f6c102b\" data-id=\"3f6c102b\" data-element_type=\"column\">\r\n\t\t\t<div class=\"elementor-widget-wrap elementor-element-populated\">\r\n\t\t\t\t\t\t<div class=\"elementor-element elementor-element-60c004c2 elementor-widget elementor-widget-text-editor\" data-id=\"60c004c2\" data-element_type=\"widget\" data-widget_type=\"text-editor.default\">\r\n\t\t\t\t<div class=\"elementor-widget-container\">\r\n\t\t\t\t\t\t\t\t\t<h2>Unsere Bereiche<\/h2>\n<p>Wir sind unter anderem in den Branchen, Energie, Industrie und Logistik t\u00e4tig, bieten hochwertige Sicherheitsprodukte und Dienstleistungen an, die den spezifischen Bed\u00fcrfnissen und Anforderungen jedes Segments gerecht werden.<\/p>\n<p>\u00a0<\/p>\n<h3>Energie<\/h3>\n<p>In den letzten Jahren ist die Nachfrage nach sauberer und effizienter Energieversorgung gestiegen, was zu Ver\u00e4nderungen in der Branche gef\u00fchrt hat. Strengere Emissionskontrollen bedeuten, dass der Druck besteht, die effizientesten und kosteng\u00fcnstigsten L\u00f6sungen zu finden und gleichzeitig ein sicheres Arbeitsumfeld in allen Sektoren zu gew\u00e4hrleisten. Die umfassende Produktpalette an Verriegelungsprodukten und L\u00f6sungen hilft der Branche seit fast einem Jahrhundert, sicher zu arbeiten und ihre Ausr\u00fcstung zu sch\u00fctzen. Mit Produkten f\u00fcr jede Anwendung ist Castell die Partei f\u00fcr Schl\u00fcsselschl\u00f6sser im heutigen Energiemarkt.<\/p>\n<p><span style=\"text-decoration: underline\"><a href=\"https:\/\/www.tsa-interlocks.com\/de\/our-sectors\/energy\/\"><strong>Lies mehr&#8230;<\/strong><\/a><\/span><\/p>\n<h3><strong>Industrie<\/strong><\/h3>\n<p>Der Druck, ein h\u00f6heres Produktionsniveau zu erreichen, gleichzeitig ein sicheres als auch gesundes Arbeitsumfeld zu schaffen und aufrechtzuerhalten, schafft neue Herausforderungen.<\/p>\n<p>Bei den ohnehin schon harten Arbeitsbedingungen, der kontinuierlichen Wartung von Maschinen und den regelm\u00e4\u00dfigen Maschinenausf\u00e4llen ist die Gew\u00e4hrleistung von Sicherheitsprozessen zum Schutz von Personal und Ausr\u00fcstung ein Muss. Die Schl\u00fcsselschl\u00f6sser zwingen die Mitarbeiter, einen vorgegebenen Prozess zu befolgen, der verhindert, dass das Sicherheitssystem absichtlich oder unabsichtlich umgangen wird.<\/p>\n<p>Die Schl\u00fcsselschlie\u00dfsysteme halten den rauen Arbeitsbedingungen in Industrieumgebungen stand.<\/p>\n<p><a href=\"https:\/\/www.tsa-interlocks.com\/de\/our-sectors\/industry\/\"><span style=\"text-decoration: underline\"><strong>Lies Mehr&#8230;<\/strong><\/span><\/a><\/p>\n<h3><strong>Logistik<\/strong><\/h3>\n<p>Das Laden und Entladen von G\u00fctern an einer Lade- und Entladerampe, beispielsweise in Verteilzentren, sind gef\u00e4hrliche Arbeitsumgebungen. 20 % bis 25 % der Unf\u00e4lle ereignen sich rund um die Be- und Entladerampe. Gemeinsam mit Castell wollen wir diese Unf\u00e4lle beseitigen, indem wir mit der Salvo-Wegfahrsperre eine sicherere Arbeitsumgebung schaffen.<\/p>\n<p>Castell Sicherheitsl\u00f6sungen in der Logistikbranche haben vielen Unternehmen sichere und effiziente L\u00f6sungen geliefert, die menschliche Fehler eliminieren.<\/p>\n<p><span style=\"text-decoration: underline\"><a href=\"https:\/\/www.tsa-interlocks.com\/de\/our-sectors\/logistics\/\"><strong>Lies mehr&#8230;<\/strong><\/a><\/span><\/p>\n<p><\/p>\n<p><\/p>\t\t\t\t\t\t\t\t<\/div>\r\n\t\t\t\t<\/div>\r\n\t\t\t\t\t<\/div>\r\n\t\t<\/div>\r\n\t\t\t\t\t<\/div>\r\n\t\t<\/section>\r\n\t\t\t\t<\/div>\r\n\t\t","protected":false},"excerpt":{"rendered":"<p>Unsere Bereiche Wir sind unter anderem in den Branchen, Energie, Industrie und Logistik t\u00e4tig, bieten hochwertige Sicherheitsprodukte und Dienstleistungen an, die den spezifischen Bed\u00fcrfnissen und Anforderungen jedes Segments gerecht werden.&hellip;<\/p>\n","protected":false},"author":1,"featured_media":0,"parent":0,"menu_order":0,"comment_status":"closed","ping_status":"closed","template":"","meta":{"editor_notices":[],"footnotes":""},"yoast_head":"<!-- This site is optimized with the Yoast SEO plugin v24.5 - https:\/\/yoast.com\/wordpress\/plugins\/seo\/ -->\n<title>Unsere Bereiche - TSA Interlocks<\/title>\n<meta name=\"description\" content=\"TSA ist unter anderem in den Branchen: Energie, Industrie und Logistik t\u00e4tig mit hochwertige Sicherheitsprodukte und Dienstleistungen.\" \/>\n<meta name=\"robots\" content=\"index, follow, max-snippet:-1, max-image-preview:large, max-video-preview:-1\" \/>\n<link rel=\"canonical\" href=\"https:\/\/www.tsa-interlocks.com\/de\/our-sectors\/\" \/>\n<meta property=\"og:locale\" content=\"en_US\" \/>\n<meta property=\"og:type\" content=\"article\" \/>\n<meta property=\"og:title\" content=\"Unsere Bereiche - TSA Interlocks\" \/>\n<meta property=\"og:description\" content=\"TSA ist unter anderem in den Branchen: Energie, Industrie und Logistik t\u00e4tig mit hochwertige Sicherheitsprodukte und Dienstleistungen.\" \/>\n<meta property=\"og:url\" content=\"https:\/\/www.tsa-interlocks.com\/de\/our-sectors\/\" \/>\n<meta property=\"og:site_name\" content=\"TSA Interlocks\" \/>\n<meta property=\"article:modified_time\" content=\"2023-09-04T11:53:47+00:00\" \/>\n<meta name=\"twitter:card\" content=\"summary_large_image\" \/>\n<meta name=\"twitter:label1\" content=\"Est. reading time\" \/>\n\t<meta name=\"twitter:data1\" content=\"2 minutes\" \/>\n<script type=\"application\/ld+json\" class=\"yoast-schema-graph\">{\"@context\":\"https:\/\/schema.org\",\"@graph\":[{\"@type\":\"WebPage\",\"@id\":\"https:\/\/www.tsa-interlocks.com\/de\/our-sectors\/\",\"url\":\"https:\/\/www.tsa-interlocks.com\/de\/our-sectors\/\",\"name\":\"Unsere Bereiche - TSA Interlocks\",\"isPartOf\":{\"@id\":\"https:\/\/www.tsa-interlocks.com\/de\/#website\"},\"datePublished\":\"2022-03-15T10:54:09+00:00\",\"dateModified\":\"2023-09-04T11:53:47+00:00\",\"description\":\"TSA ist unter anderem in den Branchen: Energie, Industrie und Logistik t\u00e4tig mit hochwertige Sicherheitsprodukte und Dienstleistungen.\",\"breadcrumb\":{\"@id\":\"https:\/\/www.tsa-interlocks.com\/de\/our-sectors\/#breadcrumb\"},\"inLanguage\":\"en-US\",\"potentialAction\":[{\"@type\":\"ReadAction\",\"target\":[\"https:\/\/www.tsa-interlocks.com\/de\/our-sectors\/\"]}]},{\"@type\":\"WebSite\",\"@id\":\"https:\/\/www.tsa-interlocks.com\/de\/#website\",\"url\":\"https:\/\/www.tsa-interlocks.com\/de\/\",\"name\":\"TSA Interlocks\",\"description\":\"\",\"publisher\":{\"@id\":\"https:\/\/www.tsa-interlocks.com\/de\/#organization\"},\"potentialAction\":[{\"@type\":\"SearchAction\",\"target\":{\"@type\":\"EntryPoint\",\"urlTemplate\":\"https:\/\/www.tsa-interlocks.com\/de\/?s={search_term_string}\"},\"query-input\":{\"@type\":\"PropertyValueSpecification\",\"valueRequired\":true,\"valueName\":\"search_term_string\"}}],\"inLanguage\":\"en-US\"},{\"@type\":\"Organization\",\"@id\":\"https:\/\/www.tsa-interlocks.com\/de\/#organization\",\"name\":\"TSA Interlocks\",\"url\":\"https:\/\/www.tsa-interlocks.com\/de\/\",\"logo\":{\"@type\":\"ImageObject\",\"inLanguage\":\"en-US\",\"@id\":\"https:\/\/www.tsa-interlocks.com\/de\/#\/schema\/logo\/image\/\",\"url\":\"https:\/\/accept.tsa-interlocks.com.bmade.it\/de\/wp-content\/uploads\/sites\/2\/2022\/01\/Logo-TSA-Safety-Services-PNG.png\",\"contentUrl\":\"https:\/\/accept.tsa-interlocks.com.bmade.it\/de\/wp-content\/uploads\/sites\/2\/2022\/01\/Logo-TSA-Safety-Services-PNG.png\",\"width\":5000,\"height\":2212,\"caption\":\"TSA Interlocks\"},\"image\":{\"@id\":\"https:\/\/www.tsa-interlocks.com\/de\/#\/schema\/logo\/image\/\"}}]}<\/script>\n<!-- \/ Yoast SEO plugin. -->","yoast_head_json":{"title":"Unsere Bereiche - TSA Interlocks","description":"TSA ist unter anderem in den Branchen: Energie, Industrie und Logistik t\u00e4tig mit hochwertige Sicherheitsprodukte und Dienstleistungen.","robots":{"index":"index","follow":"follow","max-snippet":"max-snippet:-1","max-image-preview":"max-image-preview:large","max-video-preview":"max-video-preview:-1"},"canonical":"https:\/\/www.tsa-interlocks.com\/de\/our-sectors\/","og_locale":"en_US","og_type":"article","og_title":"Unsere Bereiche - TSA Interlocks","og_description":"TSA ist unter anderem in den Branchen: Energie, Industrie und Logistik t\u00e4tig mit hochwertige Sicherheitsprodukte und Dienstleistungen.","og_url":"https:\/\/www.tsa-interlocks.com\/de\/our-sectors\/","og_site_name":"TSA Interlocks","article_modified_time":"2023-09-04T11:53:47+00:00","twitter_card":"summary_large_image","twitter_misc":{"Est. reading time":"2 minutes"},"schema":{"@context":"https:\/\/schema.org","@graph":[{"@type":"WebPage","@id":"https:\/\/www.tsa-interlocks.com\/de\/our-sectors\/","url":"https:\/\/www.tsa-interlocks.com\/de\/our-sectors\/","name":"Unsere Bereiche - TSA Interlocks","isPartOf":{"@id":"https:\/\/www.tsa-interlocks.com\/de\/#website"},"datePublished":"2022-03-15T10:54:09+00:00","dateModified":"2023-09-04T11:53:47+00:00","description":"TSA ist unter anderem in den Branchen: Energie, Industrie und Logistik t\u00e4tig mit hochwertige Sicherheitsprodukte und Dienstleistungen.","breadcrumb":{"@id":"https:\/\/www.tsa-interlocks.com\/de\/our-sectors\/#breadcrumb"},"inLanguage":"en-US","potentialAction":[{"@type":"ReadAction","target":["https:\/\/www.tsa-interlocks.com\/de\/our-sectors\/"]}]},{"@type":"WebSite","@id":"https:\/\/www.tsa-interlocks.com\/de\/#website","url":"https:\/\/www.tsa-interlocks.com\/de\/","name":"TSA Interlocks","description":"","publisher":{"@id":"https:\/\/www.tsa-interlocks.com\/de\/#organization"},"potentialAction":[{"@type":"SearchAction","target":{"@type":"EntryPoint","urlTemplate":"https:\/\/www.tsa-interlocks.com\/de\/?s={search_term_string}"},"query-input":{"@type":"PropertyValueSpecification","valueRequired":true,"valueName":"search_term_string"}}],"inLanguage":"en-US"},{"@type":"Organization","@id":"https:\/\/www.tsa-interlocks.com\/de\/#organization","name":"TSA Interlocks","url":"https:\/\/www.tsa-interlocks.com\/de\/","logo":{"@type":"ImageObject","inLanguage":"en-US","@id":"https:\/\/www.tsa-interlocks.com\/de\/#\/schema\/logo\/image\/","url":"https:\/\/accept.tsa-interlocks.com.bmade.it\/de\/wp-content\/uploads\/sites\/2\/2022\/01\/Logo-TSA-Safety-Services-PNG.png","contentUrl":"https:\/\/accept.tsa-interlocks.com.bmade.it\/de\/wp-content\/uploads\/sites\/2\/2022\/01\/Logo-TSA-Safety-Services-PNG.png","width":5000,"height":2212,"caption":"TSA Interlocks"},"image":{"@id":"https:\/\/www.tsa-interlocks.com\/de\/#\/schema\/logo\/image\/"}}]}},"_links":{"self":[{"href":"https:\/\/accept.tsa-interlocks.com.bmade.it\/de\/wp-json\/wp\/v2\/pages\/765"}],"collection":[{"href":"https:\/\/accept.tsa-interlocks.com.bmade.it\/de\/wp-json\/wp\/v2\/pages"}],"about":[{"href":"https:\/\/accept.tsa-interlocks.com.bmade.it\/de\/wp-json\/wp\/v2\/types\/page"}],"author":[{"embeddable":true,"href":"https:\/\/accept.tsa-interlocks.com.bmade.it\/de\/wp-json\/wp\/v2\/users\/1"}],"replies":[{"embeddable":true,"href":"https:\/\/accept.tsa-interlocks.com.bmade.it\/de\/wp-json\/wp\/v2\/comments?post=765"}],"version-history":[{"count":0,"href":"https:\/\/accept.tsa-interlocks.com.bmade.it\/de\/wp-json\/wp\/v2\/pages\/765\/revisions"}],"wp:attachment":[{"href":"https:\/\/accept.tsa-interlocks.com.bmade.it\/de\/wp-json\/wp\/v2\/media?parent=765"}],"curies":[{"name":"wp","href":"https:\/\/api.w.org\/{rel}","templated":true}]}}