{"id":766,"date":"2022-03-15T10:54:09","date_gmt":"2022-03-15T10:54:09","guid":{"rendered":"https:\/\/www.tsa-interlocks.com\/?page_id=766"},"modified":"2024-06-24T11:45:40","modified_gmt":"2024-06-24T11:45:40","slug":"industry","status":"publish","type":"page","link":"https:\/\/accept.tsa-interlocks.com.bmade.it\/de\/our-sectors\/industry\/","title":{"rendered":"Industrie"},"content":{"rendered":"\t\t<div data-elementor-type=\"wp-page\" data-elementor-id=\"766\" class=\"elementor elementor-766\">\r\n\t\t\t\t\t\t<section class=\"elementor-section elementor-top-section elementor-element elementor-element-171d9b3a elementor-section-boxed elementor-section-height-default elementor-section-height-default\" data-id=\"171d9b3a\" data-element_type=\"section\">\r\n\t\t\t\t\t\t<div class=\"elementor-container elementor-column-gap-default\">\r\n\t\t\t\t\t<div class=\"elementor-column elementor-col-100 elementor-top-column elementor-element elementor-element-3f6c102b\" data-id=\"3f6c102b\" data-element_type=\"column\">\r\n\t\t\t<div class=\"elementor-widget-wrap elementor-element-populated\">\r\n\t\t\t\t\t\t<div class=\"elementor-element elementor-element-60c004c2 elementor-widget elementor-widget-text-editor\" data-id=\"60c004c2\" data-element_type=\"widget\" data-widget_type=\"text-editor.default\">\r\n\t\t\t\t<div class=\"elementor-widget-container\">\r\n\t\t\t\t\t\t\t\t\t<h2>Industrie<\/h2><div>Aufgrund des technologischen Fortschritts der letzten Jahre wurden viele Produktionsprozesse automatisiert, was Vorteile f\u00fcr eine erh\u00f6hte Produktionskapazit\u00e4t hat und auch Effizienz und Qualit\u00e4t bringt. Gleichzeitig sinken die betrieblichen Produktionskosten.<\/div><div>\u00a0<\/div><div>Durch den zunehmenden Einsatz von Maschinen sind jedoch auch die potenziellen Risiken der Exposition gegen\u00fcber Gefahrensituationen gestiegen.<\/div><div>\u00a0<\/div><div>Moderne Prozesse m\u00fcssen \u00fcber Datenverarbeitung, einen hohen Automatisierungsgrad, strenge Planung und strenge Sicherheitskontrollen verf\u00fcgen. Die Herausforderung f\u00fcr viele Unternehmen besteht darin, das Gesundheits- und Sicherheitsniveau w\u00e4hrend der Reinigungs- und Wartungszyklen aufrechtzuerhalten und gleichzeitig Ausfallzeiten zu minimieren.<\/div><h3><strong>Sicherheitsl\u00f6sungen f\u00fcr alle Branchen<\/strong><\/h3><p>Castell Schl\u00fcsselschl\u00f6sser helfen beim Risikomanagement und sch\u00fctzen Mitarbeiter vor Risiken durch Energie, bewegliche Ger\u00e4te\/Maschinen und Bereiche mit Einklemmgefahr. Die Befolgung des Schl\u00fcsselverfahrens beginnt mit der Isolierung der Gefahr, der Aufteilung des Schl\u00fcssels f\u00fcr die Anzahl der Zutritte und schlie\u00dflich dem Zutritt. Dieser sequentielle Prozess sch\u00fctzt Menschen und Ausr\u00fcstung.<\/p><p>Die Schl\u00fcsselschl\u00f6sser, bei denen der Schl\u00fcssel erst freigegeben wird, wenn die Gefahr vor\u00fcber ist oder die Maschine steht, werden in vielen Bereichen eingesetzt, wie zum Beispiel:<\/p><ul><li>Zuschlagstoffe und Bergbau<\/li><li>Lebensmittelproduktion<\/li><li>Fertigbeton<\/li><li>Abfall und Recycling<\/li><li>Zellstoff und Papier<span style=\"font-family: 'Open Sans', sans-serif;font-size: 18px;font-style: normal;font-weight: 400;letter-spacing: 0.1px\"><span style=\"font-family: 'Open Sans', sans-serif;font-size: 18px;font-style: normal;font-weight: 400;letter-spacing: 0.1px\">t<\/span><\/span><\/li><li>Stahl und Metalle<\/li><li>Kunststoffe<\/li><\/ul><p>M\u00f6chten Sie eine bestimmte Sicherheitsl\u00f6sung besprechen? Dann k\u00f6nnen Sie uns kontaktieren, wir helfen Ihnen gerne weiter.<\/p><h3>Zu den Brosch\u00fcren:<\/h3><p><a href=\"https:\/\/www.tsa-interlocks.com\/de\/wp-content\/uploads\/sites\/2\/2024\/06\/20230816_Food-Industry-Application-Notes.pdf\">Food &amp; Industry<\/a>\u00a0 \/\u00a0 <a href=\"https:\/\/www.tsa-interlocks.com\/de\/wp-content\/uploads\/sites\/2\/2024\/06\/20230816_Aggregates-Application-Notes.pdf\">Aggregates<\/a>\u00a0 \/\u00a0 <a href=\"https:\/\/www.tsa-interlocks.com\/de\/wp-content\/uploads\/sites\/2\/2024\/06\/20230816_Distribution-Application-Notes.pdf\">Distribution<\/a> \/ <a href=\"https:\/\/www.tsa-interlocks.com\/de\/wp-content\/uploads\/sites\/2\/2024\/06\/20230816_Rail-Transport-Application-Notes.pdf\">Rail &amp; Transport<\/a> \/ <a href=\"https:\/\/www.tsa-interlocks.com\/de\/wp-content\/uploads\/sites\/2\/2024\/06\/HV-Substations-Switchgear-Applications-Guide-3.pdf\">HV-Substation &amp; Switching<\/a> \/ <a href=\"https:\/\/www.tsa-interlocks.com\/de\/wp-content\/uploads\/sites\/2\/2024\/06\/20230816_HV_LV_MV-Switchgear.pdf\">HV &amp; LV<\/a> \/ <a href=\"https:\/\/www.tsa-interlocks.com\/de\/wp-content\/uploads\/sites\/2\/2024\/06\/20230816_Energy-Application-Notes.pdf\">Energy<\/a><\/p><p>\u00a0<\/p><p><!-- \/wp:paragraph --><\/p>\t\t\t\t\t\t\t\t<\/div>\r\n\t\t\t\t<\/div>\r\n\t\t\t\t\t<\/div>\r\n\t\t<\/div>\r\n\t\t\t\t\t<\/div>\r\n\t\t<\/section>\r\n\t\t\t\t<section class=\"elementor-section elementor-top-section elementor-element elementor-element-ab5d81f elementor-section-boxed elementor-section-height-default elementor-section-height-default\" data-id=\"ab5d81f\" data-element_type=\"section\">\r\n\t\t\t\t\t\t<div class=\"elementor-container elementor-column-gap-default\">\r\n\t\t\t\t\t<div class=\"elementor-column elementor-col-33 elementor-top-column elementor-element elementor-element-3262727\" data-id=\"3262727\" data-element_type=\"column\">\r\n\t\t\t<div class=\"elementor-widget-wrap elementor-element-populated\">\r\n\t\t\t\t\t\t<div class=\"elementor-element elementor-element-3fbf1b6 elementor-widget elementor-widget-image\" data-id=\"3fbf1b6\" data-element_type=\"widget\" data-widget_type=\"image.default\">\r\n\t\t\t\t<div class=\"elementor-widget-container\">\r\n\t\t\t\t\t\t\t\t\t\t\t\t<figure class=\"wp-caption\">\r\n\t\t\t\t\t\t\t\t\t\t<img fetchpriority=\"high\" decoding=\"async\" width=\"400\" height=\"267\" src=\"https:\/\/accept.tsa-interlocks.com.bmade.it\/de\/wp-content\/uploads\/sites\/2\/2022\/03\/pneumatic.jpg\" class=\"attachment-large size-large wp-image-883\" alt=\"\" srcset=\"https:\/\/accept.tsa-interlocks.com.bmade.it\/de\/wp-content\/uploads\/sites\/2\/2022\/03\/pneumatic.jpg 400w, https:\/\/accept.tsa-interlocks.com.bmade.it\/de\/wp-content\/uploads\/sites\/2\/2022\/03\/pneumatic-300x200.jpg 300w, https:\/\/accept.tsa-interlocks.com.bmade.it\/de\/wp-content\/uploads\/sites\/2\/2022\/03\/pneumatic-370x247.jpg 370w\" sizes=\"(max-width: 400px) 100vw, 400px\" \/>\t\t\t\t\t\t\t\t\t\t\t<figcaption class=\"widget-image-caption wp-caption-text\">Anwendungen mit Ventilen<\/figcaption>\r\n\t\t\t\t\t\t\t\t\t\t<\/figure>\r\n\t\t\t\t\t\t\t\t\t<\/div>\r\n\t\t\t\t<\/div>\r\n\t\t\t\t\t<\/div>\r\n\t\t<\/div>\r\n\t\t\t\t<div class=\"elementor-column elementor-col-33 elementor-top-column elementor-element elementor-element-32bd455\" data-id=\"32bd455\" data-element_type=\"column\">\r\n\t\t\t<div class=\"elementor-widget-wrap elementor-element-populated\">\r\n\t\t\t\t\t\t<div class=\"elementor-element elementor-element-3dc29f5 elementor-widget elementor-widget-image\" data-id=\"3dc29f5\" data-element_type=\"widget\" data-widget_type=\"image.default\">\r\n\t\t\t\t<div class=\"elementor-widget-container\">\r\n\t\t\t\t\t\t\t\t\t\t\t\t<figure class=\"wp-caption\">\r\n\t\t\t\t\t\t\t\t\t\t<img decoding=\"async\" width=\"400\" height=\"267\" src=\"https:\/\/accept.tsa-interlocks.com.bmade.it\/de\/wp-content\/uploads\/sites\/2\/2022\/03\/conveyors-kirk-website.jpg\" class=\"attachment-large size-large wp-image-882\" alt=\"\" srcset=\"https:\/\/accept.tsa-interlocks.com.bmade.it\/de\/wp-content\/uploads\/sites\/2\/2022\/03\/conveyors-kirk-website.jpg 400w, https:\/\/accept.tsa-interlocks.com.bmade.it\/de\/wp-content\/uploads\/sites\/2\/2022\/03\/conveyors-kirk-website-300x200.jpg 300w, https:\/\/accept.tsa-interlocks.com.bmade.it\/de\/wp-content\/uploads\/sites\/2\/2022\/03\/conveyors-kirk-website-370x247.jpg 370w\" sizes=\"(max-width: 400px) 100vw, 400px\" \/>\t\t\t\t\t\t\t\t\t\t\t<figcaption class=\"widget-image-caption wp-caption-text\">Zugang an F\u00f6rderb\u00e4ndern<\/figcaption>\r\n\t\t\t\t\t\t\t\t\t\t<\/figure>\r\n\t\t\t\t\t\t\t\t\t<\/div>\r\n\t\t\t\t<\/div>\r\n\t\t\t\t\t<\/div>\r\n\t\t<\/div>\r\n\t\t\t\t<div class=\"elementor-column elementor-col-33 elementor-top-column elementor-element elementor-element-adf7035\" data-id=\"adf7035\" data-element_type=\"column\">\r\n\t\t\t<div class=\"elementor-widget-wrap elementor-element-populated\">\r\n\t\t\t\t\t\t<div class=\"elementor-element elementor-element-41e7323 elementor-widget elementor-widget-image\" data-id=\"41e7323\" data-element_type=\"widget\" data-widget_type=\"image.default\">\r\n\t\t\t\t<div class=\"elementor-widget-container\">\r\n\t\t\t\t\t\t\t\t\t\t\t\t<figure class=\"wp-caption\">\r\n\t\t\t\t\t\t\t\t\t\t<img decoding=\"async\" width=\"400\" height=\"267\" src=\"https:\/\/accept.tsa-interlocks.com.bmade.it\/de\/wp-content\/uploads\/sites\/2\/2022\/05\/machine-.png\" class=\"attachment-large size-large wp-image-1660\" alt=\"\" srcset=\"https:\/\/accept.tsa-interlocks.com.bmade.it\/de\/wp-content\/uploads\/sites\/2\/2022\/05\/machine-.png 400w, https:\/\/accept.tsa-interlocks.com.bmade.it\/de\/wp-content\/uploads\/sites\/2\/2022\/05\/machine--300x200.png 300w, https:\/\/accept.tsa-interlocks.com.bmade.it\/de\/wp-content\/uploads\/sites\/2\/2022\/05\/machine--370x247.png 370w\" sizes=\"(max-width: 400px) 100vw, 400px\" \/>\t\t\t\t\t\t\t\t\t\t\t<figcaption class=\"widget-image-caption wp-caption-text\">Zugang an F\u00f6rderb\u00e4ndern<\/figcaption>\r\n\t\t\t\t\t\t\t\t\t\t<\/figure>\r\n\t\t\t\t\t\t\t\t\t<\/div>\r\n\t\t\t\t<\/div>\r\n\t\t\t\t\t<\/div>\r\n\t\t<\/div>\r\n\t\t\t\t\t<\/div>\r\n\t\t<\/section>\r\n\t\t\t\t<section class=\"elementor-section elementor-top-section elementor-element elementor-element-a015a7c elementor-section-boxed elementor-section-height-default elementor-section-height-default\" data-id=\"a015a7c\" data-element_type=\"section\">\r\n\t\t\t\t\t\t<div class=\"elementor-container elementor-column-gap-default\">\r\n\t\t\t\t\t<div class=\"elementor-column elementor-col-33 elementor-top-column elementor-element elementor-element-1826253\" data-id=\"1826253\" data-element_type=\"column\">\r\n\t\t\t<div class=\"elementor-widget-wrap elementor-element-populated\">\r\n\t\t\t\t\t\t<div class=\"elementor-element elementor-element-1e2958f elementor-widget elementor-widget-image\" data-id=\"1e2958f\" data-element_type=\"widget\" data-widget_type=\"image.default\">\r\n\t\t\t\t<div class=\"elementor-widget-container\">\r\n\t\t\t\t\t\t\t\t\t\t\t\t<figure class=\"wp-caption\">\r\n\t\t\t\t\t\t\t\t\t\t<img loading=\"lazy\" decoding=\"async\" width=\"400\" height=\"267\" src=\"https:\/\/accept.tsa-interlocks.com.bmade.it\/de\/wp-content\/uploads\/sites\/2\/2022\/05\/Mixer.jpg\" class=\"attachment-large size-large wp-image-1662\" alt=\"\" srcset=\"https:\/\/accept.tsa-interlocks.com.bmade.it\/de\/wp-content\/uploads\/sites\/2\/2022\/05\/Mixer.jpg 400w, https:\/\/accept.tsa-interlocks.com.bmade.it\/de\/wp-content\/uploads\/sites\/2\/2022\/05\/Mixer-300x200.jpg 300w, https:\/\/accept.tsa-interlocks.com.bmade.it\/de\/wp-content\/uploads\/sites\/2\/2022\/05\/Mixer-370x247.jpg 370w\" sizes=\"(max-width: 400px) 100vw, 400px\" \/>\t\t\t\t\t\t\t\t\t\t\t<figcaption class=\"widget-image-caption wp-caption-text\">Zugriff mit Zeitverz\u00f6gerung<\/figcaption>\r\n\t\t\t\t\t\t\t\t\t\t<\/figure>\r\n\t\t\t\t\t\t\t\t\t<\/div>\r\n\t\t\t\t<\/div>\r\n\t\t\t\t\t<\/div>\r\n\t\t<\/div>\r\n\t\t\t\t<div class=\"elementor-column elementor-col-33 elementor-top-column elementor-element elementor-element-741c079\" data-id=\"741c079\" data-element_type=\"column\">\r\n\t\t\t<div class=\"elementor-widget-wrap elementor-element-populated\">\r\n\t\t\t\t\t\t<div class=\"elementor-element elementor-element-ef9e74e elementor-widget elementor-widget-image\" data-id=\"ef9e74e\" data-element_type=\"widget\" data-widget_type=\"image.default\">\r\n\t\t\t\t<div class=\"elementor-widget-container\">\r\n\t\t\t\t\t\t\t\t\t\t\t\t<figure class=\"wp-caption\">\r\n\t\t\t\t\t\t\t\t\t\t<img loading=\"lazy\" decoding=\"async\" width=\"399\" height=\"266\" src=\"https:\/\/accept.tsa-interlocks.com.bmade.it\/de\/wp-content\/uploads\/sites\/2\/2022\/05\/banner-f.png\" class=\"attachment-large size-large wp-image-1663\" alt=\"\" srcset=\"https:\/\/accept.tsa-interlocks.com.bmade.it\/de\/wp-content\/uploads\/sites\/2\/2022\/05\/banner-f.png 399w, https:\/\/accept.tsa-interlocks.com.bmade.it\/de\/wp-content\/uploads\/sites\/2\/2022\/05\/banner-f-300x200.png 300w, https:\/\/accept.tsa-interlocks.com.bmade.it\/de\/wp-content\/uploads\/sites\/2\/2022\/05\/banner-f-370x247.png 370w\" sizes=\"(max-width: 399px) 100vw, 399px\" \/>\t\t\t\t\t\t\t\t\t\t\t<figcaption class=\"widget-image-caption wp-caption-text\">Zugang in engen R\u00e4umen<\/figcaption>\r\n\t\t\t\t\t\t\t\t\t\t<\/figure>\r\n\t\t\t\t\t\t\t\t\t<\/div>\r\n\t\t\t\t<\/div>\r\n\t\t\t\t\t<\/div>\r\n\t\t<\/div>\r\n\t\t\t\t<div class=\"elementor-column elementor-col-33 elementor-top-column elementor-element elementor-element-4aac584\" data-id=\"4aac584\" data-element_type=\"column\">\r\n\t\t\t<div class=\"elementor-widget-wrap elementor-element-populated\">\r\n\t\t\t\t\t\t<div class=\"elementor-element elementor-element-ccaf2e6 elementor-widget elementor-widget-image\" data-id=\"ccaf2e6\" data-element_type=\"widget\" data-widget_type=\"image.default\">\r\n\t\t\t\t<div class=\"elementor-widget-container\">\r\n\t\t\t\t\t\t\t\t\t\t\t\t<figure class=\"wp-caption\">\r\n\t\t\t\t\t\t\t\t\t\t<img loading=\"lazy\" decoding=\"async\" width=\"399\" height=\"267\" src=\"https:\/\/accept.tsa-interlocks.com.bmade.it\/de\/wp-content\/uploads\/sites\/2\/2022\/05\/overhead-1.png\" class=\"attachment-large size-large wp-image-1667\" alt=\"\" srcset=\"https:\/\/accept.tsa-interlocks.com.bmade.it\/de\/wp-content\/uploads\/sites\/2\/2022\/05\/overhead-1.png 399w, https:\/\/accept.tsa-interlocks.com.bmade.it\/de\/wp-content\/uploads\/sites\/2\/2022\/05\/overhead-1-300x201.png 300w, https:\/\/accept.tsa-interlocks.com.bmade.it\/de\/wp-content\/uploads\/sites\/2\/2022\/05\/overhead-1-370x248.png 370w\" sizes=\"(max-width: 399px) 100vw, 399px\" \/>\t\t\t\t\t\t\t\t\t\t\t<figcaption class=\"widget-image-caption wp-caption-text\">Einsatz von Laufkr\u00e4nen<\/figcaption>\r\n\t\t\t\t\t\t\t\t\t\t<\/figure>\r\n\t\t\t\t\t\t\t\t\t<\/div>\r\n\t\t\t\t<\/div>\r\n\t\t\t\t\t<\/div>\r\n\t\t<\/div>\r\n\t\t\t\t\t<\/div>\r\n\t\t<\/section>\r\n\t\t\t\t<\/div>\r\n\t\t","protected":false},"excerpt":{"rendered":"<p>Industrie Aufgrund des technologischen Fortschritts der letzten Jahre wurden viele Produktionsprozesse automatisiert, was Vorteile f\u00fcr eine erh\u00f6hte Produktionskapazit\u00e4t hat und auch Effizienz und Qualit\u00e4t bringt. Gleichzeitig sinken die betrieblichen Produktionskosten.\u00a0Durch&hellip;<\/p>\n","protected":false},"author":1,"featured_media":0,"parent":765,"menu_order":0,"comment_status":"closed","ping_status":"closed","template":"","meta":{"editor_notices":[],"footnotes":""},"yoast_head":"<!-- This site is optimized with the Yoast SEO plugin v24.5 - https:\/\/yoast.com\/wordpress\/plugins\/seo\/ -->\n<title>Industrie - TSA Interlocks<\/title>\n<meta name=\"description\" content=\"Castell Sicherheitssysteme helfen beim Risikomanagement und sch\u00fctzen Ihre Mitarbeiter schon technisch vor Risiken. Industrie\" \/>\n<meta name=\"robots\" content=\"index, follow, max-snippet:-1, max-image-preview:large, max-video-preview:-1\" \/>\n<link rel=\"canonical\" href=\"https:\/\/www.tsa-interlocks.com\/de\/our-sectors\/industry\/\" \/>\n<meta property=\"og:locale\" content=\"en_US\" \/>\n<meta property=\"og:type\" content=\"article\" \/>\n<meta property=\"og:title\" content=\"Industrie - TSA Interlocks\" \/>\n<meta property=\"og:description\" content=\"Castell Sicherheitssysteme helfen beim Risikomanagement und sch\u00fctzen Ihre Mitarbeiter schon technisch vor Risiken. Industrie\" \/>\n<meta property=\"og:url\" content=\"https:\/\/www.tsa-interlocks.com\/de\/our-sectors\/industry\/\" \/>\n<meta property=\"og:site_name\" content=\"TSA Interlocks\" \/>\n<meta property=\"article:modified_time\" content=\"2024-06-24T11:45:40+00:00\" \/>\n<meta property=\"og:image\" content=\"https:\/\/www.tsa-interlocks.com\/de\/wp-content\/uploads\/sites\/2\/2022\/03\/pneumatic.jpg\" \/>\n<meta name=\"twitter:card\" content=\"summary_large_image\" \/>\n<meta name=\"twitter:label1\" content=\"Est. reading time\" \/>\n\t<meta name=\"twitter:data1\" content=\"3 minutes\" \/>\n<script type=\"application\/ld+json\" class=\"yoast-schema-graph\">{\"@context\":\"https:\/\/schema.org\",\"@graph\":[{\"@type\":\"WebPage\",\"@id\":\"https:\/\/www.tsa-interlocks.com\/de\/our-sectors\/industry\/\",\"url\":\"https:\/\/www.tsa-interlocks.com\/de\/our-sectors\/industry\/\",\"name\":\"Industrie - TSA Interlocks\",\"isPartOf\":{\"@id\":\"https:\/\/www.tsa-interlocks.com\/de\/#website\"},\"primaryImageOfPage\":{\"@id\":\"https:\/\/www.tsa-interlocks.com\/de\/our-sectors\/industry\/#primaryimage\"},\"image\":{\"@id\":\"https:\/\/www.tsa-interlocks.com\/de\/our-sectors\/industry\/#primaryimage\"},\"thumbnailUrl\":\"https:\/\/www.tsa-interlocks.com\/de\/wp-content\/uploads\/sites\/2\/2022\/03\/pneumatic.jpg\",\"datePublished\":\"2022-03-15T10:54:09+00:00\",\"dateModified\":\"2024-06-24T11:45:40+00:00\",\"description\":\"Castell Sicherheitssysteme helfen beim Risikomanagement und sch\u00fctzen Ihre Mitarbeiter schon technisch vor Risiken. Industrie\",\"breadcrumb\":{\"@id\":\"https:\/\/www.tsa-interlocks.com\/de\/our-sectors\/industry\/#breadcrumb\"},\"inLanguage\":\"en-US\",\"potentialAction\":[{\"@type\":\"ReadAction\",\"target\":[\"https:\/\/www.tsa-interlocks.com\/de\/our-sectors\/industry\/\"]}]},{\"@type\":\"ImageObject\",\"inLanguage\":\"en-US\",\"@id\":\"https:\/\/www.tsa-interlocks.com\/de\/our-sectors\/industry\/#primaryimage\",\"url\":\"https:\/\/www.tsa-interlocks.com\/de\/wp-content\/uploads\/sites\/2\/2022\/03\/pneumatic.jpg\",\"contentUrl\":\"https:\/\/www.tsa-interlocks.com\/de\/wp-content\/uploads\/sites\/2\/2022\/03\/pneumatic.jpg\"},{\"@type\":\"WebSite\",\"@id\":\"https:\/\/www.tsa-interlocks.com\/de\/#website\",\"url\":\"https:\/\/www.tsa-interlocks.com\/de\/\",\"name\":\"TSA Interlocks\",\"description\":\"\",\"publisher\":{\"@id\":\"https:\/\/www.tsa-interlocks.com\/de\/#organization\"},\"potentialAction\":[{\"@type\":\"SearchAction\",\"target\":{\"@type\":\"EntryPoint\",\"urlTemplate\":\"https:\/\/www.tsa-interlocks.com\/de\/?s={search_term_string}\"},\"query-input\":{\"@type\":\"PropertyValueSpecification\",\"valueRequired\":true,\"valueName\":\"search_term_string\"}}],\"inLanguage\":\"en-US\"},{\"@type\":\"Organization\",\"@id\":\"https:\/\/www.tsa-interlocks.com\/de\/#organization\",\"name\":\"TSA Interlocks\",\"url\":\"https:\/\/www.tsa-interlocks.com\/de\/\",\"logo\":{\"@type\":\"ImageObject\",\"inLanguage\":\"en-US\",\"@id\":\"https:\/\/www.tsa-interlocks.com\/de\/#\/schema\/logo\/image\/\",\"url\":\"https:\/\/accept.tsa-interlocks.com.bmade.it\/de\/wp-content\/uploads\/sites\/2\/2022\/01\/Logo-TSA-Safety-Services-PNG.png\",\"contentUrl\":\"https:\/\/accept.tsa-interlocks.com.bmade.it\/de\/wp-content\/uploads\/sites\/2\/2022\/01\/Logo-TSA-Safety-Services-PNG.png\",\"width\":5000,\"height\":2212,\"caption\":\"TSA Interlocks\"},\"image\":{\"@id\":\"https:\/\/www.tsa-interlocks.com\/de\/#\/schema\/logo\/image\/\"}}]}<\/script>\n<!-- \/ Yoast SEO plugin. -->","yoast_head_json":{"title":"Industrie - TSA Interlocks","description":"Castell Sicherheitssysteme helfen beim Risikomanagement und sch\u00fctzen Ihre Mitarbeiter schon technisch vor Risiken. Industrie","robots":{"index":"index","follow":"follow","max-snippet":"max-snippet:-1","max-image-preview":"max-image-preview:large","max-video-preview":"max-video-preview:-1"},"canonical":"https:\/\/www.tsa-interlocks.com\/de\/our-sectors\/industry\/","og_locale":"en_US","og_type":"article","og_title":"Industrie - TSA Interlocks","og_description":"Castell Sicherheitssysteme helfen beim Risikomanagement und sch\u00fctzen Ihre Mitarbeiter schon technisch vor Risiken. Industrie","og_url":"https:\/\/www.tsa-interlocks.com\/de\/our-sectors\/industry\/","og_site_name":"TSA Interlocks","article_modified_time":"2024-06-24T11:45:40+00:00","og_image":[{"url":"https:\/\/www.tsa-interlocks.com\/de\/wp-content\/uploads\/sites\/2\/2022\/03\/pneumatic.jpg","type":"","width":"","height":""}],"twitter_card":"summary_large_image","twitter_misc":{"Est. reading time":"3 minutes"},"schema":{"@context":"https:\/\/schema.org","@graph":[{"@type":"WebPage","@id":"https:\/\/www.tsa-interlocks.com\/de\/our-sectors\/industry\/","url":"https:\/\/www.tsa-interlocks.com\/de\/our-sectors\/industry\/","name":"Industrie - TSA Interlocks","isPartOf":{"@id":"https:\/\/www.tsa-interlocks.com\/de\/#website"},"primaryImageOfPage":{"@id":"https:\/\/www.tsa-interlocks.com\/de\/our-sectors\/industry\/#primaryimage"},"image":{"@id":"https:\/\/www.tsa-interlocks.com\/de\/our-sectors\/industry\/#primaryimage"},"thumbnailUrl":"https:\/\/www.tsa-interlocks.com\/de\/wp-content\/uploads\/sites\/2\/2022\/03\/pneumatic.jpg","datePublished":"2022-03-15T10:54:09+00:00","dateModified":"2024-06-24T11:45:40+00:00","description":"Castell Sicherheitssysteme helfen beim Risikomanagement und sch\u00fctzen Ihre Mitarbeiter schon technisch vor Risiken. Industrie","breadcrumb":{"@id":"https:\/\/www.tsa-interlocks.com\/de\/our-sectors\/industry\/#breadcrumb"},"inLanguage":"en-US","potentialAction":[{"@type":"ReadAction","target":["https:\/\/www.tsa-interlocks.com\/de\/our-sectors\/industry\/"]}]},{"@type":"ImageObject","inLanguage":"en-US","@id":"https:\/\/www.tsa-interlocks.com\/de\/our-sectors\/industry\/#primaryimage","url":"https:\/\/www.tsa-interlocks.com\/de\/wp-content\/uploads\/sites\/2\/2022\/03\/pneumatic.jpg","contentUrl":"https:\/\/www.tsa-interlocks.com\/de\/wp-content\/uploads\/sites\/2\/2022\/03\/pneumatic.jpg"},{"@type":"WebSite","@id":"https:\/\/www.tsa-interlocks.com\/de\/#website","url":"https:\/\/www.tsa-interlocks.com\/de\/","name":"TSA Interlocks","description":"","publisher":{"@id":"https:\/\/www.tsa-interlocks.com\/de\/#organization"},"potentialAction":[{"@type":"SearchAction","target":{"@type":"EntryPoint","urlTemplate":"https:\/\/www.tsa-interlocks.com\/de\/?s={search_term_string}"},"query-input":{"@type":"PropertyValueSpecification","valueRequired":true,"valueName":"search_term_string"}}],"inLanguage":"en-US"},{"@type":"Organization","@id":"https:\/\/www.tsa-interlocks.com\/de\/#organization","name":"TSA Interlocks","url":"https:\/\/www.tsa-interlocks.com\/de\/","logo":{"@type":"ImageObject","inLanguage":"en-US","@id":"https:\/\/www.tsa-interlocks.com\/de\/#\/schema\/logo\/image\/","url":"https:\/\/accept.tsa-interlocks.com.bmade.it\/de\/wp-content\/uploads\/sites\/2\/2022\/01\/Logo-TSA-Safety-Services-PNG.png","contentUrl":"https:\/\/accept.tsa-interlocks.com.bmade.it\/de\/wp-content\/uploads\/sites\/2\/2022\/01\/Logo-TSA-Safety-Services-PNG.png","width":5000,"height":2212,"caption":"TSA Interlocks"},"image":{"@id":"https:\/\/www.tsa-interlocks.com\/de\/#\/schema\/logo\/image\/"}}]}},"_links":{"self":[{"href":"https:\/\/accept.tsa-interlocks.com.bmade.it\/de\/wp-json\/wp\/v2\/pages\/766"}],"collection":[{"href":"https:\/\/accept.tsa-interlocks.com.bmade.it\/de\/wp-json\/wp\/v2\/pages"}],"about":[{"href":"https:\/\/accept.tsa-interlocks.com.bmade.it\/de\/wp-json\/wp\/v2\/types\/page"}],"author":[{"embeddable":true,"href":"https:\/\/accept.tsa-interlocks.com.bmade.it\/de\/wp-json\/wp\/v2\/users\/1"}],"replies":[{"embeddable":true,"href":"https:\/\/accept.tsa-interlocks.com.bmade.it\/de\/wp-json\/wp\/v2\/comments?post=766"}],"version-history":[{"count":3,"href":"https:\/\/accept.tsa-interlocks.com.bmade.it\/de\/wp-json\/wp\/v2\/pages\/766\/revisions"}],"predecessor-version":[{"id":3312,"href":"https:\/\/accept.tsa-interlocks.com.bmade.it\/de\/wp-json\/wp\/v2\/pages\/766\/revisions\/3312"}],"up":[{"embeddable":true,"href":"https:\/\/accept.tsa-interlocks.com.bmade.it\/de\/wp-json\/wp\/v2\/pages\/765"}],"wp:attachment":[{"href":"https:\/\/accept.tsa-interlocks.com.bmade.it\/de\/wp-json\/wp\/v2\/media?parent=766"}],"curies":[{"name":"wp","href":"https:\/\/api.w.org\/{rel}","templated":true}]}}