{"id":767,"date":"2022-03-15T10:54:10","date_gmt":"2022-03-15T10:54:10","guid":{"rendered":"https:\/\/www.tsa-interlocks.com\/?page_id=767"},"modified":"2024-06-24T11:50:38","modified_gmt":"2024-06-24T11:50:38","slug":"logistics","status":"publish","type":"page","link":"https:\/\/accept.tsa-interlocks.com.bmade.it\/de\/our-sectors\/logistics\/","title":{"rendered":"Logistik"},"content":{"rendered":"\t\t<div data-elementor-type=\"wp-page\" data-elementor-id=\"767\" class=\"elementor elementor-767\">\r\n\t\t\t\t\t\t<section class=\"elementor-section elementor-top-section elementor-element elementor-element-171d9b3a elementor-section-boxed elementor-section-height-default elementor-section-height-default\" data-id=\"171d9b3a\" data-element_type=\"section\">\r\n\t\t\t\t\t\t<div class=\"elementor-container elementor-column-gap-default\">\r\n\t\t\t\t\t<div class=\"elementor-column elementor-col-100 elementor-top-column elementor-element elementor-element-3f6c102b\" data-id=\"3f6c102b\" data-element_type=\"column\">\r\n\t\t\t<div class=\"elementor-widget-wrap elementor-element-populated\">\r\n\t\t\t\t\t\t<div class=\"elementor-element elementor-element-60c004c2 elementor-widget elementor-widget-text-editor\" data-id=\"60c004c2\" data-element_type=\"widget\" data-widget_type=\"text-editor.default\">\r\n\t\t\t\t<div class=\"elementor-widget-container\">\r\n\t\t\t\t\t\t\t\t\t<h2>Logistik<\/h2><p>Technik bringt Effizienz, kann aber auch Risiken bergen. Der E-Commerce ist auf dem Vormarsch, wodurch die Logistikbranche stark nachgefragt wird. Alle Einrichtungen sp\u00fcren den Druck, mit den neuesten Entwicklungen Schritt zu halten.<\/p><p>Um wettbewerbsf\u00e4hig zu bleiben, sehen sich Lagerh\u00e4user und Distributionszentren einem zunehmenden Druck ausgesetzt, die Kapazit\u00e4tsauslastung zu verbessern und den Durchsatz, die Effizienz und die Rentabilit\u00e4t zu steigern. Die Einf\u00fchrung intelligenter Technologie und Automatisierung hat eine gro\u00dfe betriebliche Effizienz erm\u00f6glicht, aber auch zu einer schnelllebigen Arbeitsumgebung gef\u00fchrt, in der Sicherheit oft zweitrangig ist.<\/p><p>Dieses schnelllebige Arbeitsumfeld kann f\u00fcr die Mitarbeiter schnell gef\u00e4hrlich werden. Besonders die Laderampe ist ein gef\u00e4hrlicher Ort, der f\u00fcr 20 % &#8211; 25 % aller Arbeitsunf\u00e4lle verantwortlich ist.<\/p><p>Wir sind bestrebt, diese Unf\u00e4lle zu verhindern, indem wir an den Ladebuchten eine sichere und effiziente Umgebung schaffen. Salvo Wegfahrsperre ist die L\u00f6sung daf\u00fcr.<\/p><p>Das Salvo-Verladebucht-Sicherheitssystem bietet ma\u00dfgeschneiderte L\u00f6sungen, um die einzigartigen Anforderungen jeder Einrichtung wie Ladestruktur, T\u00fcrtyp und Fahrzeugtyp zu erf\u00fcllen.<\/p><h3 style=\"letter-spacing: 0.1px\">Zu den Brosch\u00fcren:<\/h3><p style=\"font-family: 'Open Sans', sans-serif;font-size: 18px;line-height: inherit;font-weight: 400;font-style: normal;letter-spacing: 0.1px\">\u00a0<a style=\"font-size: 18px\" href=\"https:\/\/www.tsa-interlocks.com\/de\/wp-content\/uploads\/sites\/2\/2024\/06\/20230816_Distribution-Application-Notes.pdf\">Distribution<\/a>\u00a0\/\u00a0<a style=\"font-size: 18px\" href=\"https:\/\/www.tsa-interlocks.com\/de\/wp-content\/uploads\/sites\/2\/2024\/06\/20230816_Rail-Transport-Application-Notes.pdf\">Rail &amp; Transport<\/a>\u00a0<\/p><h3 style=\"letter-spacing: 0.1px\">Zur Salvo \u00dcbersicht:<\/h3><p style=\"font-family: 'Open Sans', sans-serif;font-size: 18px;line-height: inherit;font-weight: 400;font-style: normal;letter-spacing: 0.1px\"><a style=\"font-size: 18px;letter-spacing: 0.1px\" href=\"https:\/\/www.tsa-interlocks.com\/de\/logistikloesungen\/\"><strong>Klick hier&#8230;<\/strong><\/a><\/p><p><!-- \/wp:paragraph --><\/p>\t\t\t\t\t\t\t\t<\/div>\r\n\t\t\t\t<\/div>\r\n\t\t\t\t\t<\/div>\r\n\t\t<\/div>\r\n\t\t\t\t\t<\/div>\r\n\t\t<\/section>\r\n\t\t\t\t<section class=\"elementor-section elementor-top-section elementor-element elementor-element-ac74c5b elementor-section-boxed elementor-section-height-default elementor-section-height-default\" data-id=\"ac74c5b\" data-element_type=\"section\">\r\n\t\t\t\t\t\t<div class=\"elementor-container elementor-column-gap-default\">\r\n\t\t\t\t\t<div class=\"elementor-column elementor-col-33 elementor-top-column elementor-element elementor-element-412d071\" data-id=\"412d071\" data-element_type=\"column\">\r\n\t\t\t<div class=\"elementor-widget-wrap elementor-element-populated\">\r\n\t\t\t\t\t\t<div class=\"elementor-element elementor-element-19137a1 elementor-widget elementor-widget-image\" data-id=\"19137a1\" data-element_type=\"widget\" data-widget_type=\"image.default\">\r\n\t\t\t\t<div class=\"elementor-widget-container\">\r\n\t\t\t\t\t\t\t\t\t\t\t\t<figure class=\"wp-caption\">\r\n\t\t\t\t\t\t\t\t\t\t<img fetchpriority=\"high\" decoding=\"async\" width=\"512\" height=\"338\" src=\"https:\/\/accept.tsa-interlocks.com.bmade.it\/de\/wp-content\/uploads\/sites\/2\/2022\/04\/logistics2.png\" class=\"attachment-large size-large wp-image-1053\" alt=\"\" srcset=\"https:\/\/accept.tsa-interlocks.com.bmade.it\/de\/wp-content\/uploads\/sites\/2\/2022\/04\/logistics2.png 512w, https:\/\/accept.tsa-interlocks.com.bmade.it\/de\/wp-content\/uploads\/sites\/2\/2022\/04\/logistics2-300x198.png 300w, https:\/\/accept.tsa-interlocks.com.bmade.it\/de\/wp-content\/uploads\/sites\/2\/2022\/04\/logistics2-370x244.png 370w, https:\/\/accept.tsa-interlocks.com.bmade.it\/de\/wp-content\/uploads\/sites\/2\/2022\/04\/logistics2-410x271.png 410w\" sizes=\"(max-width: 512px) 100vw, 512px\" \/>\t\t\t\t\t\t\t\t\t\t\t<figcaption class=\"widget-image-caption wp-caption-text\">Ladedock - Gangway \/ Gangway - Seeh\u00e4fen - Eisenbahnen - Silos<\/figcaption>\r\n\t\t\t\t\t\t\t\t\t\t<\/figure>\r\n\t\t\t\t\t\t\t\t\t<\/div>\r\n\t\t\t\t<\/div>\r\n\t\t\t\t\t<\/div>\r\n\t\t<\/div>\r\n\t\t\t\t<div class=\"elementor-column elementor-col-33 elementor-top-column elementor-element elementor-element-03e145d\" data-id=\"03e145d\" data-element_type=\"column\">\r\n\t\t\t<div class=\"elementor-widget-wrap elementor-element-populated\">\r\n\t\t\t\t\t\t<div class=\"elementor-element elementor-element-cbab391 elementor-widget elementor-widget-image\" data-id=\"cbab391\" data-element_type=\"widget\" data-widget_type=\"image.default\">\r\n\t\t\t\t<div class=\"elementor-widget-container\">\r\n\t\t\t\t\t\t\t\t\t\t\t\t<figure class=\"wp-caption\">\r\n\t\t\t\t\t\t\t\t\t\t<img decoding=\"async\" width=\"512\" height=\"341\" src=\"https:\/\/accept.tsa-interlocks.com.bmade.it\/de\/wp-content\/uploads\/sites\/2\/2022\/04\/door-type.png\" class=\"attachment-large size-large wp-image-1052\" alt=\"\" srcset=\"https:\/\/accept.tsa-interlocks.com.bmade.it\/de\/wp-content\/uploads\/sites\/2\/2022\/04\/door-type.png 512w, https:\/\/accept.tsa-interlocks.com.bmade.it\/de\/wp-content\/uploads\/sites\/2\/2022\/04\/door-type-300x200.png 300w, https:\/\/accept.tsa-interlocks.com.bmade.it\/de\/wp-content\/uploads\/sites\/2\/2022\/04\/door-type-370x246.png 370w, https:\/\/accept.tsa-interlocks.com.bmade.it\/de\/wp-content\/uploads\/sites\/2\/2022\/04\/door-type-410x273.png 410w\" sizes=\"(max-width: 512px) 100vw, 512px\" \/>\t\t\t\t\t\t\t\t\t\t\t<figcaption class=\"widget-image-caption wp-caption-text\">Automatiktore - handbet\u00e4tigte Tore - Rolltore - Sektionaltore<\/figcaption>\r\n\t\t\t\t\t\t\t\t\t\t<\/figure>\r\n\t\t\t\t\t\t\t\t\t<\/div>\r\n\t\t\t\t<\/div>\r\n\t\t\t\t\t<\/div>\r\n\t\t<\/div>\r\n\t\t\t\t<div class=\"elementor-column elementor-col-33 elementor-top-column elementor-element elementor-element-4dce5e1\" data-id=\"4dce5e1\" data-element_type=\"column\">\r\n\t\t\t<div class=\"elementor-widget-wrap elementor-element-populated\">\r\n\t\t\t\t\t\t<div class=\"elementor-element elementor-element-10e5425 elementor-widget elementor-widget-image\" data-id=\"10e5425\" data-element_type=\"widget\" data-widget_type=\"image.default\">\r\n\t\t\t\t<div class=\"elementor-widget-container\">\r\n\t\t\t\t\t\t\t\t\t\t\t\t<figure class=\"wp-caption\">\r\n\t\t\t\t\t\t\t\t\t\t<img decoding=\"async\" width=\"512\" height=\"341\" src=\"https:\/\/accept.tsa-interlocks.com.bmade.it\/de\/wp-content\/uploads\/sites\/2\/2022\/04\/vehicle-type.png\" class=\"attachment-large size-large wp-image-1054\" alt=\"\" srcset=\"https:\/\/accept.tsa-interlocks.com.bmade.it\/de\/wp-content\/uploads\/sites\/2\/2022\/04\/vehicle-type.png 512w, https:\/\/accept.tsa-interlocks.com.bmade.it\/de\/wp-content\/uploads\/sites\/2\/2022\/04\/vehicle-type-300x200.png 300w, https:\/\/accept.tsa-interlocks.com.bmade.it\/de\/wp-content\/uploads\/sites\/2\/2022\/04\/vehicle-type-370x246.png 370w, https:\/\/accept.tsa-interlocks.com.bmade.it\/de\/wp-content\/uploads\/sites\/2\/2022\/04\/vehicle-type-410x273.png 410w\" sizes=\"(max-width: 512px) 100vw, 512px\" \/>\t\t\t\t\t\t\t\t\t\t\t<figcaption class=\"widget-image-caption wp-caption-text\">LKW - Container - Tanker - K\u00fchlauflieger<\/figcaption>\r\n\t\t\t\t\t\t\t\t\t\t<\/figure>\r\n\t\t\t\t\t\t\t\t\t<\/div>\r\n\t\t\t\t<\/div>\r\n\t\t\t\t\t<\/div>\r\n\t\t<\/div>\r\n\t\t\t\t\t<\/div>\r\n\t\t<\/section>\r\n\t\t\t\t<\/div>\r\n\t\t","protected":false},"excerpt":{"rendered":"<p>Logistik Technik bringt Effizienz, kann aber auch Risiken bergen. Der E-Commerce ist auf dem Vormarsch, wodurch die Logistikbranche stark nachgefragt wird. Alle Einrichtungen sp\u00fcren den Druck, mit den neuesten Entwicklungen&hellip;<\/p>\n","protected":false},"author":1,"featured_media":0,"parent":765,"menu_order":0,"comment_status":"closed","ping_status":"closed","template":"","meta":{"editor_notices":[],"footnotes":""},"yoast_head":"<!-- This site is optimized with the Yoast SEO plugin v24.5 - https:\/\/yoast.com\/wordpress\/plugins\/seo\/ -->\n<title>Logistik - TSA Interlocks - Der Logistikbereich<\/title>\n<meta name=\"description\" content=\"Das Salvo-Verladebucht-Sicherheitssystem bietet ma\u00dfgeschneiderte L\u00f6sungen, um die einzigartigen Anforderungen jeder Einrichtung zu erf\u00fcllen.\" \/>\n<meta name=\"robots\" content=\"index, follow, max-snippet:-1, max-image-preview:large, max-video-preview:-1\" \/>\n<link rel=\"canonical\" href=\"https:\/\/www.tsa-interlocks.com\/de\/our-sectors\/logistics\/\" \/>\n<meta property=\"og:locale\" content=\"en_US\" \/>\n<meta property=\"og:type\" content=\"article\" \/>\n<meta property=\"og:title\" content=\"Logistik - TSA Interlocks - Der Logistikbereich\" \/>\n<meta property=\"og:description\" content=\"Das Salvo-Verladebucht-Sicherheitssystem bietet ma\u00dfgeschneiderte L\u00f6sungen, um die einzigartigen Anforderungen jeder Einrichtung zu erf\u00fcllen.\" \/>\n<meta property=\"og:url\" content=\"https:\/\/www.tsa-interlocks.com\/de\/our-sectors\/logistics\/\" \/>\n<meta property=\"og:site_name\" content=\"TSA Interlocks\" \/>\n<meta property=\"article:modified_time\" content=\"2024-06-24T11:50:38+00:00\" \/>\n<meta property=\"og:image\" content=\"https:\/\/www.tsa-interlocks.com\/de\/wp-content\/uploads\/sites\/2\/2022\/04\/logistics2.png\" \/>\n<meta name=\"twitter:card\" content=\"summary_large_image\" \/>\n<meta name=\"twitter:label1\" content=\"Est. reading time\" \/>\n\t<meta name=\"twitter:data1\" content=\"2 minutes\" \/>\n<script type=\"application\/ld+json\" class=\"yoast-schema-graph\">{\"@context\":\"https:\/\/schema.org\",\"@graph\":[{\"@type\":\"WebPage\",\"@id\":\"https:\/\/www.tsa-interlocks.com\/de\/our-sectors\/logistics\/\",\"url\":\"https:\/\/www.tsa-interlocks.com\/de\/our-sectors\/logistics\/\",\"name\":\"Logistik - TSA Interlocks - Der Logistikbereich\",\"isPartOf\":{\"@id\":\"https:\/\/www.tsa-interlocks.com\/de\/#website\"},\"primaryImageOfPage\":{\"@id\":\"https:\/\/www.tsa-interlocks.com\/de\/our-sectors\/logistics\/#primaryimage\"},\"image\":{\"@id\":\"https:\/\/www.tsa-interlocks.com\/de\/our-sectors\/logistics\/#primaryimage\"},\"thumbnailUrl\":\"https:\/\/www.tsa-interlocks.com\/de\/wp-content\/uploads\/sites\/2\/2022\/04\/logistics2.png\",\"datePublished\":\"2022-03-15T10:54:10+00:00\",\"dateModified\":\"2024-06-24T11:50:38+00:00\",\"description\":\"Das Salvo-Verladebucht-Sicherheitssystem bietet ma\u00dfgeschneiderte L\u00f6sungen, um die einzigartigen Anforderungen jeder Einrichtung zu erf\u00fcllen.\",\"breadcrumb\":{\"@id\":\"https:\/\/www.tsa-interlocks.com\/de\/our-sectors\/logistics\/#breadcrumb\"},\"inLanguage\":\"en-US\",\"potentialAction\":[{\"@type\":\"ReadAction\",\"target\":[\"https:\/\/www.tsa-interlocks.com\/de\/our-sectors\/logistics\/\"]}]},{\"@type\":\"ImageObject\",\"inLanguage\":\"en-US\",\"@id\":\"https:\/\/www.tsa-interlocks.com\/de\/our-sectors\/logistics\/#primaryimage\",\"url\":\"https:\/\/www.tsa-interlocks.com\/de\/wp-content\/uploads\/sites\/2\/2022\/04\/logistics2.png\",\"contentUrl\":\"https:\/\/www.tsa-interlocks.com\/de\/wp-content\/uploads\/sites\/2\/2022\/04\/logistics2.png\"},{\"@type\":\"WebSite\",\"@id\":\"https:\/\/www.tsa-interlocks.com\/de\/#website\",\"url\":\"https:\/\/www.tsa-interlocks.com\/de\/\",\"name\":\"TSA Interlocks\",\"description\":\"\",\"publisher\":{\"@id\":\"https:\/\/www.tsa-interlocks.com\/de\/#organization\"},\"potentialAction\":[{\"@type\":\"SearchAction\",\"target\":{\"@type\":\"EntryPoint\",\"urlTemplate\":\"https:\/\/www.tsa-interlocks.com\/de\/?s={search_term_string}\"},\"query-input\":{\"@type\":\"PropertyValueSpecification\",\"valueRequired\":true,\"valueName\":\"search_term_string\"}}],\"inLanguage\":\"en-US\"},{\"@type\":\"Organization\",\"@id\":\"https:\/\/www.tsa-interlocks.com\/de\/#organization\",\"name\":\"TSA Interlocks\",\"url\":\"https:\/\/www.tsa-interlocks.com\/de\/\",\"logo\":{\"@type\":\"ImageObject\",\"inLanguage\":\"en-US\",\"@id\":\"https:\/\/www.tsa-interlocks.com\/de\/#\/schema\/logo\/image\/\",\"url\":\"https:\/\/accept.tsa-interlocks.com.bmade.it\/de\/wp-content\/uploads\/sites\/2\/2022\/01\/Logo-TSA-Safety-Services-PNG.png\",\"contentUrl\":\"https:\/\/accept.tsa-interlocks.com.bmade.it\/de\/wp-content\/uploads\/sites\/2\/2022\/01\/Logo-TSA-Safety-Services-PNG.png\",\"width\":5000,\"height\":2212,\"caption\":\"TSA Interlocks\"},\"image\":{\"@id\":\"https:\/\/www.tsa-interlocks.com\/de\/#\/schema\/logo\/image\/\"}}]}<\/script>\n<!-- \/ Yoast SEO plugin. -->","yoast_head_json":{"title":"Logistik - TSA Interlocks - Der Logistikbereich","description":"Das Salvo-Verladebucht-Sicherheitssystem bietet ma\u00dfgeschneiderte L\u00f6sungen, um die einzigartigen Anforderungen jeder Einrichtung zu erf\u00fcllen.","robots":{"index":"index","follow":"follow","max-snippet":"max-snippet:-1","max-image-preview":"max-image-preview:large","max-video-preview":"max-video-preview:-1"},"canonical":"https:\/\/www.tsa-interlocks.com\/de\/our-sectors\/logistics\/","og_locale":"en_US","og_type":"article","og_title":"Logistik - TSA Interlocks - Der Logistikbereich","og_description":"Das Salvo-Verladebucht-Sicherheitssystem bietet ma\u00dfgeschneiderte L\u00f6sungen, um die einzigartigen Anforderungen jeder Einrichtung zu erf\u00fcllen.","og_url":"https:\/\/www.tsa-interlocks.com\/de\/our-sectors\/logistics\/","og_site_name":"TSA Interlocks","article_modified_time":"2024-06-24T11:50:38+00:00","og_image":[{"url":"https:\/\/www.tsa-interlocks.com\/de\/wp-content\/uploads\/sites\/2\/2022\/04\/logistics2.png","type":"","width":"","height":""}],"twitter_card":"summary_large_image","twitter_misc":{"Est. reading time":"2 minutes"},"schema":{"@context":"https:\/\/schema.org","@graph":[{"@type":"WebPage","@id":"https:\/\/www.tsa-interlocks.com\/de\/our-sectors\/logistics\/","url":"https:\/\/www.tsa-interlocks.com\/de\/our-sectors\/logistics\/","name":"Logistik - TSA Interlocks - Der Logistikbereich","isPartOf":{"@id":"https:\/\/www.tsa-interlocks.com\/de\/#website"},"primaryImageOfPage":{"@id":"https:\/\/www.tsa-interlocks.com\/de\/our-sectors\/logistics\/#primaryimage"},"image":{"@id":"https:\/\/www.tsa-interlocks.com\/de\/our-sectors\/logistics\/#primaryimage"},"thumbnailUrl":"https:\/\/www.tsa-interlocks.com\/de\/wp-content\/uploads\/sites\/2\/2022\/04\/logistics2.png","datePublished":"2022-03-15T10:54:10+00:00","dateModified":"2024-06-24T11:50:38+00:00","description":"Das Salvo-Verladebucht-Sicherheitssystem bietet ma\u00dfgeschneiderte L\u00f6sungen, um die einzigartigen Anforderungen jeder Einrichtung zu erf\u00fcllen.","breadcrumb":{"@id":"https:\/\/www.tsa-interlocks.com\/de\/our-sectors\/logistics\/#breadcrumb"},"inLanguage":"en-US","potentialAction":[{"@type":"ReadAction","target":["https:\/\/www.tsa-interlocks.com\/de\/our-sectors\/logistics\/"]}]},{"@type":"ImageObject","inLanguage":"en-US","@id":"https:\/\/www.tsa-interlocks.com\/de\/our-sectors\/logistics\/#primaryimage","url":"https:\/\/www.tsa-interlocks.com\/de\/wp-content\/uploads\/sites\/2\/2022\/04\/logistics2.png","contentUrl":"https:\/\/www.tsa-interlocks.com\/de\/wp-content\/uploads\/sites\/2\/2022\/04\/logistics2.png"},{"@type":"WebSite","@id":"https:\/\/www.tsa-interlocks.com\/de\/#website","url":"https:\/\/www.tsa-interlocks.com\/de\/","name":"TSA Interlocks","description":"","publisher":{"@id":"https:\/\/www.tsa-interlocks.com\/de\/#organization"},"potentialAction":[{"@type":"SearchAction","target":{"@type":"EntryPoint","urlTemplate":"https:\/\/www.tsa-interlocks.com\/de\/?s={search_term_string}"},"query-input":{"@type":"PropertyValueSpecification","valueRequired":true,"valueName":"search_term_string"}}],"inLanguage":"en-US"},{"@type":"Organization","@id":"https:\/\/www.tsa-interlocks.com\/de\/#organization","name":"TSA Interlocks","url":"https:\/\/www.tsa-interlocks.com\/de\/","logo":{"@type":"ImageObject","inLanguage":"en-US","@id":"https:\/\/www.tsa-interlocks.com\/de\/#\/schema\/logo\/image\/","url":"https:\/\/accept.tsa-interlocks.com.bmade.it\/de\/wp-content\/uploads\/sites\/2\/2022\/01\/Logo-TSA-Safety-Services-PNG.png","contentUrl":"https:\/\/accept.tsa-interlocks.com.bmade.it\/de\/wp-content\/uploads\/sites\/2\/2022\/01\/Logo-TSA-Safety-Services-PNG.png","width":5000,"height":2212,"caption":"TSA Interlocks"},"image":{"@id":"https:\/\/www.tsa-interlocks.com\/de\/#\/schema\/logo\/image\/"}}]}},"_links":{"self":[{"href":"https:\/\/accept.tsa-interlocks.com.bmade.it\/de\/wp-json\/wp\/v2\/pages\/767"}],"collection":[{"href":"https:\/\/accept.tsa-interlocks.com.bmade.it\/de\/wp-json\/wp\/v2\/pages"}],"about":[{"href":"https:\/\/accept.tsa-interlocks.com.bmade.it\/de\/wp-json\/wp\/v2\/types\/page"}],"author":[{"embeddable":true,"href":"https:\/\/accept.tsa-interlocks.com.bmade.it\/de\/wp-json\/wp\/v2\/users\/1"}],"replies":[{"embeddable":true,"href":"https:\/\/accept.tsa-interlocks.com.bmade.it\/de\/wp-json\/wp\/v2\/comments?post=767"}],"version-history":[{"count":9,"href":"https:\/\/accept.tsa-interlocks.com.bmade.it\/de\/wp-json\/wp\/v2\/pages\/767\/revisions"}],"predecessor-version":[{"id":3322,"href":"https:\/\/accept.tsa-interlocks.com.bmade.it\/de\/wp-json\/wp\/v2\/pages\/767\/revisions\/3322"}],"up":[{"embeddable":true,"href":"https:\/\/accept.tsa-interlocks.com.bmade.it\/de\/wp-json\/wp\/v2\/pages\/765"}],"wp:attachment":[{"href":"https:\/\/accept.tsa-interlocks.com.bmade.it\/de\/wp-json\/wp\/v2\/media?parent=767"}],"curies":[{"name":"wp","href":"https:\/\/api.w.org\/{rel}","templated":true}]}}