{"id":768,"date":"2022-03-15T10:54:11","date_gmt":"2022-03-15T10:54:11","guid":{"rendered":"https:\/\/www.tsa-interlocks.com\/?page_id=768"},"modified":"2024-06-24T11:46:28","modified_gmt":"2024-06-24T11:46:28","slug":"energy","status":"publish","type":"page","link":"https:\/\/accept.tsa-interlocks.com.bmade.it\/de\/our-sectors\/energy\/","title":{"rendered":"Energie"},"content":{"rendered":"\t\t<div data-elementor-type=\"wp-page\" data-elementor-id=\"768\" class=\"elementor elementor-768\">\r\n\t\t\t\t\t\t<section class=\"elementor-section elementor-top-section elementor-element elementor-element-171d9b3a elementor-section-boxed elementor-section-height-default elementor-section-height-default\" data-id=\"171d9b3a\" data-element_type=\"section\">\r\n\t\t\t\t\t\t<div class=\"elementor-container elementor-column-gap-default\">\r\n\t\t\t\t\t<div class=\"elementor-column elementor-col-100 elementor-top-column elementor-element elementor-element-3f6c102b\" data-id=\"3f6c102b\" data-element_type=\"column\">\r\n\t\t\t<div class=\"elementor-widget-wrap elementor-element-populated\">\r\n\t\t\t\t\t\t<div class=\"elementor-element elementor-element-60c004c2 elementor-widget elementor-widget-text-editor\" data-id=\"60c004c2\" data-element_type=\"widget\" data-widget_type=\"text-editor.default\">\r\n\t\t\t\t<div class=\"elementor-widget-container\">\r\n\t\t\t\t\t\t\t\t\t<h2>Energie<\/h2><p>Die Nachfrage nach saubereren und effizienteren Methoden der Energieerzeugung hat sowohl zu \u00c4nderungen bei den Erzeugungsquellen als auch zu strengeren Richtlinien bei den Sicherheitsvorschriften gef\u00fchrt.<\/p><p>Unternehmen, die f\u00fcr die \u00dcbertragung und Verteilung von Energie verantwortlich sind, stehen vor der Aufgabe, die effizienteste und kosteng\u00fcnstigste L\u00f6sung zu finden. Dies zu einer Zeit, in der verschiedene Energiearten aus neuen Quellen gewonnen werden. Selbsterzeugende und kontinuierliche Systeme erh\u00f6hen die Komplexit\u00e4t des gesamten Sicherheitssystems. Um die Sicherheit aller Beteiligten im Energiesektor zu gew\u00e4hrleisten, m\u00fcssen Ausfallzeiten oder Stromschwankungen auf ein Minimum reduziert und damit Gefahren minimiert werden.<\/p><p><strong>Sicherheitsl\u00f6sungen f\u00fcr die gesamte Energiebranche<\/strong><\/p><p>Die Schl\u00fcsselschl\u00f6sser von Castell helfen beim Risikomanagement und sch\u00fctzen die Mitarbeiter vor Risiken im Energiesektor.<\/p><p>Unser Team kann mit kundenspezifischen Designs, Produktl\u00f6sungen und Schaltpl\u00e4nen auf die sich \u00e4ndernden Anforderungen des Energiesektors reagieren, um Ihnen bei der Auswahl der richtigen Sicherheitsl\u00f6sung zu helfen. Die Erfahrung und das Wissen von Castell \u00fcber zuverl\u00e4ssige Sicherheitsl\u00f6sungen stellen sicher, dass ordnungsgem\u00e4\u00dfe Gesch\u00e4ftsverfahren eingehalten werden, menschliches Versagen verhindert und Unf\u00e4lle verhindert werden.<\/p><p>Wir haben L\u00f6sungen f\u00fcr alle Segmente und Anwendungen im Energiesektor.<\/p><ul><li>Stromerzeugung<\/li><li>Energieverteilung<\/li><li>Erneuerbare Energien<\/li><li>Unternehmenskritische Einrichtungen<\/li><li>Datencentren<\/li><li>USV-Systeme<\/li><\/ul><p>M\u00f6chten Sie eine bestimmte Sicherheitsl\u00f6sung besprechen? Dann k\u00f6nnen Sie uns kontaktieren. Wir helfen Ihnen gerne, Ihre Gefahren, Risiken und Ihren Prozess zu bewerten, damit wir Ihnen eine ma\u00dfgeschneiderte L\u00f6sung anbieten k\u00f6nnen.<\/p><h3>Zu den Brosch\u00fcren:<\/h3><p><a href=\"https:\/\/www.tsa-interlocks.com\/de\/wp-content\/uploads\/sites\/2\/2024\/06\/20230816_Food-Industry-Application-Notes.pdf\">Food &amp; Industry<\/a>\u00a0 \/\u00a0\u00a0<a href=\"https:\/\/www.tsa-interlocks.com\/de\/wp-content\/uploads\/sites\/2\/2024\/06\/20230816_Aggregates-Application-Notes.pdf\">Aggregates<\/a>\u00a0 \/\u00a0\u00a0<a href=\"https:\/\/www.tsa-interlocks.com\/de\/wp-content\/uploads\/sites\/2\/2024\/06\/20230816_Distribution-Application-Notes.pdf\">Distribution<\/a>\u00a0\/\u00a0<a href=\"https:\/\/www.tsa-interlocks.com\/de\/wp-content\/uploads\/sites\/2\/2024\/06\/20230816_Rail-Transport-Application-Notes.pdf\">Rail &amp; Transport<\/a>\u00a0\/\u00a0<a href=\"https:\/\/www.tsa-interlocks.com\/de\/wp-content\/uploads\/sites\/2\/2024\/06\/HV-Substations-Switchgear-Applications-Guide-3.pdf\">HV-Substation &amp; Switching<\/a>\u00a0\/\u00a0<a href=\"https:\/\/www.tsa-interlocks.com\/de\/wp-content\/uploads\/sites\/2\/2024\/06\/20230816_HV_LV_MV-Switchgear.pdf\">HV &amp; LV<\/a>\u00a0\/\u00a0<a href=\"https:\/\/www.tsa-interlocks.com\/de\/wp-content\/uploads\/sites\/2\/2024\/06\/20230816_Energy-Application-Notes.pdf\">Energy<\/a><\/p><p><!-- \/wp:paragraph --><\/p>\t\t\t\t\t\t\t\t<\/div>\r\n\t\t\t\t<\/div>\r\n\t\t\t\t\t<\/div>\r\n\t\t<\/div>\r\n\t\t\t\t\t<\/div>\r\n\t\t<\/section>\r\n\t\t\t\t<section class=\"elementor-section elementor-top-section elementor-element elementor-element-b0e48f7 elementor-section-boxed elementor-section-height-default elementor-section-height-default\" data-id=\"b0e48f7\" data-element_type=\"section\">\r\n\t\t\t\t\t\t<div class=\"elementor-container elementor-column-gap-default\">\r\n\t\t\t\t\t<div class=\"elementor-column elementor-col-33 elementor-top-column elementor-element elementor-element-f5841fb\" data-id=\"f5841fb\" data-element_type=\"column\">\r\n\t\t\t<div class=\"elementor-widget-wrap elementor-element-populated\">\r\n\t\t\t\t\t\t<div class=\"elementor-element elementor-element-4b0c6ef elementor-widget elementor-widget-image\" data-id=\"4b0c6ef\" data-element_type=\"widget\" data-widget_type=\"image.default\">\r\n\t\t\t\t<div class=\"elementor-widget-container\">\r\n\t\t\t\t\t\t\t\t\t\t\t\t<figure class=\"wp-caption\">\r\n\t\t\t\t\t\t\t\t\t\t<img fetchpriority=\"high\" decoding=\"async\" width=\"400\" height=\"266\" src=\"https:\/\/accept.tsa-interlocks.com.bmade.it\/de\/wp-content\/uploads\/sites\/2\/2022\/03\/mv-lv-e1651581862466.png\" class=\"attachment-large size-large wp-image-865\" alt=\"\" \/>\t\t\t\t\t\t\t\t\t\t\t<figcaption class=\"widget-image-caption wp-caption-text\">ML\/ NS-Shaltanlagen<\/figcaption>\r\n\t\t\t\t\t\t\t\t\t\t<\/figure>\r\n\t\t\t\t\t\t\t\t\t<\/div>\r\n\t\t\t\t<\/div>\r\n\t\t\t\t\t<\/div>\r\n\t\t<\/div>\r\n\t\t\t\t<div class=\"elementor-column elementor-col-33 elementor-top-column elementor-element elementor-element-dc5bd53\" data-id=\"dc5bd53\" data-element_type=\"column\">\r\n\t\t\t<div class=\"elementor-widget-wrap elementor-element-populated\">\r\n\t\t\t\t\t\t<div class=\"elementor-element elementor-element-d42c6f2 elementor-widget elementor-widget-image\" data-id=\"d42c6f2\" data-element_type=\"widget\" data-widget_type=\"image.default\">\r\n\t\t\t\t<div class=\"elementor-widget-container\">\r\n\t\t\t\t\t\t\t\t\t\t\t\t<figure class=\"wp-caption\">\r\n\t\t\t\t\t\t\t\t\t\t<img decoding=\"async\" width=\"400\" height=\"267\" src=\"https:\/\/accept.tsa-interlocks.com.bmade.it\/de\/wp-content\/uploads\/sites\/2\/2022\/05\/arc-flash-reduction.jpg\" class=\"attachment-large size-large wp-image-1644\" alt=\"\" srcset=\"https:\/\/accept.tsa-interlocks.com.bmade.it\/de\/wp-content\/uploads\/sites\/2\/2022\/05\/arc-flash-reduction.jpg 400w, https:\/\/accept.tsa-interlocks.com.bmade.it\/de\/wp-content\/uploads\/sites\/2\/2022\/05\/arc-flash-reduction-300x200.jpg 300w, https:\/\/accept.tsa-interlocks.com.bmade.it\/de\/wp-content\/uploads\/sites\/2\/2022\/05\/arc-flash-reduction-370x247.jpg 370w\" sizes=\"(max-width: 400px) 100vw, 400px\" \/>\t\t\t\t\t\t\t\t\t\t\t<figcaption class=\"widget-image-caption wp-caption-text\">Flammbogenreduktion<\/figcaption>\r\n\t\t\t\t\t\t\t\t\t\t<\/figure>\r\n\t\t\t\t\t\t\t\t\t<\/div>\r\n\t\t\t\t<\/div>\r\n\t\t\t\t\t<\/div>\r\n\t\t<\/div>\r\n\t\t\t\t<div class=\"elementor-column elementor-col-33 elementor-top-column elementor-element elementor-element-80cd5b5\" data-id=\"80cd5b5\" data-element_type=\"column\">\r\n\t\t\t<div class=\"elementor-widget-wrap elementor-element-populated\">\r\n\t\t\t\t\t\t<div class=\"elementor-element elementor-element-5f5f574 elementor-widget elementor-widget-image\" data-id=\"5f5f574\" data-element_type=\"widget\" data-widget_type=\"image.default\">\r\n\t\t\t\t<div class=\"elementor-widget-container\">\r\n\t\t\t\t\t\t\t\t\t\t\t\t<figure class=\"wp-caption\">\r\n\t\t\t\t\t\t\t\t\t\t<img decoding=\"async\" width=\"400\" height=\"267\" src=\"https:\/\/accept.tsa-interlocks.com.bmade.it\/de\/wp-content\/uploads\/sites\/2\/2022\/03\/MBSystems-e1651582129920.png\" class=\"attachment-large size-large wp-image-863\" alt=\"\" \/>\t\t\t\t\t\t\t\t\t\t\t<figcaption class=\"widget-image-caption wp-caption-text\">Versorgungsbeipass Systemen<\/figcaption>\r\n\t\t\t\t\t\t\t\t\t\t<\/figure>\r\n\t\t\t\t\t\t\t\t\t<\/div>\r\n\t\t\t\t<\/div>\r\n\t\t\t\t\t<\/div>\r\n\t\t<\/div>\r\n\t\t\t\t\t<\/div>\r\n\t\t<\/section>\r\n\t\t\t\t<section class=\"elementor-section elementor-top-section elementor-element elementor-element-d10ccff elementor-section-boxed elementor-section-height-default elementor-section-height-default\" data-id=\"d10ccff\" data-element_type=\"section\">\r\n\t\t\t\t\t\t<div class=\"elementor-container elementor-column-gap-default\">\r\n\t\t\t\t\t<div class=\"elementor-column elementor-col-33 elementor-top-column elementor-element elementor-element-0b34cb0\" data-id=\"0b34cb0\" data-element_type=\"column\">\r\n\t\t\t<div class=\"elementor-widget-wrap elementor-element-populated\">\r\n\t\t\t\t\t\t<div class=\"elementor-element elementor-element-c6fa442 elementor-widget elementor-widget-image\" data-id=\"c6fa442\" data-element_type=\"widget\" data-widget_type=\"image.default\">\r\n\t\t\t\t<div class=\"elementor-widget-container\">\r\n\t\t\t\t\t\t\t\t\t\t\t\t<figure class=\"wp-caption\">\r\n\t\t\t\t\t\t\t\t\t\t<img loading=\"lazy\" decoding=\"async\" width=\"397\" height=\"267\" src=\"https:\/\/accept.tsa-interlocks.com.bmade.it\/de\/wp-content\/uploads\/sites\/2\/2022\/05\/precapacitator.jpg\" class=\"attachment-large size-large wp-image-1655\" alt=\"\" srcset=\"https:\/\/accept.tsa-interlocks.com.bmade.it\/de\/wp-content\/uploads\/sites\/2\/2022\/05\/precapacitator.jpg 397w, https:\/\/accept.tsa-interlocks.com.bmade.it\/de\/wp-content\/uploads\/sites\/2\/2022\/05\/precapacitator-300x202.jpg 300w, https:\/\/accept.tsa-interlocks.com.bmade.it\/de\/wp-content\/uploads\/sites\/2\/2022\/05\/precapacitator-370x249.jpg 370w\" sizes=\"(max-width: 397px) 100vw, 397px\" \/>\t\t\t\t\t\t\t\t\t\t\t<figcaption class=\"widget-image-caption wp-caption-text\">Elektrostatische Filter<\/figcaption>\r\n\t\t\t\t\t\t\t\t\t\t<\/figure>\r\n\t\t\t\t\t\t\t\t\t<\/div>\r\n\t\t\t\t<\/div>\r\n\t\t\t\t\t<\/div>\r\n\t\t<\/div>\r\n\t\t\t\t<div class=\"elementor-column elementor-col-33 elementor-top-column elementor-element elementor-element-8a6b04a\" data-id=\"8a6b04a\" data-element_type=\"column\">\r\n\t\t\t<div class=\"elementor-widget-wrap elementor-element-populated\">\r\n\t\t\t\t\t\t<div class=\"elementor-element elementor-element-36cf9de elementor-widget elementor-widget-image\" data-id=\"36cf9de\" data-element_type=\"widget\" data-widget_type=\"image.default\">\r\n\t\t\t\t<div class=\"elementor-widget-container\">\r\n\t\t\t\t\t\t\t\t\t\t\t\t<figure class=\"wp-caption\">\r\n\t\t\t\t\t\t\t\t\t\t<img loading=\"lazy\" decoding=\"async\" width=\"395\" height=\"266\" src=\"https:\/\/accept.tsa-interlocks.com.bmade.it\/de\/wp-content\/uploads\/sites\/2\/2022\/05\/back-up-generator2.jpg\" class=\"attachment-large size-large wp-image-1650\" alt=\"\" srcset=\"https:\/\/accept.tsa-interlocks.com.bmade.it\/de\/wp-content\/uploads\/sites\/2\/2022\/05\/back-up-generator2.jpg 395w, https:\/\/accept.tsa-interlocks.com.bmade.it\/de\/wp-content\/uploads\/sites\/2\/2022\/05\/back-up-generator2-300x202.jpg 300w, https:\/\/accept.tsa-interlocks.com.bmade.it\/de\/wp-content\/uploads\/sites\/2\/2022\/05\/back-up-generator2-370x249.jpg 370w\" sizes=\"(max-width: 395px) 100vw, 395px\" \/>\t\t\t\t\t\t\t\t\t\t\t<figcaption class=\"widget-image-caption wp-caption-text\">Back-up Generatoren<\/figcaption>\r\n\t\t\t\t\t\t\t\t\t\t<\/figure>\r\n\t\t\t\t\t\t\t\t\t<\/div>\r\n\t\t\t\t<\/div>\r\n\t\t\t\t\t<\/div>\r\n\t\t<\/div>\r\n\t\t\t\t<div class=\"elementor-column elementor-col-33 elementor-top-column elementor-element elementor-element-4a67df9\" data-id=\"4a67df9\" data-element_type=\"column\">\r\n\t\t\t<div class=\"elementor-widget-wrap elementor-element-populated\">\r\n\t\t\t\t\t\t<div class=\"elementor-element elementor-element-8257d78 elementor-widget elementor-widget-image\" data-id=\"8257d78\" data-element_type=\"widget\" data-widget_type=\"image.default\">\r\n\t\t\t\t<div class=\"elementor-widget-container\">\r\n\t\t\t\t\t\t\t\t\t\t\t\t<figure class=\"wp-caption\">\r\n\t\t\t\t\t\t\t\t\t\t<img loading=\"lazy\" decoding=\"async\" width=\"400\" height=\"266\" src=\"https:\/\/accept.tsa-interlocks.com.bmade.it\/de\/wp-content\/uploads\/sites\/2\/2022\/05\/capacitor-bank.png\" class=\"attachment-large size-large wp-image-1651\" alt=\"\" srcset=\"https:\/\/accept.tsa-interlocks.com.bmade.it\/de\/wp-content\/uploads\/sites\/2\/2022\/05\/capacitor-bank.png 400w, https:\/\/accept.tsa-interlocks.com.bmade.it\/de\/wp-content\/uploads\/sites\/2\/2022\/05\/capacitor-bank-300x200.png 300w, https:\/\/accept.tsa-interlocks.com.bmade.it\/de\/wp-content\/uploads\/sites\/2\/2022\/05\/capacitor-bank-370x246.png 370w\" sizes=\"(max-width: 400px) 100vw, 400px\" \/>\t\t\t\t\t\t\t\t\t\t\t<figcaption class=\"widget-image-caption wp-caption-text\">Hochspannungsstationen<\/figcaption>\r\n\t\t\t\t\t\t\t\t\t\t<\/figure>\r\n\t\t\t\t\t\t\t\t\t<\/div>\r\n\t\t\t\t<\/div>\r\n\t\t\t\t\t<\/div>\r\n\t\t<\/div>\r\n\t\t\t\t\t<\/div>\r\n\t\t<\/section>\r\n\t\t\t\t<\/div>\r\n\t\t","protected":false},"excerpt":{"rendered":"<p>Energie Die Nachfrage nach saubereren und effizienteren Methoden der Energieerzeugung hat sowohl zu \u00c4nderungen bei den Erzeugungsquellen als auch zu strengeren Richtlinien bei den Sicherheitsvorschriften gef\u00fchrt. Unternehmen, die f\u00fcr die&hellip;<\/p>\n","protected":false},"author":1,"featured_media":0,"parent":765,"menu_order":0,"comment_status":"closed","ping_status":"closed","template":"","meta":{"editor_notices":[],"footnotes":""},"yoast_head":"<!-- This site is optimized with the Yoast SEO plugin v24.5 - https:\/\/yoast.com\/wordpress\/plugins\/seo\/ -->\n<title>Energie - TSA Interlocks - L\u00f6sungen f\u00fcr den Energiesektor<\/title>\n<meta name=\"description\" content=\"Wir haben L\u00f6sungen f\u00fcr alle Segmente und Anwendungen im Energiesektor. Sicherheitsl\u00f6sungen f\u00fcr die gesamte Energiebranche.\" \/>\n<meta name=\"robots\" content=\"index, follow, max-snippet:-1, max-image-preview:large, max-video-preview:-1\" \/>\n<link rel=\"canonical\" href=\"https:\/\/www.tsa-interlocks.com\/de\/our-sectors\/energy\/\" \/>\n<meta property=\"og:locale\" content=\"en_US\" \/>\n<meta property=\"og:type\" content=\"article\" \/>\n<meta property=\"og:title\" content=\"Energie - TSA Interlocks - L\u00f6sungen f\u00fcr den Energiesektor\" \/>\n<meta property=\"og:description\" content=\"Wir haben L\u00f6sungen f\u00fcr alle Segmente und Anwendungen im Energiesektor. Sicherheitsl\u00f6sungen f\u00fcr die gesamte Energiebranche.\" \/>\n<meta property=\"og:url\" content=\"https:\/\/www.tsa-interlocks.com\/de\/our-sectors\/energy\/\" \/>\n<meta property=\"og:site_name\" content=\"TSA Interlocks\" \/>\n<meta property=\"article:modified_time\" content=\"2024-06-24T11:46:28+00:00\" \/>\n<meta property=\"og:image\" content=\"https:\/\/www.tsa-interlocks.com\/de\/wp-content\/uploads\/sites\/2\/2022\/03\/mv-lv-e1651581862466.png\" \/>\n<meta name=\"twitter:card\" content=\"summary_large_image\" \/>\n<meta name=\"twitter:label1\" content=\"Est. reading time\" \/>\n\t<meta name=\"twitter:data1\" content=\"3 minutes\" \/>\n<script type=\"application\/ld+json\" class=\"yoast-schema-graph\">{\"@context\":\"https:\/\/schema.org\",\"@graph\":[{\"@type\":\"WebPage\",\"@id\":\"https:\/\/www.tsa-interlocks.com\/de\/our-sectors\/energy\/\",\"url\":\"https:\/\/www.tsa-interlocks.com\/de\/our-sectors\/energy\/\",\"name\":\"Energie - TSA Interlocks - L\u00f6sungen f\u00fcr den Energiesektor\",\"isPartOf\":{\"@id\":\"https:\/\/www.tsa-interlocks.com\/de\/#website\"},\"primaryImageOfPage\":{\"@id\":\"https:\/\/www.tsa-interlocks.com\/de\/our-sectors\/energy\/#primaryimage\"},\"image\":{\"@id\":\"https:\/\/www.tsa-interlocks.com\/de\/our-sectors\/energy\/#primaryimage\"},\"thumbnailUrl\":\"https:\/\/www.tsa-interlocks.com\/de\/wp-content\/uploads\/sites\/2\/2022\/03\/mv-lv-e1651581862466.png\",\"datePublished\":\"2022-03-15T10:54:11+00:00\",\"dateModified\":\"2024-06-24T11:46:28+00:00\",\"description\":\"Wir haben L\u00f6sungen f\u00fcr alle Segmente und Anwendungen im Energiesektor. Sicherheitsl\u00f6sungen f\u00fcr die gesamte Energiebranche.\",\"breadcrumb\":{\"@id\":\"https:\/\/www.tsa-interlocks.com\/de\/our-sectors\/energy\/#breadcrumb\"},\"inLanguage\":\"en-US\",\"potentialAction\":[{\"@type\":\"ReadAction\",\"target\":[\"https:\/\/www.tsa-interlocks.com\/de\/our-sectors\/energy\/\"]}]},{\"@type\":\"ImageObject\",\"inLanguage\":\"en-US\",\"@id\":\"https:\/\/www.tsa-interlocks.com\/de\/our-sectors\/energy\/#primaryimage\",\"url\":\"https:\/\/www.tsa-interlocks.com\/de\/wp-content\/uploads\/sites\/2\/2022\/03\/mv-lv-e1651581862466.png\",\"contentUrl\":\"https:\/\/www.tsa-interlocks.com\/de\/wp-content\/uploads\/sites\/2\/2022\/03\/mv-lv-e1651581862466.png\"},{\"@type\":\"WebSite\",\"@id\":\"https:\/\/www.tsa-interlocks.com\/de\/#website\",\"url\":\"https:\/\/www.tsa-interlocks.com\/de\/\",\"name\":\"TSA Interlocks\",\"description\":\"\",\"publisher\":{\"@id\":\"https:\/\/www.tsa-interlocks.com\/de\/#organization\"},\"potentialAction\":[{\"@type\":\"SearchAction\",\"target\":{\"@type\":\"EntryPoint\",\"urlTemplate\":\"https:\/\/www.tsa-interlocks.com\/de\/?s={search_term_string}\"},\"query-input\":{\"@type\":\"PropertyValueSpecification\",\"valueRequired\":true,\"valueName\":\"search_term_string\"}}],\"inLanguage\":\"en-US\"},{\"@type\":\"Organization\",\"@id\":\"https:\/\/www.tsa-interlocks.com\/de\/#organization\",\"name\":\"TSA Interlocks\",\"url\":\"https:\/\/www.tsa-interlocks.com\/de\/\",\"logo\":{\"@type\":\"ImageObject\",\"inLanguage\":\"en-US\",\"@id\":\"https:\/\/www.tsa-interlocks.com\/de\/#\/schema\/logo\/image\/\",\"url\":\"https:\/\/accept.tsa-interlocks.com.bmade.it\/de\/wp-content\/uploads\/sites\/2\/2022\/01\/Logo-TSA-Safety-Services-PNG.png\",\"contentUrl\":\"https:\/\/accept.tsa-interlocks.com.bmade.it\/de\/wp-content\/uploads\/sites\/2\/2022\/01\/Logo-TSA-Safety-Services-PNG.png\",\"width\":5000,\"height\":2212,\"caption\":\"TSA Interlocks\"},\"image\":{\"@id\":\"https:\/\/www.tsa-interlocks.com\/de\/#\/schema\/logo\/image\/\"}}]}<\/script>\n<!-- \/ Yoast SEO plugin. -->","yoast_head_json":{"title":"Energie - TSA Interlocks - L\u00f6sungen f\u00fcr den Energiesektor","description":"Wir haben L\u00f6sungen f\u00fcr alle Segmente und Anwendungen im Energiesektor. Sicherheitsl\u00f6sungen f\u00fcr die gesamte Energiebranche.","robots":{"index":"index","follow":"follow","max-snippet":"max-snippet:-1","max-image-preview":"max-image-preview:large","max-video-preview":"max-video-preview:-1"},"canonical":"https:\/\/www.tsa-interlocks.com\/de\/our-sectors\/energy\/","og_locale":"en_US","og_type":"article","og_title":"Energie - TSA Interlocks - L\u00f6sungen f\u00fcr den Energiesektor","og_description":"Wir haben L\u00f6sungen f\u00fcr alle Segmente und Anwendungen im Energiesektor. Sicherheitsl\u00f6sungen f\u00fcr die gesamte Energiebranche.","og_url":"https:\/\/www.tsa-interlocks.com\/de\/our-sectors\/energy\/","og_site_name":"TSA Interlocks","article_modified_time":"2024-06-24T11:46:28+00:00","og_image":[{"url":"https:\/\/www.tsa-interlocks.com\/de\/wp-content\/uploads\/sites\/2\/2022\/03\/mv-lv-e1651581862466.png","type":"","width":"","height":""}],"twitter_card":"summary_large_image","twitter_misc":{"Est. reading time":"3 minutes"},"schema":{"@context":"https:\/\/schema.org","@graph":[{"@type":"WebPage","@id":"https:\/\/www.tsa-interlocks.com\/de\/our-sectors\/energy\/","url":"https:\/\/www.tsa-interlocks.com\/de\/our-sectors\/energy\/","name":"Energie - TSA Interlocks - L\u00f6sungen f\u00fcr den Energiesektor","isPartOf":{"@id":"https:\/\/www.tsa-interlocks.com\/de\/#website"},"primaryImageOfPage":{"@id":"https:\/\/www.tsa-interlocks.com\/de\/our-sectors\/energy\/#primaryimage"},"image":{"@id":"https:\/\/www.tsa-interlocks.com\/de\/our-sectors\/energy\/#primaryimage"},"thumbnailUrl":"https:\/\/www.tsa-interlocks.com\/de\/wp-content\/uploads\/sites\/2\/2022\/03\/mv-lv-e1651581862466.png","datePublished":"2022-03-15T10:54:11+00:00","dateModified":"2024-06-24T11:46:28+00:00","description":"Wir haben L\u00f6sungen f\u00fcr alle Segmente und Anwendungen im Energiesektor. Sicherheitsl\u00f6sungen f\u00fcr die gesamte Energiebranche.","breadcrumb":{"@id":"https:\/\/www.tsa-interlocks.com\/de\/our-sectors\/energy\/#breadcrumb"},"inLanguage":"en-US","potentialAction":[{"@type":"ReadAction","target":["https:\/\/www.tsa-interlocks.com\/de\/our-sectors\/energy\/"]}]},{"@type":"ImageObject","inLanguage":"en-US","@id":"https:\/\/www.tsa-interlocks.com\/de\/our-sectors\/energy\/#primaryimage","url":"https:\/\/www.tsa-interlocks.com\/de\/wp-content\/uploads\/sites\/2\/2022\/03\/mv-lv-e1651581862466.png","contentUrl":"https:\/\/www.tsa-interlocks.com\/de\/wp-content\/uploads\/sites\/2\/2022\/03\/mv-lv-e1651581862466.png"},{"@type":"WebSite","@id":"https:\/\/www.tsa-interlocks.com\/de\/#website","url":"https:\/\/www.tsa-interlocks.com\/de\/","name":"TSA Interlocks","description":"","publisher":{"@id":"https:\/\/www.tsa-interlocks.com\/de\/#organization"},"potentialAction":[{"@type":"SearchAction","target":{"@type":"EntryPoint","urlTemplate":"https:\/\/www.tsa-interlocks.com\/de\/?s={search_term_string}"},"query-input":{"@type":"PropertyValueSpecification","valueRequired":true,"valueName":"search_term_string"}}],"inLanguage":"en-US"},{"@type":"Organization","@id":"https:\/\/www.tsa-interlocks.com\/de\/#organization","name":"TSA Interlocks","url":"https:\/\/www.tsa-interlocks.com\/de\/","logo":{"@type":"ImageObject","inLanguage":"en-US","@id":"https:\/\/www.tsa-interlocks.com\/de\/#\/schema\/logo\/image\/","url":"https:\/\/accept.tsa-interlocks.com.bmade.it\/de\/wp-content\/uploads\/sites\/2\/2022\/01\/Logo-TSA-Safety-Services-PNG.png","contentUrl":"https:\/\/accept.tsa-interlocks.com.bmade.it\/de\/wp-content\/uploads\/sites\/2\/2022\/01\/Logo-TSA-Safety-Services-PNG.png","width":5000,"height":2212,"caption":"TSA Interlocks"},"image":{"@id":"https:\/\/www.tsa-interlocks.com\/de\/#\/schema\/logo\/image\/"}}]}},"_links":{"self":[{"href":"https:\/\/accept.tsa-interlocks.com.bmade.it\/de\/wp-json\/wp\/v2\/pages\/768"}],"collection":[{"href":"https:\/\/accept.tsa-interlocks.com.bmade.it\/de\/wp-json\/wp\/v2\/pages"}],"about":[{"href":"https:\/\/accept.tsa-interlocks.com.bmade.it\/de\/wp-json\/wp\/v2\/types\/page"}],"author":[{"embeddable":true,"href":"https:\/\/accept.tsa-interlocks.com.bmade.it\/de\/wp-json\/wp\/v2\/users\/1"}],"replies":[{"embeddable":true,"href":"https:\/\/accept.tsa-interlocks.com.bmade.it\/de\/wp-json\/wp\/v2\/comments?post=768"}],"version-history":[{"count":3,"href":"https:\/\/accept.tsa-interlocks.com.bmade.it\/de\/wp-json\/wp\/v2\/pages\/768\/revisions"}],"predecessor-version":[{"id":3315,"href":"https:\/\/accept.tsa-interlocks.com.bmade.it\/de\/wp-json\/wp\/v2\/pages\/768\/revisions\/3315"}],"up":[{"embeddable":true,"href":"https:\/\/accept.tsa-interlocks.com.bmade.it\/de\/wp-json\/wp\/v2\/pages\/765"}],"wp:attachment":[{"href":"https:\/\/accept.tsa-interlocks.com.bmade.it\/de\/wp-json\/wp\/v2\/media?parent=768"}],"curies":[{"name":"wp","href":"https:\/\/api.w.org\/{rel}","templated":true}]}}