{"id":79,"date":"2020-12-21T09:53:07","date_gmt":"2020-12-21T09:53:07","guid":{"rendered":"https:\/\/www.tsa-interlocks.com\/?page_id=79"},"modified":"2023-01-27T14:03:23","modified_gmt":"2023-01-27T14:03:23","slug":"tsa-safetyservices-de","status":"publish","type":"page","link":"https:\/\/accept.tsa-interlocks.com.bmade.it\/de\/tsa-safetyservices-de\/","title":{"rendered":"\u00dcber Uns"},"content":{"rendered":"\t\t<div data-elementor-type=\"wp-page\" data-elementor-id=\"79\" class=\"elementor elementor-79\">\r\n\t\t\t\t\t\t<section class=\"elementor-section elementor-top-section elementor-element elementor-element-07d5b68 elementor-section-boxed elementor-section-height-default elementor-section-height-default\" data-id=\"07d5b68\" data-element_type=\"section\">\r\n\t\t\t\t\t\t<div class=\"elementor-container elementor-column-gap-default\">\r\n\t\t\t\t\t<div class=\"elementor-column elementor-col-100 elementor-top-column elementor-element elementor-element-6a257d1\" data-id=\"6a257d1\" data-element_type=\"column\">\r\n\t\t\t<div class=\"elementor-widget-wrap\">\r\n\t\t\t\t\t\t\t<\/div>\r\n\t\t<\/div>\r\n\t\t\t\t\t<\/div>\r\n\t\t<\/section>\r\n\t\t\t\t<section class=\"elementor-section elementor-top-section elementor-element elementor-element-171d9b3a elementor-section-boxed elementor-section-height-default elementor-section-height-default\" data-id=\"171d9b3a\" data-element_type=\"section\">\r\n\t\t\t\t\t\t<div class=\"elementor-container elementor-column-gap-default\">\r\n\t\t\t\t\t<div class=\"elementor-column elementor-col-100 elementor-top-column elementor-element elementor-element-3f6c102b\" data-id=\"3f6c102b\" data-element_type=\"column\">\r\n\t\t\t<div class=\"elementor-widget-wrap elementor-element-populated\">\r\n\t\t\t\t\t\t<div class=\"elementor-element elementor-element-60c004c2 elementor-widget elementor-widget-text-editor\" data-id=\"60c004c2\" data-element_type=\"widget\" data-widget_type=\"text-editor.default\">\r\n\t\t\t\t<div class=\"elementor-widget-container\">\r\n\t\t\t\t\t\t\t\t\t<h2>\u00dcber Uns<\/h2><p>TSA Safety Services ist der Distributor f\u00fcr Castell-Schl\u00fcsselschl\u00f6sser in Deutschland und den Benelux-L\u00e4ndern. Um Ger\u00e4te und Maschinen in verschiedenen Branchen sicher handhaben zu k\u00f6nnen, ist ein gutes Schl\u00fcsselschloss unerl\u00e4sslich. Die Sicherheit der Menschen war f\u00fcr uns und Castell von Anfang an von gr\u00f6\u00dfter Bedeutung und ist die Essenz von allem, was wir tun und glauben.<\/p><p>Castell hat \u00fcber 95 Jahre Erfahrung. Durch die enge Zusammenarbeit mit Kunden haben sie sich ein umfangreiches Wissen im Bereich Sicherheit und Schl\u00fcsselschl\u00f6sser angeeignet. Mit diesem Wissen helfen wir Ihnen, Risiken zu begrenzen und zu managen.<\/p><p>Die Schl\u00fcsselschl\u00f6sser, auch Schleusensysteme mit geschlossenem Schl\u00fcssel genannt, eignen sich f\u00fcr nahezu jede Anwendung. Mit diesen Schl\u00fcsselschl\u00f6ssern gibt es nur eine Arbeitsweise, damit Ihre Mitarbeiter und Maschinen besser gesch\u00fctzt sind. Dies verbessert die Sicherheit und Sicherheitskultur, erh\u00f6ht die Effizienz und senkt die Kosten im Zusammenhang mit Arbeitsunf\u00e4llen.<\/p><p>Vom Energiesektor bis zu Vertriebszentren und von der Lebensmittelindustrie bis zur Abfallverarbeitung und zum Recycling glauben wir, dass jeder das Recht auf sicheres Arbeiten hat.<\/p><p>M\u00f6chten Sie mehr \u00fcber diese Verriegelungssysteme erfahren?:\u00a0<a href=\"https:\/\/www.tsa-interlocks.com\/de\/our-products\/\"><strong>Klick hier&#8230;<\/strong><\/a><\/p><p>Neben den regul\u00e4ren Schl\u00f6ssern sind wir auch Vertreiber von Smart Locks. Diese Smart Locks passen in regul\u00e4re Verfahren, in denen normale Vorh\u00e4ngeschl\u00f6sser verwendet werden, beispielsweise bei LoToTo.<\/p><p>M\u00f6chten Sie hier mehr \u00fcber die Smart Locks erfahren?: <strong><a href=\"https:\/\/www.tsa-interlocks.com\/de\/iot-safety-company\/\">Klickhier&#8230;<\/a><\/strong><\/p><p><!-- \/wp:paragraph --><\/p>\t\t\t\t\t\t\t\t<\/div>\r\n\t\t\t\t<\/div>\r\n\t\t\t\t\t<\/div>\r\n\t\t<\/div>\r\n\t\t\t\t\t<\/div>\r\n\t\t<\/section>\r\n\t\t\t\t<section class=\"elementor-section elementor-top-section elementor-element elementor-element-6e2d527 elementor-section-boxed elementor-section-height-default elementor-section-height-default\" data-id=\"6e2d527\" data-element_type=\"section\">\r\n\t\t\t\t\t\t<div class=\"elementor-container elementor-column-gap-default\">\r\n\t\t\t\t\t<div class=\"elementor-column elementor-col-100 elementor-top-column elementor-element elementor-element-2994ba0\" data-id=\"2994ba0\" data-element_type=\"column\">\r\n\t\t\t<div class=\"elementor-widget-wrap elementor-element-populated\">\r\n\t\t\t\t\t\t<div class=\"elementor-element elementor-element-7a0eb66 elementor-widget elementor-widget-heading\" data-id=\"7a0eb66\" data-element_type=\"widget\" data-widget_type=\"heading.default\">\r\n\t\t\t\t<div class=\"elementor-widget-container\">\r\n\t\t\t\t\t<h3 class=\"elementor-heading-title elementor-size-default\">F\u00fcr wen kommen unsere Produkte in Frage?<\/h3>\t\t\t\t<\/div>\r\n\t\t\t\t<\/div>\r\n\t\t\t\t<div class=\"elementor-element elementor-element-60d95c3 elementor-widget elementor-widget-spacer\" data-id=\"60d95c3\" data-element_type=\"widget\" data-widget_type=\"spacer.default\">\r\n\t\t\t\t<div class=\"elementor-widget-container\">\r\n\t\t\t\t\t\t\t<div class=\"elementor-spacer\">\r\n\t\t\t<div class=\"elementor-spacer-inner\"><\/div>\r\n\t\t<\/div>\r\n\t\t\t\t\t\t<\/div>\r\n\t\t\t\t<\/div>\r\n\t\t\t\t\t<\/div>\r\n\t\t<\/div>\r\n\t\t\t\t\t<\/div>\r\n\t\t<\/section>\r\n\t\t\t\t<section class=\"elementor-section elementor-top-section elementor-element elementor-element-01f6972 elementor-section-boxed elementor-section-height-default elementor-section-height-default\" data-id=\"01f6972\" data-element_type=\"section\">\r\n\t\t\t\t\t\t<div class=\"elementor-container elementor-column-gap-default\">\r\n\t\t\t\t\t<div class=\"elementor-column elementor-col-50 elementor-top-column elementor-element elementor-element-ed5d3d9\" data-id=\"ed5d3d9\" data-element_type=\"column\">\r\n\t\t\t<div class=\"elementor-widget-wrap elementor-element-populated\">\r\n\t\t\t\t\t\t<div class=\"elementor-element elementor-element-4627fb0 elementor-widget elementor-widget-image\" data-id=\"4627fb0\" data-element_type=\"widget\" data-widget_type=\"image.default\">\r\n\t\t\t\t<div class=\"elementor-widget-container\">\r\n\t\t\t\t\t\t\t\t\t\t\t\t\t\t\t<img fetchpriority=\"high\" decoding=\"async\" width=\"1024\" height=\"680\" src=\"https:\/\/accept.tsa-interlocks.com.bmade.it\/de\/wp-content\/uploads\/sites\/2\/2022\/05\/shutterstock_42471415-1024x680.jpg\" class=\"attachment-large size-large wp-image-1754\" alt=\"\" srcset=\"https:\/\/accept.tsa-interlocks.com.bmade.it\/de\/wp-content\/uploads\/sites\/2\/2022\/05\/shutterstock_42471415-1024x680.jpg 1024w, https:\/\/accept.tsa-interlocks.com.bmade.it\/de\/wp-content\/uploads\/sites\/2\/2022\/05\/shutterstock_42471415-300x199.jpg 300w, https:\/\/accept.tsa-interlocks.com.bmade.it\/de\/wp-content\/uploads\/sites\/2\/2022\/05\/shutterstock_42471415-768x510.jpg 768w, https:\/\/accept.tsa-interlocks.com.bmade.it\/de\/wp-content\/uploads\/sites\/2\/2022\/05\/shutterstock_42471415-1536x1020.jpg 1536w, https:\/\/accept.tsa-interlocks.com.bmade.it\/de\/wp-content\/uploads\/sites\/2\/2022\/05\/shutterstock_42471415-2048x1360.jpg 2048w, https:\/\/accept.tsa-interlocks.com.bmade.it\/de\/wp-content\/uploads\/sites\/2\/2022\/05\/shutterstock_42471415-370x246.jpg 370w, https:\/\/accept.tsa-interlocks.com.bmade.it\/de\/wp-content\/uploads\/sites\/2\/2022\/05\/shutterstock_42471415-840x558.jpg 840w, https:\/\/accept.tsa-interlocks.com.bmade.it\/de\/wp-content\/uploads\/sites\/2\/2022\/05\/shutterstock_42471415-410x272.jpg 410w, https:\/\/accept.tsa-interlocks.com.bmade.it\/de\/wp-content\/uploads\/sites\/2\/2022\/05\/shutterstock_42471415-600x399.jpg 600w\" sizes=\"(max-width: 1024px) 100vw, 1024px\" \/>\t\t\t\t\t\t\t\t\t\t\t\t\t\t\t<\/div>\r\n\t\t\t\t<\/div>\r\n\t\t\t\t\t<\/div>\r\n\t\t<\/div>\r\n\t\t\t\t<div class=\"elementor-column elementor-col-50 elementor-top-column elementor-element elementor-element-41c8195\" data-id=\"41c8195\" data-element_type=\"column\">\r\n\t\t\t<div class=\"elementor-widget-wrap elementor-element-populated\">\r\n\t\t\t\t\t\t<div class=\"elementor-element elementor-element-d7cbf9d elementor-widget elementor-widget-text-editor\" data-id=\"d7cbf9d\" data-element_type=\"widget\" data-widget_type=\"text-editor.default\">\r\n\t\t\t\t<div class=\"elementor-widget-container\">\r\n\t\t\t\t\t\t\t\t\t<p>F\u00fcr alle Unternehmen, die nach kosteng\u00fcnstigen Sicherheitsl\u00f6sungen suchen, um Unf\u00e4lle zu vermeiden und Mitarbeiter, Maschinen und Arbeitsprozesse zu sch\u00fctzen.<\/p><p>Die Schl\u00fcsselschl\u00f6sser sorgen daf\u00fcr, dass bei Erf\u00fcllung vordefinierter Bedingungen ein sicherer Zugang zu einem Bereich mit erh\u00f6htem Risiko gew\u00e4hrt wird. Die Produkte sind von hoher Qualit\u00e4t, damit Ihre Mitarbeiter und Maschinen besser gesch\u00fctzt sind.<\/p><p>Die Produkte k\u00f6nnen in einer Vielzahl von Branchen eingesetzt werden, wie z.B:<\/p><ul><li>Energie<\/li><li>Industrie<\/li><li>Produktion<\/li><li>Transport<\/li><li>Verladerampen<\/li><li>Maschinensicherheit<\/li><li>Nahrungsmittelindustrie<\/li><\/ul>\t\t\t\t\t\t\t\t<\/div>\r\n\t\t\t\t<\/div>\r\n\t\t\t\t\t<\/div>\r\n\t\t<\/div>\r\n\t\t\t\t\t<\/div>\r\n\t\t<\/section>\r\n\t\t\t\t<section class=\"elementor-section elementor-top-section elementor-element elementor-element-46665b8 elementor-section-boxed elementor-section-height-default elementor-section-height-default\" data-id=\"46665b8\" data-element_type=\"section\">\r\n\t\t\t\t\t\t<div class=\"elementor-container elementor-column-gap-default\">\r\n\t\t\t\t\t<div class=\"elementor-column elementor-col-100 elementor-top-column elementor-element elementor-element-1f51af5\" data-id=\"1f51af5\" data-element_type=\"column\">\r\n\t\t\t<div class=\"elementor-widget-wrap elementor-element-populated\">\r\n\t\t\t\t\t\t<div class=\"elementor-element elementor-element-3f7b394 elementor-widget elementor-widget-spacer\" data-id=\"3f7b394\" data-element_type=\"widget\" data-widget_type=\"spacer.default\">\r\n\t\t\t\t<div class=\"elementor-widget-container\">\r\n\t\t\t\t\t\t\t<div class=\"elementor-spacer\">\r\n\t\t\t<div class=\"elementor-spacer-inner\"><\/div>\r\n\t\t<\/div>\r\n\t\t\t\t\t\t<\/div>\r\n\t\t\t\t<\/div>\r\n\t\t\t\t<div class=\"elementor-element elementor-element-2bb081a elementor-widget elementor-widget-heading\" data-id=\"2bb081a\" data-element_type=\"widget\" data-widget_type=\"heading.default\">\r\n\t\t\t\t<div class=\"elementor-widget-container\">\r\n\t\t\t\t\t<h3 class=\"elementor-heading-title elementor-size-default\">Wie Castell-Produkte Ihnen helfen k\u00f6nnen<\/h3>\t\t\t\t<\/div>\r\n\t\t\t\t<\/div>\r\n\t\t\t\t<div class=\"elementor-element elementor-element-145a38e elementor-widget elementor-widget-spacer\" data-id=\"145a38e\" data-element_type=\"widget\" data-widget_type=\"spacer.default\">\r\n\t\t\t\t<div class=\"elementor-widget-container\">\r\n\t\t\t\t\t\t\t<div class=\"elementor-spacer\">\r\n\t\t\t<div class=\"elementor-spacer-inner\"><\/div>\r\n\t\t<\/div>\r\n\t\t\t\t\t\t<\/div>\r\n\t\t\t\t<\/div>\r\n\t\t\t\t\t<\/div>\r\n\t\t<\/div>\r\n\t\t\t\t\t<\/div>\r\n\t\t<\/section>\r\n\t\t\t\t<section class=\"elementor-section elementor-top-section elementor-element elementor-element-3e58283 elementor-section-boxed elementor-section-height-default elementor-section-height-default\" data-id=\"3e58283\" data-element_type=\"section\">\r\n\t\t\t\t\t\t<div class=\"elementor-container elementor-column-gap-default\">\r\n\t\t\t\t\t<div class=\"elementor-column elementor-col-50 elementor-top-column elementor-element elementor-element-265e5ac\" data-id=\"265e5ac\" data-element_type=\"column\">\r\n\t\t\t<div class=\"elementor-widget-wrap elementor-element-populated\">\r\n\t\t\t\t\t\t<div class=\"elementor-element elementor-element-9e7d9ec elementor-widget elementor-widget-text-editor\" data-id=\"9e7d9ec\" data-element_type=\"widget\" data-widget_type=\"text-editor.default\">\r\n\t\t\t\t<div class=\"elementor-widget-container\">\r\n\t\t\t\t\t\t\t\t\t<p>Die Bestimmung von Sicherheitskomponenten ist wichtig, wenn ein System entworfen wird, das einen schnellen und sicheren Zugriff bietet. Die korrekte Anwendung der Produkte stellt sicher, dass ein Prozess eingehalten wird und nicht umgangen werden kann. So bleibt die Effizienz erhalten und die Sicherheit gew\u00e4hrleistet.<\/p><p>Die Produktpalette umfasst;<\/p><ul><li style=\"font-size: 18px\">Mechanische Schl\u00f6sser<\/li><li style=\"font-size: 18px\">Antriebs\u00fcberwachende Schl\u00f6sser<\/li><li style=\"font-size: 18px\">Ventilschl\u00f6sser<\/li><li style=\"font-size: 18px\">Zeitverz\u00f6gerte Entriegelung der Schl\u00f6sser<\/li><li style=\"font-size: 18px\">Schl\u00fcsselwechselschr\u00e4nke \/ Schl\u00fcsselwechseleinheiten<\/li><li style=\"font-size: 18px\">Zugriffsschl\u00f6sser<\/li><\/ul>\t\t\t\t\t\t\t\t<\/div>\r\n\t\t\t\t<\/div>\r\n\t\t\t\t\t<\/div>\r\n\t\t<\/div>\r\n\t\t\t\t<div class=\"elementor-column elementor-col-50 elementor-top-column elementor-element elementor-element-4e75c8a\" data-id=\"4e75c8a\" data-element_type=\"column\">\r\n\t\t\t<div class=\"elementor-widget-wrap elementor-element-populated\">\r\n\t\t\t\t\t\t<div class=\"elementor-element elementor-element-ac0e987 elementor-widget elementor-widget-image\" data-id=\"ac0e987\" data-element_type=\"widget\" data-widget_type=\"image.default\">\r\n\t\t\t\t<div class=\"elementor-widget-container\">\r\n\t\t\t\t\t\t\t\t\t\t\t\t\t\t\t<img decoding=\"async\" width=\"370\" height=\"394\" src=\"https:\/\/accept.tsa-interlocks.com.bmade.it\/de\/wp-content\/uploads\/sites\/2\/2022\/05\/trapped-key-e1629204565982-370x394.png\" class=\"attachment-post-thumbnail size-post-thumbnail wp-image-1711\" alt=\"\" srcset=\"https:\/\/accept.tsa-interlocks.com.bmade.it\/de\/wp-content\/uploads\/sites\/2\/2022\/05\/trapped-key-e1629204565982-370x394.png 370w, https:\/\/accept.tsa-interlocks.com.bmade.it\/de\/wp-content\/uploads\/sites\/2\/2022\/05\/trapped-key-e1629204565982-282x300.png 282w, https:\/\/accept.tsa-interlocks.com.bmade.it\/de\/wp-content\/uploads\/sites\/2\/2022\/05\/trapped-key-e1629204565982-410x436.png 410w, https:\/\/accept.tsa-interlocks.com.bmade.it\/de\/wp-content\/uploads\/sites\/2\/2022\/05\/trapped-key-e1629204565982.png 481w\" sizes=\"(max-width: 370px) 100vw, 370px\" \/>\t\t\t\t\t\t\t\t\t\t\t\t\t\t\t<\/div>\r\n\t\t\t\t<\/div>\r\n\t\t\t\t\t<\/div>\r\n\t\t<\/div>\r\n\t\t\t\t\t<\/div>\r\n\t\t<\/section>\r\n\t\t\t\t<section class=\"elementor-section elementor-top-section elementor-element elementor-element-daf642a elementor-section-boxed elementor-section-height-default elementor-section-height-default\" data-id=\"daf642a\" data-element_type=\"section\">\r\n\t\t\t\t\t\t<div class=\"elementor-container elementor-column-gap-default\">\r\n\t\t\t\t\t<div class=\"elementor-column elementor-col-100 elementor-top-column elementor-element elementor-element-03dc3bf\" data-id=\"03dc3bf\" data-element_type=\"column\">\r\n\t\t\t<div class=\"elementor-widget-wrap elementor-element-populated\">\r\n\t\t\t\t\t\t<div class=\"elementor-element elementor-element-8126469 elementor-widget elementor-widget-spacer\" data-id=\"8126469\" data-element_type=\"widget\" data-widget_type=\"spacer.default\">\r\n\t\t\t\t<div class=\"elementor-widget-container\">\r\n\t\t\t\t\t\t\t<div class=\"elementor-spacer\">\r\n\t\t\t<div class=\"elementor-spacer-inner\"><\/div>\r\n\t\t<\/div>\r\n\t\t\t\t\t\t<\/div>\r\n\t\t\t\t<\/div>\r\n\t\t\t\t\t<\/div>\r\n\t\t<\/div>\r\n\t\t\t\t\t<\/div>\r\n\t\t<\/section>\r\n\t\t\t\t<\/div>\r\n\t\t","protected":false},"excerpt":{"rendered":"<p>\u00dcber Uns TSA Safety Services ist der Distributor f\u00fcr Castell-Schl\u00fcsselschl\u00f6sser in Deutschland und den Benelux-L\u00e4ndern. Um Ger\u00e4te und Maschinen in verschiedenen Branchen sicher handhaben zu k\u00f6nnen, ist ein gutes Schl\u00fcsselschloss&hellip;<\/p>\n","protected":false},"author":1,"featured_media":0,"parent":0,"menu_order":0,"comment_status":"closed","ping_status":"closed","template":"","meta":{"editor_notices":[],"footnotes":""},"yoast_head":"<!-- This site is optimized with the Yoast SEO plugin v24.5 - https:\/\/yoast.com\/wordpress\/plugins\/seo\/ -->\n<title>\u00dcber Uns - TSA Interlocks<\/title>\n<meta name=\"description\" content=\"TSA Safety Services ist der Distributor von Castell Sicherheitstechnik. - Ihr Partner, von der Beratung, bis hin zur Lieferung.\" \/>\n<meta name=\"robots\" content=\"index, follow, max-snippet:-1, max-image-preview:large, max-video-preview:-1\" \/>\n<link rel=\"canonical\" href=\"https:\/\/www.tsa-interlocks.com\/de\/tsa-safetyservices-de\/\" \/>\n<meta property=\"og:locale\" content=\"en_US\" \/>\n<meta property=\"og:type\" content=\"article\" \/>\n<meta property=\"og:title\" content=\"\u00dcber Uns - TSA Interlocks\" \/>\n<meta property=\"og:description\" content=\"TSA Safety Services ist der Distributor von Castell Sicherheitstechnik. - Ihr Partner, von der Beratung, bis hin zur Lieferung.\" \/>\n<meta property=\"og:url\" content=\"https:\/\/www.tsa-interlocks.com\/de\/tsa-safetyservices-de\/\" \/>\n<meta property=\"og:site_name\" content=\"TSA Interlocks\" \/>\n<meta property=\"article:modified_time\" content=\"2023-01-27T14:03:23+00:00\" \/>\n<meta property=\"og:image\" content=\"https:\/\/www.tsa-interlocks.com\/de\/wp-content\/uploads\/sites\/2\/2022\/05\/shutterstock_42471415-1024x680.jpg\" \/>\n<meta name=\"twitter:card\" content=\"summary_large_image\" \/>\n<meta name=\"twitter:label1\" content=\"Est. reading time\" \/>\n\t<meta name=\"twitter:data1\" content=\"2 minutes\" \/>\n<script type=\"application\/ld+json\" class=\"yoast-schema-graph\">{\"@context\":\"https:\/\/schema.org\",\"@graph\":[{\"@type\":\"WebPage\",\"@id\":\"https:\/\/www.tsa-interlocks.com\/de\/tsa-safetyservices-de\/\",\"url\":\"https:\/\/www.tsa-interlocks.com\/de\/tsa-safetyservices-de\/\",\"name\":\"\u00dcber Uns - TSA Interlocks\",\"isPartOf\":{\"@id\":\"https:\/\/www.tsa-interlocks.com\/de\/#website\"},\"primaryImageOfPage\":{\"@id\":\"https:\/\/www.tsa-interlocks.com\/de\/tsa-safetyservices-de\/#primaryimage\"},\"image\":{\"@id\":\"https:\/\/www.tsa-interlocks.com\/de\/tsa-safetyservices-de\/#primaryimage\"},\"thumbnailUrl\":\"https:\/\/www.tsa-interlocks.com\/de\/wp-content\/uploads\/sites\/2\/2022\/05\/shutterstock_42471415-1024x680.jpg\",\"datePublished\":\"2020-12-21T09:53:07+00:00\",\"dateModified\":\"2023-01-27T14:03:23+00:00\",\"description\":\"TSA Safety Services ist der Distributor von Castell Sicherheitstechnik. - Ihr Partner, von der Beratung, bis hin zur Lieferung.\",\"breadcrumb\":{\"@id\":\"https:\/\/www.tsa-interlocks.com\/de\/tsa-safetyservices-de\/#breadcrumb\"},\"inLanguage\":\"en-US\",\"potentialAction\":[{\"@type\":\"ReadAction\",\"target\":[\"https:\/\/www.tsa-interlocks.com\/de\/tsa-safetyservices-de\/\"]}]},{\"@type\":\"ImageObject\",\"inLanguage\":\"en-US\",\"@id\":\"https:\/\/www.tsa-interlocks.com\/de\/tsa-safetyservices-de\/#primaryimage\",\"url\":\"https:\/\/www.tsa-interlocks.com\/de\/wp-content\/uploads\/sites\/2\/2022\/05\/shutterstock_42471415-1024x680.jpg\",\"contentUrl\":\"https:\/\/www.tsa-interlocks.com\/de\/wp-content\/uploads\/sites\/2\/2022\/05\/shutterstock_42471415-1024x680.jpg\"},{\"@type\":\"WebSite\",\"@id\":\"https:\/\/www.tsa-interlocks.com\/de\/#website\",\"url\":\"https:\/\/www.tsa-interlocks.com\/de\/\",\"name\":\"TSA Interlocks\",\"description\":\"\",\"publisher\":{\"@id\":\"https:\/\/www.tsa-interlocks.com\/de\/#organization\"},\"potentialAction\":[{\"@type\":\"SearchAction\",\"target\":{\"@type\":\"EntryPoint\",\"urlTemplate\":\"https:\/\/www.tsa-interlocks.com\/de\/?s={search_term_string}\"},\"query-input\":{\"@type\":\"PropertyValueSpecification\",\"valueRequired\":true,\"valueName\":\"search_term_string\"}}],\"inLanguage\":\"en-US\"},{\"@type\":\"Organization\",\"@id\":\"https:\/\/www.tsa-interlocks.com\/de\/#organization\",\"name\":\"TSA Interlocks\",\"url\":\"https:\/\/www.tsa-interlocks.com\/de\/\",\"logo\":{\"@type\":\"ImageObject\",\"inLanguage\":\"en-US\",\"@id\":\"https:\/\/www.tsa-interlocks.com\/de\/#\/schema\/logo\/image\/\",\"url\":\"https:\/\/accept.tsa-interlocks.com.bmade.it\/de\/wp-content\/uploads\/sites\/2\/2022\/01\/Logo-TSA-Safety-Services-PNG.png\",\"contentUrl\":\"https:\/\/accept.tsa-interlocks.com.bmade.it\/de\/wp-content\/uploads\/sites\/2\/2022\/01\/Logo-TSA-Safety-Services-PNG.png\",\"width\":5000,\"height\":2212,\"caption\":\"TSA Interlocks\"},\"image\":{\"@id\":\"https:\/\/www.tsa-interlocks.com\/de\/#\/schema\/logo\/image\/\"}}]}<\/script>\n<!-- \/ Yoast SEO plugin. -->","yoast_head_json":{"title":"\u00dcber Uns - TSA Interlocks","description":"TSA Safety Services ist der Distributor von Castell Sicherheitstechnik. - Ihr Partner, von der Beratung, bis hin zur Lieferung.","robots":{"index":"index","follow":"follow","max-snippet":"max-snippet:-1","max-image-preview":"max-image-preview:large","max-video-preview":"max-video-preview:-1"},"canonical":"https:\/\/www.tsa-interlocks.com\/de\/tsa-safetyservices-de\/","og_locale":"en_US","og_type":"article","og_title":"\u00dcber Uns - TSA Interlocks","og_description":"TSA Safety Services ist der Distributor von Castell Sicherheitstechnik. - Ihr Partner, von der Beratung, bis hin zur Lieferung.","og_url":"https:\/\/www.tsa-interlocks.com\/de\/tsa-safetyservices-de\/","og_site_name":"TSA Interlocks","article_modified_time":"2023-01-27T14:03:23+00:00","og_image":[{"url":"https:\/\/www.tsa-interlocks.com\/de\/wp-content\/uploads\/sites\/2\/2022\/05\/shutterstock_42471415-1024x680.jpg","type":"","width":"","height":""}],"twitter_card":"summary_large_image","twitter_misc":{"Est. reading time":"2 minutes"},"schema":{"@context":"https:\/\/schema.org","@graph":[{"@type":"WebPage","@id":"https:\/\/www.tsa-interlocks.com\/de\/tsa-safetyservices-de\/","url":"https:\/\/www.tsa-interlocks.com\/de\/tsa-safetyservices-de\/","name":"\u00dcber Uns - TSA Interlocks","isPartOf":{"@id":"https:\/\/www.tsa-interlocks.com\/de\/#website"},"primaryImageOfPage":{"@id":"https:\/\/www.tsa-interlocks.com\/de\/tsa-safetyservices-de\/#primaryimage"},"image":{"@id":"https:\/\/www.tsa-interlocks.com\/de\/tsa-safetyservices-de\/#primaryimage"},"thumbnailUrl":"https:\/\/www.tsa-interlocks.com\/de\/wp-content\/uploads\/sites\/2\/2022\/05\/shutterstock_42471415-1024x680.jpg","datePublished":"2020-12-21T09:53:07+00:00","dateModified":"2023-01-27T14:03:23+00:00","description":"TSA Safety Services ist der Distributor von Castell Sicherheitstechnik. - Ihr Partner, von der Beratung, bis hin zur Lieferung.","breadcrumb":{"@id":"https:\/\/www.tsa-interlocks.com\/de\/tsa-safetyservices-de\/#breadcrumb"},"inLanguage":"en-US","potentialAction":[{"@type":"ReadAction","target":["https:\/\/www.tsa-interlocks.com\/de\/tsa-safetyservices-de\/"]}]},{"@type":"ImageObject","inLanguage":"en-US","@id":"https:\/\/www.tsa-interlocks.com\/de\/tsa-safetyservices-de\/#primaryimage","url":"https:\/\/www.tsa-interlocks.com\/de\/wp-content\/uploads\/sites\/2\/2022\/05\/shutterstock_42471415-1024x680.jpg","contentUrl":"https:\/\/www.tsa-interlocks.com\/de\/wp-content\/uploads\/sites\/2\/2022\/05\/shutterstock_42471415-1024x680.jpg"},{"@type":"WebSite","@id":"https:\/\/www.tsa-interlocks.com\/de\/#website","url":"https:\/\/www.tsa-interlocks.com\/de\/","name":"TSA Interlocks","description":"","publisher":{"@id":"https:\/\/www.tsa-interlocks.com\/de\/#organization"},"potentialAction":[{"@type":"SearchAction","target":{"@type":"EntryPoint","urlTemplate":"https:\/\/www.tsa-interlocks.com\/de\/?s={search_term_string}"},"query-input":{"@type":"PropertyValueSpecification","valueRequired":true,"valueName":"search_term_string"}}],"inLanguage":"en-US"},{"@type":"Organization","@id":"https:\/\/www.tsa-interlocks.com\/de\/#organization","name":"TSA Interlocks","url":"https:\/\/www.tsa-interlocks.com\/de\/","logo":{"@type":"ImageObject","inLanguage":"en-US","@id":"https:\/\/www.tsa-interlocks.com\/de\/#\/schema\/logo\/image\/","url":"https:\/\/accept.tsa-interlocks.com.bmade.it\/de\/wp-content\/uploads\/sites\/2\/2022\/01\/Logo-TSA-Safety-Services-PNG.png","contentUrl":"https:\/\/accept.tsa-interlocks.com.bmade.it\/de\/wp-content\/uploads\/sites\/2\/2022\/01\/Logo-TSA-Safety-Services-PNG.png","width":5000,"height":2212,"caption":"TSA Interlocks"},"image":{"@id":"https:\/\/www.tsa-interlocks.com\/de\/#\/schema\/logo\/image\/"}}]}},"_links":{"self":[{"href":"https:\/\/accept.tsa-interlocks.com.bmade.it\/de\/wp-json\/wp\/v2\/pages\/79"}],"collection":[{"href":"https:\/\/accept.tsa-interlocks.com.bmade.it\/de\/wp-json\/wp\/v2\/pages"}],"about":[{"href":"https:\/\/accept.tsa-interlocks.com.bmade.it\/de\/wp-json\/wp\/v2\/types\/page"}],"author":[{"embeddable":true,"href":"https:\/\/accept.tsa-interlocks.com.bmade.it\/de\/wp-json\/wp\/v2\/users\/1"}],"replies":[{"embeddable":true,"href":"https:\/\/accept.tsa-interlocks.com.bmade.it\/de\/wp-json\/wp\/v2\/comments?post=79"}],"version-history":[{"count":0,"href":"https:\/\/accept.tsa-interlocks.com.bmade.it\/de\/wp-json\/wp\/v2\/pages\/79\/revisions"}],"wp:attachment":[{"href":"https:\/\/accept.tsa-interlocks.com.bmade.it\/de\/wp-json\/wp\/v2\/media?parent=79"}],"curies":[{"name":"wp","href":"https:\/\/api.w.org\/{rel}","templated":true}]}}