{"id":895,"date":"2022-03-16T12:37:24","date_gmt":"2022-03-16T12:37:24","guid":{"rendered":"https:\/\/www.tsa-interlocks.com\/?page_id=895"},"modified":"2024-05-27T10:02:41","modified_gmt":"2024-05-27T10:02:41","slug":"schlusselverriegelung","status":"publish","type":"page","link":"https:\/\/accept.tsa-interlocks.com.bmade.it\/de\/schlusselverriegelung\/","title":{"rendered":"Schl\u00fcsselverriegelung"},"content":{"rendered":"\t\t<div data-elementor-type=\"wp-page\" data-elementor-id=\"895\" class=\"elementor elementor-895\">\r\n\t\t\t\t\t\t<section class=\"elementor-section elementor-top-section elementor-element elementor-element-171d9b3a elementor-section-boxed elementor-section-height-default elementor-section-height-default\" data-id=\"171d9b3a\" data-element_type=\"section\">\r\n\t\t\t\t\t\t<div class=\"elementor-container elementor-column-gap-default\">\r\n\t\t\t\t\t<div class=\"elementor-column elementor-col-100 elementor-top-column elementor-element elementor-element-3f6c102b\" data-id=\"3f6c102b\" data-element_type=\"column\">\r\n\t\t\t<div class=\"elementor-widget-wrap elementor-element-populated\">\r\n\t\t\t\t\t\t<div class=\"elementor-element elementor-element-60c004c2 elementor-widget elementor-widget-text-editor\" data-id=\"60c004c2\" data-element_type=\"widget\" data-widget_type=\"text-editor.default\">\r\n\t\t\t\t<div class=\"elementor-widget-container\">\r\n\t\t\t\t\t\t\t\t\t<h1>Schl\u00fcsselverriegelung<\/h1><p>Die Schl\u00fcsselverriegelung stellt sicher, dass Prozesse eingehalten werden, ohne umgangen oder verk\u00fcrzt zu werden. Schl\u00fcsselschl\u00f6sser, auch Schleusensysteme genannt, werden zum mechanischen Schutz von Maschinen und Prozessen eingesetzt. Die Schl\u00fcssel\u00fcbergabe stellt sicher, dass die Mitarbeiter, wo immer sie sich befinden, sicher sein k\u00f6nnen, dass es beim Starten oder Beenden der Aktivit\u00e4ten sicher ist.<\/p><p>Es gibt drei einfache Schritte, um die Schl\u00fcsselschlosssysteme in einem integrierten Sicherheitssystem zu verwenden.<\/p><p><!-- \/wp:paragraph --><\/p>\t\t\t\t\t\t\t\t<\/div>\r\n\t\t\t\t<\/div>\r\n\t\t\t\t\t<\/div>\r\n\t\t<\/div>\r\n\t\t\t\t\t<\/div>\r\n\t\t<\/section>\r\n\t\t\t\t<section class=\"elementor-section elementor-top-section elementor-element elementor-element-99962e6 elementor-section-boxed elementor-section-height-default elementor-section-height-default\" data-id=\"99962e6\" data-element_type=\"section\">\r\n\t\t\t\t\t\t<div class=\"elementor-container elementor-column-gap-default\">\r\n\t\t\t\t\t<div class=\"elementor-column elementor-col-100 elementor-top-column elementor-element elementor-element-39091d6\" data-id=\"39091d6\" data-element_type=\"column\">\r\n\t\t\t<div class=\"elementor-widget-wrap elementor-element-populated\">\r\n\t\t\t\t\t\t<div class=\"elementor-element elementor-element-b966218 elementor-widget elementor-widget-image\" data-id=\"b966218\" data-element_type=\"widget\" data-widget_type=\"image.default\">\r\n\t\t\t\t<div class=\"elementor-widget-container\">\r\n\t\t\t\t\t\t\t\t\t\t\t\t\t\t\t<img fetchpriority=\"high\" decoding=\"async\" width=\"821\" height=\"294\" src=\"https:\/\/accept.tsa-interlocks.com.bmade.it\/de\/wp-content\/uploads\/sites\/2\/2024\/05\/Bild1.jpg\" class=\"attachment-large size-large wp-image-3260\" alt=\"\" srcset=\"https:\/\/accept.tsa-interlocks.com.bmade.it\/de\/wp-content\/uploads\/sites\/2\/2024\/05\/Bild1.jpg 821w, https:\/\/accept.tsa-interlocks.com.bmade.it\/de\/wp-content\/uploads\/sites\/2\/2024\/05\/Bild1-300x107.jpg 300w, https:\/\/accept.tsa-interlocks.com.bmade.it\/de\/wp-content\/uploads\/sites\/2\/2024\/05\/Bild1-768x275.jpg 768w, https:\/\/accept.tsa-interlocks.com.bmade.it\/de\/wp-content\/uploads\/sites\/2\/2024\/05\/Bild1-370x132.jpg 370w, https:\/\/accept.tsa-interlocks.com.bmade.it\/de\/wp-content\/uploads\/sites\/2\/2024\/05\/Bild1-410x147.jpg 410w, https:\/\/accept.tsa-interlocks.com.bmade.it\/de\/wp-content\/uploads\/sites\/2\/2024\/05\/Bild1-600x215.jpg 600w\" sizes=\"(max-width: 821px) 100vw, 821px\" \/>\t\t\t\t\t\t\t\t\t\t\t\t\t\t\t<\/div>\r\n\t\t\t\t<\/div>\r\n\t\t\t\t\t<\/div>\r\n\t\t<\/div>\r\n\t\t\t\t\t<\/div>\r\n\t\t<\/section>\r\n\t\t\t\t<section class=\"elementor-section elementor-top-section elementor-element elementor-element-bc17dc3 elementor-section-boxed elementor-section-height-default elementor-section-height-default\" data-id=\"bc17dc3\" data-element_type=\"section\">\r\n\t\t\t\t\t\t<div class=\"elementor-container elementor-column-gap-default\">\r\n\t\t\t\t\t<div class=\"elementor-column elementor-col-100 elementor-top-column elementor-element elementor-element-f5357ce\" data-id=\"f5357ce\" data-element_type=\"column\">\r\n\t\t\t<div class=\"elementor-widget-wrap elementor-element-populated\">\r\n\t\t\t\t\t\t<div class=\"elementor-element elementor-element-35a3e6d elementor-widget elementor-widget-text-editor\" data-id=\"35a3e6d\" data-element_type=\"widget\" data-widget_type=\"text-editor.default\">\r\n\t\t\t\t<div class=\"elementor-widget-container\">\r\n\t\t\t\t\t\t\t\t\t<ol style=\"font-family: 'Open Sans', sans-serif;font-size: 18px;font-weight: 400;font-style: normal;letter-spacing: 0.1px\"><li style=\"font-size: 18px\">Isolieren;<\/li><li style=\"font-size: 18px\">Schl\u00fcssel\u00fcbergabe;<\/li><li style=\"font-size: 18px\">Art des Zugriffs.<\/li><\/ol><p>Der Schl\u00fcssel ist gesperrt, solange die Maschine l\u00e4uft. Die einzige M\u00f6glichkeit, den Schl\u00fcssel zu entfernen, besteht darin, die Gefahr zu isolieren, der Schl\u00fcssel wird dann freigegeben. Mit diesem freigegebenen (Trennschl\u00fcssel) erhalten Sie direkten Zugang zum Gefahrenbereich. Eine Schl\u00fcsselwechseleinheit wird f\u00fcr mehrere Eingangst\u00fcren verwendet.<\/p><p>Der Schl\u00fcssel bleibt gesperrt, solange das Tor oder die T\u00fcr ge\u00f6ffnet ist, und wird erst freigegeben, wenn das Tor oder die T\u00fcr geschlossen ist und die Maschine nicht gestartet werden kann.<\/p><p>Zur Anwendung des Sicherheitssystems sind folgende Punkte wichtig:<\/p><ul style=\"font-family: 'Open Sans', sans-serif;font-size: 18px;font-weight: 400;font-style: normal;margin-bottom: 1.57em;letter-spacing: 0.1px\"><li style=\"font-size: 18px\">Was wird isoliert?<\/li><li style=\"font-size: 18px\">Der Betriebsablauf zum Starten und Stoppen von Ger\u00e4ten.<\/li><li style=\"font-size: 18px\"><p>Die Anzahl der Systeme, die isoliert werden m\u00fcssen, um den Zugriff sicher zu machen.<\/p><\/li><li style=\"font-size: 18px\"><p>Erforderliche Zeitverz\u00f6gerung f\u00fcr sicheren Zugriff.<\/p><\/li><li style=\"font-size: 18px\"><p>Die Anzahl der Zugriffspunkte.<\/p><\/li><li style=\"font-size: 18px\"><p>Die Art des Zugriffs (vollst\u00e4ndig oder teilweise).<\/p><\/li><li style=\"font-size: 18px\"><p>Die Schwere der m\u00f6glichen Verletzung.<\/p><\/li><li style=\"font-size: 18px\"><p>Die F\u00e4higkeit, der Gefahr auszuweichen.<\/p><\/li><li style=\"font-size: 18px\"><p>Die Art der Gefahr.<\/p><\/li><li style=\"font-size: 18px\"><p>Verf\u00fcgbare Energiequellen.<\/p><\/li><li style=\"font-size: 18px\"><p>Die Betriebsumgebung.<\/p><\/li><li style=\"font-size: 18px\"><p>Die Verwendung von Risikobewertungen als Richtlinie, um zu untersuchen, wie das Sicherheitssystem funktionieren kann.<\/p><\/li><\/ul><div>Anwendungsbeispiele:<\/div><div><a href=\"https:\/\/www.tsa-interlocks.com\/de\/wp-content\/uploads\/sites\/2\/2024\/05\/Absichern-von-Chemischen-Produktionsanlagen.pdf\" target=\"_blank\" rel=\"noopener\">&#8211; Chemische Produktionsanlagen<\/a><\/div><div><a href=\"https:\/\/www.tsa-interlocks.com\/de\/wp-content\/uploads\/sites\/2\/2024\/05\/Motorstillstandsuberwachung-Mixer.pdf\" target=\"_blank\" rel=\"noopener\">&#8211; Motorstillstand\u00fcberwachung<\/a><br \/><a href=\"https:\/\/www.tsa-interlocks.com\/de\/wp-content\/uploads\/sites\/2\/2024\/05\/Ventilverriegelung-MBV.pdf\" target=\"_blank\" rel=\"noopener\">&#8211; Kugelhahnverriegelung<\/a><\/div><div><a href=\"https:\/\/www.tsa-interlocks.com\/de\/wp-content\/uploads\/sites\/2\/2024\/05\/Statische-Filtrierungsanlage.pdf\" target=\"_blank\" rel=\"noopener\">&#8211; Elektrostatischer Filter<\/a><\/div><div><a href=\"https:\/\/www.tsa-interlocks.com\/de\/wp-content\/uploads\/sites\/2\/2024\/05\/Salvo-Anwendungsbeispiel.pdf\" target=\"_blank\" rel=\"noopener\">&#8211; Laderampensicherheit<\/a><\/div>\t\t\t\t\t\t\t\t<\/div>\r\n\t\t\t\t<\/div>\r\n\t\t\t\t\t<\/div>\r\n\t\t<\/div>\r\n\t\t\t\t\t<\/div>\r\n\t\t<\/section>\r\n\t\t\t\t<section class=\"elementor-section elementor-top-section elementor-element elementor-element-1b1b70a elementor-section-boxed elementor-section-height-default elementor-section-height-default\" data-id=\"1b1b70a\" data-element_type=\"section\">\r\n\t\t\t\t\t\t<div class=\"elementor-container elementor-column-gap-default\">\r\n\t\t\t\t\t<div class=\"elementor-column elementor-col-100 elementor-top-column elementor-element elementor-element-cef26df\" data-id=\"cef26df\" data-element_type=\"column\">\r\n\t\t\t<div class=\"elementor-widget-wrap\">\r\n\t\t\t\t\t\t\t<\/div>\r\n\t\t<\/div>\r\n\t\t\t\t\t<\/div>\r\n\t\t<\/section>\r\n\t\t\t\t<\/div>\r\n\t\t","protected":false},"excerpt":{"rendered":"<p>Schl\u00fcsselverriegelung Die Schl\u00fcsselverriegelung stellt sicher, dass Prozesse eingehalten werden, ohne umgangen oder verk\u00fcrzt zu werden. Schl\u00fcsselschl\u00f6sser, auch Schleusensysteme genannt, werden zum mechanischen Schutz von Maschinen und Prozessen eingesetzt. Die Schl\u00fcssel\u00fcbergabe&hellip;<\/p>\n","protected":false},"author":1,"featured_media":2150,"parent":0,"menu_order":0,"comment_status":"closed","ping_status":"closed","template":"","meta":{"editor_notices":[],"footnotes":""},"yoast_head":"<!-- This site is optimized with the Yoast SEO plugin v24.5 - https:\/\/yoast.com\/wordpress\/plugins\/seo\/ -->\n<title>Schl\u00fcsselverriegelung - TSA Interlocks<\/title>\n<meta name=\"description\" content=\"Die Schl\u00fcsselverriegelung stellt sicher, dass Prozesse eingehalten werden, ohne umgangen oder verk\u00fcrzt zu werden.\" \/>\n<meta name=\"robots\" content=\"index, follow, max-snippet:-1, max-image-preview:large, max-video-preview:-1\" \/>\n<link rel=\"canonical\" href=\"https:\/\/www.tsa-interlocks.com\/de\/schlusselverriegelung\/\" \/>\n<meta property=\"og:locale\" content=\"en_US\" \/>\n<meta property=\"og:type\" content=\"article\" \/>\n<meta property=\"og:title\" content=\"Schl\u00fcsselverriegelung - TSA Interlocks\" \/>\n<meta property=\"og:description\" content=\"Die Schl\u00fcsselverriegelung stellt sicher, dass Prozesse eingehalten werden, ohne umgangen oder verk\u00fcrzt zu werden.\" \/>\n<meta property=\"og:url\" content=\"https:\/\/www.tsa-interlocks.com\/de\/schlusselverriegelung\/\" \/>\n<meta property=\"og:site_name\" content=\"TSA Interlocks\" \/>\n<meta property=\"article:modified_time\" content=\"2024-05-27T10:02:41+00:00\" \/>\n<meta property=\"og:image\" content=\"https:\/\/www.tsa-interlocks.com\/de\/wp-content\/uploads\/sites\/2\/2022\/05\/trapped-key-interlocking-3.png\" \/>\n\t<meta property=\"og:image:width\" content=\"944\" \/>\n\t<meta property=\"og:image:height\" content=\"703\" \/>\n\t<meta property=\"og:image:type\" content=\"image\/png\" \/>\n<meta name=\"twitter:card\" content=\"summary_large_image\" \/>\n<meta name=\"twitter:label1\" content=\"Est. reading time\" \/>\n\t<meta name=\"twitter:data1\" content=\"2 minutes\" \/>\n<script type=\"application\/ld+json\" class=\"yoast-schema-graph\">{\"@context\":\"https:\/\/schema.org\",\"@graph\":[{\"@type\":\"WebPage\",\"@id\":\"https:\/\/www.tsa-interlocks.com\/de\/schlusselverriegelung\/\",\"url\":\"https:\/\/www.tsa-interlocks.com\/de\/schlusselverriegelung\/\",\"name\":\"Schl\u00fcsselverriegelung - TSA Interlocks\",\"isPartOf\":{\"@id\":\"https:\/\/www.tsa-interlocks.com\/de\/#website\"},\"primaryImageOfPage\":{\"@id\":\"https:\/\/www.tsa-interlocks.com\/de\/schlusselverriegelung\/#primaryimage\"},\"image\":{\"@id\":\"https:\/\/www.tsa-interlocks.com\/de\/schlusselverriegelung\/#primaryimage\"},\"thumbnailUrl\":\"https:\/\/accept.tsa-interlocks.com.bmade.it\/de\/wp-content\/uploads\/sites\/2\/2022\/05\/trapped-key-interlocking-3.png\",\"datePublished\":\"2022-03-16T12:37:24+00:00\",\"dateModified\":\"2024-05-27T10:02:41+00:00\",\"description\":\"Die Schl\u00fcsselverriegelung stellt sicher, dass Prozesse eingehalten werden, ohne umgangen oder verk\u00fcrzt zu werden.\",\"breadcrumb\":{\"@id\":\"https:\/\/www.tsa-interlocks.com\/de\/schlusselverriegelung\/#breadcrumb\"},\"inLanguage\":\"en-US\",\"potentialAction\":[{\"@type\":\"ReadAction\",\"target\":[\"https:\/\/www.tsa-interlocks.com\/de\/schlusselverriegelung\/\"]}]},{\"@type\":\"ImageObject\",\"inLanguage\":\"en-US\",\"@id\":\"https:\/\/www.tsa-interlocks.com\/de\/schlusselverriegelung\/#primaryimage\",\"url\":\"https:\/\/accept.tsa-interlocks.com.bmade.it\/de\/wp-content\/uploads\/sites\/2\/2022\/05\/trapped-key-interlocking-3.png\",\"contentUrl\":\"https:\/\/accept.tsa-interlocks.com.bmade.it\/de\/wp-content\/uploads\/sites\/2\/2022\/05\/trapped-key-interlocking-3.png\",\"width\":944,\"height\":703},{\"@type\":\"WebSite\",\"@id\":\"https:\/\/www.tsa-interlocks.com\/de\/#website\",\"url\":\"https:\/\/www.tsa-interlocks.com\/de\/\",\"name\":\"TSA Interlocks\",\"description\":\"\",\"publisher\":{\"@id\":\"https:\/\/www.tsa-interlocks.com\/de\/#organization\"},\"potentialAction\":[{\"@type\":\"SearchAction\",\"target\":{\"@type\":\"EntryPoint\",\"urlTemplate\":\"https:\/\/www.tsa-interlocks.com\/de\/?s={search_term_string}\"},\"query-input\":{\"@type\":\"PropertyValueSpecification\",\"valueRequired\":true,\"valueName\":\"search_term_string\"}}],\"inLanguage\":\"en-US\"},{\"@type\":\"Organization\",\"@id\":\"https:\/\/www.tsa-interlocks.com\/de\/#organization\",\"name\":\"TSA Interlocks\",\"url\":\"https:\/\/www.tsa-interlocks.com\/de\/\",\"logo\":{\"@type\":\"ImageObject\",\"inLanguage\":\"en-US\",\"@id\":\"https:\/\/www.tsa-interlocks.com\/de\/#\/schema\/logo\/image\/\",\"url\":\"https:\/\/accept.tsa-interlocks.com.bmade.it\/de\/wp-content\/uploads\/sites\/2\/2022\/01\/Logo-TSA-Safety-Services-PNG.png\",\"contentUrl\":\"https:\/\/accept.tsa-interlocks.com.bmade.it\/de\/wp-content\/uploads\/sites\/2\/2022\/01\/Logo-TSA-Safety-Services-PNG.png\",\"width\":5000,\"height\":2212,\"caption\":\"TSA Interlocks\"},\"image\":{\"@id\":\"https:\/\/www.tsa-interlocks.com\/de\/#\/schema\/logo\/image\/\"}}]}<\/script>\n<!-- \/ Yoast SEO plugin. -->","yoast_head_json":{"title":"Schl\u00fcsselverriegelung - TSA Interlocks","description":"Die Schl\u00fcsselverriegelung stellt sicher, dass Prozesse eingehalten werden, ohne umgangen oder verk\u00fcrzt zu werden.","robots":{"index":"index","follow":"follow","max-snippet":"max-snippet:-1","max-image-preview":"max-image-preview:large","max-video-preview":"max-video-preview:-1"},"canonical":"https:\/\/www.tsa-interlocks.com\/de\/schlusselverriegelung\/","og_locale":"en_US","og_type":"article","og_title":"Schl\u00fcsselverriegelung - TSA Interlocks","og_description":"Die Schl\u00fcsselverriegelung stellt sicher, dass Prozesse eingehalten werden, ohne umgangen oder verk\u00fcrzt zu werden.","og_url":"https:\/\/www.tsa-interlocks.com\/de\/schlusselverriegelung\/","og_site_name":"TSA Interlocks","article_modified_time":"2024-05-27T10:02:41+00:00","og_image":[{"width":944,"height":703,"url":"https:\/\/www.tsa-interlocks.com\/de\/wp-content\/uploads\/sites\/2\/2022\/05\/trapped-key-interlocking-3.png","type":"image\/png"}],"twitter_card":"summary_large_image","twitter_misc":{"Est. reading time":"2 minutes"},"schema":{"@context":"https:\/\/schema.org","@graph":[{"@type":"WebPage","@id":"https:\/\/www.tsa-interlocks.com\/de\/schlusselverriegelung\/","url":"https:\/\/www.tsa-interlocks.com\/de\/schlusselverriegelung\/","name":"Schl\u00fcsselverriegelung - TSA Interlocks","isPartOf":{"@id":"https:\/\/www.tsa-interlocks.com\/de\/#website"},"primaryImageOfPage":{"@id":"https:\/\/www.tsa-interlocks.com\/de\/schlusselverriegelung\/#primaryimage"},"image":{"@id":"https:\/\/www.tsa-interlocks.com\/de\/schlusselverriegelung\/#primaryimage"},"thumbnailUrl":"https:\/\/accept.tsa-interlocks.com.bmade.it\/de\/wp-content\/uploads\/sites\/2\/2022\/05\/trapped-key-interlocking-3.png","datePublished":"2022-03-16T12:37:24+00:00","dateModified":"2024-05-27T10:02:41+00:00","description":"Die Schl\u00fcsselverriegelung stellt sicher, dass Prozesse eingehalten werden, ohne umgangen oder verk\u00fcrzt zu werden.","breadcrumb":{"@id":"https:\/\/www.tsa-interlocks.com\/de\/schlusselverriegelung\/#breadcrumb"},"inLanguage":"en-US","potentialAction":[{"@type":"ReadAction","target":["https:\/\/www.tsa-interlocks.com\/de\/schlusselverriegelung\/"]}]},{"@type":"ImageObject","inLanguage":"en-US","@id":"https:\/\/www.tsa-interlocks.com\/de\/schlusselverriegelung\/#primaryimage","url":"https:\/\/accept.tsa-interlocks.com.bmade.it\/de\/wp-content\/uploads\/sites\/2\/2022\/05\/trapped-key-interlocking-3.png","contentUrl":"https:\/\/accept.tsa-interlocks.com.bmade.it\/de\/wp-content\/uploads\/sites\/2\/2022\/05\/trapped-key-interlocking-3.png","width":944,"height":703},{"@type":"WebSite","@id":"https:\/\/www.tsa-interlocks.com\/de\/#website","url":"https:\/\/www.tsa-interlocks.com\/de\/","name":"TSA Interlocks","description":"","publisher":{"@id":"https:\/\/www.tsa-interlocks.com\/de\/#organization"},"potentialAction":[{"@type":"SearchAction","target":{"@type":"EntryPoint","urlTemplate":"https:\/\/www.tsa-interlocks.com\/de\/?s={search_term_string}"},"query-input":{"@type":"PropertyValueSpecification","valueRequired":true,"valueName":"search_term_string"}}],"inLanguage":"en-US"},{"@type":"Organization","@id":"https:\/\/www.tsa-interlocks.com\/de\/#organization","name":"TSA Interlocks","url":"https:\/\/www.tsa-interlocks.com\/de\/","logo":{"@type":"ImageObject","inLanguage":"en-US","@id":"https:\/\/www.tsa-interlocks.com\/de\/#\/schema\/logo\/image\/","url":"https:\/\/accept.tsa-interlocks.com.bmade.it\/de\/wp-content\/uploads\/sites\/2\/2022\/01\/Logo-TSA-Safety-Services-PNG.png","contentUrl":"https:\/\/accept.tsa-interlocks.com.bmade.it\/de\/wp-content\/uploads\/sites\/2\/2022\/01\/Logo-TSA-Safety-Services-PNG.png","width":5000,"height":2212,"caption":"TSA Interlocks"},"image":{"@id":"https:\/\/www.tsa-interlocks.com\/de\/#\/schema\/logo\/image\/"}}]}},"_links":{"self":[{"href":"https:\/\/accept.tsa-interlocks.com.bmade.it\/de\/wp-json\/wp\/v2\/pages\/895"}],"collection":[{"href":"https:\/\/accept.tsa-interlocks.com.bmade.it\/de\/wp-json\/wp\/v2\/pages"}],"about":[{"href":"https:\/\/accept.tsa-interlocks.com.bmade.it\/de\/wp-json\/wp\/v2\/types\/page"}],"author":[{"embeddable":true,"href":"https:\/\/accept.tsa-interlocks.com.bmade.it\/de\/wp-json\/wp\/v2\/users\/1"}],"replies":[{"embeddable":true,"href":"https:\/\/accept.tsa-interlocks.com.bmade.it\/de\/wp-json\/wp\/v2\/comments?post=895"}],"version-history":[{"count":15,"href":"https:\/\/accept.tsa-interlocks.com.bmade.it\/de\/wp-json\/wp\/v2\/pages\/895\/revisions"}],"predecessor-version":[{"id":3263,"href":"https:\/\/accept.tsa-interlocks.com.bmade.it\/de\/wp-json\/wp\/v2\/pages\/895\/revisions\/3263"}],"wp:featuredmedia":[{"embeddable":true,"href":"https:\/\/accept.tsa-interlocks.com.bmade.it\/de\/wp-json\/wp\/v2\/media\/2150"}],"wp:attachment":[{"href":"https:\/\/accept.tsa-interlocks.com.bmade.it\/de\/wp-json\/wp\/v2\/media?parent=895"}],"curies":[{"name":"wp","href":"https:\/\/api.w.org\/{rel}","templated":true}]}}