{"id":1152,"date":"2022-04-04T14:32:21","date_gmt":"2022-04-04T14:32:21","guid":{"rendered":"https:\/\/www.tsa-interlocks.com\/?post_type=product&#038;p=1152"},"modified":"2024-06-17T12:34:15","modified_gmt":"2024-06-17T12:34:15","slug":"kl-dual-key-bolt-interlock","status":"publish","type":"product","link":"https:\/\/accept.tsa-interlocks.com.bmade.it\/de\/product\/kl-dual-key-bolt-interlock\/","title":{"rendered":"KL &#8211; Bolzenverriegelung"},"content":{"rendered":"<div class=\"mt-0 heading\">\n<p>Das Doppelschl\u00fcsselschloss KL-Bolt eignet sich zum Abschlie\u00dfen von elektrischen Schaltger\u00e4ten. Die Standardeinheit wird mit einem Stift mit 15,88 mm Durchmesser geliefert und ist in verschiedenen L\u00e4ngen erh\u00e4ltlich. Die Verriegelung, die verwendet wird, um die Drehung oder Bewegung von Steuerhebeln oder Schaltern von elektrischen Schaltger\u00e4ten zu steuern. Viele Schaltanlagenlieferanten haben Montages\u00e4tze f\u00fcr die Verriegelungen im Angebot. Das Schloss ist aus Messing oder Edelstahl gefertigt. Der KL-Bolzen ist mit Doppel- oder Wechselschl\u00fcssel erh\u00e4ltlich.<\/p>\n<p><strong><a href=\"https:\/\/www.tsa-interlocks.com\/de\/wp-content\/uploads\/sites\/2\/2024\/05\/KL_Jan_23.pdf\">Bedienungsanleitung &amp; weitere Informationen &gt;&gt;<\/a><\/strong><\/p>\n<\/div>\n","protected":false},"excerpt":{"rendered":"<p>Das Doppelschl\u00fcsselschloss KL-Bolt eignet sich zum Abschlie\u00dfen von elektrischen Schaltger\u00e4ten. Die Standardeinheit wird mit einem Stift mit 15,88 mm Durchmesser geliefert und ist in verschiedenen L\u00e4ngen erh\u00e4ltlich. Die Verriegelung, die&hellip;<\/p>\n","protected":false},"featured_media":1797,"comment_status":"closed","ping_status":"closed","template":"","meta":[],"product_brand":[],"product_cat":[23],"product_tag":[],"yoast_head":"<!-- This site is optimized with the Yoast SEO plugin v24.5 - https:\/\/yoast.com\/wordpress\/plugins\/seo\/ -->\n<title>KL - Bolzenverriegelung - TSA Interlocks<\/title>\n<meta name=\"description\" content=\"Das Doppelschl\u00fcsselschloss KL-Bolt eignet sich zum Abschlie\u00dfen von elektrischen Schaltger\u00e4ten und wird mit einem Stift mit 15,88 mm Durchmesser geliefert.\" \/>\n<meta name=\"robots\" content=\"index, follow, max-snippet:-1, max-image-preview:large, max-video-preview:-1\" \/>\n<link rel=\"canonical\" href=\"https:\/\/www.tsa-interlocks.com\/de\/product\/kl-dual-key-bolt-interlock\/\" \/>\n<meta property=\"og:locale\" content=\"en_US\" \/>\n<meta property=\"og:type\" content=\"article\" \/>\n<meta property=\"og:title\" content=\"KL - Bolzenverriegelung - TSA Interlocks\" \/>\n<meta property=\"og:description\" content=\"Das Doppelschl\u00fcsselschloss KL-Bolt eignet sich zum Abschlie\u00dfen von elektrischen Schaltger\u00e4ten und wird mit einem Stift mit 15,88 mm Durchmesser geliefert.\" \/>\n<meta property=\"og:url\" content=\"https:\/\/www.tsa-interlocks.com\/de\/product\/kl-dual-key-bolt-interlock\/\" \/>\n<meta property=\"og:site_name\" content=\"TSA Interlocks\" \/>\n<meta property=\"article:modified_time\" content=\"2024-06-17T12:34:15+00:00\" \/>\n<meta property=\"og:image\" content=\"https:\/\/www.tsa-interlocks.com\/de\/wp-content\/uploads\/sites\/2\/2022\/04\/KL-bolt-met-dubbele-vergrendeling.png\" \/>\n\t<meta property=\"og:image:width\" content=\"944\" \/>\n\t<meta property=\"og:image:height\" content=\"703\" \/>\n\t<meta property=\"og:image:type\" content=\"image\/png\" \/>\n<meta name=\"twitter:card\" content=\"summary_large_image\" \/>\n<meta name=\"twitter:label1\" content=\"Est. reading time\" \/>\n\t<meta name=\"twitter:data1\" content=\"1 minute\" \/>\n<script type=\"application\/ld+json\" class=\"yoast-schema-graph\">{\"@context\":\"https:\/\/schema.org\",\"@graph\":[{\"@type\":\"WebPage\",\"@id\":\"https:\/\/www.tsa-interlocks.com\/de\/product\/kl-dual-key-bolt-interlock\/\",\"url\":\"https:\/\/www.tsa-interlocks.com\/de\/product\/kl-dual-key-bolt-interlock\/\",\"name\":\"KL - Bolzenverriegelung - TSA Interlocks\",\"isPartOf\":{\"@id\":\"https:\/\/www.tsa-interlocks.com\/de\/#website\"},\"primaryImageOfPage\":{\"@id\":\"https:\/\/www.tsa-interlocks.com\/de\/product\/kl-dual-key-bolt-interlock\/#primaryimage\"},\"image\":{\"@id\":\"https:\/\/www.tsa-interlocks.com\/de\/product\/kl-dual-key-bolt-interlock\/#primaryimage\"},\"thumbnailUrl\":\"https:\/\/accept.tsa-interlocks.com.bmade.it\/de\/wp-content\/uploads\/sites\/2\/2022\/04\/KL-bolt-met-dubbele-vergrendeling.png\",\"datePublished\":\"2022-04-04T14:32:21+00:00\",\"dateModified\":\"2024-06-17T12:34:15+00:00\",\"description\":\"Das Doppelschl\u00fcsselschloss KL-Bolt eignet sich zum Abschlie\u00dfen von elektrischen Schaltger\u00e4ten und wird mit einem Stift mit 15,88 mm Durchmesser geliefert.\",\"breadcrumb\":{\"@id\":\"https:\/\/www.tsa-interlocks.com\/de\/product\/kl-dual-key-bolt-interlock\/#breadcrumb\"},\"inLanguage\":\"en-US\",\"potentialAction\":[{\"@type\":\"ReadAction\",\"target\":[\"https:\/\/www.tsa-interlocks.com\/de\/product\/kl-dual-key-bolt-interlock\/\"]}]},{\"@type\":\"ImageObject\",\"inLanguage\":\"en-US\",\"@id\":\"https:\/\/www.tsa-interlocks.com\/de\/product\/kl-dual-key-bolt-interlock\/#primaryimage\",\"url\":\"https:\/\/accept.tsa-interlocks.com.bmade.it\/de\/wp-content\/uploads\/sites\/2\/2022\/04\/KL-bolt-met-dubbele-vergrendeling.png\",\"contentUrl\":\"https:\/\/accept.tsa-interlocks.com.bmade.it\/de\/wp-content\/uploads\/sites\/2\/2022\/04\/KL-bolt-met-dubbele-vergrendeling.png\",\"width\":944,\"height\":703},{\"@type\":\"WebSite\",\"@id\":\"https:\/\/www.tsa-interlocks.com\/de\/#website\",\"url\":\"https:\/\/www.tsa-interlocks.com\/de\/\",\"name\":\"TSA Interlocks\",\"description\":\"\",\"publisher\":{\"@id\":\"https:\/\/www.tsa-interlocks.com\/de\/#organization\"},\"potentialAction\":[{\"@type\":\"SearchAction\",\"target\":{\"@type\":\"EntryPoint\",\"urlTemplate\":\"https:\/\/www.tsa-interlocks.com\/de\/?s={search_term_string}\"},\"query-input\":{\"@type\":\"PropertyValueSpecification\",\"valueRequired\":true,\"valueName\":\"search_term_string\"}}],\"inLanguage\":\"en-US\"},{\"@type\":\"Organization\",\"@id\":\"https:\/\/www.tsa-interlocks.com\/de\/#organization\",\"name\":\"TSA Interlocks\",\"url\":\"https:\/\/www.tsa-interlocks.com\/de\/\",\"logo\":{\"@type\":\"ImageObject\",\"inLanguage\":\"en-US\",\"@id\":\"https:\/\/www.tsa-interlocks.com\/de\/#\/schema\/logo\/image\/\",\"url\":\"https:\/\/accept.tsa-interlocks.com.bmade.it\/de\/wp-content\/uploads\/sites\/2\/2022\/01\/Logo-TSA-Safety-Services-PNG.png\",\"contentUrl\":\"https:\/\/accept.tsa-interlocks.com.bmade.it\/de\/wp-content\/uploads\/sites\/2\/2022\/01\/Logo-TSA-Safety-Services-PNG.png\",\"width\":5000,\"height\":2212,\"caption\":\"TSA Interlocks\"},\"image\":{\"@id\":\"https:\/\/www.tsa-interlocks.com\/de\/#\/schema\/logo\/image\/\"}}]}<\/script>\n<!-- \/ Yoast SEO plugin. -->","yoast_head_json":{"title":"KL - Bolzenverriegelung - TSA Interlocks","description":"Das Doppelschl\u00fcsselschloss KL-Bolt eignet sich zum Abschlie\u00dfen von elektrischen Schaltger\u00e4ten und wird mit einem Stift mit 15,88 mm Durchmesser geliefert.","robots":{"index":"index","follow":"follow","max-snippet":"max-snippet:-1","max-image-preview":"max-image-preview:large","max-video-preview":"max-video-preview:-1"},"canonical":"https:\/\/www.tsa-interlocks.com\/de\/product\/kl-dual-key-bolt-interlock\/","og_locale":"en_US","og_type":"article","og_title":"KL - Bolzenverriegelung - TSA Interlocks","og_description":"Das Doppelschl\u00fcsselschloss KL-Bolt eignet sich zum Abschlie\u00dfen von elektrischen Schaltger\u00e4ten und wird mit einem Stift mit 15,88 mm Durchmesser geliefert.","og_url":"https:\/\/www.tsa-interlocks.com\/de\/product\/kl-dual-key-bolt-interlock\/","og_site_name":"TSA Interlocks","article_modified_time":"2024-06-17T12:34:15+00:00","og_image":[{"width":944,"height":703,"url":"https:\/\/www.tsa-interlocks.com\/de\/wp-content\/uploads\/sites\/2\/2022\/04\/KL-bolt-met-dubbele-vergrendeling.png","type":"image\/png"}],"twitter_card":"summary_large_image","twitter_misc":{"Est. reading time":"1 minute"},"schema":{"@context":"https:\/\/schema.org","@graph":[{"@type":"WebPage","@id":"https:\/\/www.tsa-interlocks.com\/de\/product\/kl-dual-key-bolt-interlock\/","url":"https:\/\/www.tsa-interlocks.com\/de\/product\/kl-dual-key-bolt-interlock\/","name":"KL - Bolzenverriegelung - TSA Interlocks","isPartOf":{"@id":"https:\/\/www.tsa-interlocks.com\/de\/#website"},"primaryImageOfPage":{"@id":"https:\/\/www.tsa-interlocks.com\/de\/product\/kl-dual-key-bolt-interlock\/#primaryimage"},"image":{"@id":"https:\/\/www.tsa-interlocks.com\/de\/product\/kl-dual-key-bolt-interlock\/#primaryimage"},"thumbnailUrl":"https:\/\/accept.tsa-interlocks.com.bmade.it\/de\/wp-content\/uploads\/sites\/2\/2022\/04\/KL-bolt-met-dubbele-vergrendeling.png","datePublished":"2022-04-04T14:32:21+00:00","dateModified":"2024-06-17T12:34:15+00:00","description":"Das Doppelschl\u00fcsselschloss KL-Bolt eignet sich zum Abschlie\u00dfen von elektrischen Schaltger\u00e4ten und wird mit einem Stift mit 15,88 mm Durchmesser geliefert.","breadcrumb":{"@id":"https:\/\/www.tsa-interlocks.com\/de\/product\/kl-dual-key-bolt-interlock\/#breadcrumb"},"inLanguage":"en-US","potentialAction":[{"@type":"ReadAction","target":["https:\/\/www.tsa-interlocks.com\/de\/product\/kl-dual-key-bolt-interlock\/"]}]},{"@type":"ImageObject","inLanguage":"en-US","@id":"https:\/\/www.tsa-interlocks.com\/de\/product\/kl-dual-key-bolt-interlock\/#primaryimage","url":"https:\/\/accept.tsa-interlocks.com.bmade.it\/de\/wp-content\/uploads\/sites\/2\/2022\/04\/KL-bolt-met-dubbele-vergrendeling.png","contentUrl":"https:\/\/accept.tsa-interlocks.com.bmade.it\/de\/wp-content\/uploads\/sites\/2\/2022\/04\/KL-bolt-met-dubbele-vergrendeling.png","width":944,"height":703},{"@type":"WebSite","@id":"https:\/\/www.tsa-interlocks.com\/de\/#website","url":"https:\/\/www.tsa-interlocks.com\/de\/","name":"TSA Interlocks","description":"","publisher":{"@id":"https:\/\/www.tsa-interlocks.com\/de\/#organization"},"potentialAction":[{"@type":"SearchAction","target":{"@type":"EntryPoint","urlTemplate":"https:\/\/www.tsa-interlocks.com\/de\/?s={search_term_string}"},"query-input":{"@type":"PropertyValueSpecification","valueRequired":true,"valueName":"search_term_string"}}],"inLanguage":"en-US"},{"@type":"Organization","@id":"https:\/\/www.tsa-interlocks.com\/de\/#organization","name":"TSA Interlocks","url":"https:\/\/www.tsa-interlocks.com\/de\/","logo":{"@type":"ImageObject","inLanguage":"en-US","@id":"https:\/\/www.tsa-interlocks.com\/de\/#\/schema\/logo\/image\/","url":"https:\/\/accept.tsa-interlocks.com.bmade.it\/de\/wp-content\/uploads\/sites\/2\/2022\/01\/Logo-TSA-Safety-Services-PNG.png","contentUrl":"https:\/\/accept.tsa-interlocks.com.bmade.it\/de\/wp-content\/uploads\/sites\/2\/2022\/01\/Logo-TSA-Safety-Services-PNG.png","width":5000,"height":2212,"caption":"TSA Interlocks"},"image":{"@id":"https:\/\/www.tsa-interlocks.com\/de\/#\/schema\/logo\/image\/"}}]}},"_links":{"self":[{"href":"https:\/\/accept.tsa-interlocks.com.bmade.it\/de\/wp-json\/wp\/v2\/product\/1152"}],"collection":[{"href":"https:\/\/accept.tsa-interlocks.com.bmade.it\/de\/wp-json\/wp\/v2\/product"}],"about":[{"href":"https:\/\/accept.tsa-interlocks.com.bmade.it\/de\/wp-json\/wp\/v2\/types\/product"}],"replies":[{"embeddable":true,"href":"https:\/\/accept.tsa-interlocks.com.bmade.it\/de\/wp-json\/wp\/v2\/comments?post=1152"}],"wp:featuredmedia":[{"embeddable":true,"href":"https:\/\/accept.tsa-interlocks.com.bmade.it\/de\/wp-json\/wp\/v2\/media\/1797"}],"wp:attachment":[{"href":"https:\/\/accept.tsa-interlocks.com.bmade.it\/de\/wp-json\/wp\/v2\/media?parent=1152"}],"wp:term":[{"taxonomy":"product_brand","embeddable":true,"href":"https:\/\/accept.tsa-interlocks.com.bmade.it\/de\/wp-json\/wp\/v2\/product_brand?post=1152"},{"taxonomy":"product_cat","embeddable":true,"href":"https:\/\/accept.tsa-interlocks.com.bmade.it\/de\/wp-json\/wp\/v2\/product_cat?post=1152"},{"taxonomy":"product_tag","embeddable":true,"href":"https:\/\/accept.tsa-interlocks.com.bmade.it\/de\/wp-json\/wp\/v2\/product_tag?post=1152"}],"curies":[{"name":"wp","href":"https:\/\/api.w.org\/{rel}","templated":true}]}}