{"id":1162,"date":"2022-04-04T14:44:09","date_gmt":"2022-04-04T14:44:09","guid":{"rendered":"https:\/\/www.tsa-interlocks.com\/?post_type=product&#038;p=1162"},"modified":"2024-05-24T08:59:10","modified_gmt":"2024-05-24T08:59:10","slug":"kc-claw-interlock","status":"publish","type":"product","link":"https:\/\/accept.tsa-interlocks.com.bmade.it\/de\/product\/kc-claw-interlock\/","title":{"rendered":"KC &#8211; Klauenverriegelung"},"content":{"rendered":"<div class=\"mt-0 heading\">\n<div class=\"mt-0 heading\">\n<div class=\"mt-0 heading\">\n<div class=\"mt-0 heading\">\n<div class=\"mt-0 heading\">\n<div class=\"mt-0 heading\">\n<div class=\"mt-0 heading\">\n<div class=\"mt-0 heading\">\n<div class=\"mt-0 heading\">\n<p>Die KC-Verriegelung ist eine schl\u00fcsselbet\u00e4tigte mechanische Verriegelung, die f\u00fcr den Betrieb von elektrischen Schaltanlagen geeignet ist. Die Standardeinheit wird mit einem Stift und einer Klaue mit einem Durchmesser von 15,88 mm geliefert, die verwendet werden, um die Drehung oder Bewegung der Steuerhebel oder Schalter von elektrischen Schaltanlagen zu steuern. Die L\u00e4nge des Riegels und die Abmessungen der Klaue sind je nach Bedarf variabel. Das Produkt ist in Messing oder Edelstahl erh\u00e4ltlich.<\/p>\n<p><strong><a href=\"https:\/\/www.tsa-interlocks.com\/de\/wp-content\/uploads\/sites\/2\/2024\/05\/KC_Jan_23.pdf\">Bedienungsanleitung &amp; weitere Informationen &gt;&gt;<\/a><\/strong><\/p>\n<\/div>\n<\/div>\n<\/div>\n<\/div>\n<\/div>\n<\/div>\n<\/div>\n<\/div>\n<\/div>\n","protected":false},"excerpt":{"rendered":"<p>Die KC-Verriegelung ist eine schl\u00fcsselbet\u00e4tigte mechanische Verriegelung, die f\u00fcr den Betrieb von elektrischen Schaltanlagen geeignet ist. Die Standardeinheit wird mit einem Stift und einer Klaue mit einem Durchmesser von 15,88&hellip;<\/p>\n","protected":false},"featured_media":1795,"comment_status":"closed","ping_status":"closed","template":"","meta":[],"product_brand":[],"product_cat":[23],"product_tag":[],"yoast_head":"<!-- This site is optimized with the Yoast SEO plugin v24.5 - https:\/\/yoast.com\/wordpress\/plugins\/seo\/ -->\n<title>KC - Klauenverriegelung - TSA Interlocks<\/title>\n<meta name=\"description\" content=\"Die KC-Verriegelung ist eine schl\u00fcsselbet\u00e4tigte mechanische Verriegelung, die f\u00fcr den Betrieb von elektrischen Schaltanlagen geeignet ist.\" \/>\n<meta name=\"robots\" content=\"index, follow, max-snippet:-1, max-image-preview:large, max-video-preview:-1\" \/>\n<link rel=\"canonical\" href=\"https:\/\/www.tsa-interlocks.com\/de\/product\/kc-claw-interlock\/\" \/>\n<meta property=\"og:locale\" content=\"en_US\" \/>\n<meta property=\"og:type\" content=\"article\" \/>\n<meta property=\"og:title\" content=\"KC - Klauenverriegelung - TSA Interlocks\" \/>\n<meta property=\"og:description\" content=\"Die KC-Verriegelung ist eine schl\u00fcsselbet\u00e4tigte mechanische Verriegelung, die f\u00fcr den Betrieb von elektrischen Schaltanlagen geeignet ist.\" \/>\n<meta property=\"og:url\" content=\"https:\/\/www.tsa-interlocks.com\/de\/product\/kc-claw-interlock\/\" \/>\n<meta property=\"og:site_name\" content=\"TSA Interlocks\" \/>\n<meta property=\"article:modified_time\" content=\"2024-05-24T08:59:10+00:00\" \/>\n<meta property=\"og:image\" content=\"https:\/\/www.tsa-interlocks.com\/de\/wp-content\/uploads\/sites\/2\/2022\/04\/KC-vergrendeling.png\" \/>\n\t<meta property=\"og:image:width\" content=\"944\" \/>\n\t<meta property=\"og:image:height\" content=\"703\" \/>\n\t<meta property=\"og:image:type\" content=\"image\/png\" \/>\n<meta name=\"twitter:card\" content=\"summary_large_image\" \/>\n<meta name=\"twitter:label1\" content=\"Est. reading time\" \/>\n\t<meta name=\"twitter:data1\" content=\"1 minute\" \/>\n<script type=\"application\/ld+json\" class=\"yoast-schema-graph\">{\"@context\":\"https:\/\/schema.org\",\"@graph\":[{\"@type\":\"WebPage\",\"@id\":\"https:\/\/www.tsa-interlocks.com\/de\/product\/kc-claw-interlock\/\",\"url\":\"https:\/\/www.tsa-interlocks.com\/de\/product\/kc-claw-interlock\/\",\"name\":\"KC - Klauenverriegelung - TSA Interlocks\",\"isPartOf\":{\"@id\":\"https:\/\/www.tsa-interlocks.com\/de\/#website\"},\"primaryImageOfPage\":{\"@id\":\"https:\/\/www.tsa-interlocks.com\/de\/product\/kc-claw-interlock\/#primaryimage\"},\"image\":{\"@id\":\"https:\/\/www.tsa-interlocks.com\/de\/product\/kc-claw-interlock\/#primaryimage\"},\"thumbnailUrl\":\"https:\/\/accept.tsa-interlocks.com.bmade.it\/de\/wp-content\/uploads\/sites\/2\/2022\/04\/KC-vergrendeling.png\",\"datePublished\":\"2022-04-04T14:44:09+00:00\",\"dateModified\":\"2024-05-24T08:59:10+00:00\",\"description\":\"Die KC-Verriegelung ist eine schl\u00fcsselbet\u00e4tigte mechanische Verriegelung, die f\u00fcr den Betrieb von elektrischen Schaltanlagen geeignet ist.\",\"breadcrumb\":{\"@id\":\"https:\/\/www.tsa-interlocks.com\/de\/product\/kc-claw-interlock\/#breadcrumb\"},\"inLanguage\":\"en-US\",\"potentialAction\":[{\"@type\":\"ReadAction\",\"target\":[\"https:\/\/www.tsa-interlocks.com\/de\/product\/kc-claw-interlock\/\"]}]},{\"@type\":\"ImageObject\",\"inLanguage\":\"en-US\",\"@id\":\"https:\/\/www.tsa-interlocks.com\/de\/product\/kc-claw-interlock\/#primaryimage\",\"url\":\"https:\/\/accept.tsa-interlocks.com.bmade.it\/de\/wp-content\/uploads\/sites\/2\/2022\/04\/KC-vergrendeling.png\",\"contentUrl\":\"https:\/\/accept.tsa-interlocks.com.bmade.it\/de\/wp-content\/uploads\/sites\/2\/2022\/04\/KC-vergrendeling.png\",\"width\":944,\"height\":703},{\"@type\":\"WebSite\",\"@id\":\"https:\/\/www.tsa-interlocks.com\/de\/#website\",\"url\":\"https:\/\/www.tsa-interlocks.com\/de\/\",\"name\":\"TSA Interlocks\",\"description\":\"\",\"publisher\":{\"@id\":\"https:\/\/www.tsa-interlocks.com\/de\/#organization\"},\"potentialAction\":[{\"@type\":\"SearchAction\",\"target\":{\"@type\":\"EntryPoint\",\"urlTemplate\":\"https:\/\/www.tsa-interlocks.com\/de\/?s={search_term_string}\"},\"query-input\":{\"@type\":\"PropertyValueSpecification\",\"valueRequired\":true,\"valueName\":\"search_term_string\"}}],\"inLanguage\":\"en-US\"},{\"@type\":\"Organization\",\"@id\":\"https:\/\/www.tsa-interlocks.com\/de\/#organization\",\"name\":\"TSA Interlocks\",\"url\":\"https:\/\/www.tsa-interlocks.com\/de\/\",\"logo\":{\"@type\":\"ImageObject\",\"inLanguage\":\"en-US\",\"@id\":\"https:\/\/www.tsa-interlocks.com\/de\/#\/schema\/logo\/image\/\",\"url\":\"https:\/\/accept.tsa-interlocks.com.bmade.it\/de\/wp-content\/uploads\/sites\/2\/2022\/01\/Logo-TSA-Safety-Services-PNG.png\",\"contentUrl\":\"https:\/\/accept.tsa-interlocks.com.bmade.it\/de\/wp-content\/uploads\/sites\/2\/2022\/01\/Logo-TSA-Safety-Services-PNG.png\",\"width\":5000,\"height\":2212,\"caption\":\"TSA Interlocks\"},\"image\":{\"@id\":\"https:\/\/www.tsa-interlocks.com\/de\/#\/schema\/logo\/image\/\"}}]}<\/script>\n<!-- \/ Yoast SEO plugin. -->","yoast_head_json":{"title":"KC - Klauenverriegelung - TSA Interlocks","description":"Die KC-Verriegelung ist eine schl\u00fcsselbet\u00e4tigte mechanische Verriegelung, die f\u00fcr den Betrieb von elektrischen Schaltanlagen geeignet ist.","robots":{"index":"index","follow":"follow","max-snippet":"max-snippet:-1","max-image-preview":"max-image-preview:large","max-video-preview":"max-video-preview:-1"},"canonical":"https:\/\/www.tsa-interlocks.com\/de\/product\/kc-claw-interlock\/","og_locale":"en_US","og_type":"article","og_title":"KC - Klauenverriegelung - TSA Interlocks","og_description":"Die KC-Verriegelung ist eine schl\u00fcsselbet\u00e4tigte mechanische Verriegelung, die f\u00fcr den Betrieb von elektrischen Schaltanlagen geeignet ist.","og_url":"https:\/\/www.tsa-interlocks.com\/de\/product\/kc-claw-interlock\/","og_site_name":"TSA Interlocks","article_modified_time":"2024-05-24T08:59:10+00:00","og_image":[{"width":944,"height":703,"url":"https:\/\/www.tsa-interlocks.com\/de\/wp-content\/uploads\/sites\/2\/2022\/04\/KC-vergrendeling.png","type":"image\/png"}],"twitter_card":"summary_large_image","twitter_misc":{"Est. reading time":"1 minute"},"schema":{"@context":"https:\/\/schema.org","@graph":[{"@type":"WebPage","@id":"https:\/\/www.tsa-interlocks.com\/de\/product\/kc-claw-interlock\/","url":"https:\/\/www.tsa-interlocks.com\/de\/product\/kc-claw-interlock\/","name":"KC - Klauenverriegelung - TSA Interlocks","isPartOf":{"@id":"https:\/\/www.tsa-interlocks.com\/de\/#website"},"primaryImageOfPage":{"@id":"https:\/\/www.tsa-interlocks.com\/de\/product\/kc-claw-interlock\/#primaryimage"},"image":{"@id":"https:\/\/www.tsa-interlocks.com\/de\/product\/kc-claw-interlock\/#primaryimage"},"thumbnailUrl":"https:\/\/accept.tsa-interlocks.com.bmade.it\/de\/wp-content\/uploads\/sites\/2\/2022\/04\/KC-vergrendeling.png","datePublished":"2022-04-04T14:44:09+00:00","dateModified":"2024-05-24T08:59:10+00:00","description":"Die KC-Verriegelung ist eine schl\u00fcsselbet\u00e4tigte mechanische Verriegelung, die f\u00fcr den Betrieb von elektrischen Schaltanlagen geeignet ist.","breadcrumb":{"@id":"https:\/\/www.tsa-interlocks.com\/de\/product\/kc-claw-interlock\/#breadcrumb"},"inLanguage":"en-US","potentialAction":[{"@type":"ReadAction","target":["https:\/\/www.tsa-interlocks.com\/de\/product\/kc-claw-interlock\/"]}]},{"@type":"ImageObject","inLanguage":"en-US","@id":"https:\/\/www.tsa-interlocks.com\/de\/product\/kc-claw-interlock\/#primaryimage","url":"https:\/\/accept.tsa-interlocks.com.bmade.it\/de\/wp-content\/uploads\/sites\/2\/2022\/04\/KC-vergrendeling.png","contentUrl":"https:\/\/accept.tsa-interlocks.com.bmade.it\/de\/wp-content\/uploads\/sites\/2\/2022\/04\/KC-vergrendeling.png","width":944,"height":703},{"@type":"WebSite","@id":"https:\/\/www.tsa-interlocks.com\/de\/#website","url":"https:\/\/www.tsa-interlocks.com\/de\/","name":"TSA Interlocks","description":"","publisher":{"@id":"https:\/\/www.tsa-interlocks.com\/de\/#organization"},"potentialAction":[{"@type":"SearchAction","target":{"@type":"EntryPoint","urlTemplate":"https:\/\/www.tsa-interlocks.com\/de\/?s={search_term_string}"},"query-input":{"@type":"PropertyValueSpecification","valueRequired":true,"valueName":"search_term_string"}}],"inLanguage":"en-US"},{"@type":"Organization","@id":"https:\/\/www.tsa-interlocks.com\/de\/#organization","name":"TSA Interlocks","url":"https:\/\/www.tsa-interlocks.com\/de\/","logo":{"@type":"ImageObject","inLanguage":"en-US","@id":"https:\/\/www.tsa-interlocks.com\/de\/#\/schema\/logo\/image\/","url":"https:\/\/accept.tsa-interlocks.com.bmade.it\/de\/wp-content\/uploads\/sites\/2\/2022\/01\/Logo-TSA-Safety-Services-PNG.png","contentUrl":"https:\/\/accept.tsa-interlocks.com.bmade.it\/de\/wp-content\/uploads\/sites\/2\/2022\/01\/Logo-TSA-Safety-Services-PNG.png","width":5000,"height":2212,"caption":"TSA Interlocks"},"image":{"@id":"https:\/\/www.tsa-interlocks.com\/de\/#\/schema\/logo\/image\/"}}]}},"_links":{"self":[{"href":"https:\/\/accept.tsa-interlocks.com.bmade.it\/de\/wp-json\/wp\/v2\/product\/1162"}],"collection":[{"href":"https:\/\/accept.tsa-interlocks.com.bmade.it\/de\/wp-json\/wp\/v2\/product"}],"about":[{"href":"https:\/\/accept.tsa-interlocks.com.bmade.it\/de\/wp-json\/wp\/v2\/types\/product"}],"replies":[{"embeddable":true,"href":"https:\/\/accept.tsa-interlocks.com.bmade.it\/de\/wp-json\/wp\/v2\/comments?post=1162"}],"wp:featuredmedia":[{"embeddable":true,"href":"https:\/\/accept.tsa-interlocks.com.bmade.it\/de\/wp-json\/wp\/v2\/media\/1795"}],"wp:attachment":[{"href":"https:\/\/accept.tsa-interlocks.com.bmade.it\/de\/wp-json\/wp\/v2\/media?parent=1162"}],"wp:term":[{"taxonomy":"product_brand","embeddable":true,"href":"https:\/\/accept.tsa-interlocks.com.bmade.it\/de\/wp-json\/wp\/v2\/product_brand?post=1162"},{"taxonomy":"product_cat","embeddable":true,"href":"https:\/\/accept.tsa-interlocks.com.bmade.it\/de\/wp-json\/wp\/v2\/product_cat?post=1162"},{"taxonomy":"product_tag","embeddable":true,"href":"https:\/\/accept.tsa-interlocks.com.bmade.it\/de\/wp-json\/wp\/v2\/product_tag?post=1162"}],"curies":[{"name":"wp","href":"https:\/\/api.w.org\/{rel}","templated":true}]}}