{"id":1166,"date":"2022-04-04T14:46:30","date_gmt":"2022-04-04T14:46:30","guid":{"rendered":"https:\/\/www.tsa-interlocks.com\/?post_type=product&#038;p=1166"},"modified":"2024-06-17T12:28:06","modified_gmt":"2024-06-17T12:28:06","slug":"klp-multi-key-bolt-interlock-with-safety-switch","status":"publish","type":"product","link":"https:\/\/accept.tsa-interlocks.com.bmade.it\/de\/product\/klp-multi-key-bolt-interlock-with-safety-switch\/","title":{"rendered":"KLP &#8211; Bolzenverriegelung mit Stellungs\u00fcberwachung"},"content":{"rendered":"<div class=\"mt-0 heading\">\n<div class=\"mt-0 heading\">\n<div class=\"mt-0 heading\">\n<div class=\"mt-0 heading\">\n<div class=\"mt-0 heading\">\n<div class=\"mt-0 heading\">\n<div class=\"mt-0 heading\">\n<div class=\"mt-0 heading\">\n<div class=\"mt-0 heading\">\n<div class=\"mt-0 heading\">\n<div class=\"mt-0 heading\">\n<p><strong>Das KLP-Modul ist ein mechanisches Schloss, mit Doppelschl\u00fcssel und elektrischen Kontakten zur Positionskontrolle.<\/strong><\/p>\n<p>Diese elektrischen Kontakte dienen zur \u00dcberwachung von Ventilen, Ventilen und\/oder Schaltger\u00e4ten. Dieses Castell Schloss wird mit einem Stift mit variabler L\u00e4nge und einem Durchmesser von 15,88 mm geliefert, der zur Steuerung der Drehung oder Bewegung von Steuerhebeln oder Schaltern verwendet wird.<\/p>\n<p>Der KLP1 wird mit 2 \u00d6ffner 1 Schlie\u00dfer 10 A Kontakte geliefert und der KLP2 hat 4 \u00d6ffner 2 Schlie\u00dfer 10 A Kontakte. Die <em>Multi Key Bolt Interlock with Safety Switch<\/em> Schl\u00f6sser sind in Messing oder Edelstahl, mit Doppel- oder Wechselschl\u00fcssel erh\u00e4ltlich.<\/p>\n<p><strong><a href=\"https:\/\/www.tsa-interlocks.com\/de\/wp-content\/uploads\/sites\/2\/2024\/05\/KLP_Jan_23.pdf\" target=\"_blank\" rel=\"noopener\">Bedienungsanleitung &amp; weitere Informationen &gt;&gt;<\/a><\/strong><\/p>\n<\/div>\n<\/div>\n<\/div>\n<\/div>\n<\/div>\n<\/div>\n<\/div>\n<\/div>\n<\/div>\n<\/div>\n<\/div>\n","protected":false},"excerpt":{"rendered":"<p>Das KLP-Modul ist ein mechanisches Schloss, mit Doppelschl\u00fcssel und elektrischen Kontakten zur Positionskontrolle. Diese elektrischen Kontakte dienen zur \u00dcberwachung von Ventilen, Ventilen und\/oder Schaltger\u00e4ten. Dieses Castell Schloss wird mit einem&hellip;<\/p>\n","protected":false},"featured_media":1899,"comment_status":"closed","ping_status":"closed","template":"","meta":[],"product_brand":[],"product_cat":[23],"product_tag":[],"yoast_head":"<!-- This site is optimized with the Yoast SEO plugin v24.5 - https:\/\/yoast.com\/wordpress\/plugins\/seo\/ -->\n<title>KLP - Bolzenverriegelung mit Stellungs\u00fcberwachung -<\/title>\n<meta name=\"description\" content=\"Castell KLP Verriegelung mit Doppelschl\u00fcssel und elektrischen Kontakten zur Positions\u00fcberwachung. Geeignet f\u00fcr Ventile, Abschalter und Schaltelemente.\" \/>\n<meta name=\"robots\" content=\"index, follow, max-snippet:-1, max-image-preview:large, max-video-preview:-1\" \/>\n<link rel=\"canonical\" href=\"https:\/\/www.tsa-interlocks.com\/de\/product\/klp-multi-key-bolt-interlock-with-safety-switch\/\" \/>\n<meta property=\"og:locale\" content=\"en_US\" \/>\n<meta property=\"og:type\" content=\"article\" \/>\n<meta property=\"og:title\" content=\"KLP - Bolzenverriegelung mit Stellungs\u00fcberwachung -\" \/>\n<meta property=\"og:description\" content=\"Castell KLP Verriegelung mit Doppelschl\u00fcssel und elektrischen Kontakten zur Positions\u00fcberwachung. Geeignet f\u00fcr Ventile, Abschalter und Schaltelemente.\" \/>\n<meta property=\"og:url\" content=\"https:\/\/www.tsa-interlocks.com\/de\/product\/klp-multi-key-bolt-interlock-with-safety-switch\/\" \/>\n<meta property=\"og:site_name\" content=\"TSA Interlocks\" \/>\n<meta property=\"article:modified_time\" content=\"2024-06-17T12:28:06+00:00\" \/>\n<meta property=\"og:image\" content=\"https:\/\/www.tsa-interlocks.com\/de\/wp-content\/uploads\/sites\/2\/2022\/04\/KLP.png\" \/>\n\t<meta property=\"og:image:width\" content=\"944\" \/>\n\t<meta property=\"og:image:height\" content=\"703\" \/>\n\t<meta property=\"og:image:type\" content=\"image\/png\" \/>\n<meta name=\"twitter:card\" content=\"summary_large_image\" \/>\n<meta name=\"twitter:label1\" content=\"Est. reading time\" \/>\n\t<meta name=\"twitter:data1\" content=\"1 minute\" \/>\n<script type=\"application\/ld+json\" class=\"yoast-schema-graph\">{\"@context\":\"https:\/\/schema.org\",\"@graph\":[{\"@type\":\"WebPage\",\"@id\":\"https:\/\/www.tsa-interlocks.com\/de\/product\/klp-multi-key-bolt-interlock-with-safety-switch\/\",\"url\":\"https:\/\/www.tsa-interlocks.com\/de\/product\/klp-multi-key-bolt-interlock-with-safety-switch\/\",\"name\":\"KLP - Bolzenverriegelung mit Stellungs\u00fcberwachung -\",\"isPartOf\":{\"@id\":\"https:\/\/www.tsa-interlocks.com\/de\/#website\"},\"primaryImageOfPage\":{\"@id\":\"https:\/\/www.tsa-interlocks.com\/de\/product\/klp-multi-key-bolt-interlock-with-safety-switch\/#primaryimage\"},\"image\":{\"@id\":\"https:\/\/www.tsa-interlocks.com\/de\/product\/klp-multi-key-bolt-interlock-with-safety-switch\/#primaryimage\"},\"thumbnailUrl\":\"https:\/\/accept.tsa-interlocks.com.bmade.it\/de\/wp-content\/uploads\/sites\/2\/2022\/04\/KLP.png\",\"datePublished\":\"2022-04-04T14:46:30+00:00\",\"dateModified\":\"2024-06-17T12:28:06+00:00\",\"description\":\"Castell KLP Verriegelung mit Doppelschl\u00fcssel und elektrischen Kontakten zur Positions\u00fcberwachung. Geeignet f\u00fcr Ventile, Abschalter und Schaltelemente.\",\"breadcrumb\":{\"@id\":\"https:\/\/www.tsa-interlocks.com\/de\/product\/klp-multi-key-bolt-interlock-with-safety-switch\/#breadcrumb\"},\"inLanguage\":\"en-US\",\"potentialAction\":[{\"@type\":\"ReadAction\",\"target\":[\"https:\/\/www.tsa-interlocks.com\/de\/product\/klp-multi-key-bolt-interlock-with-safety-switch\/\"]}]},{\"@type\":\"ImageObject\",\"inLanguage\":\"en-US\",\"@id\":\"https:\/\/www.tsa-interlocks.com\/de\/product\/klp-multi-key-bolt-interlock-with-safety-switch\/#primaryimage\",\"url\":\"https:\/\/accept.tsa-interlocks.com.bmade.it\/de\/wp-content\/uploads\/sites\/2\/2022\/04\/KLP.png\",\"contentUrl\":\"https:\/\/accept.tsa-interlocks.com.bmade.it\/de\/wp-content\/uploads\/sites\/2\/2022\/04\/KLP.png\",\"width\":944,\"height\":703},{\"@type\":\"WebSite\",\"@id\":\"https:\/\/www.tsa-interlocks.com\/de\/#website\",\"url\":\"https:\/\/www.tsa-interlocks.com\/de\/\",\"name\":\"TSA Interlocks\",\"description\":\"\",\"publisher\":{\"@id\":\"https:\/\/www.tsa-interlocks.com\/de\/#organization\"},\"potentialAction\":[{\"@type\":\"SearchAction\",\"target\":{\"@type\":\"EntryPoint\",\"urlTemplate\":\"https:\/\/www.tsa-interlocks.com\/de\/?s={search_term_string}\"},\"query-input\":{\"@type\":\"PropertyValueSpecification\",\"valueRequired\":true,\"valueName\":\"search_term_string\"}}],\"inLanguage\":\"en-US\"},{\"@type\":\"Organization\",\"@id\":\"https:\/\/www.tsa-interlocks.com\/de\/#organization\",\"name\":\"TSA Interlocks\",\"url\":\"https:\/\/www.tsa-interlocks.com\/de\/\",\"logo\":{\"@type\":\"ImageObject\",\"inLanguage\":\"en-US\",\"@id\":\"https:\/\/www.tsa-interlocks.com\/de\/#\/schema\/logo\/image\/\",\"url\":\"https:\/\/accept.tsa-interlocks.com.bmade.it\/de\/wp-content\/uploads\/sites\/2\/2022\/01\/Logo-TSA-Safety-Services-PNG.png\",\"contentUrl\":\"https:\/\/accept.tsa-interlocks.com.bmade.it\/de\/wp-content\/uploads\/sites\/2\/2022\/01\/Logo-TSA-Safety-Services-PNG.png\",\"width\":5000,\"height\":2212,\"caption\":\"TSA Interlocks\"},\"image\":{\"@id\":\"https:\/\/www.tsa-interlocks.com\/de\/#\/schema\/logo\/image\/\"}}]}<\/script>\n<!-- \/ Yoast SEO plugin. -->","yoast_head_json":{"title":"KLP - Bolzenverriegelung mit Stellungs\u00fcberwachung -","description":"Castell KLP Verriegelung mit Doppelschl\u00fcssel und elektrischen Kontakten zur Positions\u00fcberwachung. Geeignet f\u00fcr Ventile, Abschalter und Schaltelemente.","robots":{"index":"index","follow":"follow","max-snippet":"max-snippet:-1","max-image-preview":"max-image-preview:large","max-video-preview":"max-video-preview:-1"},"canonical":"https:\/\/www.tsa-interlocks.com\/de\/product\/klp-multi-key-bolt-interlock-with-safety-switch\/","og_locale":"en_US","og_type":"article","og_title":"KLP - Bolzenverriegelung mit Stellungs\u00fcberwachung -","og_description":"Castell KLP Verriegelung mit Doppelschl\u00fcssel und elektrischen Kontakten zur Positions\u00fcberwachung. Geeignet f\u00fcr Ventile, Abschalter und Schaltelemente.","og_url":"https:\/\/www.tsa-interlocks.com\/de\/product\/klp-multi-key-bolt-interlock-with-safety-switch\/","og_site_name":"TSA Interlocks","article_modified_time":"2024-06-17T12:28:06+00:00","og_image":[{"width":944,"height":703,"url":"https:\/\/www.tsa-interlocks.com\/de\/wp-content\/uploads\/sites\/2\/2022\/04\/KLP.png","type":"image\/png"}],"twitter_card":"summary_large_image","twitter_misc":{"Est. reading time":"1 minute"},"schema":{"@context":"https:\/\/schema.org","@graph":[{"@type":"WebPage","@id":"https:\/\/www.tsa-interlocks.com\/de\/product\/klp-multi-key-bolt-interlock-with-safety-switch\/","url":"https:\/\/www.tsa-interlocks.com\/de\/product\/klp-multi-key-bolt-interlock-with-safety-switch\/","name":"KLP - Bolzenverriegelung mit Stellungs\u00fcberwachung -","isPartOf":{"@id":"https:\/\/www.tsa-interlocks.com\/de\/#website"},"primaryImageOfPage":{"@id":"https:\/\/www.tsa-interlocks.com\/de\/product\/klp-multi-key-bolt-interlock-with-safety-switch\/#primaryimage"},"image":{"@id":"https:\/\/www.tsa-interlocks.com\/de\/product\/klp-multi-key-bolt-interlock-with-safety-switch\/#primaryimage"},"thumbnailUrl":"https:\/\/accept.tsa-interlocks.com.bmade.it\/de\/wp-content\/uploads\/sites\/2\/2022\/04\/KLP.png","datePublished":"2022-04-04T14:46:30+00:00","dateModified":"2024-06-17T12:28:06+00:00","description":"Castell KLP Verriegelung mit Doppelschl\u00fcssel und elektrischen Kontakten zur Positions\u00fcberwachung. Geeignet f\u00fcr Ventile, Abschalter und Schaltelemente.","breadcrumb":{"@id":"https:\/\/www.tsa-interlocks.com\/de\/product\/klp-multi-key-bolt-interlock-with-safety-switch\/#breadcrumb"},"inLanguage":"en-US","potentialAction":[{"@type":"ReadAction","target":["https:\/\/www.tsa-interlocks.com\/de\/product\/klp-multi-key-bolt-interlock-with-safety-switch\/"]}]},{"@type":"ImageObject","inLanguage":"en-US","@id":"https:\/\/www.tsa-interlocks.com\/de\/product\/klp-multi-key-bolt-interlock-with-safety-switch\/#primaryimage","url":"https:\/\/accept.tsa-interlocks.com.bmade.it\/de\/wp-content\/uploads\/sites\/2\/2022\/04\/KLP.png","contentUrl":"https:\/\/accept.tsa-interlocks.com.bmade.it\/de\/wp-content\/uploads\/sites\/2\/2022\/04\/KLP.png","width":944,"height":703},{"@type":"WebSite","@id":"https:\/\/www.tsa-interlocks.com\/de\/#website","url":"https:\/\/www.tsa-interlocks.com\/de\/","name":"TSA Interlocks","description":"","publisher":{"@id":"https:\/\/www.tsa-interlocks.com\/de\/#organization"},"potentialAction":[{"@type":"SearchAction","target":{"@type":"EntryPoint","urlTemplate":"https:\/\/www.tsa-interlocks.com\/de\/?s={search_term_string}"},"query-input":{"@type":"PropertyValueSpecification","valueRequired":true,"valueName":"search_term_string"}}],"inLanguage":"en-US"},{"@type":"Organization","@id":"https:\/\/www.tsa-interlocks.com\/de\/#organization","name":"TSA Interlocks","url":"https:\/\/www.tsa-interlocks.com\/de\/","logo":{"@type":"ImageObject","inLanguage":"en-US","@id":"https:\/\/www.tsa-interlocks.com\/de\/#\/schema\/logo\/image\/","url":"https:\/\/accept.tsa-interlocks.com.bmade.it\/de\/wp-content\/uploads\/sites\/2\/2022\/01\/Logo-TSA-Safety-Services-PNG.png","contentUrl":"https:\/\/accept.tsa-interlocks.com.bmade.it\/de\/wp-content\/uploads\/sites\/2\/2022\/01\/Logo-TSA-Safety-Services-PNG.png","width":5000,"height":2212,"caption":"TSA Interlocks"},"image":{"@id":"https:\/\/www.tsa-interlocks.com\/de\/#\/schema\/logo\/image\/"}}]}},"_links":{"self":[{"href":"https:\/\/accept.tsa-interlocks.com.bmade.it\/de\/wp-json\/wp\/v2\/product\/1166"}],"collection":[{"href":"https:\/\/accept.tsa-interlocks.com.bmade.it\/de\/wp-json\/wp\/v2\/product"}],"about":[{"href":"https:\/\/accept.tsa-interlocks.com.bmade.it\/de\/wp-json\/wp\/v2\/types\/product"}],"replies":[{"embeddable":true,"href":"https:\/\/accept.tsa-interlocks.com.bmade.it\/de\/wp-json\/wp\/v2\/comments?post=1166"}],"wp:featuredmedia":[{"embeddable":true,"href":"https:\/\/accept.tsa-interlocks.com.bmade.it\/de\/wp-json\/wp\/v2\/media\/1899"}],"wp:attachment":[{"href":"https:\/\/accept.tsa-interlocks.com.bmade.it\/de\/wp-json\/wp\/v2\/media?parent=1166"}],"wp:term":[{"taxonomy":"product_brand","embeddable":true,"href":"https:\/\/accept.tsa-interlocks.com.bmade.it\/de\/wp-json\/wp\/v2\/product_brand?post=1166"},{"taxonomy":"product_cat","embeddable":true,"href":"https:\/\/accept.tsa-interlocks.com.bmade.it\/de\/wp-json\/wp\/v2\/product_cat?post=1166"},{"taxonomy":"product_tag","embeddable":true,"href":"https:\/\/accept.tsa-interlocks.com.bmade.it\/de\/wp-json\/wp\/v2\/product_tag?post=1166"}],"curies":[{"name":"wp","href":"https:\/\/api.w.org\/{rel}","templated":true}]}}