{"id":1170,"date":"2022-04-04T14:49:44","date_gmt":"2022-04-04T14:49:44","guid":{"rendered":"https:\/\/www.tsa-interlocks.com\/?post_type=product&#038;p=1170"},"modified":"2024-05-24T08:54:46","modified_gmt":"2024-05-24T08:54:46","slug":"fs-q-switchgear-interlock","status":"publish","type":"product","link":"https:\/\/accept.tsa-interlocks.com.bmade.it\/de\/product\/fs-q-switchgear-interlock\/","title":{"rendered":"FS \/ Q &#8211; Basisverriegelung"},"content":{"rendered":"<div class=\"mt-0 heading\">\n<div class=\"mt-0 heading\">\n<div class=\"mt-0 heading\">\n<div class=\"mt-0 heading\">\n<div class=\"mt-0 heading\">\n<div class=\"mt-0 heading\">\n<div class=\"mt-0 heading\">\n<div class=\"mt-0 heading\">\n<div class=\"mt-0 heading\">\n<div class=\"mt-0 heading\">\n<div class=\"mt-0 heading\">\n<div class=\"mt-0 heading\">\n<div class=\"mt-0 heading\">\n<p><strong>Die FS- und Q-Verriegelungen sind mechanische Verriegelungen f\u00fcr elektrische Schaltanlagen.<\/strong><\/p>\n<p>Dies wird durch eine mechanische Verbindung zur Trenneinrichtung \/ Schaltanlage erreicht. Das Standardger\u00e4t ist mit einem 9,5 mm Vierkant x 22 mm Schl\u00fcssel ausgestattet, der zur Bet\u00e4tigung eines Isolators verwendet werden kann. Durch Einstecken und Drehen des Schl\u00fcssels wird der Schl\u00fcssel in eine vorgegebene Winkelstellung (45\u00b0\/65\u00b0\/90\u00b0 im oder gegen den Uhrzeigersinn) gebracht und der Isolator geschlossen. Mit dem Ersatzschl\u00fcssel kann eine Parallelversorgung oder eine Zugangssperre betrieben werden.<\/p>\n<p>Die Castell FS- und Q-Schl\u00f6sser <em>(Switchgear Interlock)<\/em> werden aus Messing oder Edelstahl gefertigt.<\/p>\n<p><strong><a href=\"https:\/\/www.tsa-interlocks.com\/de\/wp-content\/uploads\/sites\/2\/2024\/05\/FS_Q_Jan_23.pdf\" target=\"_blank\" rel=\"noopener\">Bedienungsanleitung &amp; weitere Informationen &gt;&gt;<\/a><\/strong><\/p>\n<\/div>\n<\/div>\n<\/div>\n<\/div>\n<\/div>\n<\/div>\n<\/div>\n<\/div>\n<\/div>\n<\/div>\n<\/div>\n<\/div>\n<\/div>\n","protected":false},"excerpt":{"rendered":"<p>Die FS- und Q-Verriegelungen sind mechanische Verriegelungen f\u00fcr elektrische Schaltanlagen. Dies wird durch eine mechanische Verbindung zur Trenneinrichtung \/ Schaltanlage erreicht. Das Standardger\u00e4t ist mit einem 9,5 mm Vierkant x&hellip;<\/p>\n","protected":false},"featured_media":1893,"comment_status":"closed","ping_status":"closed","template":"","meta":[],"product_brand":[],"product_cat":[23],"product_tag":[],"yoast_head":"<!-- This site is optimized with the Yoast SEO plugin v24.5 - https:\/\/yoast.com\/wordpress\/plugins\/seo\/ -->\n<title>FS \/ Q - Basisverriegelung - Castell TSA Safety Services - Switch<\/title>\n<meta name=\"description\" content=\"Castell mechanische Verriegelung f\u00fcr sichere Bedienung. Aus Messing oder Edelstahl. Einfache Montage. Parallel verlaufender Strom oder Zugangsverriegelung.\" \/>\n<meta name=\"robots\" content=\"index, follow, max-snippet:-1, max-image-preview:large, max-video-preview:-1\" \/>\n<link rel=\"canonical\" href=\"https:\/\/www.tsa-interlocks.com\/de\/product\/fs-q-switchgear-interlock\/\" \/>\n<meta property=\"og:locale\" content=\"en_US\" \/>\n<meta property=\"og:type\" content=\"article\" \/>\n<meta property=\"og:title\" content=\"FS \/ Q - Basisverriegelung - Castell TSA Safety Services - Switch\" \/>\n<meta property=\"og:description\" content=\"Castell mechanische Verriegelung f\u00fcr sichere Bedienung. Aus Messing oder Edelstahl. Einfache Montage. Parallel verlaufender Strom oder Zugangsverriegelung.\" \/>\n<meta property=\"og:url\" content=\"https:\/\/www.tsa-interlocks.com\/de\/product\/fs-q-switchgear-interlock\/\" \/>\n<meta property=\"og:site_name\" content=\"TSA Interlocks\" \/>\n<meta property=\"article:modified_time\" content=\"2024-05-24T08:54:46+00:00\" \/>\n<meta property=\"og:image\" content=\"https:\/\/www.tsa-interlocks.com\/de\/wp-content\/uploads\/sites\/2\/2022\/04\/FS_QVE1.png\" \/>\n\t<meta property=\"og:image:width\" content=\"944\" \/>\n\t<meta property=\"og:image:height\" content=\"703\" \/>\n\t<meta property=\"og:image:type\" content=\"image\/png\" \/>\n<meta name=\"twitter:card\" content=\"summary_large_image\" \/>\n<meta name=\"twitter:label1\" content=\"Est. reading time\" \/>\n\t<meta name=\"twitter:data1\" content=\"1 minute\" \/>\n<script type=\"application\/ld+json\" class=\"yoast-schema-graph\">{\"@context\":\"https:\/\/schema.org\",\"@graph\":[{\"@type\":\"WebPage\",\"@id\":\"https:\/\/www.tsa-interlocks.com\/de\/product\/fs-q-switchgear-interlock\/\",\"url\":\"https:\/\/www.tsa-interlocks.com\/de\/product\/fs-q-switchgear-interlock\/\",\"name\":\"FS \/ Q - Basisverriegelung - Castell TSA Safety Services - Switch\",\"isPartOf\":{\"@id\":\"https:\/\/www.tsa-interlocks.com\/de\/#website\"},\"primaryImageOfPage\":{\"@id\":\"https:\/\/www.tsa-interlocks.com\/de\/product\/fs-q-switchgear-interlock\/#primaryimage\"},\"image\":{\"@id\":\"https:\/\/www.tsa-interlocks.com\/de\/product\/fs-q-switchgear-interlock\/#primaryimage\"},\"thumbnailUrl\":\"https:\/\/accept.tsa-interlocks.com.bmade.it\/de\/wp-content\/uploads\/sites\/2\/2022\/04\/FS_QVE1.png\",\"datePublished\":\"2022-04-04T14:49:44+00:00\",\"dateModified\":\"2024-05-24T08:54:46+00:00\",\"description\":\"Castell mechanische Verriegelung f\u00fcr sichere Bedienung. Aus Messing oder Edelstahl. Einfache Montage. Parallel verlaufender Strom oder Zugangsverriegelung.\",\"breadcrumb\":{\"@id\":\"https:\/\/www.tsa-interlocks.com\/de\/product\/fs-q-switchgear-interlock\/#breadcrumb\"},\"inLanguage\":\"en-US\",\"potentialAction\":[{\"@type\":\"ReadAction\",\"target\":[\"https:\/\/www.tsa-interlocks.com\/de\/product\/fs-q-switchgear-interlock\/\"]}]},{\"@type\":\"ImageObject\",\"inLanguage\":\"en-US\",\"@id\":\"https:\/\/www.tsa-interlocks.com\/de\/product\/fs-q-switchgear-interlock\/#primaryimage\",\"url\":\"https:\/\/accept.tsa-interlocks.com.bmade.it\/de\/wp-content\/uploads\/sites\/2\/2022\/04\/FS_QVE1.png\",\"contentUrl\":\"https:\/\/accept.tsa-interlocks.com.bmade.it\/de\/wp-content\/uploads\/sites\/2\/2022\/04\/FS_QVE1.png\",\"width\":944,\"height\":703},{\"@type\":\"WebSite\",\"@id\":\"https:\/\/www.tsa-interlocks.com\/de\/#website\",\"url\":\"https:\/\/www.tsa-interlocks.com\/de\/\",\"name\":\"TSA Interlocks\",\"description\":\"\",\"publisher\":{\"@id\":\"https:\/\/www.tsa-interlocks.com\/de\/#organization\"},\"potentialAction\":[{\"@type\":\"SearchAction\",\"target\":{\"@type\":\"EntryPoint\",\"urlTemplate\":\"https:\/\/www.tsa-interlocks.com\/de\/?s={search_term_string}\"},\"query-input\":{\"@type\":\"PropertyValueSpecification\",\"valueRequired\":true,\"valueName\":\"search_term_string\"}}],\"inLanguage\":\"en-US\"},{\"@type\":\"Organization\",\"@id\":\"https:\/\/www.tsa-interlocks.com\/de\/#organization\",\"name\":\"TSA Interlocks\",\"url\":\"https:\/\/www.tsa-interlocks.com\/de\/\",\"logo\":{\"@type\":\"ImageObject\",\"inLanguage\":\"en-US\",\"@id\":\"https:\/\/www.tsa-interlocks.com\/de\/#\/schema\/logo\/image\/\",\"url\":\"https:\/\/accept.tsa-interlocks.com.bmade.it\/de\/wp-content\/uploads\/sites\/2\/2022\/01\/Logo-TSA-Safety-Services-PNG.png\",\"contentUrl\":\"https:\/\/accept.tsa-interlocks.com.bmade.it\/de\/wp-content\/uploads\/sites\/2\/2022\/01\/Logo-TSA-Safety-Services-PNG.png\",\"width\":5000,\"height\":2212,\"caption\":\"TSA Interlocks\"},\"image\":{\"@id\":\"https:\/\/www.tsa-interlocks.com\/de\/#\/schema\/logo\/image\/\"}}]}<\/script>\n<!-- \/ Yoast SEO plugin. -->","yoast_head_json":{"title":"FS \/ Q - Basisverriegelung - Castell TSA Safety Services - Switch","description":"Castell mechanische Verriegelung f\u00fcr sichere Bedienung. Aus Messing oder Edelstahl. Einfache Montage. Parallel verlaufender Strom oder Zugangsverriegelung.","robots":{"index":"index","follow":"follow","max-snippet":"max-snippet:-1","max-image-preview":"max-image-preview:large","max-video-preview":"max-video-preview:-1"},"canonical":"https:\/\/www.tsa-interlocks.com\/de\/product\/fs-q-switchgear-interlock\/","og_locale":"en_US","og_type":"article","og_title":"FS \/ Q - Basisverriegelung - Castell TSA Safety Services - Switch","og_description":"Castell mechanische Verriegelung f\u00fcr sichere Bedienung. Aus Messing oder Edelstahl. Einfache Montage. Parallel verlaufender Strom oder Zugangsverriegelung.","og_url":"https:\/\/www.tsa-interlocks.com\/de\/product\/fs-q-switchgear-interlock\/","og_site_name":"TSA Interlocks","article_modified_time":"2024-05-24T08:54:46+00:00","og_image":[{"width":944,"height":703,"url":"https:\/\/www.tsa-interlocks.com\/de\/wp-content\/uploads\/sites\/2\/2022\/04\/FS_QVE1.png","type":"image\/png"}],"twitter_card":"summary_large_image","twitter_misc":{"Est. reading time":"1 minute"},"schema":{"@context":"https:\/\/schema.org","@graph":[{"@type":"WebPage","@id":"https:\/\/www.tsa-interlocks.com\/de\/product\/fs-q-switchgear-interlock\/","url":"https:\/\/www.tsa-interlocks.com\/de\/product\/fs-q-switchgear-interlock\/","name":"FS \/ Q - Basisverriegelung - Castell TSA Safety Services - Switch","isPartOf":{"@id":"https:\/\/www.tsa-interlocks.com\/de\/#website"},"primaryImageOfPage":{"@id":"https:\/\/www.tsa-interlocks.com\/de\/product\/fs-q-switchgear-interlock\/#primaryimage"},"image":{"@id":"https:\/\/www.tsa-interlocks.com\/de\/product\/fs-q-switchgear-interlock\/#primaryimage"},"thumbnailUrl":"https:\/\/accept.tsa-interlocks.com.bmade.it\/de\/wp-content\/uploads\/sites\/2\/2022\/04\/FS_QVE1.png","datePublished":"2022-04-04T14:49:44+00:00","dateModified":"2024-05-24T08:54:46+00:00","description":"Castell mechanische Verriegelung f\u00fcr sichere Bedienung. Aus Messing oder Edelstahl. Einfache Montage. Parallel verlaufender Strom oder Zugangsverriegelung.","breadcrumb":{"@id":"https:\/\/www.tsa-interlocks.com\/de\/product\/fs-q-switchgear-interlock\/#breadcrumb"},"inLanguage":"en-US","potentialAction":[{"@type":"ReadAction","target":["https:\/\/www.tsa-interlocks.com\/de\/product\/fs-q-switchgear-interlock\/"]}]},{"@type":"ImageObject","inLanguage":"en-US","@id":"https:\/\/www.tsa-interlocks.com\/de\/product\/fs-q-switchgear-interlock\/#primaryimage","url":"https:\/\/accept.tsa-interlocks.com.bmade.it\/de\/wp-content\/uploads\/sites\/2\/2022\/04\/FS_QVE1.png","contentUrl":"https:\/\/accept.tsa-interlocks.com.bmade.it\/de\/wp-content\/uploads\/sites\/2\/2022\/04\/FS_QVE1.png","width":944,"height":703},{"@type":"WebSite","@id":"https:\/\/www.tsa-interlocks.com\/de\/#website","url":"https:\/\/www.tsa-interlocks.com\/de\/","name":"TSA Interlocks","description":"","publisher":{"@id":"https:\/\/www.tsa-interlocks.com\/de\/#organization"},"potentialAction":[{"@type":"SearchAction","target":{"@type":"EntryPoint","urlTemplate":"https:\/\/www.tsa-interlocks.com\/de\/?s={search_term_string}"},"query-input":{"@type":"PropertyValueSpecification","valueRequired":true,"valueName":"search_term_string"}}],"inLanguage":"en-US"},{"@type":"Organization","@id":"https:\/\/www.tsa-interlocks.com\/de\/#organization","name":"TSA Interlocks","url":"https:\/\/www.tsa-interlocks.com\/de\/","logo":{"@type":"ImageObject","inLanguage":"en-US","@id":"https:\/\/www.tsa-interlocks.com\/de\/#\/schema\/logo\/image\/","url":"https:\/\/accept.tsa-interlocks.com.bmade.it\/de\/wp-content\/uploads\/sites\/2\/2022\/01\/Logo-TSA-Safety-Services-PNG.png","contentUrl":"https:\/\/accept.tsa-interlocks.com.bmade.it\/de\/wp-content\/uploads\/sites\/2\/2022\/01\/Logo-TSA-Safety-Services-PNG.png","width":5000,"height":2212,"caption":"TSA Interlocks"},"image":{"@id":"https:\/\/www.tsa-interlocks.com\/de\/#\/schema\/logo\/image\/"}}]}},"_links":{"self":[{"href":"https:\/\/accept.tsa-interlocks.com.bmade.it\/de\/wp-json\/wp\/v2\/product\/1170"}],"collection":[{"href":"https:\/\/accept.tsa-interlocks.com.bmade.it\/de\/wp-json\/wp\/v2\/product"}],"about":[{"href":"https:\/\/accept.tsa-interlocks.com.bmade.it\/de\/wp-json\/wp\/v2\/types\/product"}],"replies":[{"embeddable":true,"href":"https:\/\/accept.tsa-interlocks.com.bmade.it\/de\/wp-json\/wp\/v2\/comments?post=1170"}],"wp:featuredmedia":[{"embeddable":true,"href":"https:\/\/accept.tsa-interlocks.com.bmade.it\/de\/wp-json\/wp\/v2\/media\/1893"}],"wp:attachment":[{"href":"https:\/\/accept.tsa-interlocks.com.bmade.it\/de\/wp-json\/wp\/v2\/media?parent=1170"}],"wp:term":[{"taxonomy":"product_brand","embeddable":true,"href":"https:\/\/accept.tsa-interlocks.com.bmade.it\/de\/wp-json\/wp\/v2\/product_brand?post=1170"},{"taxonomy":"product_cat","embeddable":true,"href":"https:\/\/accept.tsa-interlocks.com.bmade.it\/de\/wp-json\/wp\/v2\/product_cat?post=1170"},{"taxonomy":"product_tag","embeddable":true,"href":"https:\/\/accept.tsa-interlocks.com.bmade.it\/de\/wp-json\/wp\/v2\/product_tag?post=1170"}],"curies":[{"name":"wp","href":"https:\/\/api.w.org\/{rel}","templated":true}]}}