{"id":1172,"date":"2022-04-04T14:50:53","date_gmt":"2022-04-04T14:50:53","guid":{"rendered":"https:\/\/www.tsa-interlocks.com\/?post_type=product&#038;p=1172"},"modified":"2024-05-24T09:38:01","modified_gmt":"2024-05-24T09:38:01","slug":"ksd-switch-disconnector","status":"publish","type":"product","link":"https:\/\/accept.tsa-interlocks.com.bmade.it\/de\/product\/ksd-switch-disconnector\/","title":{"rendered":"KSD &#8211; Lasttrennschalter"},"content":{"rendered":"<div class=\"mt-0 heading\">\n<div class=\"mt-0 heading\">\n<div class=\"mt-0 heading\">\n<div class=\"mt-0 heading\">\n<div class=\"mt-0 heading\">\n<div class=\"mt-0 heading\">\n<div class=\"mt-0 heading\">\n<div class=\"mt-0 heading\">\n<div class=\"mt-0 heading\">\n<div class=\"mt-0 heading\">\n<div class=\"mt-0 heading\">\n<div class=\"mt-0 heading\">\n<div class=\"mt-0 heading\">\n<div class=\"mt-0 heading\">\n<p><strong>Der KSD ist ein schl\u00fcsselbet\u00e4tigter Leistungsschalter ohne Sicherung zum Trennen oder Schalten von Spannungen.<\/strong><\/p>\n<p>Der Castell <em>KSD Switch Disconnector<\/em> wird standardm\u00e4\u00dfig mit 4 oder 6 Polen plus 2 Hilfsschalterkontakten geliefert. Der KSD ist in Messing oder Edelstahl und in verschiedenen Ampere erh\u00e4ltlich. Das Ger\u00e4t wird f\u00fcr den Einbau in eine vorhandene Schalttafel oder f\u00fcr die Aufputzmontage in einem eigenen abschlie\u00dfbaren IP65-Stahlgeh\u00e4use geliefert.<\/p>\n<p><strong><a href=\"https:\/\/www.tsa-interlocks.com\/de\/wp-content\/uploads\/sites\/2\/2024\/05\/KSD_Oct_22.pdf\" target=\"_blank\" rel=\"noopener\">Bedienungsanleitung &amp; weitere Informationen &gt;&gt;<\/a><\/strong><\/p>\n<\/div>\n<\/div>\n<\/div>\n<\/div>\n<\/div>\n<\/div>\n<\/div>\n<\/div>\n<\/div>\n<\/div>\n<\/div>\n<\/div>\n<\/div>\n<\/div>\n","protected":false},"excerpt":{"rendered":"<p>Der KSD ist ein schl\u00fcsselbet\u00e4tigter Leistungsschalter ohne Sicherung zum Trennen oder Schalten von Spannungen. Der Castell KSD Switch Disconnector wird standardm\u00e4\u00dfig mit 4 oder 6 Polen plus 2 Hilfsschalterkontakten geliefert.&hellip;<\/p>\n","protected":false},"featured_media":1901,"comment_status":"closed","ping_status":"closed","template":"","meta":[],"product_brand":[],"product_cat":[23],"product_tag":[],"yoast_head":"<!-- This site is optimized with the Yoast SEO plugin v24.5 - https:\/\/yoast.com\/wordpress\/plugins\/seo\/ -->\n<title>KSD - Lasttrennschalter - TSA Interlocks Castell Deutschland<\/title>\n<meta name=\"description\" content=\"Castell schl\u00fcsselbetriebener Stromunterbrecher Lasttrenschalter zum Isolieren oder Schalten von Spannung. Messing\/RVS. Montage im Schaltschrank IP65-Geh\u00e4use\" \/>\n<meta name=\"robots\" content=\"index, follow, max-snippet:-1, max-image-preview:large, max-video-preview:-1\" \/>\n<link rel=\"canonical\" href=\"https:\/\/www.tsa-interlocks.com\/de\/product\/ksd-switch-disconnector\/\" \/>\n<meta property=\"og:locale\" content=\"en_US\" \/>\n<meta property=\"og:type\" content=\"article\" \/>\n<meta property=\"og:title\" content=\"KSD - Lasttrennschalter - TSA Interlocks Castell Deutschland\" \/>\n<meta property=\"og:description\" content=\"Castell schl\u00fcsselbetriebener Stromunterbrecher Lasttrenschalter zum Isolieren oder Schalten von Spannung. Messing\/RVS. Montage im Schaltschrank IP65-Geh\u00e4use\" \/>\n<meta property=\"og:url\" content=\"https:\/\/www.tsa-interlocks.com\/de\/product\/ksd-switch-disconnector\/\" \/>\n<meta property=\"og:site_name\" content=\"TSA Interlocks\" \/>\n<meta property=\"article:modified_time\" content=\"2024-05-24T09:38:01+00:00\" \/>\n<meta property=\"og:image\" content=\"https:\/\/www.tsa-interlocks.com\/de\/wp-content\/uploads\/sites\/2\/2022\/04\/KSD-EL1.png\" \/>\n\t<meta property=\"og:image:width\" content=\"944\" \/>\n\t<meta property=\"og:image:height\" content=\"703\" \/>\n\t<meta property=\"og:image:type\" content=\"image\/png\" \/>\n<meta name=\"twitter:card\" content=\"summary_large_image\" \/>\n<meta name=\"twitter:image\" content=\"https:\/\/accept.tsa-interlocks.com.bmade.it\/de\/wp-content\/uploads\/sites\/2\/2022\/04\/KSD-EL1.png\" \/>\n<meta name=\"twitter:label1\" content=\"Est. reading time\" \/>\n\t<meta name=\"twitter:data1\" content=\"1 minute\" \/>\n<script type=\"application\/ld+json\" class=\"yoast-schema-graph\">{\"@context\":\"https:\/\/schema.org\",\"@graph\":[{\"@type\":\"WebPage\",\"@id\":\"https:\/\/www.tsa-interlocks.com\/de\/product\/ksd-switch-disconnector\/\",\"url\":\"https:\/\/www.tsa-interlocks.com\/de\/product\/ksd-switch-disconnector\/\",\"name\":\"KSD - Lasttrennschalter - TSA Interlocks Castell Deutschland\",\"isPartOf\":{\"@id\":\"https:\/\/www.tsa-interlocks.com\/de\/#website\"},\"primaryImageOfPage\":{\"@id\":\"https:\/\/www.tsa-interlocks.com\/de\/product\/ksd-switch-disconnector\/#primaryimage\"},\"image\":{\"@id\":\"https:\/\/www.tsa-interlocks.com\/de\/product\/ksd-switch-disconnector\/#primaryimage\"},\"thumbnailUrl\":\"https:\/\/accept.tsa-interlocks.com.bmade.it\/de\/wp-content\/uploads\/sites\/2\/2022\/04\/KSD-EL1.png\",\"datePublished\":\"2022-04-04T14:50:53+00:00\",\"dateModified\":\"2024-05-24T09:38:01+00:00\",\"description\":\"Castell schl\u00fcsselbetriebener Stromunterbrecher Lasttrenschalter zum Isolieren oder Schalten von Spannung. Messing\/RVS. Montage im Schaltschrank IP65-Geh\u00e4use\",\"breadcrumb\":{\"@id\":\"https:\/\/www.tsa-interlocks.com\/de\/product\/ksd-switch-disconnector\/#breadcrumb\"},\"inLanguage\":\"en-US\",\"potentialAction\":[{\"@type\":\"ReadAction\",\"target\":[\"https:\/\/www.tsa-interlocks.com\/de\/product\/ksd-switch-disconnector\/\"]}]},{\"@type\":\"ImageObject\",\"inLanguage\":\"en-US\",\"@id\":\"https:\/\/www.tsa-interlocks.com\/de\/product\/ksd-switch-disconnector\/#primaryimage\",\"url\":\"https:\/\/accept.tsa-interlocks.com.bmade.it\/de\/wp-content\/uploads\/sites\/2\/2022\/04\/KSD-EL1.png\",\"contentUrl\":\"https:\/\/accept.tsa-interlocks.com.bmade.it\/de\/wp-content\/uploads\/sites\/2\/2022\/04\/KSD-EL1.png\",\"width\":944,\"height\":703},{\"@type\":\"WebSite\",\"@id\":\"https:\/\/www.tsa-interlocks.com\/de\/#website\",\"url\":\"https:\/\/www.tsa-interlocks.com\/de\/\",\"name\":\"TSA Interlocks\",\"description\":\"\",\"publisher\":{\"@id\":\"https:\/\/www.tsa-interlocks.com\/de\/#organization\"},\"potentialAction\":[{\"@type\":\"SearchAction\",\"target\":{\"@type\":\"EntryPoint\",\"urlTemplate\":\"https:\/\/www.tsa-interlocks.com\/de\/?s={search_term_string}\"},\"query-input\":{\"@type\":\"PropertyValueSpecification\",\"valueRequired\":true,\"valueName\":\"search_term_string\"}}],\"inLanguage\":\"en-US\"},{\"@type\":\"Organization\",\"@id\":\"https:\/\/www.tsa-interlocks.com\/de\/#organization\",\"name\":\"TSA Interlocks\",\"url\":\"https:\/\/www.tsa-interlocks.com\/de\/\",\"logo\":{\"@type\":\"ImageObject\",\"inLanguage\":\"en-US\",\"@id\":\"https:\/\/www.tsa-interlocks.com\/de\/#\/schema\/logo\/image\/\",\"url\":\"https:\/\/accept.tsa-interlocks.com.bmade.it\/de\/wp-content\/uploads\/sites\/2\/2022\/01\/Logo-TSA-Safety-Services-PNG.png\",\"contentUrl\":\"https:\/\/accept.tsa-interlocks.com.bmade.it\/de\/wp-content\/uploads\/sites\/2\/2022\/01\/Logo-TSA-Safety-Services-PNG.png\",\"width\":5000,\"height\":2212,\"caption\":\"TSA Interlocks\"},\"image\":{\"@id\":\"https:\/\/www.tsa-interlocks.com\/de\/#\/schema\/logo\/image\/\"}}]}<\/script>\n<!-- \/ Yoast SEO plugin. -->","yoast_head_json":{"title":"KSD - Lasttrennschalter - TSA Interlocks Castell Deutschland","description":"Castell schl\u00fcsselbetriebener Stromunterbrecher Lasttrenschalter zum Isolieren oder Schalten von Spannung. Messing\/RVS. Montage im Schaltschrank IP65-Geh\u00e4use","robots":{"index":"index","follow":"follow","max-snippet":"max-snippet:-1","max-image-preview":"max-image-preview:large","max-video-preview":"max-video-preview:-1"},"canonical":"https:\/\/www.tsa-interlocks.com\/de\/product\/ksd-switch-disconnector\/","og_locale":"en_US","og_type":"article","og_title":"KSD - Lasttrennschalter - TSA Interlocks Castell Deutschland","og_description":"Castell schl\u00fcsselbetriebener Stromunterbrecher Lasttrenschalter zum Isolieren oder Schalten von Spannung. Messing\/RVS. Montage im Schaltschrank IP65-Geh\u00e4use","og_url":"https:\/\/www.tsa-interlocks.com\/de\/product\/ksd-switch-disconnector\/","og_site_name":"TSA Interlocks","article_modified_time":"2024-05-24T09:38:01+00:00","og_image":[{"width":944,"height":703,"url":"https:\/\/www.tsa-interlocks.com\/de\/wp-content\/uploads\/sites\/2\/2022\/04\/KSD-EL1.png","type":"image\/png"}],"twitter_card":"summary_large_image","twitter_image":"https:\/\/accept.tsa-interlocks.com.bmade.it\/de\/wp-content\/uploads\/sites\/2\/2022\/04\/KSD-EL1.png","twitter_misc":{"Est. reading time":"1 minute"},"schema":{"@context":"https:\/\/schema.org","@graph":[{"@type":"WebPage","@id":"https:\/\/www.tsa-interlocks.com\/de\/product\/ksd-switch-disconnector\/","url":"https:\/\/www.tsa-interlocks.com\/de\/product\/ksd-switch-disconnector\/","name":"KSD - Lasttrennschalter - TSA Interlocks Castell Deutschland","isPartOf":{"@id":"https:\/\/www.tsa-interlocks.com\/de\/#website"},"primaryImageOfPage":{"@id":"https:\/\/www.tsa-interlocks.com\/de\/product\/ksd-switch-disconnector\/#primaryimage"},"image":{"@id":"https:\/\/www.tsa-interlocks.com\/de\/product\/ksd-switch-disconnector\/#primaryimage"},"thumbnailUrl":"https:\/\/accept.tsa-interlocks.com.bmade.it\/de\/wp-content\/uploads\/sites\/2\/2022\/04\/KSD-EL1.png","datePublished":"2022-04-04T14:50:53+00:00","dateModified":"2024-05-24T09:38:01+00:00","description":"Castell schl\u00fcsselbetriebener Stromunterbrecher Lasttrenschalter zum Isolieren oder Schalten von Spannung. Messing\/RVS. Montage im Schaltschrank IP65-Geh\u00e4use","breadcrumb":{"@id":"https:\/\/www.tsa-interlocks.com\/de\/product\/ksd-switch-disconnector\/#breadcrumb"},"inLanguage":"en-US","potentialAction":[{"@type":"ReadAction","target":["https:\/\/www.tsa-interlocks.com\/de\/product\/ksd-switch-disconnector\/"]}]},{"@type":"ImageObject","inLanguage":"en-US","@id":"https:\/\/www.tsa-interlocks.com\/de\/product\/ksd-switch-disconnector\/#primaryimage","url":"https:\/\/accept.tsa-interlocks.com.bmade.it\/de\/wp-content\/uploads\/sites\/2\/2022\/04\/KSD-EL1.png","contentUrl":"https:\/\/accept.tsa-interlocks.com.bmade.it\/de\/wp-content\/uploads\/sites\/2\/2022\/04\/KSD-EL1.png","width":944,"height":703},{"@type":"WebSite","@id":"https:\/\/www.tsa-interlocks.com\/de\/#website","url":"https:\/\/www.tsa-interlocks.com\/de\/","name":"TSA Interlocks","description":"","publisher":{"@id":"https:\/\/www.tsa-interlocks.com\/de\/#organization"},"potentialAction":[{"@type":"SearchAction","target":{"@type":"EntryPoint","urlTemplate":"https:\/\/www.tsa-interlocks.com\/de\/?s={search_term_string}"},"query-input":{"@type":"PropertyValueSpecification","valueRequired":true,"valueName":"search_term_string"}}],"inLanguage":"en-US"},{"@type":"Organization","@id":"https:\/\/www.tsa-interlocks.com\/de\/#organization","name":"TSA Interlocks","url":"https:\/\/www.tsa-interlocks.com\/de\/","logo":{"@type":"ImageObject","inLanguage":"en-US","@id":"https:\/\/www.tsa-interlocks.com\/de\/#\/schema\/logo\/image\/","url":"https:\/\/accept.tsa-interlocks.com.bmade.it\/de\/wp-content\/uploads\/sites\/2\/2022\/01\/Logo-TSA-Safety-Services-PNG.png","contentUrl":"https:\/\/accept.tsa-interlocks.com.bmade.it\/de\/wp-content\/uploads\/sites\/2\/2022\/01\/Logo-TSA-Safety-Services-PNG.png","width":5000,"height":2212,"caption":"TSA Interlocks"},"image":{"@id":"https:\/\/www.tsa-interlocks.com\/de\/#\/schema\/logo\/image\/"}}]}},"_links":{"self":[{"href":"https:\/\/accept.tsa-interlocks.com.bmade.it\/de\/wp-json\/wp\/v2\/product\/1172"}],"collection":[{"href":"https:\/\/accept.tsa-interlocks.com.bmade.it\/de\/wp-json\/wp\/v2\/product"}],"about":[{"href":"https:\/\/accept.tsa-interlocks.com.bmade.it\/de\/wp-json\/wp\/v2\/types\/product"}],"replies":[{"embeddable":true,"href":"https:\/\/accept.tsa-interlocks.com.bmade.it\/de\/wp-json\/wp\/v2\/comments?post=1172"}],"wp:featuredmedia":[{"embeddable":true,"href":"https:\/\/accept.tsa-interlocks.com.bmade.it\/de\/wp-json\/wp\/v2\/media\/1901"}],"wp:attachment":[{"href":"https:\/\/accept.tsa-interlocks.com.bmade.it\/de\/wp-json\/wp\/v2\/media?parent=1172"}],"wp:term":[{"taxonomy":"product_brand","embeddable":true,"href":"https:\/\/accept.tsa-interlocks.com.bmade.it\/de\/wp-json\/wp\/v2\/product_brand?post=1172"},{"taxonomy":"product_cat","embeddable":true,"href":"https:\/\/accept.tsa-interlocks.com.bmade.it\/de\/wp-json\/wp\/v2\/product_cat?post=1172"},{"taxonomy":"product_tag","embeddable":true,"href":"https:\/\/accept.tsa-interlocks.com.bmade.it\/de\/wp-json\/wp\/v2\/product_tag?post=1172"}],"curies":[{"name":"wp","href":"https:\/\/api.w.org\/{rel}","templated":true}]}}