{"id":1176,"date":"2022-04-04T14:54:17","date_gmt":"2022-04-04T14:54:17","guid":{"rendered":"https:\/\/www.tsa-interlocks.com\/?post_type=product&#038;p=1176"},"modified":"2024-05-24T09:44:43","modified_gmt":"2024-05-24T09:44:43","slug":"ksse-multi-key-solenoid-controlled-switch","status":"publish","type":"product","link":"https:\/\/accept.tsa-interlocks.com.bmade.it\/de\/product\/ksse-multi-key-solenoid-controlled-switch\/","title":{"rendered":"KSSE &#8211; Mehrfach-Schl\u00fcsselschalter mit Elektroverriegelung"},"content":{"rendered":"<div class=\"mt-0 heading\">\n<div class=\"mt-0 heading\">\n<p><strong>Die KSSE-Einheit ist ein hochbelastbares elektromagnetisch bet\u00e4tigtes Mehrschl\u00fcssel-Elektroschloss.<\/strong><\/p>\n<p>Diese dient zum kontrollierten Trennen oder Schalten von Schwachstr\u00f6men. Der Schl\u00fcssel wird durch ein Signal von beispielsweise einem Roboter freigegeben, der seinen Zyklus beendet hat. Beim Abziehen des Schl\u00fcssels \u00e4ndern sich die Schaltkontakte, um den Prozess zu isolieren. Diese Art von Isolator wird f\u00fcr Hochrisikobereiche verwendet, in denen mehrere Zugangspunkte erforderlich sind. Dieser Isolatortyp wird zur kurzzeitigen Leerlaufisolierung verwendet.<\/p>\n<p>Das Ger\u00e4t ist f\u00fcr den Einbau in eine vorhandene Schalttafel oder als Aufputzger\u00e4t in einem eigenen abschlie\u00dfbaren IP65-Stahlgeh\u00e4use erh\u00e4ltlich. Der <em>Castell KSSE20 Multi Key Solenoid Controlled Switch<\/em> ist in Messing oder Edelstahl erh\u00e4ltlich.<\/p>\n<p><strong><a href=\"https:\/\/www.tsa-interlocks.com\/de\/wp-content\/uploads\/sites\/2\/2024\/05\/KSSE_Jan_23.pdf\" target=\"_blank\" rel=\"noopener\">Bedienungsanleitung &amp; weitere Informationen &gt;&gt;<\/a><\/strong><\/p>\n<\/div>\n<\/div>\n","protected":false},"excerpt":{"rendered":"<p>Die KSSE-Einheit ist ein hochbelastbares elektromagnetisch bet\u00e4tigtes Mehrschl\u00fcssel-Elektroschloss. Diese dient zum kontrollierten Trennen oder Schalten von Schwachstr\u00f6men. Der Schl\u00fcssel wird durch ein Signal von beispielsweise einem Roboter freigegeben, der seinen&hellip;<\/p>\n","protected":false},"featured_media":1905,"comment_status":"closed","ping_status":"closed","template":"","meta":[],"product_brand":[],"product_cat":[23],"product_tag":[],"yoast_head":"<!-- This site is optimized with the Yoast SEO plugin v24.5 - https:\/\/yoast.com\/wordpress\/plugins\/seo\/ -->\n<title>Castell KSSE - Mehrfach-Schl\u00fcsselschalter mit Elektroverriegelung<\/title>\n<meta name=\"description\" content=\"Castell KSSE Elektrische Verriegelung mit Solenoide. Kontrollierte Isolierung von Schwachstrom. Geeignet f\u00fcr risikoreiche Bereiche. Messing\/Edelstahl. IP65.\" \/>\n<meta name=\"robots\" content=\"index, follow, max-snippet:-1, max-image-preview:large, max-video-preview:-1\" \/>\n<link rel=\"canonical\" href=\"https:\/\/www.tsa-interlocks.com\/de\/product\/ksse-multi-key-solenoid-controlled-switch\/\" \/>\n<meta property=\"og:locale\" content=\"en_US\" \/>\n<meta property=\"og:type\" content=\"article\" \/>\n<meta property=\"og:title\" content=\"Castell KSSE - Mehrfach-Schl\u00fcsselschalter mit Elektroverriegelung\" \/>\n<meta property=\"og:description\" content=\"Castell KSSE Elektrische Verriegelung mit Solenoide. Kontrollierte Isolierung von Schwachstrom. Geeignet f\u00fcr risikoreiche Bereiche. Messing\/Edelstahl. IP65.\" \/>\n<meta property=\"og:url\" content=\"https:\/\/www.tsa-interlocks.com\/de\/product\/ksse-multi-key-solenoid-controlled-switch\/\" \/>\n<meta property=\"og:site_name\" content=\"TSA Interlocks\" \/>\n<meta property=\"article:modified_time\" content=\"2024-05-24T09:44:43+00:00\" \/>\n<meta property=\"og:image\" content=\"https:\/\/www.tsa-interlocks.com\/de\/wp-content\/uploads\/sites\/2\/2022\/04\/KSSE-E1.png\" \/>\n\t<meta property=\"og:image:width\" content=\"944\" \/>\n\t<meta property=\"og:image:height\" content=\"703\" \/>\n\t<meta property=\"og:image:type\" content=\"image\/png\" \/>\n<meta name=\"twitter:card\" content=\"summary_large_image\" \/>\n<meta name=\"twitter:image\" content=\"https:\/\/accept.tsa-interlocks.com.bmade.it\/de\/wp-content\/uploads\/sites\/2\/2022\/04\/KSSE-E1.png\" \/>\n<meta name=\"twitter:label1\" content=\"Est. reading time\" \/>\n\t<meta name=\"twitter:data1\" content=\"1 minute\" \/>\n<script type=\"application\/ld+json\" class=\"yoast-schema-graph\">{\"@context\":\"https:\/\/schema.org\",\"@graph\":[{\"@type\":\"WebPage\",\"@id\":\"https:\/\/www.tsa-interlocks.com\/de\/product\/ksse-multi-key-solenoid-controlled-switch\/\",\"url\":\"https:\/\/www.tsa-interlocks.com\/de\/product\/ksse-multi-key-solenoid-controlled-switch\/\",\"name\":\"Castell KSSE - Mehrfach-Schl\u00fcsselschalter mit Elektroverriegelung\",\"isPartOf\":{\"@id\":\"https:\/\/www.tsa-interlocks.com\/de\/#website\"},\"primaryImageOfPage\":{\"@id\":\"https:\/\/www.tsa-interlocks.com\/de\/product\/ksse-multi-key-solenoid-controlled-switch\/#primaryimage\"},\"image\":{\"@id\":\"https:\/\/www.tsa-interlocks.com\/de\/product\/ksse-multi-key-solenoid-controlled-switch\/#primaryimage\"},\"thumbnailUrl\":\"https:\/\/accept.tsa-interlocks.com.bmade.it\/de\/wp-content\/uploads\/sites\/2\/2022\/04\/KSSE-E1.png\",\"datePublished\":\"2022-04-04T14:54:17+00:00\",\"dateModified\":\"2024-05-24T09:44:43+00:00\",\"description\":\"Castell KSSE Elektrische Verriegelung mit Solenoide. Kontrollierte Isolierung von Schwachstrom. Geeignet f\u00fcr risikoreiche Bereiche. Messing\/Edelstahl. IP65.\",\"breadcrumb\":{\"@id\":\"https:\/\/www.tsa-interlocks.com\/de\/product\/ksse-multi-key-solenoid-controlled-switch\/#breadcrumb\"},\"inLanguage\":\"en-US\",\"potentialAction\":[{\"@type\":\"ReadAction\",\"target\":[\"https:\/\/www.tsa-interlocks.com\/de\/product\/ksse-multi-key-solenoid-controlled-switch\/\"]}]},{\"@type\":\"ImageObject\",\"inLanguage\":\"en-US\",\"@id\":\"https:\/\/www.tsa-interlocks.com\/de\/product\/ksse-multi-key-solenoid-controlled-switch\/#primaryimage\",\"url\":\"https:\/\/accept.tsa-interlocks.com.bmade.it\/de\/wp-content\/uploads\/sites\/2\/2022\/04\/KSSE-E1.png\",\"contentUrl\":\"https:\/\/accept.tsa-interlocks.com.bmade.it\/de\/wp-content\/uploads\/sites\/2\/2022\/04\/KSSE-E1.png\",\"width\":944,\"height\":703},{\"@type\":\"WebSite\",\"@id\":\"https:\/\/www.tsa-interlocks.com\/de\/#website\",\"url\":\"https:\/\/www.tsa-interlocks.com\/de\/\",\"name\":\"TSA Interlocks\",\"description\":\"\",\"publisher\":{\"@id\":\"https:\/\/www.tsa-interlocks.com\/de\/#organization\"},\"potentialAction\":[{\"@type\":\"SearchAction\",\"target\":{\"@type\":\"EntryPoint\",\"urlTemplate\":\"https:\/\/www.tsa-interlocks.com\/de\/?s={search_term_string}\"},\"query-input\":{\"@type\":\"PropertyValueSpecification\",\"valueRequired\":true,\"valueName\":\"search_term_string\"}}],\"inLanguage\":\"en-US\"},{\"@type\":\"Organization\",\"@id\":\"https:\/\/www.tsa-interlocks.com\/de\/#organization\",\"name\":\"TSA Interlocks\",\"url\":\"https:\/\/www.tsa-interlocks.com\/de\/\",\"logo\":{\"@type\":\"ImageObject\",\"inLanguage\":\"en-US\",\"@id\":\"https:\/\/www.tsa-interlocks.com\/de\/#\/schema\/logo\/image\/\",\"url\":\"https:\/\/accept.tsa-interlocks.com.bmade.it\/de\/wp-content\/uploads\/sites\/2\/2022\/01\/Logo-TSA-Safety-Services-PNG.png\",\"contentUrl\":\"https:\/\/accept.tsa-interlocks.com.bmade.it\/de\/wp-content\/uploads\/sites\/2\/2022\/01\/Logo-TSA-Safety-Services-PNG.png\",\"width\":5000,\"height\":2212,\"caption\":\"TSA Interlocks\"},\"image\":{\"@id\":\"https:\/\/www.tsa-interlocks.com\/de\/#\/schema\/logo\/image\/\"}}]}<\/script>\n<!-- \/ Yoast SEO plugin. -->","yoast_head_json":{"title":"Castell KSSE - Mehrfach-Schl\u00fcsselschalter mit Elektroverriegelung","description":"Castell KSSE Elektrische Verriegelung mit Solenoide. Kontrollierte Isolierung von Schwachstrom. Geeignet f\u00fcr risikoreiche Bereiche. Messing\/Edelstahl. IP65.","robots":{"index":"index","follow":"follow","max-snippet":"max-snippet:-1","max-image-preview":"max-image-preview:large","max-video-preview":"max-video-preview:-1"},"canonical":"https:\/\/www.tsa-interlocks.com\/de\/product\/ksse-multi-key-solenoid-controlled-switch\/","og_locale":"en_US","og_type":"article","og_title":"Castell KSSE - Mehrfach-Schl\u00fcsselschalter mit Elektroverriegelung","og_description":"Castell KSSE Elektrische Verriegelung mit Solenoide. Kontrollierte Isolierung von Schwachstrom. Geeignet f\u00fcr risikoreiche Bereiche. Messing\/Edelstahl. IP65.","og_url":"https:\/\/www.tsa-interlocks.com\/de\/product\/ksse-multi-key-solenoid-controlled-switch\/","og_site_name":"TSA Interlocks","article_modified_time":"2024-05-24T09:44:43+00:00","og_image":[{"width":944,"height":703,"url":"https:\/\/www.tsa-interlocks.com\/de\/wp-content\/uploads\/sites\/2\/2022\/04\/KSSE-E1.png","type":"image\/png"}],"twitter_card":"summary_large_image","twitter_image":"https:\/\/accept.tsa-interlocks.com.bmade.it\/de\/wp-content\/uploads\/sites\/2\/2022\/04\/KSSE-E1.png","twitter_misc":{"Est. reading time":"1 minute"},"schema":{"@context":"https:\/\/schema.org","@graph":[{"@type":"WebPage","@id":"https:\/\/www.tsa-interlocks.com\/de\/product\/ksse-multi-key-solenoid-controlled-switch\/","url":"https:\/\/www.tsa-interlocks.com\/de\/product\/ksse-multi-key-solenoid-controlled-switch\/","name":"Castell KSSE - Mehrfach-Schl\u00fcsselschalter mit Elektroverriegelung","isPartOf":{"@id":"https:\/\/www.tsa-interlocks.com\/de\/#website"},"primaryImageOfPage":{"@id":"https:\/\/www.tsa-interlocks.com\/de\/product\/ksse-multi-key-solenoid-controlled-switch\/#primaryimage"},"image":{"@id":"https:\/\/www.tsa-interlocks.com\/de\/product\/ksse-multi-key-solenoid-controlled-switch\/#primaryimage"},"thumbnailUrl":"https:\/\/accept.tsa-interlocks.com.bmade.it\/de\/wp-content\/uploads\/sites\/2\/2022\/04\/KSSE-E1.png","datePublished":"2022-04-04T14:54:17+00:00","dateModified":"2024-05-24T09:44:43+00:00","description":"Castell KSSE Elektrische Verriegelung mit Solenoide. Kontrollierte Isolierung von Schwachstrom. Geeignet f\u00fcr risikoreiche Bereiche. Messing\/Edelstahl. IP65.","breadcrumb":{"@id":"https:\/\/www.tsa-interlocks.com\/de\/product\/ksse-multi-key-solenoid-controlled-switch\/#breadcrumb"},"inLanguage":"en-US","potentialAction":[{"@type":"ReadAction","target":["https:\/\/www.tsa-interlocks.com\/de\/product\/ksse-multi-key-solenoid-controlled-switch\/"]}]},{"@type":"ImageObject","inLanguage":"en-US","@id":"https:\/\/www.tsa-interlocks.com\/de\/product\/ksse-multi-key-solenoid-controlled-switch\/#primaryimage","url":"https:\/\/accept.tsa-interlocks.com.bmade.it\/de\/wp-content\/uploads\/sites\/2\/2022\/04\/KSSE-E1.png","contentUrl":"https:\/\/accept.tsa-interlocks.com.bmade.it\/de\/wp-content\/uploads\/sites\/2\/2022\/04\/KSSE-E1.png","width":944,"height":703},{"@type":"WebSite","@id":"https:\/\/www.tsa-interlocks.com\/de\/#website","url":"https:\/\/www.tsa-interlocks.com\/de\/","name":"TSA Interlocks","description":"","publisher":{"@id":"https:\/\/www.tsa-interlocks.com\/de\/#organization"},"potentialAction":[{"@type":"SearchAction","target":{"@type":"EntryPoint","urlTemplate":"https:\/\/www.tsa-interlocks.com\/de\/?s={search_term_string}"},"query-input":{"@type":"PropertyValueSpecification","valueRequired":true,"valueName":"search_term_string"}}],"inLanguage":"en-US"},{"@type":"Organization","@id":"https:\/\/www.tsa-interlocks.com\/de\/#organization","name":"TSA Interlocks","url":"https:\/\/www.tsa-interlocks.com\/de\/","logo":{"@type":"ImageObject","inLanguage":"en-US","@id":"https:\/\/www.tsa-interlocks.com\/de\/#\/schema\/logo\/image\/","url":"https:\/\/accept.tsa-interlocks.com.bmade.it\/de\/wp-content\/uploads\/sites\/2\/2022\/01\/Logo-TSA-Safety-Services-PNG.png","contentUrl":"https:\/\/accept.tsa-interlocks.com.bmade.it\/de\/wp-content\/uploads\/sites\/2\/2022\/01\/Logo-TSA-Safety-Services-PNG.png","width":5000,"height":2212,"caption":"TSA Interlocks"},"image":{"@id":"https:\/\/www.tsa-interlocks.com\/de\/#\/schema\/logo\/image\/"}}]}},"_links":{"self":[{"href":"https:\/\/accept.tsa-interlocks.com.bmade.it\/de\/wp-json\/wp\/v2\/product\/1176"}],"collection":[{"href":"https:\/\/accept.tsa-interlocks.com.bmade.it\/de\/wp-json\/wp\/v2\/product"}],"about":[{"href":"https:\/\/accept.tsa-interlocks.com.bmade.it\/de\/wp-json\/wp\/v2\/types\/product"}],"replies":[{"embeddable":true,"href":"https:\/\/accept.tsa-interlocks.com.bmade.it\/de\/wp-json\/wp\/v2\/comments?post=1176"}],"wp:featuredmedia":[{"embeddable":true,"href":"https:\/\/accept.tsa-interlocks.com.bmade.it\/de\/wp-json\/wp\/v2\/media\/1905"}],"wp:attachment":[{"href":"https:\/\/accept.tsa-interlocks.com.bmade.it\/de\/wp-json\/wp\/v2\/media?parent=1176"}],"wp:term":[{"taxonomy":"product_brand","embeddable":true,"href":"https:\/\/accept.tsa-interlocks.com.bmade.it\/de\/wp-json\/wp\/v2\/product_brand?post=1176"},{"taxonomy":"product_cat","embeddable":true,"href":"https:\/\/accept.tsa-interlocks.com.bmade.it\/de\/wp-json\/wp\/v2\/product_cat?post=1176"},{"taxonomy":"product_tag","embeddable":true,"href":"https:\/\/accept.tsa-interlocks.com.bmade.it\/de\/wp-json\/wp\/v2\/product_tag?post=1176"}],"curies":[{"name":"wp","href":"https:\/\/api.w.org\/{rel}","templated":true}]}}