{"id":1179,"date":"2022-04-04T14:55:12","date_gmt":"2022-04-04T14:55:12","guid":{"rendered":"https:\/\/www.tsa-interlocks.com\/?post_type=product&#038;p=1179"},"modified":"2024-05-24T09:46:21","modified_gmt":"2024-05-24T09:46:21","slug":"ksups-solenoid-controlled-switch","status":"publish","type":"product","link":"https:\/\/accept.tsa-interlocks.com.bmade.it\/de\/product\/ksups-solenoid-controlled-switch\/","title":{"rendered":"KSUPS &#8211; Schl\u00fcsselschalter mit Elektroverriegelung"},"content":{"rendered":"<div class=\"mt-0 heading\">\n<div class=\"mt-0 heading\">\n<div class=\"mt-0 heading\">\n<p>Der Castell KSUPS ist ein magnetgesteuerter Schalter. Es wurde f\u00fcr USV-Bypass-Systeme (unterbrechungsfreie Stromversorgung) entwickelt und wird haupts\u00e4chlich in diesen verwendet. Das KSUPS stellt sicher, dass der Schl\u00fcssel nicht entfernt werden kann, bis sich das USV-System in einem sicheren Zustand befindet.<\/p>\n<p>Das KSUPS<em> (Solenoid Controlled Switch)<\/em> kann in Messing oder Edelstahl geliefert werden. Das Ger\u00e4t wird fertig f\u00fcr den Schalttafeleinbau geliefert. Es ist mit einer Reihe von Magnetspannungsoptionen erh\u00e4ltlich; 24, 110 und 240 VAC oder VDC.<\/p>\n<p><strong><a style=\"font-size: 1rem;letter-spacing: 0.1px\" href=\"https:\/\/www.tsa-interlocks.com\/de\/wp-content\/uploads\/sites\/2\/2024\/05\/KSUPS_Jan_23.pdf\" target=\"_blank\" rel=\"noopener\">Bedienungsanleitung &amp; weitere Informationen &gt;&gt;<\/a><\/strong><\/p>\n<\/div>\n<\/div>\n<\/div>\n","protected":false},"excerpt":{"rendered":"<p>Der Castell KSUPS ist ein magnetgesteuerter Schalter. Es wurde f\u00fcr USV-Bypass-Systeme (unterbrechungsfreie Stromversorgung) entwickelt und wird haupts\u00e4chlich in diesen verwendet. Das KSUPS stellt sicher, dass der Schl\u00fcssel nicht entfernt werden&hellip;<\/p>\n","protected":false},"featured_media":1907,"comment_status":"closed","ping_status":"closed","template":"","meta":[],"product_brand":[],"product_cat":[23],"product_tag":[],"yoast_head":"<!-- This site is optimized with the Yoast SEO plugin v24.5 - https:\/\/yoast.com\/wordpress\/plugins\/seo\/ -->\n<title>KSUPS - Schl\u00fcsselschalter mit Elektroverriegelung - TSA Castell<\/title>\n<meta name=\"description\" content=\"Solenoidgesteuerter Schalter f\u00fcr UPS-Bypass-Systeme. Sicheres Entfernen des Schl\u00fcssels. Messing\/Edelstahl. Verschiedene Magnetspannungsoptionen verf\u00fcgbar.\" \/>\n<meta name=\"robots\" content=\"index, follow, max-snippet:-1, max-image-preview:large, max-video-preview:-1\" \/>\n<link rel=\"canonical\" href=\"https:\/\/www.tsa-interlocks.com\/de\/product\/ksups-solenoid-controlled-switch\/\" \/>\n<meta property=\"og:locale\" content=\"en_US\" \/>\n<meta property=\"og:type\" content=\"article\" \/>\n<meta property=\"og:title\" content=\"KSUPS - Schl\u00fcsselschalter mit Elektroverriegelung - TSA Castell\" \/>\n<meta property=\"og:description\" content=\"Solenoidgesteuerter Schalter f\u00fcr UPS-Bypass-Systeme. Sicheres Entfernen des Schl\u00fcssels. Messing\/Edelstahl. Verschiedene Magnetspannungsoptionen verf\u00fcgbar.\" \/>\n<meta property=\"og:url\" content=\"https:\/\/www.tsa-interlocks.com\/de\/product\/ksups-solenoid-controlled-switch\/\" \/>\n<meta property=\"og:site_name\" content=\"TSA Interlocks\" \/>\n<meta property=\"article:modified_time\" content=\"2024-05-24T09:46:21+00:00\" \/>\n<meta property=\"og:image\" content=\"https:\/\/www.tsa-interlocks.com\/de\/wp-content\/uploads\/sites\/2\/2022\/04\/KSUPS-1.png\" \/>\n\t<meta property=\"og:image:width\" content=\"944\" \/>\n\t<meta property=\"og:image:height\" content=\"703\" \/>\n\t<meta property=\"og:image:type\" content=\"image\/png\" \/>\n<meta name=\"twitter:card\" content=\"summary_large_image\" \/>\n<meta name=\"twitter:label1\" content=\"Est. reading time\" \/>\n\t<meta name=\"twitter:data1\" content=\"1 minute\" \/>\n<script type=\"application\/ld+json\" class=\"yoast-schema-graph\">{\"@context\":\"https:\/\/schema.org\",\"@graph\":[{\"@type\":\"WebPage\",\"@id\":\"https:\/\/www.tsa-interlocks.com\/de\/product\/ksups-solenoid-controlled-switch\/\",\"url\":\"https:\/\/www.tsa-interlocks.com\/de\/product\/ksups-solenoid-controlled-switch\/\",\"name\":\"KSUPS - Schl\u00fcsselschalter mit Elektroverriegelung - TSA Castell\",\"isPartOf\":{\"@id\":\"https:\/\/www.tsa-interlocks.com\/de\/#website\"},\"primaryImageOfPage\":{\"@id\":\"https:\/\/www.tsa-interlocks.com\/de\/product\/ksups-solenoid-controlled-switch\/#primaryimage\"},\"image\":{\"@id\":\"https:\/\/www.tsa-interlocks.com\/de\/product\/ksups-solenoid-controlled-switch\/#primaryimage\"},\"thumbnailUrl\":\"https:\/\/accept.tsa-interlocks.com.bmade.it\/de\/wp-content\/uploads\/sites\/2\/2022\/04\/KSUPS-1.png\",\"datePublished\":\"2022-04-04T14:55:12+00:00\",\"dateModified\":\"2024-05-24T09:46:21+00:00\",\"description\":\"Solenoidgesteuerter Schalter f\u00fcr UPS-Bypass-Systeme. Sicheres Entfernen des Schl\u00fcssels. Messing\/Edelstahl. Verschiedene Magnetspannungsoptionen verf\u00fcgbar.\",\"breadcrumb\":{\"@id\":\"https:\/\/www.tsa-interlocks.com\/de\/product\/ksups-solenoid-controlled-switch\/#breadcrumb\"},\"inLanguage\":\"en-US\",\"potentialAction\":[{\"@type\":\"ReadAction\",\"target\":[\"https:\/\/www.tsa-interlocks.com\/de\/product\/ksups-solenoid-controlled-switch\/\"]}]},{\"@type\":\"ImageObject\",\"inLanguage\":\"en-US\",\"@id\":\"https:\/\/www.tsa-interlocks.com\/de\/product\/ksups-solenoid-controlled-switch\/#primaryimage\",\"url\":\"https:\/\/accept.tsa-interlocks.com.bmade.it\/de\/wp-content\/uploads\/sites\/2\/2022\/04\/KSUPS-1.png\",\"contentUrl\":\"https:\/\/accept.tsa-interlocks.com.bmade.it\/de\/wp-content\/uploads\/sites\/2\/2022\/04\/KSUPS-1.png\",\"width\":944,\"height\":703},{\"@type\":\"WebSite\",\"@id\":\"https:\/\/www.tsa-interlocks.com\/de\/#website\",\"url\":\"https:\/\/www.tsa-interlocks.com\/de\/\",\"name\":\"TSA Interlocks\",\"description\":\"\",\"publisher\":{\"@id\":\"https:\/\/www.tsa-interlocks.com\/de\/#organization\"},\"potentialAction\":[{\"@type\":\"SearchAction\",\"target\":{\"@type\":\"EntryPoint\",\"urlTemplate\":\"https:\/\/www.tsa-interlocks.com\/de\/?s={search_term_string}\"},\"query-input\":{\"@type\":\"PropertyValueSpecification\",\"valueRequired\":true,\"valueName\":\"search_term_string\"}}],\"inLanguage\":\"en-US\"},{\"@type\":\"Organization\",\"@id\":\"https:\/\/www.tsa-interlocks.com\/de\/#organization\",\"name\":\"TSA Interlocks\",\"url\":\"https:\/\/www.tsa-interlocks.com\/de\/\",\"logo\":{\"@type\":\"ImageObject\",\"inLanguage\":\"en-US\",\"@id\":\"https:\/\/www.tsa-interlocks.com\/de\/#\/schema\/logo\/image\/\",\"url\":\"https:\/\/accept.tsa-interlocks.com.bmade.it\/de\/wp-content\/uploads\/sites\/2\/2022\/01\/Logo-TSA-Safety-Services-PNG.png\",\"contentUrl\":\"https:\/\/accept.tsa-interlocks.com.bmade.it\/de\/wp-content\/uploads\/sites\/2\/2022\/01\/Logo-TSA-Safety-Services-PNG.png\",\"width\":5000,\"height\":2212,\"caption\":\"TSA Interlocks\"},\"image\":{\"@id\":\"https:\/\/www.tsa-interlocks.com\/de\/#\/schema\/logo\/image\/\"}}]}<\/script>\n<!-- \/ Yoast SEO plugin. -->","yoast_head_json":{"title":"KSUPS - Schl\u00fcsselschalter mit Elektroverriegelung - TSA Castell","description":"Solenoidgesteuerter Schalter f\u00fcr UPS-Bypass-Systeme. Sicheres Entfernen des Schl\u00fcssels. Messing\/Edelstahl. Verschiedene Magnetspannungsoptionen verf\u00fcgbar.","robots":{"index":"index","follow":"follow","max-snippet":"max-snippet:-1","max-image-preview":"max-image-preview:large","max-video-preview":"max-video-preview:-1"},"canonical":"https:\/\/www.tsa-interlocks.com\/de\/product\/ksups-solenoid-controlled-switch\/","og_locale":"en_US","og_type":"article","og_title":"KSUPS - Schl\u00fcsselschalter mit Elektroverriegelung - TSA Castell","og_description":"Solenoidgesteuerter Schalter f\u00fcr UPS-Bypass-Systeme. Sicheres Entfernen des Schl\u00fcssels. Messing\/Edelstahl. Verschiedene Magnetspannungsoptionen verf\u00fcgbar.","og_url":"https:\/\/www.tsa-interlocks.com\/de\/product\/ksups-solenoid-controlled-switch\/","og_site_name":"TSA Interlocks","article_modified_time":"2024-05-24T09:46:21+00:00","og_image":[{"width":944,"height":703,"url":"https:\/\/www.tsa-interlocks.com\/de\/wp-content\/uploads\/sites\/2\/2022\/04\/KSUPS-1.png","type":"image\/png"}],"twitter_card":"summary_large_image","twitter_misc":{"Est. reading time":"1 minute"},"schema":{"@context":"https:\/\/schema.org","@graph":[{"@type":"WebPage","@id":"https:\/\/www.tsa-interlocks.com\/de\/product\/ksups-solenoid-controlled-switch\/","url":"https:\/\/www.tsa-interlocks.com\/de\/product\/ksups-solenoid-controlled-switch\/","name":"KSUPS - Schl\u00fcsselschalter mit Elektroverriegelung - TSA Castell","isPartOf":{"@id":"https:\/\/www.tsa-interlocks.com\/de\/#website"},"primaryImageOfPage":{"@id":"https:\/\/www.tsa-interlocks.com\/de\/product\/ksups-solenoid-controlled-switch\/#primaryimage"},"image":{"@id":"https:\/\/www.tsa-interlocks.com\/de\/product\/ksups-solenoid-controlled-switch\/#primaryimage"},"thumbnailUrl":"https:\/\/accept.tsa-interlocks.com.bmade.it\/de\/wp-content\/uploads\/sites\/2\/2022\/04\/KSUPS-1.png","datePublished":"2022-04-04T14:55:12+00:00","dateModified":"2024-05-24T09:46:21+00:00","description":"Solenoidgesteuerter Schalter f\u00fcr UPS-Bypass-Systeme. Sicheres Entfernen des Schl\u00fcssels. Messing\/Edelstahl. Verschiedene Magnetspannungsoptionen verf\u00fcgbar.","breadcrumb":{"@id":"https:\/\/www.tsa-interlocks.com\/de\/product\/ksups-solenoid-controlled-switch\/#breadcrumb"},"inLanguage":"en-US","potentialAction":[{"@type":"ReadAction","target":["https:\/\/www.tsa-interlocks.com\/de\/product\/ksups-solenoid-controlled-switch\/"]}]},{"@type":"ImageObject","inLanguage":"en-US","@id":"https:\/\/www.tsa-interlocks.com\/de\/product\/ksups-solenoid-controlled-switch\/#primaryimage","url":"https:\/\/accept.tsa-interlocks.com.bmade.it\/de\/wp-content\/uploads\/sites\/2\/2022\/04\/KSUPS-1.png","contentUrl":"https:\/\/accept.tsa-interlocks.com.bmade.it\/de\/wp-content\/uploads\/sites\/2\/2022\/04\/KSUPS-1.png","width":944,"height":703},{"@type":"WebSite","@id":"https:\/\/www.tsa-interlocks.com\/de\/#website","url":"https:\/\/www.tsa-interlocks.com\/de\/","name":"TSA Interlocks","description":"","publisher":{"@id":"https:\/\/www.tsa-interlocks.com\/de\/#organization"},"potentialAction":[{"@type":"SearchAction","target":{"@type":"EntryPoint","urlTemplate":"https:\/\/www.tsa-interlocks.com\/de\/?s={search_term_string}"},"query-input":{"@type":"PropertyValueSpecification","valueRequired":true,"valueName":"search_term_string"}}],"inLanguage":"en-US"},{"@type":"Organization","@id":"https:\/\/www.tsa-interlocks.com\/de\/#organization","name":"TSA Interlocks","url":"https:\/\/www.tsa-interlocks.com\/de\/","logo":{"@type":"ImageObject","inLanguage":"en-US","@id":"https:\/\/www.tsa-interlocks.com\/de\/#\/schema\/logo\/image\/","url":"https:\/\/accept.tsa-interlocks.com.bmade.it\/de\/wp-content\/uploads\/sites\/2\/2022\/01\/Logo-TSA-Safety-Services-PNG.png","contentUrl":"https:\/\/accept.tsa-interlocks.com.bmade.it\/de\/wp-content\/uploads\/sites\/2\/2022\/01\/Logo-TSA-Safety-Services-PNG.png","width":5000,"height":2212,"caption":"TSA Interlocks"},"image":{"@id":"https:\/\/www.tsa-interlocks.com\/de\/#\/schema\/logo\/image\/"}}]}},"_links":{"self":[{"href":"https:\/\/accept.tsa-interlocks.com.bmade.it\/de\/wp-json\/wp\/v2\/product\/1179"}],"collection":[{"href":"https:\/\/accept.tsa-interlocks.com.bmade.it\/de\/wp-json\/wp\/v2\/product"}],"about":[{"href":"https:\/\/accept.tsa-interlocks.com.bmade.it\/de\/wp-json\/wp\/v2\/types\/product"}],"replies":[{"embeddable":true,"href":"https:\/\/accept.tsa-interlocks.com.bmade.it\/de\/wp-json\/wp\/v2\/comments?post=1179"}],"wp:featuredmedia":[{"embeddable":true,"href":"https:\/\/accept.tsa-interlocks.com.bmade.it\/de\/wp-json\/wp\/v2\/media\/1907"}],"wp:attachment":[{"href":"https:\/\/accept.tsa-interlocks.com.bmade.it\/de\/wp-json\/wp\/v2\/media?parent=1179"}],"wp:term":[{"taxonomy":"product_brand","embeddable":true,"href":"https:\/\/accept.tsa-interlocks.com.bmade.it\/de\/wp-json\/wp\/v2\/product_brand?post=1179"},{"taxonomy":"product_cat","embeddable":true,"href":"https:\/\/accept.tsa-interlocks.com.bmade.it\/de\/wp-json\/wp\/v2\/product_cat?post=1179"},{"taxonomy":"product_tag","embeddable":true,"href":"https:\/\/accept.tsa-interlocks.com.bmade.it\/de\/wp-json\/wp\/v2\/product_tag?post=1179"}],"curies":[{"name":"wp","href":"https:\/\/api.w.org\/{rel}","templated":true}]}}