{"id":1181,"date":"2022-04-04T14:56:07","date_gmt":"2022-04-04T14:56:07","guid":{"rendered":"https:\/\/www.tsa-interlocks.com\/?post_type=product&#038;p=1181"},"modified":"2024-05-24T08:49:49","modified_gmt":"2024-05-24T08:49:49","slug":"dae-mechanical-time-delay-unit","status":"publish","type":"product","link":"https:\/\/accept.tsa-interlocks.com.bmade.it\/de\/product\/dae-mechanical-time-delay-unit\/","title":{"rendered":"DAE &#8211; Mechanische Zeitverz\u00f6gerungseinheit"},"content":{"rendered":"<div class=\"mt-0 heading\">\n<div class=\"mt-0 heading\">\n<div class=\"mt-0 heading\">\n<div class=\"mt-0 heading\">\n<p>Das DAE ist eine mechanische Zeitverz\u00f6gerung mit Schl\u00fcssel. Das Ger\u00e4t wurde entwickelt, um den Zugang zu gef\u00e4hrlichen Maschinen zu kontrollieren, die eine Verz\u00f6gerungszeit haben oder bei denen Maschinen einen Arbeitszyklus abschlie\u00dfen m\u00fcssen, bevor der Zugang erlaubt wird.<\/p>\n<p>Das <em>Castell DAE Mechanical Time Delay Unit <\/em>ist f\u00fcr Anwendungen konzipiert, bei denen die Verf\u00fcgbarkeit der Hauptstromversorgung begrenzt ist oder bei denen sich das Ger\u00e4t in einer potenziell explosionsgef\u00e4hrdeten Atmosph\u00e4re befindet.<\/p>\n<p><strong><a href=\"https:\/\/www.tsa-interlocks.com\/de\/wp-content\/uploads\/sites\/2\/2024\/05\/DAE_Jan_23.pdf\" target=\"_blank\" rel=\"noopener\">Bedienungsanleitung &amp; weitere Informationen &gt;&gt;<\/a><\/strong><\/p>\n<\/div>\n<\/div>\n<\/div>\n<\/div>\n","protected":false},"excerpt":{"rendered":"<p>Das DAE ist eine mechanische Zeitverz\u00f6gerung mit Schl\u00fcssel. Das Ger\u00e4t wurde entwickelt, um den Zugang zu gef\u00e4hrlichen Maschinen zu kontrollieren, die eine Verz\u00f6gerungszeit haben oder bei denen Maschinen einen Arbeitszyklus&hellip;<\/p>\n","protected":false},"featured_media":1915,"comment_status":"closed","ping_status":"closed","template":"","meta":[],"product_brand":[],"product_cat":[23],"product_tag":[],"yoast_head":"<!-- This site is optimized with the Yoast SEO plugin v24.5 - https:\/\/yoast.com\/wordpress\/plugins\/seo\/ -->\n<title>DAE - Mechanische Zeitverz\u00f6gerungseinheit - TSA Interlocks<\/title>\n<meta name=\"description\" content=\"Castell - Mechanische Zeitverz\u00f6gerungseinheit DAE f\u00fcr gef\u00e4hrliche Maschinen. Kontrolle des Zugangs mit Schl\u00fcssel. Geeignet f\u00fcr Maschinen mit Nachlaufzeit.\" \/>\n<meta name=\"robots\" content=\"index, follow, max-snippet:-1, max-image-preview:large, max-video-preview:-1\" \/>\n<link rel=\"canonical\" href=\"https:\/\/www.tsa-interlocks.com\/de\/product\/dae-mechanical-time-delay-unit\/\" \/>\n<meta property=\"og:locale\" content=\"en_US\" \/>\n<meta property=\"og:type\" content=\"article\" \/>\n<meta property=\"og:title\" content=\"DAE - Mechanische Zeitverz\u00f6gerungseinheit - TSA Interlocks\" \/>\n<meta property=\"og:description\" content=\"Castell - Mechanische Zeitverz\u00f6gerungseinheit DAE f\u00fcr gef\u00e4hrliche Maschinen. Kontrolle des Zugangs mit Schl\u00fcssel. Geeignet f\u00fcr Maschinen mit Nachlaufzeit.\" \/>\n<meta property=\"og:url\" content=\"https:\/\/www.tsa-interlocks.com\/de\/product\/dae-mechanical-time-delay-unit\/\" \/>\n<meta property=\"og:site_name\" content=\"TSA Interlocks\" \/>\n<meta property=\"article:modified_time\" content=\"2024-05-24T08:49:49+00:00\" \/>\n<meta property=\"og:image\" content=\"https:\/\/www.tsa-interlocks.com\/de\/wp-content\/uploads\/sites\/2\/2022\/04\/DAE-ME1.png\" \/>\n\t<meta property=\"og:image:width\" content=\"944\" \/>\n\t<meta property=\"og:image:height\" content=\"703\" \/>\n\t<meta property=\"og:image:type\" content=\"image\/png\" \/>\n<meta name=\"twitter:card\" content=\"summary_large_image\" \/>\n<meta name=\"twitter:image\" content=\"https:\/\/accept.tsa-interlocks.com.bmade.it\/de\/wp-content\/uploads\/sites\/2\/2022\/04\/DAE-ME1.png\" \/>\n<meta name=\"twitter:label1\" content=\"Est. reading time\" \/>\n\t<meta name=\"twitter:data1\" content=\"1 minute\" \/>\n<script type=\"application\/ld+json\" class=\"yoast-schema-graph\">{\"@context\":\"https:\/\/schema.org\",\"@graph\":[{\"@type\":\"WebPage\",\"@id\":\"https:\/\/www.tsa-interlocks.com\/de\/product\/dae-mechanical-time-delay-unit\/\",\"url\":\"https:\/\/www.tsa-interlocks.com\/de\/product\/dae-mechanical-time-delay-unit\/\",\"name\":\"DAE - Mechanische Zeitverz\u00f6gerungseinheit - TSA Interlocks\",\"isPartOf\":{\"@id\":\"https:\/\/www.tsa-interlocks.com\/de\/#website\"},\"primaryImageOfPage\":{\"@id\":\"https:\/\/www.tsa-interlocks.com\/de\/product\/dae-mechanical-time-delay-unit\/#primaryimage\"},\"image\":{\"@id\":\"https:\/\/www.tsa-interlocks.com\/de\/product\/dae-mechanical-time-delay-unit\/#primaryimage\"},\"thumbnailUrl\":\"https:\/\/accept.tsa-interlocks.com.bmade.it\/de\/wp-content\/uploads\/sites\/2\/2022\/04\/DAE-ME1.png\",\"datePublished\":\"2022-04-04T14:56:07+00:00\",\"dateModified\":\"2024-05-24T08:49:49+00:00\",\"description\":\"Castell - Mechanische Zeitverz\u00f6gerungseinheit DAE f\u00fcr gef\u00e4hrliche Maschinen. Kontrolle des Zugangs mit Schl\u00fcssel. Geeignet f\u00fcr Maschinen mit Nachlaufzeit.\",\"breadcrumb\":{\"@id\":\"https:\/\/www.tsa-interlocks.com\/de\/product\/dae-mechanical-time-delay-unit\/#breadcrumb\"},\"inLanguage\":\"en-US\",\"potentialAction\":[{\"@type\":\"ReadAction\",\"target\":[\"https:\/\/www.tsa-interlocks.com\/de\/product\/dae-mechanical-time-delay-unit\/\"]}]},{\"@type\":\"ImageObject\",\"inLanguage\":\"en-US\",\"@id\":\"https:\/\/www.tsa-interlocks.com\/de\/product\/dae-mechanical-time-delay-unit\/#primaryimage\",\"url\":\"https:\/\/accept.tsa-interlocks.com.bmade.it\/de\/wp-content\/uploads\/sites\/2\/2022\/04\/DAE-ME1.png\",\"contentUrl\":\"https:\/\/accept.tsa-interlocks.com.bmade.it\/de\/wp-content\/uploads\/sites\/2\/2022\/04\/DAE-ME1.png\",\"width\":944,\"height\":703},{\"@type\":\"WebSite\",\"@id\":\"https:\/\/www.tsa-interlocks.com\/de\/#website\",\"url\":\"https:\/\/www.tsa-interlocks.com\/de\/\",\"name\":\"TSA Interlocks\",\"description\":\"\",\"publisher\":{\"@id\":\"https:\/\/www.tsa-interlocks.com\/de\/#organization\"},\"potentialAction\":[{\"@type\":\"SearchAction\",\"target\":{\"@type\":\"EntryPoint\",\"urlTemplate\":\"https:\/\/www.tsa-interlocks.com\/de\/?s={search_term_string}\"},\"query-input\":{\"@type\":\"PropertyValueSpecification\",\"valueRequired\":true,\"valueName\":\"search_term_string\"}}],\"inLanguage\":\"en-US\"},{\"@type\":\"Organization\",\"@id\":\"https:\/\/www.tsa-interlocks.com\/de\/#organization\",\"name\":\"TSA Interlocks\",\"url\":\"https:\/\/www.tsa-interlocks.com\/de\/\",\"logo\":{\"@type\":\"ImageObject\",\"inLanguage\":\"en-US\",\"@id\":\"https:\/\/www.tsa-interlocks.com\/de\/#\/schema\/logo\/image\/\",\"url\":\"https:\/\/accept.tsa-interlocks.com.bmade.it\/de\/wp-content\/uploads\/sites\/2\/2022\/01\/Logo-TSA-Safety-Services-PNG.png\",\"contentUrl\":\"https:\/\/accept.tsa-interlocks.com.bmade.it\/de\/wp-content\/uploads\/sites\/2\/2022\/01\/Logo-TSA-Safety-Services-PNG.png\",\"width\":5000,\"height\":2212,\"caption\":\"TSA Interlocks\"},\"image\":{\"@id\":\"https:\/\/www.tsa-interlocks.com\/de\/#\/schema\/logo\/image\/\"}}]}<\/script>\n<!-- \/ Yoast SEO plugin. -->","yoast_head_json":{"title":"DAE - Mechanische Zeitverz\u00f6gerungseinheit - TSA Interlocks","description":"Castell - Mechanische Zeitverz\u00f6gerungseinheit DAE f\u00fcr gef\u00e4hrliche Maschinen. Kontrolle des Zugangs mit Schl\u00fcssel. Geeignet f\u00fcr Maschinen mit Nachlaufzeit.","robots":{"index":"index","follow":"follow","max-snippet":"max-snippet:-1","max-image-preview":"max-image-preview:large","max-video-preview":"max-video-preview:-1"},"canonical":"https:\/\/www.tsa-interlocks.com\/de\/product\/dae-mechanical-time-delay-unit\/","og_locale":"en_US","og_type":"article","og_title":"DAE - Mechanische Zeitverz\u00f6gerungseinheit - TSA Interlocks","og_description":"Castell - Mechanische Zeitverz\u00f6gerungseinheit DAE f\u00fcr gef\u00e4hrliche Maschinen. Kontrolle des Zugangs mit Schl\u00fcssel. Geeignet f\u00fcr Maschinen mit Nachlaufzeit.","og_url":"https:\/\/www.tsa-interlocks.com\/de\/product\/dae-mechanical-time-delay-unit\/","og_site_name":"TSA Interlocks","article_modified_time":"2024-05-24T08:49:49+00:00","og_image":[{"width":944,"height":703,"url":"https:\/\/www.tsa-interlocks.com\/de\/wp-content\/uploads\/sites\/2\/2022\/04\/DAE-ME1.png","type":"image\/png"}],"twitter_card":"summary_large_image","twitter_image":"https:\/\/accept.tsa-interlocks.com.bmade.it\/de\/wp-content\/uploads\/sites\/2\/2022\/04\/DAE-ME1.png","twitter_misc":{"Est. reading time":"1 minute"},"schema":{"@context":"https:\/\/schema.org","@graph":[{"@type":"WebPage","@id":"https:\/\/www.tsa-interlocks.com\/de\/product\/dae-mechanical-time-delay-unit\/","url":"https:\/\/www.tsa-interlocks.com\/de\/product\/dae-mechanical-time-delay-unit\/","name":"DAE - Mechanische Zeitverz\u00f6gerungseinheit - TSA Interlocks","isPartOf":{"@id":"https:\/\/www.tsa-interlocks.com\/de\/#website"},"primaryImageOfPage":{"@id":"https:\/\/www.tsa-interlocks.com\/de\/product\/dae-mechanical-time-delay-unit\/#primaryimage"},"image":{"@id":"https:\/\/www.tsa-interlocks.com\/de\/product\/dae-mechanical-time-delay-unit\/#primaryimage"},"thumbnailUrl":"https:\/\/accept.tsa-interlocks.com.bmade.it\/de\/wp-content\/uploads\/sites\/2\/2022\/04\/DAE-ME1.png","datePublished":"2022-04-04T14:56:07+00:00","dateModified":"2024-05-24T08:49:49+00:00","description":"Castell - Mechanische Zeitverz\u00f6gerungseinheit DAE f\u00fcr gef\u00e4hrliche Maschinen. Kontrolle des Zugangs mit Schl\u00fcssel. Geeignet f\u00fcr Maschinen mit Nachlaufzeit.","breadcrumb":{"@id":"https:\/\/www.tsa-interlocks.com\/de\/product\/dae-mechanical-time-delay-unit\/#breadcrumb"},"inLanguage":"en-US","potentialAction":[{"@type":"ReadAction","target":["https:\/\/www.tsa-interlocks.com\/de\/product\/dae-mechanical-time-delay-unit\/"]}]},{"@type":"ImageObject","inLanguage":"en-US","@id":"https:\/\/www.tsa-interlocks.com\/de\/product\/dae-mechanical-time-delay-unit\/#primaryimage","url":"https:\/\/accept.tsa-interlocks.com.bmade.it\/de\/wp-content\/uploads\/sites\/2\/2022\/04\/DAE-ME1.png","contentUrl":"https:\/\/accept.tsa-interlocks.com.bmade.it\/de\/wp-content\/uploads\/sites\/2\/2022\/04\/DAE-ME1.png","width":944,"height":703},{"@type":"WebSite","@id":"https:\/\/www.tsa-interlocks.com\/de\/#website","url":"https:\/\/www.tsa-interlocks.com\/de\/","name":"TSA Interlocks","description":"","publisher":{"@id":"https:\/\/www.tsa-interlocks.com\/de\/#organization"},"potentialAction":[{"@type":"SearchAction","target":{"@type":"EntryPoint","urlTemplate":"https:\/\/www.tsa-interlocks.com\/de\/?s={search_term_string}"},"query-input":{"@type":"PropertyValueSpecification","valueRequired":true,"valueName":"search_term_string"}}],"inLanguage":"en-US"},{"@type":"Organization","@id":"https:\/\/www.tsa-interlocks.com\/de\/#organization","name":"TSA Interlocks","url":"https:\/\/www.tsa-interlocks.com\/de\/","logo":{"@type":"ImageObject","inLanguage":"en-US","@id":"https:\/\/www.tsa-interlocks.com\/de\/#\/schema\/logo\/image\/","url":"https:\/\/accept.tsa-interlocks.com.bmade.it\/de\/wp-content\/uploads\/sites\/2\/2022\/01\/Logo-TSA-Safety-Services-PNG.png","contentUrl":"https:\/\/accept.tsa-interlocks.com.bmade.it\/de\/wp-content\/uploads\/sites\/2\/2022\/01\/Logo-TSA-Safety-Services-PNG.png","width":5000,"height":2212,"caption":"TSA Interlocks"},"image":{"@id":"https:\/\/www.tsa-interlocks.com\/de\/#\/schema\/logo\/image\/"}}]}},"_links":{"self":[{"href":"https:\/\/accept.tsa-interlocks.com.bmade.it\/de\/wp-json\/wp\/v2\/product\/1181"}],"collection":[{"href":"https:\/\/accept.tsa-interlocks.com.bmade.it\/de\/wp-json\/wp\/v2\/product"}],"about":[{"href":"https:\/\/accept.tsa-interlocks.com.bmade.it\/de\/wp-json\/wp\/v2\/types\/product"}],"replies":[{"embeddable":true,"href":"https:\/\/accept.tsa-interlocks.com.bmade.it\/de\/wp-json\/wp\/v2\/comments?post=1181"}],"wp:featuredmedia":[{"embeddable":true,"href":"https:\/\/accept.tsa-interlocks.com.bmade.it\/de\/wp-json\/wp\/v2\/media\/1915"}],"wp:attachment":[{"href":"https:\/\/accept.tsa-interlocks.com.bmade.it\/de\/wp-json\/wp\/v2\/media?parent=1181"}],"wp:term":[{"taxonomy":"product_brand","embeddable":true,"href":"https:\/\/accept.tsa-interlocks.com.bmade.it\/de\/wp-json\/wp\/v2\/product_brand?post=1181"},{"taxonomy":"product_cat","embeddable":true,"href":"https:\/\/accept.tsa-interlocks.com.bmade.it\/de\/wp-json\/wp\/v2\/product_cat?post=1181"},{"taxonomy":"product_tag","embeddable":true,"href":"https:\/\/accept.tsa-interlocks.com.bmade.it\/de\/wp-json\/wp\/v2\/product_tag?post=1181"}],"curies":[{"name":"wp","href":"https:\/\/api.w.org\/{rel}","templated":true}]}}