{"id":1185,"date":"2022-04-04T14:58:02","date_gmt":"2022-04-04T14:58:02","guid":{"rendered":"https:\/\/www.tsa-interlocks.com\/?post_type=product&#038;p=1185"},"modified":"2024-05-24T10:00:48","modified_gmt":"2024-05-24T10:00:48","slug":"tdr-time-delay-remote-unit-with-electrical-isolation","status":"publish","type":"product","link":"https:\/\/accept.tsa-interlocks.com.bmade.it\/de\/product\/tdr-time-delay-remote-unit-with-electrical-isolation\/","title":{"rendered":"TDR &#8211; Zeitverz\u00f6gerte Verriegelungseinheit"},"content":{"rendered":"<div class=\"mt-0 heading\">\n<div class=\"mt-0 heading\">\n<div class=\"mt-0 heading\">\n<div class=\"mt-0 heading\">\n<div class=\"mt-0 heading\">\n<div class=\"mt-0 heading\">\n<p><strong>Die TDR-Zeitverz\u00f6gerungseinheit mit galvanischer Trennung ist ein Hochleistungs-Verriegelungsschalter mit Schl\u00fcsselverriegelung.<\/strong><\/p>\n<p>Dieses Ger\u00e4t verf\u00fcgt \u00fcber einen ausfallsicheren Zweikanal-Timer, ein hochbelastbares Dauerstrom-Magnetventil, eine Magnetpositions\u00fcberwachung, einen elektrischen 20-A-Schalter, eine Magnetpositionsanzeige und einen Timer-Fehler auf der Frontplatte mit bis zu vier Tasten f\u00fcr Mehrfachzugriffsanwendungen.<\/p>\n<p>Das Ger\u00e4t <em>(Castell Time Delay Remote Unit)<\/em> wurde entwickelt, um den Zugang zu gef\u00e4hrlichen Maschinen mit Ausfallzeiten zu kontrollieren und kann in Anwendungen mit hohem Risiko eingesetzt werden.<\/p>\n<p><strong><a href=\"https:\/\/www.tsa-interlocks.com\/de\/wp-content\/uploads\/sites\/2\/2024\/05\/TDR_Jan_23.pdf\" target=\"_blank\" rel=\"noopener\">Bedienungsanleitung &amp; weitere Informationen<\/a> &gt;&gt;<\/strong><\/p>\n<\/div>\n<\/div>\n<\/div>\n<\/div>\n<\/div>\n<\/div>\n","protected":false},"excerpt":{"rendered":"<p>Die TDR-Zeitverz\u00f6gerungseinheit mit galvanischer Trennung ist ein Hochleistungs-Verriegelungsschalter mit Schl\u00fcsselverriegelung. Dieses Ger\u00e4t verf\u00fcgt \u00fcber einen ausfallsicheren Zweikanal-Timer, ein hochbelastbares Dauerstrom-Magnetventil, eine Magnetpositions\u00fcberwachung, einen elektrischen 20-A-Schalter, eine Magnetpositionsanzeige und einen Timer-Fehler&hellip;<\/p>\n","protected":false},"featured_media":1913,"comment_status":"closed","ping_status":"closed","template":"","meta":[],"product_brand":[],"product_cat":[23],"product_tag":[],"yoast_head":"<!-- This site is optimized with the Yoast SEO plugin v24.5 - https:\/\/yoast.com\/wordpress\/plugins\/seo\/ -->\n<title>Castell TDR - Zeitverz\u00f6gerte Verriegelungseinheit - TSA Interlocks<\/title>\n<meta name=\"description\" content=\"TDR Zeitverz\u00f6gerungseinheit f\u00fcr schwere Anwendungen. Sicherer Schl\u00fcssel, fail-safe Timer, Solenoid-Positions\u00fcberwachung. Geeignet f\u00fcr gef\u00e4hrliche Maschinen.\" \/>\n<meta name=\"robots\" content=\"index, follow, max-snippet:-1, max-image-preview:large, max-video-preview:-1\" \/>\n<link rel=\"canonical\" href=\"https:\/\/www.tsa-interlocks.com\/de\/product\/tdr-time-delay-remote-unit-with-electrical-isolation\/\" \/>\n<meta property=\"og:locale\" content=\"en_US\" \/>\n<meta property=\"og:type\" content=\"article\" \/>\n<meta property=\"og:title\" content=\"Castell TDR - Zeitverz\u00f6gerte Verriegelungseinheit - TSA Interlocks\" \/>\n<meta property=\"og:description\" content=\"TDR Zeitverz\u00f6gerungseinheit f\u00fcr schwere Anwendungen. Sicherer Schl\u00fcssel, fail-safe Timer, Solenoid-Positions\u00fcberwachung. Geeignet f\u00fcr gef\u00e4hrliche Maschinen.\" \/>\n<meta property=\"og:url\" content=\"https:\/\/www.tsa-interlocks.com\/de\/product\/tdr-time-delay-remote-unit-with-electrical-isolation\/\" \/>\n<meta property=\"og:site_name\" content=\"TSA Interlocks\" \/>\n<meta property=\"article:modified_time\" content=\"2024-05-24T10:00:48+00:00\" \/>\n<meta property=\"og:image\" content=\"https:\/\/www.tsa-interlocks.com\/de\/wp-content\/uploads\/sites\/2\/2022\/04\/TDR-T1.png\" \/>\n\t<meta property=\"og:image:width\" content=\"944\" \/>\n\t<meta property=\"og:image:height\" content=\"703\" \/>\n\t<meta property=\"og:image:type\" content=\"image\/png\" \/>\n<meta name=\"twitter:card\" content=\"summary_large_image\" \/>\n<meta name=\"twitter:image\" content=\"https:\/\/accept.tsa-interlocks.com.bmade.it\/de\/wp-content\/uploads\/sites\/2\/2022\/04\/TDR-T1.png\" \/>\n<meta name=\"twitter:label1\" content=\"Est. reading time\" \/>\n\t<meta name=\"twitter:data1\" content=\"1 minute\" \/>\n<script type=\"application\/ld+json\" class=\"yoast-schema-graph\">{\"@context\":\"https:\/\/schema.org\",\"@graph\":[{\"@type\":\"WebPage\",\"@id\":\"https:\/\/www.tsa-interlocks.com\/de\/product\/tdr-time-delay-remote-unit-with-electrical-isolation\/\",\"url\":\"https:\/\/www.tsa-interlocks.com\/de\/product\/tdr-time-delay-remote-unit-with-electrical-isolation\/\",\"name\":\"Castell TDR - Zeitverz\u00f6gerte Verriegelungseinheit - TSA Interlocks\",\"isPartOf\":{\"@id\":\"https:\/\/www.tsa-interlocks.com\/de\/#website\"},\"primaryImageOfPage\":{\"@id\":\"https:\/\/www.tsa-interlocks.com\/de\/product\/tdr-time-delay-remote-unit-with-electrical-isolation\/#primaryimage\"},\"image\":{\"@id\":\"https:\/\/www.tsa-interlocks.com\/de\/product\/tdr-time-delay-remote-unit-with-electrical-isolation\/#primaryimage\"},\"thumbnailUrl\":\"https:\/\/accept.tsa-interlocks.com.bmade.it\/de\/wp-content\/uploads\/sites\/2\/2022\/04\/TDR-T1.png\",\"datePublished\":\"2022-04-04T14:58:02+00:00\",\"dateModified\":\"2024-05-24T10:00:48+00:00\",\"description\":\"TDR Zeitverz\u00f6gerungseinheit f\u00fcr schwere Anwendungen. Sicherer Schl\u00fcssel, fail-safe Timer, Solenoid-Positions\u00fcberwachung. Geeignet f\u00fcr gef\u00e4hrliche Maschinen.\",\"breadcrumb\":{\"@id\":\"https:\/\/www.tsa-interlocks.com\/de\/product\/tdr-time-delay-remote-unit-with-electrical-isolation\/#breadcrumb\"},\"inLanguage\":\"en-US\",\"potentialAction\":[{\"@type\":\"ReadAction\",\"target\":[\"https:\/\/www.tsa-interlocks.com\/de\/product\/tdr-time-delay-remote-unit-with-electrical-isolation\/\"]}]},{\"@type\":\"ImageObject\",\"inLanguage\":\"en-US\",\"@id\":\"https:\/\/www.tsa-interlocks.com\/de\/product\/tdr-time-delay-remote-unit-with-electrical-isolation\/#primaryimage\",\"url\":\"https:\/\/accept.tsa-interlocks.com.bmade.it\/de\/wp-content\/uploads\/sites\/2\/2022\/04\/TDR-T1.png\",\"contentUrl\":\"https:\/\/accept.tsa-interlocks.com.bmade.it\/de\/wp-content\/uploads\/sites\/2\/2022\/04\/TDR-T1.png\",\"width\":944,\"height\":703},{\"@type\":\"WebSite\",\"@id\":\"https:\/\/www.tsa-interlocks.com\/de\/#website\",\"url\":\"https:\/\/www.tsa-interlocks.com\/de\/\",\"name\":\"TSA Interlocks\",\"description\":\"\",\"publisher\":{\"@id\":\"https:\/\/www.tsa-interlocks.com\/de\/#organization\"},\"potentialAction\":[{\"@type\":\"SearchAction\",\"target\":{\"@type\":\"EntryPoint\",\"urlTemplate\":\"https:\/\/www.tsa-interlocks.com\/de\/?s={search_term_string}\"},\"query-input\":{\"@type\":\"PropertyValueSpecification\",\"valueRequired\":true,\"valueName\":\"search_term_string\"}}],\"inLanguage\":\"en-US\"},{\"@type\":\"Organization\",\"@id\":\"https:\/\/www.tsa-interlocks.com\/de\/#organization\",\"name\":\"TSA Interlocks\",\"url\":\"https:\/\/www.tsa-interlocks.com\/de\/\",\"logo\":{\"@type\":\"ImageObject\",\"inLanguage\":\"en-US\",\"@id\":\"https:\/\/www.tsa-interlocks.com\/de\/#\/schema\/logo\/image\/\",\"url\":\"https:\/\/accept.tsa-interlocks.com.bmade.it\/de\/wp-content\/uploads\/sites\/2\/2022\/01\/Logo-TSA-Safety-Services-PNG.png\",\"contentUrl\":\"https:\/\/accept.tsa-interlocks.com.bmade.it\/de\/wp-content\/uploads\/sites\/2\/2022\/01\/Logo-TSA-Safety-Services-PNG.png\",\"width\":5000,\"height\":2212,\"caption\":\"TSA Interlocks\"},\"image\":{\"@id\":\"https:\/\/www.tsa-interlocks.com\/de\/#\/schema\/logo\/image\/\"}}]}<\/script>\n<!-- \/ Yoast SEO plugin. -->","yoast_head_json":{"title":"Castell TDR - Zeitverz\u00f6gerte Verriegelungseinheit - TSA Interlocks","description":"TDR Zeitverz\u00f6gerungseinheit f\u00fcr schwere Anwendungen. Sicherer Schl\u00fcssel, fail-safe Timer, Solenoid-Positions\u00fcberwachung. Geeignet f\u00fcr gef\u00e4hrliche Maschinen.","robots":{"index":"index","follow":"follow","max-snippet":"max-snippet:-1","max-image-preview":"max-image-preview:large","max-video-preview":"max-video-preview:-1"},"canonical":"https:\/\/www.tsa-interlocks.com\/de\/product\/tdr-time-delay-remote-unit-with-electrical-isolation\/","og_locale":"en_US","og_type":"article","og_title":"Castell TDR - Zeitverz\u00f6gerte Verriegelungseinheit - TSA Interlocks","og_description":"TDR Zeitverz\u00f6gerungseinheit f\u00fcr schwere Anwendungen. Sicherer Schl\u00fcssel, fail-safe Timer, Solenoid-Positions\u00fcberwachung. Geeignet f\u00fcr gef\u00e4hrliche Maschinen.","og_url":"https:\/\/www.tsa-interlocks.com\/de\/product\/tdr-time-delay-remote-unit-with-electrical-isolation\/","og_site_name":"TSA Interlocks","article_modified_time":"2024-05-24T10:00:48+00:00","og_image":[{"width":944,"height":703,"url":"https:\/\/www.tsa-interlocks.com\/de\/wp-content\/uploads\/sites\/2\/2022\/04\/TDR-T1.png","type":"image\/png"}],"twitter_card":"summary_large_image","twitter_image":"https:\/\/accept.tsa-interlocks.com.bmade.it\/de\/wp-content\/uploads\/sites\/2\/2022\/04\/TDR-T1.png","twitter_misc":{"Est. reading time":"1 minute"},"schema":{"@context":"https:\/\/schema.org","@graph":[{"@type":"WebPage","@id":"https:\/\/www.tsa-interlocks.com\/de\/product\/tdr-time-delay-remote-unit-with-electrical-isolation\/","url":"https:\/\/www.tsa-interlocks.com\/de\/product\/tdr-time-delay-remote-unit-with-electrical-isolation\/","name":"Castell TDR - Zeitverz\u00f6gerte Verriegelungseinheit - TSA Interlocks","isPartOf":{"@id":"https:\/\/www.tsa-interlocks.com\/de\/#website"},"primaryImageOfPage":{"@id":"https:\/\/www.tsa-interlocks.com\/de\/product\/tdr-time-delay-remote-unit-with-electrical-isolation\/#primaryimage"},"image":{"@id":"https:\/\/www.tsa-interlocks.com\/de\/product\/tdr-time-delay-remote-unit-with-electrical-isolation\/#primaryimage"},"thumbnailUrl":"https:\/\/accept.tsa-interlocks.com.bmade.it\/de\/wp-content\/uploads\/sites\/2\/2022\/04\/TDR-T1.png","datePublished":"2022-04-04T14:58:02+00:00","dateModified":"2024-05-24T10:00:48+00:00","description":"TDR Zeitverz\u00f6gerungseinheit f\u00fcr schwere Anwendungen. Sicherer Schl\u00fcssel, fail-safe Timer, Solenoid-Positions\u00fcberwachung. Geeignet f\u00fcr gef\u00e4hrliche Maschinen.","breadcrumb":{"@id":"https:\/\/www.tsa-interlocks.com\/de\/product\/tdr-time-delay-remote-unit-with-electrical-isolation\/#breadcrumb"},"inLanguage":"en-US","potentialAction":[{"@type":"ReadAction","target":["https:\/\/www.tsa-interlocks.com\/de\/product\/tdr-time-delay-remote-unit-with-electrical-isolation\/"]}]},{"@type":"ImageObject","inLanguage":"en-US","@id":"https:\/\/www.tsa-interlocks.com\/de\/product\/tdr-time-delay-remote-unit-with-electrical-isolation\/#primaryimage","url":"https:\/\/accept.tsa-interlocks.com.bmade.it\/de\/wp-content\/uploads\/sites\/2\/2022\/04\/TDR-T1.png","contentUrl":"https:\/\/accept.tsa-interlocks.com.bmade.it\/de\/wp-content\/uploads\/sites\/2\/2022\/04\/TDR-T1.png","width":944,"height":703},{"@type":"WebSite","@id":"https:\/\/www.tsa-interlocks.com\/de\/#website","url":"https:\/\/www.tsa-interlocks.com\/de\/","name":"TSA Interlocks","description":"","publisher":{"@id":"https:\/\/www.tsa-interlocks.com\/de\/#organization"},"potentialAction":[{"@type":"SearchAction","target":{"@type":"EntryPoint","urlTemplate":"https:\/\/www.tsa-interlocks.com\/de\/?s={search_term_string}"},"query-input":{"@type":"PropertyValueSpecification","valueRequired":true,"valueName":"search_term_string"}}],"inLanguage":"en-US"},{"@type":"Organization","@id":"https:\/\/www.tsa-interlocks.com\/de\/#organization","name":"TSA Interlocks","url":"https:\/\/www.tsa-interlocks.com\/de\/","logo":{"@type":"ImageObject","inLanguage":"en-US","@id":"https:\/\/www.tsa-interlocks.com\/de\/#\/schema\/logo\/image\/","url":"https:\/\/accept.tsa-interlocks.com.bmade.it\/de\/wp-content\/uploads\/sites\/2\/2022\/01\/Logo-TSA-Safety-Services-PNG.png","contentUrl":"https:\/\/accept.tsa-interlocks.com.bmade.it\/de\/wp-content\/uploads\/sites\/2\/2022\/01\/Logo-TSA-Safety-Services-PNG.png","width":5000,"height":2212,"caption":"TSA Interlocks"},"image":{"@id":"https:\/\/www.tsa-interlocks.com\/de\/#\/schema\/logo\/image\/"}}]}},"_links":{"self":[{"href":"https:\/\/accept.tsa-interlocks.com.bmade.it\/de\/wp-json\/wp\/v2\/product\/1185"}],"collection":[{"href":"https:\/\/accept.tsa-interlocks.com.bmade.it\/de\/wp-json\/wp\/v2\/product"}],"about":[{"href":"https:\/\/accept.tsa-interlocks.com.bmade.it\/de\/wp-json\/wp\/v2\/types\/product"}],"replies":[{"embeddable":true,"href":"https:\/\/accept.tsa-interlocks.com.bmade.it\/de\/wp-json\/wp\/v2\/comments?post=1185"}],"wp:featuredmedia":[{"embeddable":true,"href":"https:\/\/accept.tsa-interlocks.com.bmade.it\/de\/wp-json\/wp\/v2\/media\/1913"}],"wp:attachment":[{"href":"https:\/\/accept.tsa-interlocks.com.bmade.it\/de\/wp-json\/wp\/v2\/media?parent=1185"}],"wp:term":[{"taxonomy":"product_brand","embeddable":true,"href":"https:\/\/accept.tsa-interlocks.com.bmade.it\/de\/wp-json\/wp\/v2\/product_brand?post=1185"},{"taxonomy":"product_cat","embeddable":true,"href":"https:\/\/accept.tsa-interlocks.com.bmade.it\/de\/wp-json\/wp\/v2\/product_cat?post=1185"},{"taxonomy":"product_tag","embeddable":true,"href":"https:\/\/accept.tsa-interlocks.com.bmade.it\/de\/wp-json\/wp\/v2\/product_tag?post=1185"}],"curies":[{"name":"wp","href":"https:\/\/api.w.org\/{rel}","templated":true}]}}