{"id":1187,"date":"2022-04-04T14:59:18","date_gmt":"2022-04-04T14:59:18","guid":{"rendered":"https:\/\/www.tsa-interlocks.com\/?post_type=product&#038;p=1187"},"modified":"2024-05-24T08:28:36","modified_gmt":"2024-05-24T08:28:36","slug":"bemf-motor-sensing-interlock","status":"publish","type":"product","link":"https:\/\/accept.tsa-interlocks.com.bmade.it\/de\/product\/bemf-motor-sensing-interlock\/","title":{"rendered":"BEMF &#8211; Motorstillstands\u00fcberwachungseinheit"},"content":{"rendered":"<div class=\"mt-0 heading\">\n<div class=\"mt-0 heading\">\n<div class=\"mt-0 heading\">\n<div class=\"mt-0 heading\">\n<div class=\"mt-0 heading\">\n<div class=\"mt-0 heading\">\n<div class=\"mt-0 heading\">\n<p><strong>Das BEMF-Schloss dient der Zugangskontrolle zu rotierenden Maschinen.<\/strong> Das Ger\u00e4t basiert auf der Messung der Spannung, die von den Wicklungen eines Elektromotors erzeugt wird. Erst wenn der Motor zum Stillstand gekommen ist, sinkt die Spannung auf Null und erm\u00f6glicht die Freigabe eines Castell-Schl\u00fcssels.<\/p>\n<p>Die <em>Castell BEMF Motor Sensing Interlock<\/em> wird sowohl f\u00fcr Wechselstrom- als auch f\u00fcr Gleichstrommotoren, einschlie\u00dflich Gleichstrombremssystemen, verwendet. Das BEMF ist so konzipiert, dass es ein H\u00f6chstma\u00df an Sicherheit bietet, wenn es als Teil eines Zugangskontrollsystems f\u00fcr gef\u00e4hrliche Maschinen installiert wird.<\/p>\n<p><strong><a href=\"https:\/\/www.tsa-interlocks.com\/de\/wp-content\/uploads\/sites\/2\/2024\/05\/BEMFJan_23.pdf\" target=\"_blank\" rel=\"noopener\">Bedienungsanleitung &amp; weitere Informationen &gt;&gt;<\/a><\/strong><\/p>\n<\/div>\n<\/div>\n<\/div>\n<\/div>\n<\/div>\n<\/div>\n<\/div>\n","protected":false},"excerpt":{"rendered":"<p>Das BEMF-Schloss dient der Zugangskontrolle zu rotierenden Maschinen. Das Ger\u00e4t basiert auf der Messung der Spannung, die von den Wicklungen eines Elektromotors erzeugt wird. Erst wenn der Motor zum Stillstand&hellip;<\/p>\n","protected":false},"featured_media":1914,"comment_status":"closed","ping_status":"closed","template":"","meta":[],"product_brand":[],"product_cat":[23],"product_tag":[],"yoast_head":"<!-- This site is optimized with the Yoast SEO plugin v24.5 - https:\/\/yoast.com\/wordpress\/plugins\/seo\/ -->\n<title>BEMF - Motorstillstands\u00fcberwachungseinheit - TSA Interlocks<\/title>\n<meta name=\"description\" content=\"BEMF Verriegelung f\u00fcr Zugangskontrolle bei rotierenden Maschinen. Sicherheitsniveau in Zugangskontrollsystem. Geeignet f\u00fcr Wechsel- und Gleichstrommotoren.\" \/>\n<meta name=\"robots\" content=\"index, follow, max-snippet:-1, max-image-preview:large, max-video-preview:-1\" \/>\n<link rel=\"canonical\" href=\"https:\/\/www.tsa-interlocks.com\/de\/product\/bemf-motor-sensing-interlock\/\" \/>\n<meta property=\"og:locale\" content=\"en_US\" \/>\n<meta property=\"og:type\" content=\"article\" \/>\n<meta property=\"og:title\" content=\"BEMF - Motorstillstands\u00fcberwachungseinheit - TSA Interlocks\" \/>\n<meta property=\"og:description\" content=\"BEMF Verriegelung f\u00fcr Zugangskontrolle bei rotierenden Maschinen. Sicherheitsniveau in Zugangskontrollsystem. Geeignet f\u00fcr Wechsel- und Gleichstrommotoren.\" \/>\n<meta property=\"og:url\" content=\"https:\/\/www.tsa-interlocks.com\/de\/product\/bemf-motor-sensing-interlock\/\" \/>\n<meta property=\"og:site_name\" content=\"TSA Interlocks\" \/>\n<meta property=\"article:modified_time\" content=\"2024-05-24T08:28:36+00:00\" \/>\n<meta property=\"og:image\" content=\"https:\/\/www.tsa-interlocks.com\/de\/wp-content\/uploads\/sites\/2\/2022\/04\/BEMF-vergrendeling.png\" \/>\n\t<meta property=\"og:image:width\" content=\"944\" \/>\n\t<meta property=\"og:image:height\" content=\"703\" \/>\n\t<meta property=\"og:image:type\" content=\"image\/png\" \/>\n<meta name=\"twitter:card\" content=\"summary_large_image\" \/>\n<meta name=\"twitter:image\" content=\"https:\/\/accept.tsa-interlocks.com.bmade.it\/de\/wp-content\/uploads\/sites\/2\/2022\/04\/BEMF-vergrendeling.png\" \/>\n<meta name=\"twitter:label1\" content=\"Est. reading time\" \/>\n\t<meta name=\"twitter:data1\" content=\"1 minute\" \/>\n<script type=\"application\/ld+json\" class=\"yoast-schema-graph\">{\"@context\":\"https:\/\/schema.org\",\"@graph\":[{\"@type\":\"WebPage\",\"@id\":\"https:\/\/www.tsa-interlocks.com\/de\/product\/bemf-motor-sensing-interlock\/\",\"url\":\"https:\/\/www.tsa-interlocks.com\/de\/product\/bemf-motor-sensing-interlock\/\",\"name\":\"BEMF - Motorstillstands\u00fcberwachungseinheit - TSA Interlocks\",\"isPartOf\":{\"@id\":\"https:\/\/www.tsa-interlocks.com\/de\/#website\"},\"primaryImageOfPage\":{\"@id\":\"https:\/\/www.tsa-interlocks.com\/de\/product\/bemf-motor-sensing-interlock\/#primaryimage\"},\"image\":{\"@id\":\"https:\/\/www.tsa-interlocks.com\/de\/product\/bemf-motor-sensing-interlock\/#primaryimage\"},\"thumbnailUrl\":\"https:\/\/accept.tsa-interlocks.com.bmade.it\/de\/wp-content\/uploads\/sites\/2\/2022\/04\/BEMF-vergrendeling.png\",\"datePublished\":\"2022-04-04T14:59:18+00:00\",\"dateModified\":\"2024-05-24T08:28:36+00:00\",\"description\":\"BEMF Verriegelung f\u00fcr Zugangskontrolle bei rotierenden Maschinen. Sicherheitsniveau in Zugangskontrollsystem. Geeignet f\u00fcr Wechsel- und Gleichstrommotoren.\",\"breadcrumb\":{\"@id\":\"https:\/\/www.tsa-interlocks.com\/de\/product\/bemf-motor-sensing-interlock\/#breadcrumb\"},\"inLanguage\":\"en-US\",\"potentialAction\":[{\"@type\":\"ReadAction\",\"target\":[\"https:\/\/www.tsa-interlocks.com\/de\/product\/bemf-motor-sensing-interlock\/\"]}]},{\"@type\":\"ImageObject\",\"inLanguage\":\"en-US\",\"@id\":\"https:\/\/www.tsa-interlocks.com\/de\/product\/bemf-motor-sensing-interlock\/#primaryimage\",\"url\":\"https:\/\/accept.tsa-interlocks.com.bmade.it\/de\/wp-content\/uploads\/sites\/2\/2022\/04\/BEMF-vergrendeling.png\",\"contentUrl\":\"https:\/\/accept.tsa-interlocks.com.bmade.it\/de\/wp-content\/uploads\/sites\/2\/2022\/04\/BEMF-vergrendeling.png\",\"width\":944,\"height\":703},{\"@type\":\"WebSite\",\"@id\":\"https:\/\/www.tsa-interlocks.com\/de\/#website\",\"url\":\"https:\/\/www.tsa-interlocks.com\/de\/\",\"name\":\"TSA Interlocks\",\"description\":\"\",\"publisher\":{\"@id\":\"https:\/\/www.tsa-interlocks.com\/de\/#organization\"},\"potentialAction\":[{\"@type\":\"SearchAction\",\"target\":{\"@type\":\"EntryPoint\",\"urlTemplate\":\"https:\/\/www.tsa-interlocks.com\/de\/?s={search_term_string}\"},\"query-input\":{\"@type\":\"PropertyValueSpecification\",\"valueRequired\":true,\"valueName\":\"search_term_string\"}}],\"inLanguage\":\"en-US\"},{\"@type\":\"Organization\",\"@id\":\"https:\/\/www.tsa-interlocks.com\/de\/#organization\",\"name\":\"TSA Interlocks\",\"url\":\"https:\/\/www.tsa-interlocks.com\/de\/\",\"logo\":{\"@type\":\"ImageObject\",\"inLanguage\":\"en-US\",\"@id\":\"https:\/\/www.tsa-interlocks.com\/de\/#\/schema\/logo\/image\/\",\"url\":\"https:\/\/accept.tsa-interlocks.com.bmade.it\/de\/wp-content\/uploads\/sites\/2\/2022\/01\/Logo-TSA-Safety-Services-PNG.png\",\"contentUrl\":\"https:\/\/accept.tsa-interlocks.com.bmade.it\/de\/wp-content\/uploads\/sites\/2\/2022\/01\/Logo-TSA-Safety-Services-PNG.png\",\"width\":5000,\"height\":2212,\"caption\":\"TSA Interlocks\"},\"image\":{\"@id\":\"https:\/\/www.tsa-interlocks.com\/de\/#\/schema\/logo\/image\/\"}}]}<\/script>\n<!-- \/ Yoast SEO plugin. -->","yoast_head_json":{"title":"BEMF - Motorstillstands\u00fcberwachungseinheit - TSA Interlocks","description":"BEMF Verriegelung f\u00fcr Zugangskontrolle bei rotierenden Maschinen. Sicherheitsniveau in Zugangskontrollsystem. Geeignet f\u00fcr Wechsel- und Gleichstrommotoren.","robots":{"index":"index","follow":"follow","max-snippet":"max-snippet:-1","max-image-preview":"max-image-preview:large","max-video-preview":"max-video-preview:-1"},"canonical":"https:\/\/www.tsa-interlocks.com\/de\/product\/bemf-motor-sensing-interlock\/","og_locale":"en_US","og_type":"article","og_title":"BEMF - Motorstillstands\u00fcberwachungseinheit - TSA Interlocks","og_description":"BEMF Verriegelung f\u00fcr Zugangskontrolle bei rotierenden Maschinen. Sicherheitsniveau in Zugangskontrollsystem. Geeignet f\u00fcr Wechsel- und Gleichstrommotoren.","og_url":"https:\/\/www.tsa-interlocks.com\/de\/product\/bemf-motor-sensing-interlock\/","og_site_name":"TSA Interlocks","article_modified_time":"2024-05-24T08:28:36+00:00","og_image":[{"width":944,"height":703,"url":"https:\/\/www.tsa-interlocks.com\/de\/wp-content\/uploads\/sites\/2\/2022\/04\/BEMF-vergrendeling.png","type":"image\/png"}],"twitter_card":"summary_large_image","twitter_image":"https:\/\/accept.tsa-interlocks.com.bmade.it\/de\/wp-content\/uploads\/sites\/2\/2022\/04\/BEMF-vergrendeling.png","twitter_misc":{"Est. reading time":"1 minute"},"schema":{"@context":"https:\/\/schema.org","@graph":[{"@type":"WebPage","@id":"https:\/\/www.tsa-interlocks.com\/de\/product\/bemf-motor-sensing-interlock\/","url":"https:\/\/www.tsa-interlocks.com\/de\/product\/bemf-motor-sensing-interlock\/","name":"BEMF - Motorstillstands\u00fcberwachungseinheit - TSA Interlocks","isPartOf":{"@id":"https:\/\/www.tsa-interlocks.com\/de\/#website"},"primaryImageOfPage":{"@id":"https:\/\/www.tsa-interlocks.com\/de\/product\/bemf-motor-sensing-interlock\/#primaryimage"},"image":{"@id":"https:\/\/www.tsa-interlocks.com\/de\/product\/bemf-motor-sensing-interlock\/#primaryimage"},"thumbnailUrl":"https:\/\/accept.tsa-interlocks.com.bmade.it\/de\/wp-content\/uploads\/sites\/2\/2022\/04\/BEMF-vergrendeling.png","datePublished":"2022-04-04T14:59:18+00:00","dateModified":"2024-05-24T08:28:36+00:00","description":"BEMF Verriegelung f\u00fcr Zugangskontrolle bei rotierenden Maschinen. Sicherheitsniveau in Zugangskontrollsystem. Geeignet f\u00fcr Wechsel- und Gleichstrommotoren.","breadcrumb":{"@id":"https:\/\/www.tsa-interlocks.com\/de\/product\/bemf-motor-sensing-interlock\/#breadcrumb"},"inLanguage":"en-US","potentialAction":[{"@type":"ReadAction","target":["https:\/\/www.tsa-interlocks.com\/de\/product\/bemf-motor-sensing-interlock\/"]}]},{"@type":"ImageObject","inLanguage":"en-US","@id":"https:\/\/www.tsa-interlocks.com\/de\/product\/bemf-motor-sensing-interlock\/#primaryimage","url":"https:\/\/accept.tsa-interlocks.com.bmade.it\/de\/wp-content\/uploads\/sites\/2\/2022\/04\/BEMF-vergrendeling.png","contentUrl":"https:\/\/accept.tsa-interlocks.com.bmade.it\/de\/wp-content\/uploads\/sites\/2\/2022\/04\/BEMF-vergrendeling.png","width":944,"height":703},{"@type":"WebSite","@id":"https:\/\/www.tsa-interlocks.com\/de\/#website","url":"https:\/\/www.tsa-interlocks.com\/de\/","name":"TSA Interlocks","description":"","publisher":{"@id":"https:\/\/www.tsa-interlocks.com\/de\/#organization"},"potentialAction":[{"@type":"SearchAction","target":{"@type":"EntryPoint","urlTemplate":"https:\/\/www.tsa-interlocks.com\/de\/?s={search_term_string}"},"query-input":{"@type":"PropertyValueSpecification","valueRequired":true,"valueName":"search_term_string"}}],"inLanguage":"en-US"},{"@type":"Organization","@id":"https:\/\/www.tsa-interlocks.com\/de\/#organization","name":"TSA Interlocks","url":"https:\/\/www.tsa-interlocks.com\/de\/","logo":{"@type":"ImageObject","inLanguage":"en-US","@id":"https:\/\/www.tsa-interlocks.com\/de\/#\/schema\/logo\/image\/","url":"https:\/\/accept.tsa-interlocks.com.bmade.it\/de\/wp-content\/uploads\/sites\/2\/2022\/01\/Logo-TSA-Safety-Services-PNG.png","contentUrl":"https:\/\/accept.tsa-interlocks.com.bmade.it\/de\/wp-content\/uploads\/sites\/2\/2022\/01\/Logo-TSA-Safety-Services-PNG.png","width":5000,"height":2212,"caption":"TSA Interlocks"},"image":{"@id":"https:\/\/www.tsa-interlocks.com\/de\/#\/schema\/logo\/image\/"}}]}},"_links":{"self":[{"href":"https:\/\/accept.tsa-interlocks.com.bmade.it\/de\/wp-json\/wp\/v2\/product\/1187"}],"collection":[{"href":"https:\/\/accept.tsa-interlocks.com.bmade.it\/de\/wp-json\/wp\/v2\/product"}],"about":[{"href":"https:\/\/accept.tsa-interlocks.com.bmade.it\/de\/wp-json\/wp\/v2\/types\/product"}],"replies":[{"embeddable":true,"href":"https:\/\/accept.tsa-interlocks.com.bmade.it\/de\/wp-json\/wp\/v2\/comments?post=1187"}],"wp:featuredmedia":[{"embeddable":true,"href":"https:\/\/accept.tsa-interlocks.com.bmade.it\/de\/wp-json\/wp\/v2\/media\/1914"}],"wp:attachment":[{"href":"https:\/\/accept.tsa-interlocks.com.bmade.it\/de\/wp-json\/wp\/v2\/media?parent=1187"}],"wp:term":[{"taxonomy":"product_brand","embeddable":true,"href":"https:\/\/accept.tsa-interlocks.com.bmade.it\/de\/wp-json\/wp\/v2\/product_brand?post=1187"},{"taxonomy":"product_cat","embeddable":true,"href":"https:\/\/accept.tsa-interlocks.com.bmade.it\/de\/wp-json\/wp\/v2\/product_cat?post=1187"},{"taxonomy":"product_tag","embeddable":true,"href":"https:\/\/accept.tsa-interlocks.com.bmade.it\/de\/wp-json\/wp\/v2\/product_tag?post=1187"}],"curies":[{"name":"wp","href":"https:\/\/api.w.org\/{rel}","templated":true}]}}