{"id":1213,"date":"2022-04-04T15:10:39","date_gmt":"2022-04-04T15:10:39","guid":{"rendered":"https:\/\/www.tsa-interlocks.com\/?post_type=product&#038;p=1213"},"modified":"2024-05-24T09:39:32","modified_gmt":"2024-05-24T09:39:32","slug":"kse-multi-key-powersafe-electrical-switch","status":"publish","type":"product","link":"https:\/\/accept.tsa-interlocks.com.bmade.it\/de\/product\/kse-multi-key-powersafe-electrical-switch\/","title":{"rendered":"KSE &#8211; Schl\u00fcsselschalter"},"content":{"rendered":"<div class=\"mt-0 heading\">\n<div class=\"mt-0 heading\">\n<div class=\"mt-0 heading\">\n<p><strong>Der KSE ist ein elektrischer Mehrtastenschalter f\u00fcr Maschinensteuerkreise.<\/strong><\/p>\n<p>Dieser Isolatortyp sollte zur kurzzeitigen Trennung ohne Last verwendet werden. Das Ger\u00e4t wird f\u00fcr den Einbau in eine vorhandene Schalttafel oder f\u00fcr die Aufputzmontage in einem eigenen abschlie\u00dfbaren Stahlgeh\u00e4use mit Schutzart IP65 geliefert. Es ist mit FS- oder Q-Slot-Sektionen erh\u00e4ltlich. Der <em>KSE Multi Key Powersafe Electrical Switch<\/em> ist aus Messing oder Edelstahl gefertigt.<\/p>\n<p><a href=\"https:\/\/www.tsa-interlocks.com\/de\/wp-content\/uploads\/sites\/2\/2024\/05\/KSE_Jan_23.pdf\" target=\"_blank\" rel=\"noopener\"><strong>Bedienungsanleitung &amp; weitere Informationen &gt;&gt;<\/strong><\/a><\/p>\n<\/div>\n<\/div>\n<\/div>\n","protected":false},"excerpt":{"rendered":"<p>Der KSE ist ein elektrischer Mehrtastenschalter f\u00fcr Maschinensteuerkreise. Dieser Isolatortyp sollte zur kurzzeitigen Trennung ohne Last verwendet werden. Das Ger\u00e4t wird f\u00fcr den Einbau in eine vorhandene Schalttafel oder f\u00fcr&hellip;<\/p>\n","protected":false},"featured_media":1903,"comment_status":"closed","ping_status":"closed","template":"","meta":[],"product_brand":[],"product_cat":[23],"product_tag":[],"yoast_head":"<!-- This site is optimized with the Yoast SEO plugin v24.5 - https:\/\/yoast.com\/wordpress\/plugins\/seo\/ -->\n<title>KSE - Schl\u00fcsselschalter - TSA Interlocks - TSA Safety Services<\/title>\n<meta name=\"description\" content=\"Castell KSE mehrfache elektrische Verriegelung f\u00fcr Maschinensteuerungskreise. Kurzzeitige Isolierung ohne Last. Montage im Panel\/IP65-Geh\u00e4use.\" \/>\n<meta name=\"robots\" content=\"index, follow, max-snippet:-1, max-image-preview:large, max-video-preview:-1\" \/>\n<link rel=\"canonical\" href=\"https:\/\/www.tsa-interlocks.com\/de\/product\/kse-multi-key-powersafe-electrical-switch\/\" \/>\n<meta property=\"og:locale\" content=\"en_US\" \/>\n<meta property=\"og:type\" content=\"article\" \/>\n<meta property=\"og:title\" content=\"KSE - Schl\u00fcsselschalter - TSA Interlocks - TSA Safety Services\" \/>\n<meta property=\"og:description\" content=\"Castell KSE mehrfache elektrische Verriegelung f\u00fcr Maschinensteuerungskreise. Kurzzeitige Isolierung ohne Last. Montage im Panel\/IP65-Geh\u00e4use.\" \/>\n<meta property=\"og:url\" content=\"https:\/\/www.tsa-interlocks.com\/de\/product\/kse-multi-key-powersafe-electrical-switch\/\" \/>\n<meta property=\"og:site_name\" content=\"TSA Interlocks\" \/>\n<meta property=\"article:modified_time\" content=\"2024-05-24T09:39:32+00:00\" \/>\n<meta property=\"og:image\" content=\"https:\/\/www.tsa-interlocks.com\/de\/wp-content\/uploads\/sites\/2\/2022\/04\/KSE-ME1.png\" \/>\n\t<meta property=\"og:image:width\" content=\"944\" \/>\n\t<meta property=\"og:image:height\" content=\"703\" \/>\n\t<meta property=\"og:image:type\" content=\"image\/png\" \/>\n<meta name=\"twitter:card\" content=\"summary_large_image\" \/>\n<meta name=\"twitter:image\" content=\"https:\/\/accept.tsa-interlocks.com.bmade.it\/de\/wp-content\/uploads\/sites\/2\/2022\/04\/KSE-ME1.png\" \/>\n<meta name=\"twitter:label1\" content=\"Est. reading time\" \/>\n\t<meta name=\"twitter:data1\" content=\"1 minute\" \/>\n<script type=\"application\/ld+json\" class=\"yoast-schema-graph\">{\"@context\":\"https:\/\/schema.org\",\"@graph\":[{\"@type\":\"WebPage\",\"@id\":\"https:\/\/www.tsa-interlocks.com\/de\/product\/kse-multi-key-powersafe-electrical-switch\/\",\"url\":\"https:\/\/www.tsa-interlocks.com\/de\/product\/kse-multi-key-powersafe-electrical-switch\/\",\"name\":\"KSE - Schl\u00fcsselschalter - TSA Interlocks - TSA Safety Services\",\"isPartOf\":{\"@id\":\"https:\/\/www.tsa-interlocks.com\/de\/#website\"},\"primaryImageOfPage\":{\"@id\":\"https:\/\/www.tsa-interlocks.com\/de\/product\/kse-multi-key-powersafe-electrical-switch\/#primaryimage\"},\"image\":{\"@id\":\"https:\/\/www.tsa-interlocks.com\/de\/product\/kse-multi-key-powersafe-electrical-switch\/#primaryimage\"},\"thumbnailUrl\":\"https:\/\/accept.tsa-interlocks.com.bmade.it\/de\/wp-content\/uploads\/sites\/2\/2022\/04\/KSE-ME1.png\",\"datePublished\":\"2022-04-04T15:10:39+00:00\",\"dateModified\":\"2024-05-24T09:39:32+00:00\",\"description\":\"Castell KSE mehrfache elektrische Verriegelung f\u00fcr Maschinensteuerungskreise. Kurzzeitige Isolierung ohne Last. Montage im Panel\/IP65-Geh\u00e4use.\",\"breadcrumb\":{\"@id\":\"https:\/\/www.tsa-interlocks.com\/de\/product\/kse-multi-key-powersafe-electrical-switch\/#breadcrumb\"},\"inLanguage\":\"en-US\",\"potentialAction\":[{\"@type\":\"ReadAction\",\"target\":[\"https:\/\/www.tsa-interlocks.com\/de\/product\/kse-multi-key-powersafe-electrical-switch\/\"]}]},{\"@type\":\"ImageObject\",\"inLanguage\":\"en-US\",\"@id\":\"https:\/\/www.tsa-interlocks.com\/de\/product\/kse-multi-key-powersafe-electrical-switch\/#primaryimage\",\"url\":\"https:\/\/accept.tsa-interlocks.com.bmade.it\/de\/wp-content\/uploads\/sites\/2\/2022\/04\/KSE-ME1.png\",\"contentUrl\":\"https:\/\/accept.tsa-interlocks.com.bmade.it\/de\/wp-content\/uploads\/sites\/2\/2022\/04\/KSE-ME1.png\",\"width\":944,\"height\":703},{\"@type\":\"WebSite\",\"@id\":\"https:\/\/www.tsa-interlocks.com\/de\/#website\",\"url\":\"https:\/\/www.tsa-interlocks.com\/de\/\",\"name\":\"TSA Interlocks\",\"description\":\"\",\"publisher\":{\"@id\":\"https:\/\/www.tsa-interlocks.com\/de\/#organization\"},\"potentialAction\":[{\"@type\":\"SearchAction\",\"target\":{\"@type\":\"EntryPoint\",\"urlTemplate\":\"https:\/\/www.tsa-interlocks.com\/de\/?s={search_term_string}\"},\"query-input\":{\"@type\":\"PropertyValueSpecification\",\"valueRequired\":true,\"valueName\":\"search_term_string\"}}],\"inLanguage\":\"en-US\"},{\"@type\":\"Organization\",\"@id\":\"https:\/\/www.tsa-interlocks.com\/de\/#organization\",\"name\":\"TSA Interlocks\",\"url\":\"https:\/\/www.tsa-interlocks.com\/de\/\",\"logo\":{\"@type\":\"ImageObject\",\"inLanguage\":\"en-US\",\"@id\":\"https:\/\/www.tsa-interlocks.com\/de\/#\/schema\/logo\/image\/\",\"url\":\"https:\/\/accept.tsa-interlocks.com.bmade.it\/de\/wp-content\/uploads\/sites\/2\/2022\/01\/Logo-TSA-Safety-Services-PNG.png\",\"contentUrl\":\"https:\/\/accept.tsa-interlocks.com.bmade.it\/de\/wp-content\/uploads\/sites\/2\/2022\/01\/Logo-TSA-Safety-Services-PNG.png\",\"width\":5000,\"height\":2212,\"caption\":\"TSA Interlocks\"},\"image\":{\"@id\":\"https:\/\/www.tsa-interlocks.com\/de\/#\/schema\/logo\/image\/\"}}]}<\/script>\n<!-- \/ Yoast SEO plugin. -->","yoast_head_json":{"title":"KSE - Schl\u00fcsselschalter - TSA Interlocks - TSA Safety Services","description":"Castell KSE mehrfache elektrische Verriegelung f\u00fcr Maschinensteuerungskreise. Kurzzeitige Isolierung ohne Last. Montage im Panel\/IP65-Geh\u00e4use.","robots":{"index":"index","follow":"follow","max-snippet":"max-snippet:-1","max-image-preview":"max-image-preview:large","max-video-preview":"max-video-preview:-1"},"canonical":"https:\/\/www.tsa-interlocks.com\/de\/product\/kse-multi-key-powersafe-electrical-switch\/","og_locale":"en_US","og_type":"article","og_title":"KSE - Schl\u00fcsselschalter - TSA Interlocks - TSA Safety Services","og_description":"Castell KSE mehrfache elektrische Verriegelung f\u00fcr Maschinensteuerungskreise. Kurzzeitige Isolierung ohne Last. Montage im Panel\/IP65-Geh\u00e4use.","og_url":"https:\/\/www.tsa-interlocks.com\/de\/product\/kse-multi-key-powersafe-electrical-switch\/","og_site_name":"TSA Interlocks","article_modified_time":"2024-05-24T09:39:32+00:00","og_image":[{"width":944,"height":703,"url":"https:\/\/www.tsa-interlocks.com\/de\/wp-content\/uploads\/sites\/2\/2022\/04\/KSE-ME1.png","type":"image\/png"}],"twitter_card":"summary_large_image","twitter_image":"https:\/\/accept.tsa-interlocks.com.bmade.it\/de\/wp-content\/uploads\/sites\/2\/2022\/04\/KSE-ME1.png","twitter_misc":{"Est. reading time":"1 minute"},"schema":{"@context":"https:\/\/schema.org","@graph":[{"@type":"WebPage","@id":"https:\/\/www.tsa-interlocks.com\/de\/product\/kse-multi-key-powersafe-electrical-switch\/","url":"https:\/\/www.tsa-interlocks.com\/de\/product\/kse-multi-key-powersafe-electrical-switch\/","name":"KSE - Schl\u00fcsselschalter - TSA Interlocks - TSA Safety Services","isPartOf":{"@id":"https:\/\/www.tsa-interlocks.com\/de\/#website"},"primaryImageOfPage":{"@id":"https:\/\/www.tsa-interlocks.com\/de\/product\/kse-multi-key-powersafe-electrical-switch\/#primaryimage"},"image":{"@id":"https:\/\/www.tsa-interlocks.com\/de\/product\/kse-multi-key-powersafe-electrical-switch\/#primaryimage"},"thumbnailUrl":"https:\/\/accept.tsa-interlocks.com.bmade.it\/de\/wp-content\/uploads\/sites\/2\/2022\/04\/KSE-ME1.png","datePublished":"2022-04-04T15:10:39+00:00","dateModified":"2024-05-24T09:39:32+00:00","description":"Castell KSE mehrfache elektrische Verriegelung f\u00fcr Maschinensteuerungskreise. Kurzzeitige Isolierung ohne Last. Montage im Panel\/IP65-Geh\u00e4use.","breadcrumb":{"@id":"https:\/\/www.tsa-interlocks.com\/de\/product\/kse-multi-key-powersafe-electrical-switch\/#breadcrumb"},"inLanguage":"en-US","potentialAction":[{"@type":"ReadAction","target":["https:\/\/www.tsa-interlocks.com\/de\/product\/kse-multi-key-powersafe-electrical-switch\/"]}]},{"@type":"ImageObject","inLanguage":"en-US","@id":"https:\/\/www.tsa-interlocks.com\/de\/product\/kse-multi-key-powersafe-electrical-switch\/#primaryimage","url":"https:\/\/accept.tsa-interlocks.com.bmade.it\/de\/wp-content\/uploads\/sites\/2\/2022\/04\/KSE-ME1.png","contentUrl":"https:\/\/accept.tsa-interlocks.com.bmade.it\/de\/wp-content\/uploads\/sites\/2\/2022\/04\/KSE-ME1.png","width":944,"height":703},{"@type":"WebSite","@id":"https:\/\/www.tsa-interlocks.com\/de\/#website","url":"https:\/\/www.tsa-interlocks.com\/de\/","name":"TSA Interlocks","description":"","publisher":{"@id":"https:\/\/www.tsa-interlocks.com\/de\/#organization"},"potentialAction":[{"@type":"SearchAction","target":{"@type":"EntryPoint","urlTemplate":"https:\/\/www.tsa-interlocks.com\/de\/?s={search_term_string}"},"query-input":{"@type":"PropertyValueSpecification","valueRequired":true,"valueName":"search_term_string"}}],"inLanguage":"en-US"},{"@type":"Organization","@id":"https:\/\/www.tsa-interlocks.com\/de\/#organization","name":"TSA Interlocks","url":"https:\/\/www.tsa-interlocks.com\/de\/","logo":{"@type":"ImageObject","inLanguage":"en-US","@id":"https:\/\/www.tsa-interlocks.com\/de\/#\/schema\/logo\/image\/","url":"https:\/\/accept.tsa-interlocks.com.bmade.it\/de\/wp-content\/uploads\/sites\/2\/2022\/01\/Logo-TSA-Safety-Services-PNG.png","contentUrl":"https:\/\/accept.tsa-interlocks.com.bmade.it\/de\/wp-content\/uploads\/sites\/2\/2022\/01\/Logo-TSA-Safety-Services-PNG.png","width":5000,"height":2212,"caption":"TSA Interlocks"},"image":{"@id":"https:\/\/www.tsa-interlocks.com\/de\/#\/schema\/logo\/image\/"}}]}},"_links":{"self":[{"href":"https:\/\/accept.tsa-interlocks.com.bmade.it\/de\/wp-json\/wp\/v2\/product\/1213"}],"collection":[{"href":"https:\/\/accept.tsa-interlocks.com.bmade.it\/de\/wp-json\/wp\/v2\/product"}],"about":[{"href":"https:\/\/accept.tsa-interlocks.com.bmade.it\/de\/wp-json\/wp\/v2\/types\/product"}],"replies":[{"embeddable":true,"href":"https:\/\/accept.tsa-interlocks.com.bmade.it\/de\/wp-json\/wp\/v2\/comments?post=1213"}],"wp:featuredmedia":[{"embeddable":true,"href":"https:\/\/accept.tsa-interlocks.com.bmade.it\/de\/wp-json\/wp\/v2\/media\/1903"}],"wp:attachment":[{"href":"https:\/\/accept.tsa-interlocks.com.bmade.it\/de\/wp-json\/wp\/v2\/media?parent=1213"}],"wp:term":[{"taxonomy":"product_brand","embeddable":true,"href":"https:\/\/accept.tsa-interlocks.com.bmade.it\/de\/wp-json\/wp\/v2\/product_brand?post=1213"},{"taxonomy":"product_cat","embeddable":true,"href":"https:\/\/accept.tsa-interlocks.com.bmade.it\/de\/wp-json\/wp\/v2\/product_cat?post=1213"},{"taxonomy":"product_tag","embeddable":true,"href":"https:\/\/accept.tsa-interlocks.com.bmade.it\/de\/wp-json\/wp\/v2\/product_tag?post=1213"}],"curies":[{"name":"wp","href":"https:\/\/api.w.org\/{rel}","templated":true}]}}