{"id":2857,"date":"2023-12-15T12:27:05","date_gmt":"2023-12-15T12:27:05","guid":{"rendered":"https:\/\/www.tsa-interlocks.com\/de\/?post_type=product&#038;p=2857"},"modified":"2024-08-07T08:36:42","modified_gmt":"2024-08-07T08:36:42","slug":"psbv-ventilverriegelung","status":"publish","type":"product","link":"https:\/\/accept.tsa-interlocks.com.bmade.it\/de\/product\/psbv-ventilverriegelung\/","title":{"rendered":"PSBV &#8211; Ventilverriegelung"},"content":{"rendered":"<p>Die drucksichere <strong>Kugelhahnsperre PSBV<\/strong> ist eine integrierte Ventilsperre, die eine Sperre im ge\u00f6ffneten, geschlossenen oder beiden Zustand erm\u00f6glicht. Das Produkt wird mit einem montierten Hochdruck-Mini-1\/4-Zoll-Kugelhahn aus verchromtem Messing geliefert.<\/p>\n<p>Die Montage des Castell PSBV (Pressure Safe Ball Valve Interlock) sorgt f\u00fcr einen logischen, vorgegebenen und sicheren Betriebsablauf, bei dem die Kontrolle der Durchflusswege von entscheidender Bedeutung ist. Der PSBV besteht aus Edelstahl mit Schlossteilen aus Messing oder Edelstahl und eignet sich daher ideal f\u00fcr den Einsatz in rauen Umgebungen, in denen er hohen Belastungen ausgesetzt ist.<\/p>\n<p><a href=\"https:\/\/www.tsa-interlocks.com\/de\/wp-content\/uploads\/sites\/2\/2024\/05\/PSBV_Jan_23.pdf\" target=\"_blank\" rel=\"noopener\"><strong>Bedienungsanleitung &amp; weitere Informationen &gt;&gt;<\/strong><\/a><\/p>\n","protected":false},"excerpt":{"rendered":"<p>Die drucksichere Kugelhahnsperre PSBV ist eine integrierte Ventilsperre, die eine Sperre im ge\u00f6ffneten, geschlossenen oder beiden Zustand erm\u00f6glicht. Das Produkt wird mit einem montierten Hochdruck-Mini-1\/4-Zoll-Kugelhahn aus verchromtem Messing geliefert. Die&hellip;<\/p>\n","protected":false},"featured_media":1911,"comment_status":"closed","ping_status":"closed","template":"","meta":[],"product_brand":[],"product_cat":[23],"product_tag":[],"yoast_head":"<!-- This site is optimized with the Yoast SEO plugin v24.5 - https:\/\/yoast.com\/wordpress\/plugins\/seo\/ -->\n<title>PSBV - Ventilverriegelung - TSA Interlocks<\/title>\n<meta name=\"description\" content=\"PSBV modulare Verriegelung f\u00fcr Kugelhahn in offener, geschlossener oder beider Zust\u00e4nde. Geeignet f\u00fcr Vierteldrehungskugelh\u00e4hne. Sichere Arbeitsreihenfolge.\" \/>\n<meta name=\"robots\" content=\"index, follow, max-snippet:-1, max-image-preview:large, max-video-preview:-1\" \/>\n<link rel=\"canonical\" href=\"https:\/\/www.tsa-interlocks.com\/de\/product\/psbv-ventilverriegelung\/\" \/>\n<meta property=\"og:locale\" content=\"en_US\" \/>\n<meta property=\"og:type\" content=\"article\" \/>\n<meta property=\"og:title\" content=\"PSBV - Ventilverriegelung - TSA Interlocks\" \/>\n<meta property=\"og:description\" content=\"PSBV modulare Verriegelung f\u00fcr Kugelhahn in offener, geschlossener oder beider Zust\u00e4nde. Geeignet f\u00fcr Vierteldrehungskugelh\u00e4hne. Sichere Arbeitsreihenfolge.\" \/>\n<meta property=\"og:url\" content=\"https:\/\/www.tsa-interlocks.com\/de\/product\/psbv-ventilverriegelung\/\" \/>\n<meta property=\"og:site_name\" content=\"TSA Interlocks\" \/>\n<meta property=\"article:modified_time\" content=\"2024-08-07T08:36:42+00:00\" \/>\n<meta property=\"og:image\" content=\"https:\/\/www.tsa-interlocks.com\/de\/wp-content\/uploads\/sites\/2\/2022\/04\/MBV-MO1.png\" \/>\n\t<meta property=\"og:image:width\" content=\"944\" \/>\n\t<meta property=\"og:image:height\" content=\"703\" \/>\n\t<meta property=\"og:image:type\" content=\"image\/png\" \/>\n<meta name=\"twitter:card\" content=\"summary_large_image\" \/>\n<meta name=\"twitter:image\" content=\"https:\/\/accept.tsa-interlocks.com.bmade.it\/de\/wp-content\/uploads\/sites\/2\/2022\/04\/MBV-MO1.png\" \/>\n<meta name=\"twitter:label1\" content=\"Est. reading time\" \/>\n\t<meta name=\"twitter:data1\" content=\"1 minute\" \/>\n<script type=\"application\/ld+json\" class=\"yoast-schema-graph\">{\"@context\":\"https:\/\/schema.org\",\"@graph\":[{\"@type\":\"WebPage\",\"@id\":\"https:\/\/www.tsa-interlocks.com\/de\/product\/psbv-ventilverriegelung\/\",\"url\":\"https:\/\/www.tsa-interlocks.com\/de\/product\/psbv-ventilverriegelung\/\",\"name\":\"PSBV - Ventilverriegelung - TSA Interlocks\",\"isPartOf\":{\"@id\":\"https:\/\/www.tsa-interlocks.com\/de\/#website\"},\"primaryImageOfPage\":{\"@id\":\"https:\/\/www.tsa-interlocks.com\/de\/product\/psbv-ventilverriegelung\/#primaryimage\"},\"image\":{\"@id\":\"https:\/\/www.tsa-interlocks.com\/de\/product\/psbv-ventilverriegelung\/#primaryimage\"},\"thumbnailUrl\":\"https:\/\/accept.tsa-interlocks.com.bmade.it\/de\/wp-content\/uploads\/sites\/2\/2022\/04\/PSBV-D1.png\",\"datePublished\":\"2023-12-15T12:27:05+00:00\",\"dateModified\":\"2024-08-07T08:36:42+00:00\",\"description\":\"PSBV modulare Verriegelung f\u00fcr Kugelhahn in offener, geschlossener oder beider Zust\u00e4nde. Geeignet f\u00fcr Vierteldrehungskugelh\u00e4hne. Sichere Arbeitsreihenfolge.\",\"breadcrumb\":{\"@id\":\"https:\/\/www.tsa-interlocks.com\/de\/product\/psbv-ventilverriegelung\/#breadcrumb\"},\"inLanguage\":\"en-US\",\"potentialAction\":[{\"@type\":\"ReadAction\",\"target\":[\"https:\/\/www.tsa-interlocks.com\/de\/product\/psbv-ventilverriegelung\/\"]}]},{\"@type\":\"ImageObject\",\"inLanguage\":\"en-US\",\"@id\":\"https:\/\/www.tsa-interlocks.com\/de\/product\/psbv-ventilverriegelung\/#primaryimage\",\"url\":\"https:\/\/accept.tsa-interlocks.com.bmade.it\/de\/wp-content\/uploads\/sites\/2\/2022\/04\/PSBV-D1.png\",\"contentUrl\":\"https:\/\/accept.tsa-interlocks.com.bmade.it\/de\/wp-content\/uploads\/sites\/2\/2022\/04\/PSBV-D1.png\",\"width\":944,\"height\":703},{\"@type\":\"WebSite\",\"@id\":\"https:\/\/www.tsa-interlocks.com\/de\/#website\",\"url\":\"https:\/\/www.tsa-interlocks.com\/de\/\",\"name\":\"TSA Interlocks\",\"description\":\"\",\"publisher\":{\"@id\":\"https:\/\/www.tsa-interlocks.com\/de\/#organization\"},\"potentialAction\":[{\"@type\":\"SearchAction\",\"target\":{\"@type\":\"EntryPoint\",\"urlTemplate\":\"https:\/\/www.tsa-interlocks.com\/de\/?s={search_term_string}\"},\"query-input\":{\"@type\":\"PropertyValueSpecification\",\"valueRequired\":true,\"valueName\":\"search_term_string\"}}],\"inLanguage\":\"en-US\"},{\"@type\":\"Organization\",\"@id\":\"https:\/\/www.tsa-interlocks.com\/de\/#organization\",\"name\":\"TSA Interlocks\",\"url\":\"https:\/\/www.tsa-interlocks.com\/de\/\",\"logo\":{\"@type\":\"ImageObject\",\"inLanguage\":\"en-US\",\"@id\":\"https:\/\/www.tsa-interlocks.com\/de\/#\/schema\/logo\/image\/\",\"url\":\"https:\/\/accept.tsa-interlocks.com.bmade.it\/de\/wp-content\/uploads\/sites\/2\/2022\/01\/Logo-TSA-Safety-Services-PNG.png\",\"contentUrl\":\"https:\/\/accept.tsa-interlocks.com.bmade.it\/de\/wp-content\/uploads\/sites\/2\/2022\/01\/Logo-TSA-Safety-Services-PNG.png\",\"width\":5000,\"height\":2212,\"caption\":\"TSA Interlocks\"},\"image\":{\"@id\":\"https:\/\/www.tsa-interlocks.com\/de\/#\/schema\/logo\/image\/\"}}]}<\/script>\n<!-- \/ Yoast SEO plugin. -->","yoast_head_json":{"title":"PSBV - Ventilverriegelung - TSA Interlocks","description":"PSBV modulare Verriegelung f\u00fcr Kugelhahn in offener, geschlossener oder beider Zust\u00e4nde. Geeignet f\u00fcr Vierteldrehungskugelh\u00e4hne. Sichere Arbeitsreihenfolge.","robots":{"index":"index","follow":"follow","max-snippet":"max-snippet:-1","max-image-preview":"max-image-preview:large","max-video-preview":"max-video-preview:-1"},"canonical":"https:\/\/www.tsa-interlocks.com\/de\/product\/psbv-ventilverriegelung\/","og_locale":"en_US","og_type":"article","og_title":"PSBV - Ventilverriegelung - TSA Interlocks","og_description":"PSBV modulare Verriegelung f\u00fcr Kugelhahn in offener, geschlossener oder beider Zust\u00e4nde. Geeignet f\u00fcr Vierteldrehungskugelh\u00e4hne. Sichere Arbeitsreihenfolge.","og_url":"https:\/\/www.tsa-interlocks.com\/de\/product\/psbv-ventilverriegelung\/","og_site_name":"TSA Interlocks","article_modified_time":"2024-08-07T08:36:42+00:00","og_image":[{"width":944,"height":703,"url":"https:\/\/www.tsa-interlocks.com\/de\/wp-content\/uploads\/sites\/2\/2022\/04\/MBV-MO1.png","type":"image\/png"}],"twitter_card":"summary_large_image","twitter_image":"https:\/\/accept.tsa-interlocks.com.bmade.it\/de\/wp-content\/uploads\/sites\/2\/2022\/04\/MBV-MO1.png","twitter_misc":{"Est. reading time":"1 minute"},"schema":{"@context":"https:\/\/schema.org","@graph":[{"@type":"WebPage","@id":"https:\/\/www.tsa-interlocks.com\/de\/product\/psbv-ventilverriegelung\/","url":"https:\/\/www.tsa-interlocks.com\/de\/product\/psbv-ventilverriegelung\/","name":"PSBV - Ventilverriegelung - TSA Interlocks","isPartOf":{"@id":"https:\/\/www.tsa-interlocks.com\/de\/#website"},"primaryImageOfPage":{"@id":"https:\/\/www.tsa-interlocks.com\/de\/product\/psbv-ventilverriegelung\/#primaryimage"},"image":{"@id":"https:\/\/www.tsa-interlocks.com\/de\/product\/psbv-ventilverriegelung\/#primaryimage"},"thumbnailUrl":"https:\/\/accept.tsa-interlocks.com.bmade.it\/de\/wp-content\/uploads\/sites\/2\/2022\/04\/PSBV-D1.png","datePublished":"2023-12-15T12:27:05+00:00","dateModified":"2024-08-07T08:36:42+00:00","description":"PSBV modulare Verriegelung f\u00fcr Kugelhahn in offener, geschlossener oder beider Zust\u00e4nde. Geeignet f\u00fcr Vierteldrehungskugelh\u00e4hne. Sichere Arbeitsreihenfolge.","breadcrumb":{"@id":"https:\/\/www.tsa-interlocks.com\/de\/product\/psbv-ventilverriegelung\/#breadcrumb"},"inLanguage":"en-US","potentialAction":[{"@type":"ReadAction","target":["https:\/\/www.tsa-interlocks.com\/de\/product\/psbv-ventilverriegelung\/"]}]},{"@type":"ImageObject","inLanguage":"en-US","@id":"https:\/\/www.tsa-interlocks.com\/de\/product\/psbv-ventilverriegelung\/#primaryimage","url":"https:\/\/accept.tsa-interlocks.com.bmade.it\/de\/wp-content\/uploads\/sites\/2\/2022\/04\/PSBV-D1.png","contentUrl":"https:\/\/accept.tsa-interlocks.com.bmade.it\/de\/wp-content\/uploads\/sites\/2\/2022\/04\/PSBV-D1.png","width":944,"height":703},{"@type":"WebSite","@id":"https:\/\/www.tsa-interlocks.com\/de\/#website","url":"https:\/\/www.tsa-interlocks.com\/de\/","name":"TSA Interlocks","description":"","publisher":{"@id":"https:\/\/www.tsa-interlocks.com\/de\/#organization"},"potentialAction":[{"@type":"SearchAction","target":{"@type":"EntryPoint","urlTemplate":"https:\/\/www.tsa-interlocks.com\/de\/?s={search_term_string}"},"query-input":{"@type":"PropertyValueSpecification","valueRequired":true,"valueName":"search_term_string"}}],"inLanguage":"en-US"},{"@type":"Organization","@id":"https:\/\/www.tsa-interlocks.com\/de\/#organization","name":"TSA Interlocks","url":"https:\/\/www.tsa-interlocks.com\/de\/","logo":{"@type":"ImageObject","inLanguage":"en-US","@id":"https:\/\/www.tsa-interlocks.com\/de\/#\/schema\/logo\/image\/","url":"https:\/\/accept.tsa-interlocks.com.bmade.it\/de\/wp-content\/uploads\/sites\/2\/2022\/01\/Logo-TSA-Safety-Services-PNG.png","contentUrl":"https:\/\/accept.tsa-interlocks.com.bmade.it\/de\/wp-content\/uploads\/sites\/2\/2022\/01\/Logo-TSA-Safety-Services-PNG.png","width":5000,"height":2212,"caption":"TSA Interlocks"},"image":{"@id":"https:\/\/www.tsa-interlocks.com\/de\/#\/schema\/logo\/image\/"}}]}},"_links":{"self":[{"href":"https:\/\/accept.tsa-interlocks.com.bmade.it\/de\/wp-json\/wp\/v2\/product\/2857"}],"collection":[{"href":"https:\/\/accept.tsa-interlocks.com.bmade.it\/de\/wp-json\/wp\/v2\/product"}],"about":[{"href":"https:\/\/accept.tsa-interlocks.com.bmade.it\/de\/wp-json\/wp\/v2\/types\/product"}],"replies":[{"embeddable":true,"href":"https:\/\/accept.tsa-interlocks.com.bmade.it\/de\/wp-json\/wp\/v2\/comments?post=2857"}],"wp:featuredmedia":[{"embeddable":true,"href":"https:\/\/accept.tsa-interlocks.com.bmade.it\/de\/wp-json\/wp\/v2\/media\/1911"}],"wp:attachment":[{"href":"https:\/\/accept.tsa-interlocks.com.bmade.it\/de\/wp-json\/wp\/v2\/media?parent=2857"}],"wp:term":[{"taxonomy":"product_brand","embeddable":true,"href":"https:\/\/accept.tsa-interlocks.com.bmade.it\/de\/wp-json\/wp\/v2\/product_brand?post=2857"},{"taxonomy":"product_cat","embeddable":true,"href":"https:\/\/accept.tsa-interlocks.com.bmade.it\/de\/wp-json\/wp\/v2\/product_cat?post=2857"},{"taxonomy":"product_tag","embeddable":true,"href":"https:\/\/accept.tsa-interlocks.com.bmade.it\/de\/wp-json\/wp\/v2\/product_tag?post=2857"}],"curies":[{"name":"wp","href":"https:\/\/api.w.org\/{rel}","templated":true}]}}