{"id":807,"date":"2022-03-16T08:47:02","date_gmt":"2022-03-16T08:47:02","guid":{"rendered":"https:\/\/www.tsa-interlocks.com\/?post_type=product&#038;p=807"},"modified":"2024-08-07T08:32:54","modified_gmt":"2024-08-07T08:32:54","slug":"ai-hd","status":"publish","type":"product","link":"https:\/\/accept.tsa-interlocks.com.bmade.it\/de\/product\/ai-hd\/","title":{"rendered":"AI-HD &#8211; Zugangsverriegelung, verst\u00e4rkt"},"content":{"rendered":"<p><strong>Teilzugang mit einem Schl\u00fcssel.<\/strong><\/p>\n<p>Das AI-HD ist ein robustes, hochbelastbares (HD) Einschl\u00fcsselschloss, ideal f\u00fcr Fl\u00fcgelt\u00fcren. Das Schloss ist in Edelstahl erh\u00e4ltlich, wodurch es sich ideal f\u00fcr den Einsatz in rauen oder korrosiven Umgebungen und f\u00fcr den harten Einsatz eignet. Typische Branchen, in denen AI-HD zum Einsatz kommt, sind die Lebensmittel-, Chemie-, Pharma-, Bergbau-, Stahl- und Energieerzeugungsindustrie.<\/p>\n<p><strong><a href=\"https:\/\/www.tsa-interlocks.com\/de\/wp-content\/uploads\/sites\/2\/2024\/05\/AI-HD_Jan_23.pdf\" target=\"_blank\" rel=\"noopener\">Bedienungsanleitung &amp; weitere Informationen &gt;&gt;<\/a><\/strong><\/p>\n","protected":false},"excerpt":{"rendered":"<p>Teilzugang mit einem Schl\u00fcssel. Das AI-HD ist ein robustes, hochbelastbares (HD) Einschl\u00fcsselschloss, ideal f\u00fcr Fl\u00fcgelt\u00fcren. Das Schloss ist in Edelstahl erh\u00e4ltlich, wodurch es sich ideal f\u00fcr den Einsatz in rauen&hellip;<\/p>\n","protected":false},"featured_media":1855,"comment_status":"closed","ping_status":"closed","template":"","meta":[],"product_brand":[],"product_cat":[22],"product_tag":[],"yoast_head":"<!-- This site is optimized with the Yoast SEO plugin v24.5 - https:\/\/yoast.com\/wordpress\/plugins\/seo\/ -->\n<title>AI-HD-Einzel-Schl\u00fcssel-Zugangsschloss Verrieglung Schwer<\/title>\n<meta name=\"description\" content=\"AI-HD-Einzel-Schl\u00fcssel-Zugangsschloss f\u00fcr schwere Beanspruchung. Robuste Verriegelung f\u00fcr T\u00fcren. Edelstahl, geeignet f\u00fcr raue Umgebungen.\" \/>\n<meta name=\"robots\" content=\"index, follow, max-snippet:-1, max-image-preview:large, max-video-preview:-1\" \/>\n<link rel=\"canonical\" href=\"https:\/\/www.tsa-interlocks.com\/de\/product\/ai-hd\/\" \/>\n<meta property=\"og:locale\" content=\"en_US\" \/>\n<meta property=\"og:type\" content=\"article\" \/>\n<meta property=\"og:title\" content=\"AI-HD-Einzel-Schl\u00fcssel-Zugangsschloss Verrieglung Schwer\" \/>\n<meta property=\"og:description\" content=\"AI-HD-Einzel-Schl\u00fcssel-Zugangsschloss f\u00fcr schwere Beanspruchung. Robuste Verriegelung f\u00fcr T\u00fcren. Edelstahl, geeignet f\u00fcr raue Umgebungen.\" \/>\n<meta property=\"og:url\" content=\"https:\/\/www.tsa-interlocks.com\/de\/product\/ai-hd\/\" \/>\n<meta property=\"og:site_name\" content=\"TSA Interlocks\" \/>\n<meta property=\"article:modified_time\" content=\"2024-08-07T08:32:54+00:00\" \/>\n<meta property=\"og:image\" content=\"https:\/\/www.tsa-interlocks.com\/de\/wp-content\/uploads\/sites\/2\/2022\/02\/AI-toegangsslot-enkele-sleutel.png\" \/>\n\t<meta property=\"og:image:width\" content=\"944\" \/>\n\t<meta property=\"og:image:height\" content=\"703\" \/>\n\t<meta property=\"og:image:type\" content=\"image\/png\" \/>\n<meta name=\"twitter:card\" content=\"summary_large_image\" \/>\n<meta name=\"twitter:image\" content=\"https:\/\/accept.tsa-interlocks.com.bmade.it\/de\/wp-content\/uploads\/sites\/2\/2022\/02\/AI-toegangsslot-enkele-sleutel.png\" \/>\n<meta name=\"twitter:label1\" content=\"Est. reading time\" \/>\n\t<meta name=\"twitter:data1\" content=\"1 minute\" \/>\n<script type=\"application\/ld+json\" class=\"yoast-schema-graph\">{\"@context\":\"https:\/\/schema.org\",\"@graph\":[{\"@type\":\"WebPage\",\"@id\":\"https:\/\/www.tsa-interlocks.com\/de\/product\/ai-hd\/\",\"url\":\"https:\/\/www.tsa-interlocks.com\/de\/product\/ai-hd\/\",\"name\":\"AI-HD-Einzel-Schl\u00fcssel-Zugangsschloss Verrieglung Schwer\",\"isPartOf\":{\"@id\":\"https:\/\/www.tsa-interlocks.com\/de\/#website\"},\"primaryImageOfPage\":{\"@id\":\"https:\/\/www.tsa-interlocks.com\/de\/product\/ai-hd\/#primaryimage\"},\"image\":{\"@id\":\"https:\/\/www.tsa-interlocks.com\/de\/product\/ai-hd\/#primaryimage\"},\"thumbnailUrl\":\"https:\/\/accept.tsa-interlocks.com.bmade.it\/de\/wp-content\/uploads\/sites\/2\/2022\/02\/AI-toegangsslot-enkele-sleutel.png\",\"datePublished\":\"2022-03-16T08:47:02+00:00\",\"dateModified\":\"2024-08-07T08:32:54+00:00\",\"description\":\"AI-HD-Einzel-Schl\u00fcssel-Zugangsschloss f\u00fcr schwere Beanspruchung. Robuste Verriegelung f\u00fcr T\u00fcren. Edelstahl, geeignet f\u00fcr raue Umgebungen.\",\"breadcrumb\":{\"@id\":\"https:\/\/www.tsa-interlocks.com\/de\/product\/ai-hd\/#breadcrumb\"},\"inLanguage\":\"en-US\",\"potentialAction\":[{\"@type\":\"ReadAction\",\"target\":[\"https:\/\/www.tsa-interlocks.com\/de\/product\/ai-hd\/\"]}]},{\"@type\":\"ImageObject\",\"inLanguage\":\"en-US\",\"@id\":\"https:\/\/www.tsa-interlocks.com\/de\/product\/ai-hd\/#primaryimage\",\"url\":\"https:\/\/accept.tsa-interlocks.com.bmade.it\/de\/wp-content\/uploads\/sites\/2\/2022\/02\/AI-toegangsslot-enkele-sleutel.png\",\"contentUrl\":\"https:\/\/accept.tsa-interlocks.com.bmade.it\/de\/wp-content\/uploads\/sites\/2\/2022\/02\/AI-toegangsslot-enkele-sleutel.png\",\"width\":944,\"height\":703},{\"@type\":\"WebSite\",\"@id\":\"https:\/\/www.tsa-interlocks.com\/de\/#website\",\"url\":\"https:\/\/www.tsa-interlocks.com\/de\/\",\"name\":\"TSA Interlocks\",\"description\":\"\",\"publisher\":{\"@id\":\"https:\/\/www.tsa-interlocks.com\/de\/#organization\"},\"potentialAction\":[{\"@type\":\"SearchAction\",\"target\":{\"@type\":\"EntryPoint\",\"urlTemplate\":\"https:\/\/www.tsa-interlocks.com\/de\/?s={search_term_string}\"},\"query-input\":{\"@type\":\"PropertyValueSpecification\",\"valueRequired\":true,\"valueName\":\"search_term_string\"}}],\"inLanguage\":\"en-US\"},{\"@type\":\"Organization\",\"@id\":\"https:\/\/www.tsa-interlocks.com\/de\/#organization\",\"name\":\"TSA Interlocks\",\"url\":\"https:\/\/www.tsa-interlocks.com\/de\/\",\"logo\":{\"@type\":\"ImageObject\",\"inLanguage\":\"en-US\",\"@id\":\"https:\/\/www.tsa-interlocks.com\/de\/#\/schema\/logo\/image\/\",\"url\":\"https:\/\/accept.tsa-interlocks.com.bmade.it\/de\/wp-content\/uploads\/sites\/2\/2022\/01\/Logo-TSA-Safety-Services-PNG.png\",\"contentUrl\":\"https:\/\/accept.tsa-interlocks.com.bmade.it\/de\/wp-content\/uploads\/sites\/2\/2022\/01\/Logo-TSA-Safety-Services-PNG.png\",\"width\":5000,\"height\":2212,\"caption\":\"TSA Interlocks\"},\"image\":{\"@id\":\"https:\/\/www.tsa-interlocks.com\/de\/#\/schema\/logo\/image\/\"}}]}<\/script>\n<!-- \/ Yoast SEO plugin. -->","yoast_head_json":{"title":"AI-HD-Einzel-Schl\u00fcssel-Zugangsschloss Verrieglung Schwer","description":"AI-HD-Einzel-Schl\u00fcssel-Zugangsschloss f\u00fcr schwere Beanspruchung. Robuste Verriegelung f\u00fcr T\u00fcren. Edelstahl, geeignet f\u00fcr raue Umgebungen.","robots":{"index":"index","follow":"follow","max-snippet":"max-snippet:-1","max-image-preview":"max-image-preview:large","max-video-preview":"max-video-preview:-1"},"canonical":"https:\/\/www.tsa-interlocks.com\/de\/product\/ai-hd\/","og_locale":"en_US","og_type":"article","og_title":"AI-HD-Einzel-Schl\u00fcssel-Zugangsschloss Verrieglung Schwer","og_description":"AI-HD-Einzel-Schl\u00fcssel-Zugangsschloss f\u00fcr schwere Beanspruchung. Robuste Verriegelung f\u00fcr T\u00fcren. Edelstahl, geeignet f\u00fcr raue Umgebungen.","og_url":"https:\/\/www.tsa-interlocks.com\/de\/product\/ai-hd\/","og_site_name":"TSA Interlocks","article_modified_time":"2024-08-07T08:32:54+00:00","og_image":[{"width":944,"height":703,"url":"https:\/\/www.tsa-interlocks.com\/de\/wp-content\/uploads\/sites\/2\/2022\/02\/AI-toegangsslot-enkele-sleutel.png","type":"image\/png"}],"twitter_card":"summary_large_image","twitter_image":"https:\/\/accept.tsa-interlocks.com.bmade.it\/de\/wp-content\/uploads\/sites\/2\/2022\/02\/AI-toegangsslot-enkele-sleutel.png","twitter_misc":{"Est. reading time":"1 minute"},"schema":{"@context":"https:\/\/schema.org","@graph":[{"@type":"WebPage","@id":"https:\/\/www.tsa-interlocks.com\/de\/product\/ai-hd\/","url":"https:\/\/www.tsa-interlocks.com\/de\/product\/ai-hd\/","name":"AI-HD-Einzel-Schl\u00fcssel-Zugangsschloss Verrieglung Schwer","isPartOf":{"@id":"https:\/\/www.tsa-interlocks.com\/de\/#website"},"primaryImageOfPage":{"@id":"https:\/\/www.tsa-interlocks.com\/de\/product\/ai-hd\/#primaryimage"},"image":{"@id":"https:\/\/www.tsa-interlocks.com\/de\/product\/ai-hd\/#primaryimage"},"thumbnailUrl":"https:\/\/accept.tsa-interlocks.com.bmade.it\/de\/wp-content\/uploads\/sites\/2\/2022\/02\/AI-toegangsslot-enkele-sleutel.png","datePublished":"2022-03-16T08:47:02+00:00","dateModified":"2024-08-07T08:32:54+00:00","description":"AI-HD-Einzel-Schl\u00fcssel-Zugangsschloss f\u00fcr schwere Beanspruchung. Robuste Verriegelung f\u00fcr T\u00fcren. Edelstahl, geeignet f\u00fcr raue Umgebungen.","breadcrumb":{"@id":"https:\/\/www.tsa-interlocks.com\/de\/product\/ai-hd\/#breadcrumb"},"inLanguage":"en-US","potentialAction":[{"@type":"ReadAction","target":["https:\/\/www.tsa-interlocks.com\/de\/product\/ai-hd\/"]}]},{"@type":"ImageObject","inLanguage":"en-US","@id":"https:\/\/www.tsa-interlocks.com\/de\/product\/ai-hd\/#primaryimage","url":"https:\/\/accept.tsa-interlocks.com.bmade.it\/de\/wp-content\/uploads\/sites\/2\/2022\/02\/AI-toegangsslot-enkele-sleutel.png","contentUrl":"https:\/\/accept.tsa-interlocks.com.bmade.it\/de\/wp-content\/uploads\/sites\/2\/2022\/02\/AI-toegangsslot-enkele-sleutel.png","width":944,"height":703},{"@type":"WebSite","@id":"https:\/\/www.tsa-interlocks.com\/de\/#website","url":"https:\/\/www.tsa-interlocks.com\/de\/","name":"TSA Interlocks","description":"","publisher":{"@id":"https:\/\/www.tsa-interlocks.com\/de\/#organization"},"potentialAction":[{"@type":"SearchAction","target":{"@type":"EntryPoint","urlTemplate":"https:\/\/www.tsa-interlocks.com\/de\/?s={search_term_string}"},"query-input":{"@type":"PropertyValueSpecification","valueRequired":true,"valueName":"search_term_string"}}],"inLanguage":"en-US"},{"@type":"Organization","@id":"https:\/\/www.tsa-interlocks.com\/de\/#organization","name":"TSA Interlocks","url":"https:\/\/www.tsa-interlocks.com\/de\/","logo":{"@type":"ImageObject","inLanguage":"en-US","@id":"https:\/\/www.tsa-interlocks.com\/de\/#\/schema\/logo\/image\/","url":"https:\/\/accept.tsa-interlocks.com.bmade.it\/de\/wp-content\/uploads\/sites\/2\/2022\/01\/Logo-TSA-Safety-Services-PNG.png","contentUrl":"https:\/\/accept.tsa-interlocks.com.bmade.it\/de\/wp-content\/uploads\/sites\/2\/2022\/01\/Logo-TSA-Safety-Services-PNG.png","width":5000,"height":2212,"caption":"TSA Interlocks"},"image":{"@id":"https:\/\/www.tsa-interlocks.com\/de\/#\/schema\/logo\/image\/"}}]}},"_links":{"self":[{"href":"https:\/\/accept.tsa-interlocks.com.bmade.it\/de\/wp-json\/wp\/v2\/product\/807"}],"collection":[{"href":"https:\/\/accept.tsa-interlocks.com.bmade.it\/de\/wp-json\/wp\/v2\/product"}],"about":[{"href":"https:\/\/accept.tsa-interlocks.com.bmade.it\/de\/wp-json\/wp\/v2\/types\/product"}],"replies":[{"embeddable":true,"href":"https:\/\/accept.tsa-interlocks.com.bmade.it\/de\/wp-json\/wp\/v2\/comments?post=807"}],"wp:featuredmedia":[{"embeddable":true,"href":"https:\/\/accept.tsa-interlocks.com.bmade.it\/de\/wp-json\/wp\/v2\/media\/1855"}],"wp:attachment":[{"href":"https:\/\/accept.tsa-interlocks.com.bmade.it\/de\/wp-json\/wp\/v2\/media?parent=807"}],"wp:term":[{"taxonomy":"product_brand","embeddable":true,"href":"https:\/\/accept.tsa-interlocks.com.bmade.it\/de\/wp-json\/wp\/v2\/product_brand?post=807"},{"taxonomy":"product_cat","embeddable":true,"href":"https:\/\/accept.tsa-interlocks.com.bmade.it\/de\/wp-json\/wp\/v2\/product_cat?post=807"},{"taxonomy":"product_tag","embeddable":true,"href":"https:\/\/accept.tsa-interlocks.com.bmade.it\/de\/wp-json\/wp\/v2\/product_tag?post=807"}],"curies":[{"name":"wp","href":"https:\/\/api.w.org\/{rel}","templated":true}]}}