{"id":810,"date":"2022-03-16T08:48:26","date_gmt":"2022-03-16T08:48:26","guid":{"rendered":"https:\/\/www.tsa-interlocks.com\/?post_type=product&#038;p=810"},"modified":"2024-08-07T08:31:57","modified_gmt":"2024-08-07T08:31:57","slug":"bd-exchange","status":"publish","type":"product","link":"https:\/\/accept.tsa-interlocks.com.bmade.it\/de\/product\/bd-exchange\/","title":{"rendered":"BD &#8211; Zugangsverriegelung"},"content":{"rendered":"<p>Voller Zugriff.<\/p>\n<p>Das BD-Schloss ist ein zweiteiliges Zugangsschloss, bestehend aus einem Hauptk\u00f6rper und einem Schlie\u00dfblech, komplett mit sekund\u00e4ren Verriegelungsabschnitten. Das Schloss ist in zwei Optionen erh\u00e4ltlich; eine f\u00fcr gut ausgerichtete Paneelt\u00fcren und eine f\u00fcr weniger gut ausgerichtete Paneelt\u00fcren. Das Schloss eignet sich ideal f\u00fcr Leichtbaut\u00fcren in trockenen, nicht korrosiven Umgebungen, in denen das Schloss leicht bis m\u00e4\u00dfig verwendet wird. Typische Branchen, in denen das BD-Schloss zum Einsatz kommt, sind Schalttafelbauer, MS- und NS-Schaltanlagen sowie die Lebensmittelindustrie. Der BD-Slot ist als FS- oder Q-Slot verf\u00fcgbar.<\/p>\n<p><strong><a href=\"https:\/\/www.tsa-interlocks.com\/de\/wp-content\/uploads\/sites\/2\/2024\/05\/BD_Oct_23-updated.pdf\">Bedienungsanleitung &amp; weitere Informationen &gt;&gt;<\/a><\/strong><\/p>\n","protected":false},"excerpt":{"rendered":"<p>Voller Zugriff. Das BD-Schloss ist ein zweiteiliges Zugangsschloss, bestehend aus einem Hauptk\u00f6rper und einem Schlie\u00dfblech, komplett mit sekund\u00e4ren Verriegelungsabschnitten. Das Schloss ist in zwei Optionen erh\u00e4ltlich; eine f\u00fcr gut ausgerichtete&hellip;<\/p>\n","protected":false},"featured_media":1856,"comment_status":"closed","ping_status":"closed","template":"","meta":[],"product_brand":[],"product_cat":[22],"product_tag":[],"yoast_head":"<!-- This site is optimized with the Yoast SEO plugin v24.5 - https:\/\/yoast.com\/wordpress\/plugins\/seo\/ -->\n<title>BD - Zugangsverriegelung - TSA Interlocks<\/title>\n<meta name=\"description\" content=\"Das BD-Schloss ist ein zweiteiliges Zugangsschloss, bestehend aus einem Hauptk\u00f6rper und einem Schlie\u00dfblech, mit sekund\u00e4ren Verriegelungsabschnitten.\" \/>\n<meta name=\"robots\" content=\"index, follow, max-snippet:-1, max-image-preview:large, max-video-preview:-1\" \/>\n<link rel=\"canonical\" href=\"https:\/\/www.tsa-interlocks.com\/de\/product\/bd-exchange\/\" \/>\n<meta property=\"og:locale\" content=\"en_US\" \/>\n<meta property=\"og:type\" content=\"article\" \/>\n<meta property=\"og:title\" content=\"BD - Zugangsverriegelung - TSA Interlocks\" \/>\n<meta property=\"og:description\" content=\"Das BD-Schloss ist ein zweiteiliges Zugangsschloss, bestehend aus einem Hauptk\u00f6rper und einem Schlie\u00dfblech, mit sekund\u00e4ren Verriegelungsabschnitten.\" \/>\n<meta property=\"og:url\" content=\"https:\/\/www.tsa-interlocks.com\/de\/product\/bd-exchange\/\" \/>\n<meta property=\"og:site_name\" content=\"TSA Interlocks\" \/>\n<meta property=\"article:modified_time\" content=\"2024-08-07T08:31:57+00:00\" \/>\n<meta property=\"og:image\" content=\"https:\/\/www.tsa-interlocks.com\/de\/wp-content\/uploads\/sites\/2\/2022\/02\/BD-paneel-deurvergrendeling.png\" \/>\n\t<meta property=\"og:image:width\" content=\"944\" \/>\n\t<meta property=\"og:image:height\" content=\"703\" \/>\n\t<meta property=\"og:image:type\" content=\"image\/png\" \/>\n<meta name=\"twitter:card\" content=\"summary_large_image\" \/>\n<meta name=\"twitter:label1\" content=\"Est. reading time\" \/>\n\t<meta name=\"twitter:data1\" content=\"1 minute\" \/>\n<script type=\"application\/ld+json\" class=\"yoast-schema-graph\">{\"@context\":\"https:\/\/schema.org\",\"@graph\":[{\"@type\":\"WebPage\",\"@id\":\"https:\/\/www.tsa-interlocks.com\/de\/product\/bd-exchange\/\",\"url\":\"https:\/\/www.tsa-interlocks.com\/de\/product\/bd-exchange\/\",\"name\":\"BD - Zugangsverriegelung - TSA Interlocks\",\"isPartOf\":{\"@id\":\"https:\/\/www.tsa-interlocks.com\/de\/#website\"},\"primaryImageOfPage\":{\"@id\":\"https:\/\/www.tsa-interlocks.com\/de\/product\/bd-exchange\/#primaryimage\"},\"image\":{\"@id\":\"https:\/\/www.tsa-interlocks.com\/de\/product\/bd-exchange\/#primaryimage\"},\"thumbnailUrl\":\"https:\/\/accept.tsa-interlocks.com.bmade.it\/de\/wp-content\/uploads\/sites\/2\/2022\/02\/BD-paneel-deurvergrendeling.png\",\"datePublished\":\"2022-03-16T08:48:26+00:00\",\"dateModified\":\"2024-08-07T08:31:57+00:00\",\"description\":\"Das BD-Schloss ist ein zweiteiliges Zugangsschloss, bestehend aus einem Hauptk\u00f6rper und einem Schlie\u00dfblech, mit sekund\u00e4ren Verriegelungsabschnitten.\",\"breadcrumb\":{\"@id\":\"https:\/\/www.tsa-interlocks.com\/de\/product\/bd-exchange\/#breadcrumb\"},\"inLanguage\":\"en-US\",\"potentialAction\":[{\"@type\":\"ReadAction\",\"target\":[\"https:\/\/www.tsa-interlocks.com\/de\/product\/bd-exchange\/\"]}]},{\"@type\":\"ImageObject\",\"inLanguage\":\"en-US\",\"@id\":\"https:\/\/www.tsa-interlocks.com\/de\/product\/bd-exchange\/#primaryimage\",\"url\":\"https:\/\/accept.tsa-interlocks.com.bmade.it\/de\/wp-content\/uploads\/sites\/2\/2022\/02\/BD-paneel-deurvergrendeling.png\",\"contentUrl\":\"https:\/\/accept.tsa-interlocks.com.bmade.it\/de\/wp-content\/uploads\/sites\/2\/2022\/02\/BD-paneel-deurvergrendeling.png\",\"width\":944,\"height\":703},{\"@type\":\"WebSite\",\"@id\":\"https:\/\/www.tsa-interlocks.com\/de\/#website\",\"url\":\"https:\/\/www.tsa-interlocks.com\/de\/\",\"name\":\"TSA Interlocks\",\"description\":\"\",\"publisher\":{\"@id\":\"https:\/\/www.tsa-interlocks.com\/de\/#organization\"},\"potentialAction\":[{\"@type\":\"SearchAction\",\"target\":{\"@type\":\"EntryPoint\",\"urlTemplate\":\"https:\/\/www.tsa-interlocks.com\/de\/?s={search_term_string}\"},\"query-input\":{\"@type\":\"PropertyValueSpecification\",\"valueRequired\":true,\"valueName\":\"search_term_string\"}}],\"inLanguage\":\"en-US\"},{\"@type\":\"Organization\",\"@id\":\"https:\/\/www.tsa-interlocks.com\/de\/#organization\",\"name\":\"TSA Interlocks\",\"url\":\"https:\/\/www.tsa-interlocks.com\/de\/\",\"logo\":{\"@type\":\"ImageObject\",\"inLanguage\":\"en-US\",\"@id\":\"https:\/\/www.tsa-interlocks.com\/de\/#\/schema\/logo\/image\/\",\"url\":\"https:\/\/accept.tsa-interlocks.com.bmade.it\/de\/wp-content\/uploads\/sites\/2\/2022\/01\/Logo-TSA-Safety-Services-PNG.png\",\"contentUrl\":\"https:\/\/accept.tsa-interlocks.com.bmade.it\/de\/wp-content\/uploads\/sites\/2\/2022\/01\/Logo-TSA-Safety-Services-PNG.png\",\"width\":5000,\"height\":2212,\"caption\":\"TSA Interlocks\"},\"image\":{\"@id\":\"https:\/\/www.tsa-interlocks.com\/de\/#\/schema\/logo\/image\/\"}}]}<\/script>\n<!-- \/ Yoast SEO plugin. -->","yoast_head_json":{"title":"BD - Zugangsverriegelung - TSA Interlocks","description":"Das BD-Schloss ist ein zweiteiliges Zugangsschloss, bestehend aus einem Hauptk\u00f6rper und einem Schlie\u00dfblech, mit sekund\u00e4ren Verriegelungsabschnitten.","robots":{"index":"index","follow":"follow","max-snippet":"max-snippet:-1","max-image-preview":"max-image-preview:large","max-video-preview":"max-video-preview:-1"},"canonical":"https:\/\/www.tsa-interlocks.com\/de\/product\/bd-exchange\/","og_locale":"en_US","og_type":"article","og_title":"BD - Zugangsverriegelung - TSA Interlocks","og_description":"Das BD-Schloss ist ein zweiteiliges Zugangsschloss, bestehend aus einem Hauptk\u00f6rper und einem Schlie\u00dfblech, mit sekund\u00e4ren Verriegelungsabschnitten.","og_url":"https:\/\/www.tsa-interlocks.com\/de\/product\/bd-exchange\/","og_site_name":"TSA Interlocks","article_modified_time":"2024-08-07T08:31:57+00:00","og_image":[{"width":944,"height":703,"url":"https:\/\/www.tsa-interlocks.com\/de\/wp-content\/uploads\/sites\/2\/2022\/02\/BD-paneel-deurvergrendeling.png","type":"image\/png"}],"twitter_card":"summary_large_image","twitter_misc":{"Est. reading time":"1 minute"},"schema":{"@context":"https:\/\/schema.org","@graph":[{"@type":"WebPage","@id":"https:\/\/www.tsa-interlocks.com\/de\/product\/bd-exchange\/","url":"https:\/\/www.tsa-interlocks.com\/de\/product\/bd-exchange\/","name":"BD - Zugangsverriegelung - TSA Interlocks","isPartOf":{"@id":"https:\/\/www.tsa-interlocks.com\/de\/#website"},"primaryImageOfPage":{"@id":"https:\/\/www.tsa-interlocks.com\/de\/product\/bd-exchange\/#primaryimage"},"image":{"@id":"https:\/\/www.tsa-interlocks.com\/de\/product\/bd-exchange\/#primaryimage"},"thumbnailUrl":"https:\/\/accept.tsa-interlocks.com.bmade.it\/de\/wp-content\/uploads\/sites\/2\/2022\/02\/BD-paneel-deurvergrendeling.png","datePublished":"2022-03-16T08:48:26+00:00","dateModified":"2024-08-07T08:31:57+00:00","description":"Das BD-Schloss ist ein zweiteiliges Zugangsschloss, bestehend aus einem Hauptk\u00f6rper und einem Schlie\u00dfblech, mit sekund\u00e4ren Verriegelungsabschnitten.","breadcrumb":{"@id":"https:\/\/www.tsa-interlocks.com\/de\/product\/bd-exchange\/#breadcrumb"},"inLanguage":"en-US","potentialAction":[{"@type":"ReadAction","target":["https:\/\/www.tsa-interlocks.com\/de\/product\/bd-exchange\/"]}]},{"@type":"ImageObject","inLanguage":"en-US","@id":"https:\/\/www.tsa-interlocks.com\/de\/product\/bd-exchange\/#primaryimage","url":"https:\/\/accept.tsa-interlocks.com.bmade.it\/de\/wp-content\/uploads\/sites\/2\/2022\/02\/BD-paneel-deurvergrendeling.png","contentUrl":"https:\/\/accept.tsa-interlocks.com.bmade.it\/de\/wp-content\/uploads\/sites\/2\/2022\/02\/BD-paneel-deurvergrendeling.png","width":944,"height":703},{"@type":"WebSite","@id":"https:\/\/www.tsa-interlocks.com\/de\/#website","url":"https:\/\/www.tsa-interlocks.com\/de\/","name":"TSA Interlocks","description":"","publisher":{"@id":"https:\/\/www.tsa-interlocks.com\/de\/#organization"},"potentialAction":[{"@type":"SearchAction","target":{"@type":"EntryPoint","urlTemplate":"https:\/\/www.tsa-interlocks.com\/de\/?s={search_term_string}"},"query-input":{"@type":"PropertyValueSpecification","valueRequired":true,"valueName":"search_term_string"}}],"inLanguage":"en-US"},{"@type":"Organization","@id":"https:\/\/www.tsa-interlocks.com\/de\/#organization","name":"TSA Interlocks","url":"https:\/\/www.tsa-interlocks.com\/de\/","logo":{"@type":"ImageObject","inLanguage":"en-US","@id":"https:\/\/www.tsa-interlocks.com\/de\/#\/schema\/logo\/image\/","url":"https:\/\/accept.tsa-interlocks.com.bmade.it\/de\/wp-content\/uploads\/sites\/2\/2022\/01\/Logo-TSA-Safety-Services-PNG.png","contentUrl":"https:\/\/accept.tsa-interlocks.com.bmade.it\/de\/wp-content\/uploads\/sites\/2\/2022\/01\/Logo-TSA-Safety-Services-PNG.png","width":5000,"height":2212,"caption":"TSA Interlocks"},"image":{"@id":"https:\/\/www.tsa-interlocks.com\/de\/#\/schema\/logo\/image\/"}}]}},"_links":{"self":[{"href":"https:\/\/accept.tsa-interlocks.com.bmade.it\/de\/wp-json\/wp\/v2\/product\/810"}],"collection":[{"href":"https:\/\/accept.tsa-interlocks.com.bmade.it\/de\/wp-json\/wp\/v2\/product"}],"about":[{"href":"https:\/\/accept.tsa-interlocks.com.bmade.it\/de\/wp-json\/wp\/v2\/types\/product"}],"replies":[{"embeddable":true,"href":"https:\/\/accept.tsa-interlocks.com.bmade.it\/de\/wp-json\/wp\/v2\/comments?post=810"}],"wp:featuredmedia":[{"embeddable":true,"href":"https:\/\/accept.tsa-interlocks.com.bmade.it\/de\/wp-json\/wp\/v2\/media\/1856"}],"wp:attachment":[{"href":"https:\/\/accept.tsa-interlocks.com.bmade.it\/de\/wp-json\/wp\/v2\/media?parent=810"}],"wp:term":[{"taxonomy":"product_brand","embeddable":true,"href":"https:\/\/accept.tsa-interlocks.com.bmade.it\/de\/wp-json\/wp\/v2\/product_brand?post=810"},{"taxonomy":"product_cat","embeddable":true,"href":"https:\/\/accept.tsa-interlocks.com.bmade.it\/de\/wp-json\/wp\/v2\/product_cat?post=810"},{"taxonomy":"product_tag","embeddable":true,"href":"https:\/\/accept.tsa-interlocks.com.bmade.it\/de\/wp-json\/wp\/v2\/product_tag?post=810"}],"curies":[{"name":"wp","href":"https:\/\/api.w.org\/{rel}","templated":true}]}}