{"id":811,"date":"2022-03-16T08:48:38","date_gmt":"2022-03-16T08:48:38","guid":{"rendered":"https:\/\/www.tsa-interlocks.com\/?post_type=product&#038;p=811"},"modified":"2024-05-24T09:56:01","modified_gmt":"2024-05-24T09:56:01","slug":"olympus","status":"publish","type":"product","link":"https:\/\/accept.tsa-interlocks.com.bmade.it\/de\/product\/olympus\/","title":{"rendered":"Olympus &#8211; Elektrische Zugangsverriegelung"},"content":{"rendered":"<p>Das Olympus 4HD ist ein hochleistungsf\u00e4higes elektromagnetisch bet\u00e4tigtes Zugangsschloss, das mit einer Zungensteuerung aus Edelstahl oder einer hochleistungsf\u00e4higen Verriegelung erh\u00e4ltlich ist. Er eignet sich dank seiner 2n\/c 1n\/o-Kontakte f\u00fcr Sicherheitssysteme der Kategorie 4 und ist ideal f\u00fcr alle Arten von klappbaren oder verschiebbaren Zug\u00e4ngen. Die Einheit wird durch den Elektromagneten verriegelt, im stromlosen Zustand kann sie nur durch Erregen des Elektromagneten ge\u00f6ffnet werden. Eine mechanische Schl\u00fcssel\u00fcberbr\u00fcckung f\u00fcr das Magnetventil ist Standard. Die Olympus 4HD ist ideal f\u00fcr den Einsatz in Produktionszellen und automatisierten Produktions- und Montagelinien, wo ein schneller Zugriff erforderlich ist.<\/p>\n<p><strong><a href=\"https:\/\/www.tsa-interlocks.com\/de\/wp-content\/uploads\/sites\/2\/2024\/05\/OLYMPUS_Jan_23.pdf\">Bedienungsanleitung &amp; weitere Informationen &gt;&gt;<\/a><\/strong><\/p>\n","protected":false},"excerpt":{"rendered":"<p>Das Olympus 4HD ist ein hochleistungsf\u00e4higes elektromagnetisch bet\u00e4tigtes Zugangsschloss, das mit einer Zungensteuerung aus Edelstahl oder einer hochleistungsf\u00e4higen Verriegelung erh\u00e4ltlich ist. Er eignet sich dank seiner 2n\/c 1n\/o-Kontakte f\u00fcr Sicherheitssysteme&hellip;<\/p>\n","protected":false},"featured_media":1861,"comment_status":"closed","ping_status":"closed","template":"","meta":[],"product_brand":[],"product_cat":[22],"product_tag":[],"yoast_head":"<!-- This site is optimized with the Yoast SEO plugin v24.5 - https:\/\/yoast.com\/wordpress\/plugins\/seo\/ -->\n<title>Olympus - Elektrische Zugangsverriegelung - TSA Interlocks<\/title>\n<meta name=\"description\" content=\"Das Olympus 4HD ist ein hochleistungsf\u00e4higes elektromagnetisch bet\u00e4tigtes Zugangsschloss, das mit einer Zungensteuerung erh\u00e4ltlich ist.\" \/>\n<meta name=\"robots\" content=\"index, follow, max-snippet:-1, max-image-preview:large, max-video-preview:-1\" \/>\n<link rel=\"canonical\" href=\"https:\/\/www.tsa-interlocks.com\/de\/product\/olympus\/\" \/>\n<meta property=\"og:locale\" content=\"en_US\" \/>\n<meta property=\"og:type\" content=\"article\" \/>\n<meta property=\"og:title\" content=\"Olympus - Elektrische Zugangsverriegelung - TSA Interlocks\" \/>\n<meta property=\"og:description\" content=\"Das Olympus 4HD ist ein hochleistungsf\u00e4higes elektromagnetisch bet\u00e4tigtes Zugangsschloss, das mit einer Zungensteuerung erh\u00e4ltlich ist.\" \/>\n<meta property=\"og:url\" content=\"https:\/\/www.tsa-interlocks.com\/de\/product\/olympus\/\" \/>\n<meta property=\"og:site_name\" content=\"TSA Interlocks\" \/>\n<meta property=\"article:modified_time\" content=\"2024-05-24T09:56:01+00:00\" \/>\n<meta property=\"og:image\" content=\"https:\/\/www.tsa-interlocks.com\/de\/wp-content\/uploads\/sites\/2\/2022\/02\/Olypmus-toegangsslotpng.png\" \/>\n\t<meta property=\"og:image:width\" content=\"944\" \/>\n\t<meta property=\"og:image:height\" content=\"703\" \/>\n\t<meta property=\"og:image:type\" content=\"image\/png\" \/>\n<meta name=\"twitter:card\" content=\"summary_large_image\" \/>\n<meta name=\"twitter:label1\" content=\"Est. reading time\" \/>\n\t<meta name=\"twitter:data1\" content=\"1 minute\" \/>\n<script type=\"application\/ld+json\" class=\"yoast-schema-graph\">{\"@context\":\"https:\/\/schema.org\",\"@graph\":[{\"@type\":\"WebPage\",\"@id\":\"https:\/\/www.tsa-interlocks.com\/de\/product\/olympus\/\",\"url\":\"https:\/\/www.tsa-interlocks.com\/de\/product\/olympus\/\",\"name\":\"Olympus - Elektrische Zugangsverriegelung - TSA Interlocks\",\"isPartOf\":{\"@id\":\"https:\/\/www.tsa-interlocks.com\/de\/#website\"},\"primaryImageOfPage\":{\"@id\":\"https:\/\/www.tsa-interlocks.com\/de\/product\/olympus\/#primaryimage\"},\"image\":{\"@id\":\"https:\/\/www.tsa-interlocks.com\/de\/product\/olympus\/#primaryimage\"},\"thumbnailUrl\":\"https:\/\/accept.tsa-interlocks.com.bmade.it\/de\/wp-content\/uploads\/sites\/2\/2022\/02\/Olypmus-toegangsslotpng.png\",\"datePublished\":\"2022-03-16T08:48:38+00:00\",\"dateModified\":\"2024-05-24T09:56:01+00:00\",\"description\":\"Das Olympus 4HD ist ein hochleistungsf\u00e4higes elektromagnetisch bet\u00e4tigtes Zugangsschloss, das mit einer Zungensteuerung erh\u00e4ltlich ist.\",\"breadcrumb\":{\"@id\":\"https:\/\/www.tsa-interlocks.com\/de\/product\/olympus\/#breadcrumb\"},\"inLanguage\":\"en-US\",\"potentialAction\":[{\"@type\":\"ReadAction\",\"target\":[\"https:\/\/www.tsa-interlocks.com\/de\/product\/olympus\/\"]}]},{\"@type\":\"ImageObject\",\"inLanguage\":\"en-US\",\"@id\":\"https:\/\/www.tsa-interlocks.com\/de\/product\/olympus\/#primaryimage\",\"url\":\"https:\/\/accept.tsa-interlocks.com.bmade.it\/de\/wp-content\/uploads\/sites\/2\/2022\/02\/Olypmus-toegangsslotpng.png\",\"contentUrl\":\"https:\/\/accept.tsa-interlocks.com.bmade.it\/de\/wp-content\/uploads\/sites\/2\/2022\/02\/Olypmus-toegangsslotpng.png\",\"width\":944,\"height\":703},{\"@type\":\"WebSite\",\"@id\":\"https:\/\/www.tsa-interlocks.com\/de\/#website\",\"url\":\"https:\/\/www.tsa-interlocks.com\/de\/\",\"name\":\"TSA Interlocks\",\"description\":\"\",\"publisher\":{\"@id\":\"https:\/\/www.tsa-interlocks.com\/de\/#organization\"},\"potentialAction\":[{\"@type\":\"SearchAction\",\"target\":{\"@type\":\"EntryPoint\",\"urlTemplate\":\"https:\/\/www.tsa-interlocks.com\/de\/?s={search_term_string}\"},\"query-input\":{\"@type\":\"PropertyValueSpecification\",\"valueRequired\":true,\"valueName\":\"search_term_string\"}}],\"inLanguage\":\"en-US\"},{\"@type\":\"Organization\",\"@id\":\"https:\/\/www.tsa-interlocks.com\/de\/#organization\",\"name\":\"TSA Interlocks\",\"url\":\"https:\/\/www.tsa-interlocks.com\/de\/\",\"logo\":{\"@type\":\"ImageObject\",\"inLanguage\":\"en-US\",\"@id\":\"https:\/\/www.tsa-interlocks.com\/de\/#\/schema\/logo\/image\/\",\"url\":\"https:\/\/accept.tsa-interlocks.com.bmade.it\/de\/wp-content\/uploads\/sites\/2\/2022\/01\/Logo-TSA-Safety-Services-PNG.png\",\"contentUrl\":\"https:\/\/accept.tsa-interlocks.com.bmade.it\/de\/wp-content\/uploads\/sites\/2\/2022\/01\/Logo-TSA-Safety-Services-PNG.png\",\"width\":5000,\"height\":2212,\"caption\":\"TSA Interlocks\"},\"image\":{\"@id\":\"https:\/\/www.tsa-interlocks.com\/de\/#\/schema\/logo\/image\/\"}}]}<\/script>\n<!-- \/ Yoast SEO plugin. -->","yoast_head_json":{"title":"Olympus - Elektrische Zugangsverriegelung - TSA Interlocks","description":"Das Olympus 4HD ist ein hochleistungsf\u00e4higes elektromagnetisch bet\u00e4tigtes Zugangsschloss, das mit einer Zungensteuerung erh\u00e4ltlich ist.","robots":{"index":"index","follow":"follow","max-snippet":"max-snippet:-1","max-image-preview":"max-image-preview:large","max-video-preview":"max-video-preview:-1"},"canonical":"https:\/\/www.tsa-interlocks.com\/de\/product\/olympus\/","og_locale":"en_US","og_type":"article","og_title":"Olympus - Elektrische Zugangsverriegelung - TSA Interlocks","og_description":"Das Olympus 4HD ist ein hochleistungsf\u00e4higes elektromagnetisch bet\u00e4tigtes Zugangsschloss, das mit einer Zungensteuerung erh\u00e4ltlich ist.","og_url":"https:\/\/www.tsa-interlocks.com\/de\/product\/olympus\/","og_site_name":"TSA Interlocks","article_modified_time":"2024-05-24T09:56:01+00:00","og_image":[{"width":944,"height":703,"url":"https:\/\/www.tsa-interlocks.com\/de\/wp-content\/uploads\/sites\/2\/2022\/02\/Olypmus-toegangsslotpng.png","type":"image\/png"}],"twitter_card":"summary_large_image","twitter_misc":{"Est. reading time":"1 minute"},"schema":{"@context":"https:\/\/schema.org","@graph":[{"@type":"WebPage","@id":"https:\/\/www.tsa-interlocks.com\/de\/product\/olympus\/","url":"https:\/\/www.tsa-interlocks.com\/de\/product\/olympus\/","name":"Olympus - Elektrische Zugangsverriegelung - TSA Interlocks","isPartOf":{"@id":"https:\/\/www.tsa-interlocks.com\/de\/#website"},"primaryImageOfPage":{"@id":"https:\/\/www.tsa-interlocks.com\/de\/product\/olympus\/#primaryimage"},"image":{"@id":"https:\/\/www.tsa-interlocks.com\/de\/product\/olympus\/#primaryimage"},"thumbnailUrl":"https:\/\/accept.tsa-interlocks.com.bmade.it\/de\/wp-content\/uploads\/sites\/2\/2022\/02\/Olypmus-toegangsslotpng.png","datePublished":"2022-03-16T08:48:38+00:00","dateModified":"2024-05-24T09:56:01+00:00","description":"Das Olympus 4HD ist ein hochleistungsf\u00e4higes elektromagnetisch bet\u00e4tigtes Zugangsschloss, das mit einer Zungensteuerung erh\u00e4ltlich ist.","breadcrumb":{"@id":"https:\/\/www.tsa-interlocks.com\/de\/product\/olympus\/#breadcrumb"},"inLanguage":"en-US","potentialAction":[{"@type":"ReadAction","target":["https:\/\/www.tsa-interlocks.com\/de\/product\/olympus\/"]}]},{"@type":"ImageObject","inLanguage":"en-US","@id":"https:\/\/www.tsa-interlocks.com\/de\/product\/olympus\/#primaryimage","url":"https:\/\/accept.tsa-interlocks.com.bmade.it\/de\/wp-content\/uploads\/sites\/2\/2022\/02\/Olypmus-toegangsslotpng.png","contentUrl":"https:\/\/accept.tsa-interlocks.com.bmade.it\/de\/wp-content\/uploads\/sites\/2\/2022\/02\/Olypmus-toegangsslotpng.png","width":944,"height":703},{"@type":"WebSite","@id":"https:\/\/www.tsa-interlocks.com\/de\/#website","url":"https:\/\/www.tsa-interlocks.com\/de\/","name":"TSA Interlocks","description":"","publisher":{"@id":"https:\/\/www.tsa-interlocks.com\/de\/#organization"},"potentialAction":[{"@type":"SearchAction","target":{"@type":"EntryPoint","urlTemplate":"https:\/\/www.tsa-interlocks.com\/de\/?s={search_term_string}"},"query-input":{"@type":"PropertyValueSpecification","valueRequired":true,"valueName":"search_term_string"}}],"inLanguage":"en-US"},{"@type":"Organization","@id":"https:\/\/www.tsa-interlocks.com\/de\/#organization","name":"TSA Interlocks","url":"https:\/\/www.tsa-interlocks.com\/de\/","logo":{"@type":"ImageObject","inLanguage":"en-US","@id":"https:\/\/www.tsa-interlocks.com\/de\/#\/schema\/logo\/image\/","url":"https:\/\/accept.tsa-interlocks.com.bmade.it\/de\/wp-content\/uploads\/sites\/2\/2022\/01\/Logo-TSA-Safety-Services-PNG.png","contentUrl":"https:\/\/accept.tsa-interlocks.com.bmade.it\/de\/wp-content\/uploads\/sites\/2\/2022\/01\/Logo-TSA-Safety-Services-PNG.png","width":5000,"height":2212,"caption":"TSA Interlocks"},"image":{"@id":"https:\/\/www.tsa-interlocks.com\/de\/#\/schema\/logo\/image\/"}}]}},"_links":{"self":[{"href":"https:\/\/accept.tsa-interlocks.com.bmade.it\/de\/wp-json\/wp\/v2\/product\/811"}],"collection":[{"href":"https:\/\/accept.tsa-interlocks.com.bmade.it\/de\/wp-json\/wp\/v2\/product"}],"about":[{"href":"https:\/\/accept.tsa-interlocks.com.bmade.it\/de\/wp-json\/wp\/v2\/types\/product"}],"replies":[{"embeddable":true,"href":"https:\/\/accept.tsa-interlocks.com.bmade.it\/de\/wp-json\/wp\/v2\/comments?post=811"}],"wp:featuredmedia":[{"embeddable":true,"href":"https:\/\/accept.tsa-interlocks.com.bmade.it\/de\/wp-json\/wp\/v2\/media\/1861"}],"wp:attachment":[{"href":"https:\/\/accept.tsa-interlocks.com.bmade.it\/de\/wp-json\/wp\/v2\/media?parent=811"}],"wp:term":[{"taxonomy":"product_brand","embeddable":true,"href":"https:\/\/accept.tsa-interlocks.com.bmade.it\/de\/wp-json\/wp\/v2\/product_brand?post=811"},{"taxonomy":"product_cat","embeddable":true,"href":"https:\/\/accept.tsa-interlocks.com.bmade.it\/de\/wp-json\/wp\/v2\/product_cat?post=811"},{"taxonomy":"product_tag","embeddable":true,"href":"https:\/\/accept.tsa-interlocks.com.bmade.it\/de\/wp-json\/wp\/v2\/product_tag?post=811"}],"curies":[{"name":"wp","href":"https:\/\/api.w.org\/{rel}","templated":true}]}}