{"id":813,"date":"2022-03-16T08:48:38","date_gmt":"2022-03-16T08:48:38","guid":{"rendered":"https:\/\/www.tsa-interlocks.com\/?post_type=product&#038;p=813"},"modified":"2024-08-07T08:31:38","modified_gmt":"2024-08-07T08:31:38","slug":"aie-hd","status":"publish","type":"product","link":"https:\/\/accept.tsa-interlocks.com.bmade.it\/de\/product\/aie-hd\/","title":{"rendered":"AIE-HD &#8211; Zugangsverriegelung, verst\u00e4rkt"},"content":{"rendered":"<p>Voller Zugriff.<\/p>\n<p>Das AIE-HD ist ein schweres, schweres Doppelschl\u00fcsselschloss (HD), das f\u00fcr den Einsatz an Dreh- und Schiebet\u00fcren geeignet ist. Das Schloss ist in Edelstahl erh\u00e4ltlich, wodurch es f\u00fcr den harten Einsatz in rauen oder korrosiven Umgebungen geeignet ist. Das AIE-HD ist in zwei Versionen erh\u00e4ltlich: mit Wechselschl\u00fcssel und mit Doppelschl\u00fcssel.<\/p>\n<p><strong><a href=\"https:\/\/www.tsa-interlocks.com\/de\/wp-content\/uploads\/sites\/2\/2024\/05\/AIE-HD_Jan_23.pdf\">Bedienungsanleitung &amp; weitere Informationen &gt;&gt;<\/a><\/strong><\/p>\n","protected":false},"excerpt":{"rendered":"<p>Voller Zugriff. Das AIE-HD ist ein schweres, schweres Doppelschl\u00fcsselschloss (HD), das f\u00fcr den Einsatz an Dreh- und Schiebet\u00fcren geeignet ist. Das Schloss ist in Edelstahl erh\u00e4ltlich, wodurch es f\u00fcr den&hellip;<\/p>\n","protected":false},"featured_media":1862,"comment_status":"closed","ping_status":"closed","template":"","meta":[],"product_brand":[],"product_cat":[22],"product_tag":[],"yoast_head":"<!-- This site is optimized with the Yoast SEO plugin v24.5 - https:\/\/yoast.com\/wordpress\/plugins\/seo\/ -->\n<title>AIE-HD - Zugangsverriegelung, verst\u00e4rkt - TSA Interlocks<\/title>\n<meta name=\"description\" content=\"Das AIE-HD ist ein schweres, schweres Doppelschl\u00fcsselschloss (HD), das f\u00fcr den Einsatz an Dreh- und Schiebet\u00fcren geeignet ist.\" \/>\n<meta name=\"robots\" content=\"index, follow, max-snippet:-1, max-image-preview:large, max-video-preview:-1\" \/>\n<link rel=\"canonical\" href=\"https:\/\/www.tsa-interlocks.com\/de\/product\/aie-hd\/\" \/>\n<meta property=\"og:locale\" content=\"en_US\" \/>\n<meta property=\"og:type\" content=\"article\" \/>\n<meta property=\"og:title\" content=\"AIE-HD - Zugangsverriegelung, verst\u00e4rkt - TSA Interlocks\" \/>\n<meta property=\"og:description\" content=\"Das AIE-HD ist ein schweres, schweres Doppelschl\u00fcsselschloss (HD), das f\u00fcr den Einsatz an Dreh- und Schiebet\u00fcren geeignet ist.\" \/>\n<meta property=\"og:url\" content=\"https:\/\/www.tsa-interlocks.com\/de\/product\/aie-hd\/\" \/>\n<meta property=\"og:site_name\" content=\"TSA Interlocks\" \/>\n<meta property=\"article:modified_time\" content=\"2024-08-07T08:31:38+00:00\" \/>\n<meta property=\"og:image\" content=\"https:\/\/www.tsa-interlocks.com\/de\/wp-content\/uploads\/sites\/2\/2022\/02\/AIE-HD-toegangsslot-dubbele-sleutel_.png\" \/>\n\t<meta property=\"og:image:width\" content=\"944\" \/>\n\t<meta property=\"og:image:height\" content=\"703\" \/>\n\t<meta property=\"og:image:type\" content=\"image\/png\" \/>\n<meta name=\"twitter:card\" content=\"summary_large_image\" \/>\n<meta name=\"twitter:label1\" content=\"Est. reading time\" \/>\n\t<meta name=\"twitter:data1\" content=\"1 minute\" \/>\n<script type=\"application\/ld+json\" class=\"yoast-schema-graph\">{\"@context\":\"https:\/\/schema.org\",\"@graph\":[{\"@type\":\"WebPage\",\"@id\":\"https:\/\/www.tsa-interlocks.com\/de\/product\/aie-hd\/\",\"url\":\"https:\/\/www.tsa-interlocks.com\/de\/product\/aie-hd\/\",\"name\":\"AIE-HD - Zugangsverriegelung, verst\u00e4rkt - TSA Interlocks\",\"isPartOf\":{\"@id\":\"https:\/\/www.tsa-interlocks.com\/de\/#website\"},\"primaryImageOfPage\":{\"@id\":\"https:\/\/www.tsa-interlocks.com\/de\/product\/aie-hd\/#primaryimage\"},\"image\":{\"@id\":\"https:\/\/www.tsa-interlocks.com\/de\/product\/aie-hd\/#primaryimage\"},\"thumbnailUrl\":\"https:\/\/accept.tsa-interlocks.com.bmade.it\/de\/wp-content\/uploads\/sites\/2\/2022\/02\/AIE-HD-toegangsslot-dubbele-sleutel_.png\",\"datePublished\":\"2022-03-16T08:48:38+00:00\",\"dateModified\":\"2024-08-07T08:31:38+00:00\",\"description\":\"Das AIE-HD ist ein schweres, schweres Doppelschl\u00fcsselschloss (HD), das f\u00fcr den Einsatz an Dreh- und Schiebet\u00fcren geeignet ist.\",\"breadcrumb\":{\"@id\":\"https:\/\/www.tsa-interlocks.com\/de\/product\/aie-hd\/#breadcrumb\"},\"inLanguage\":\"en-US\",\"potentialAction\":[{\"@type\":\"ReadAction\",\"target\":[\"https:\/\/www.tsa-interlocks.com\/de\/product\/aie-hd\/\"]}]},{\"@type\":\"ImageObject\",\"inLanguage\":\"en-US\",\"@id\":\"https:\/\/www.tsa-interlocks.com\/de\/product\/aie-hd\/#primaryimage\",\"url\":\"https:\/\/accept.tsa-interlocks.com.bmade.it\/de\/wp-content\/uploads\/sites\/2\/2022\/02\/AIE-HD-toegangsslot-dubbele-sleutel_.png\",\"contentUrl\":\"https:\/\/accept.tsa-interlocks.com.bmade.it\/de\/wp-content\/uploads\/sites\/2\/2022\/02\/AIE-HD-toegangsslot-dubbele-sleutel_.png\",\"width\":944,\"height\":703},{\"@type\":\"WebSite\",\"@id\":\"https:\/\/www.tsa-interlocks.com\/de\/#website\",\"url\":\"https:\/\/www.tsa-interlocks.com\/de\/\",\"name\":\"TSA Interlocks\",\"description\":\"\",\"publisher\":{\"@id\":\"https:\/\/www.tsa-interlocks.com\/de\/#organization\"},\"potentialAction\":[{\"@type\":\"SearchAction\",\"target\":{\"@type\":\"EntryPoint\",\"urlTemplate\":\"https:\/\/www.tsa-interlocks.com\/de\/?s={search_term_string}\"},\"query-input\":{\"@type\":\"PropertyValueSpecification\",\"valueRequired\":true,\"valueName\":\"search_term_string\"}}],\"inLanguage\":\"en-US\"},{\"@type\":\"Organization\",\"@id\":\"https:\/\/www.tsa-interlocks.com\/de\/#organization\",\"name\":\"TSA Interlocks\",\"url\":\"https:\/\/www.tsa-interlocks.com\/de\/\",\"logo\":{\"@type\":\"ImageObject\",\"inLanguage\":\"en-US\",\"@id\":\"https:\/\/www.tsa-interlocks.com\/de\/#\/schema\/logo\/image\/\",\"url\":\"https:\/\/accept.tsa-interlocks.com.bmade.it\/de\/wp-content\/uploads\/sites\/2\/2022\/01\/Logo-TSA-Safety-Services-PNG.png\",\"contentUrl\":\"https:\/\/accept.tsa-interlocks.com.bmade.it\/de\/wp-content\/uploads\/sites\/2\/2022\/01\/Logo-TSA-Safety-Services-PNG.png\",\"width\":5000,\"height\":2212,\"caption\":\"TSA Interlocks\"},\"image\":{\"@id\":\"https:\/\/www.tsa-interlocks.com\/de\/#\/schema\/logo\/image\/\"}}]}<\/script>\n<!-- \/ Yoast SEO plugin. -->","yoast_head_json":{"title":"AIE-HD - Zugangsverriegelung, verst\u00e4rkt - TSA Interlocks","description":"Das AIE-HD ist ein schweres, schweres Doppelschl\u00fcsselschloss (HD), das f\u00fcr den Einsatz an Dreh- und Schiebet\u00fcren geeignet ist.","robots":{"index":"index","follow":"follow","max-snippet":"max-snippet:-1","max-image-preview":"max-image-preview:large","max-video-preview":"max-video-preview:-1"},"canonical":"https:\/\/www.tsa-interlocks.com\/de\/product\/aie-hd\/","og_locale":"en_US","og_type":"article","og_title":"AIE-HD - Zugangsverriegelung, verst\u00e4rkt - TSA Interlocks","og_description":"Das AIE-HD ist ein schweres, schweres Doppelschl\u00fcsselschloss (HD), das f\u00fcr den Einsatz an Dreh- und Schiebet\u00fcren geeignet ist.","og_url":"https:\/\/www.tsa-interlocks.com\/de\/product\/aie-hd\/","og_site_name":"TSA Interlocks","article_modified_time":"2024-08-07T08:31:38+00:00","og_image":[{"width":944,"height":703,"url":"https:\/\/www.tsa-interlocks.com\/de\/wp-content\/uploads\/sites\/2\/2022\/02\/AIE-HD-toegangsslot-dubbele-sleutel_.png","type":"image\/png"}],"twitter_card":"summary_large_image","twitter_misc":{"Est. reading time":"1 minute"},"schema":{"@context":"https:\/\/schema.org","@graph":[{"@type":"WebPage","@id":"https:\/\/www.tsa-interlocks.com\/de\/product\/aie-hd\/","url":"https:\/\/www.tsa-interlocks.com\/de\/product\/aie-hd\/","name":"AIE-HD - Zugangsverriegelung, verst\u00e4rkt - TSA Interlocks","isPartOf":{"@id":"https:\/\/www.tsa-interlocks.com\/de\/#website"},"primaryImageOfPage":{"@id":"https:\/\/www.tsa-interlocks.com\/de\/product\/aie-hd\/#primaryimage"},"image":{"@id":"https:\/\/www.tsa-interlocks.com\/de\/product\/aie-hd\/#primaryimage"},"thumbnailUrl":"https:\/\/accept.tsa-interlocks.com.bmade.it\/de\/wp-content\/uploads\/sites\/2\/2022\/02\/AIE-HD-toegangsslot-dubbele-sleutel_.png","datePublished":"2022-03-16T08:48:38+00:00","dateModified":"2024-08-07T08:31:38+00:00","description":"Das AIE-HD ist ein schweres, schweres Doppelschl\u00fcsselschloss (HD), das f\u00fcr den Einsatz an Dreh- und Schiebet\u00fcren geeignet ist.","breadcrumb":{"@id":"https:\/\/www.tsa-interlocks.com\/de\/product\/aie-hd\/#breadcrumb"},"inLanguage":"en-US","potentialAction":[{"@type":"ReadAction","target":["https:\/\/www.tsa-interlocks.com\/de\/product\/aie-hd\/"]}]},{"@type":"ImageObject","inLanguage":"en-US","@id":"https:\/\/www.tsa-interlocks.com\/de\/product\/aie-hd\/#primaryimage","url":"https:\/\/accept.tsa-interlocks.com.bmade.it\/de\/wp-content\/uploads\/sites\/2\/2022\/02\/AIE-HD-toegangsslot-dubbele-sleutel_.png","contentUrl":"https:\/\/accept.tsa-interlocks.com.bmade.it\/de\/wp-content\/uploads\/sites\/2\/2022\/02\/AIE-HD-toegangsslot-dubbele-sleutel_.png","width":944,"height":703},{"@type":"WebSite","@id":"https:\/\/www.tsa-interlocks.com\/de\/#website","url":"https:\/\/www.tsa-interlocks.com\/de\/","name":"TSA Interlocks","description":"","publisher":{"@id":"https:\/\/www.tsa-interlocks.com\/de\/#organization"},"potentialAction":[{"@type":"SearchAction","target":{"@type":"EntryPoint","urlTemplate":"https:\/\/www.tsa-interlocks.com\/de\/?s={search_term_string}"},"query-input":{"@type":"PropertyValueSpecification","valueRequired":true,"valueName":"search_term_string"}}],"inLanguage":"en-US"},{"@type":"Organization","@id":"https:\/\/www.tsa-interlocks.com\/de\/#organization","name":"TSA Interlocks","url":"https:\/\/www.tsa-interlocks.com\/de\/","logo":{"@type":"ImageObject","inLanguage":"en-US","@id":"https:\/\/www.tsa-interlocks.com\/de\/#\/schema\/logo\/image\/","url":"https:\/\/accept.tsa-interlocks.com.bmade.it\/de\/wp-content\/uploads\/sites\/2\/2022\/01\/Logo-TSA-Safety-Services-PNG.png","contentUrl":"https:\/\/accept.tsa-interlocks.com.bmade.it\/de\/wp-content\/uploads\/sites\/2\/2022\/01\/Logo-TSA-Safety-Services-PNG.png","width":5000,"height":2212,"caption":"TSA Interlocks"},"image":{"@id":"https:\/\/www.tsa-interlocks.com\/de\/#\/schema\/logo\/image\/"}}]}},"_links":{"self":[{"href":"https:\/\/accept.tsa-interlocks.com.bmade.it\/de\/wp-json\/wp\/v2\/product\/813"}],"collection":[{"href":"https:\/\/accept.tsa-interlocks.com.bmade.it\/de\/wp-json\/wp\/v2\/product"}],"about":[{"href":"https:\/\/accept.tsa-interlocks.com.bmade.it\/de\/wp-json\/wp\/v2\/types\/product"}],"replies":[{"embeddable":true,"href":"https:\/\/accept.tsa-interlocks.com.bmade.it\/de\/wp-json\/wp\/v2\/comments?post=813"}],"wp:featuredmedia":[{"embeddable":true,"href":"https:\/\/accept.tsa-interlocks.com.bmade.it\/de\/wp-json\/wp\/v2\/media\/1862"}],"wp:attachment":[{"href":"https:\/\/accept.tsa-interlocks.com.bmade.it\/de\/wp-json\/wp\/v2\/media?parent=813"}],"wp:term":[{"taxonomy":"product_brand","embeddable":true,"href":"https:\/\/accept.tsa-interlocks.com.bmade.it\/de\/wp-json\/wp\/v2\/product_brand?post=813"},{"taxonomy":"product_cat","embeddable":true,"href":"https:\/\/accept.tsa-interlocks.com.bmade.it\/de\/wp-json\/wp\/v2\/product_cat?post=813"},{"taxonomy":"product_tag","embeddable":true,"href":"https:\/\/accept.tsa-interlocks.com.bmade.it\/de\/wp-json\/wp\/v2\/product_tag?post=813"}],"curies":[{"name":"wp","href":"https:\/\/api.w.org\/{rel}","templated":true}]}}