{"id":841,"date":"2022-03-16T10:50:36","date_gmt":"2022-03-16T10:50:36","guid":{"rendered":"https:\/\/www.tsa-interlocks.com\/?post_type=product&#038;p=841"},"modified":"2024-05-24T08:22:33","modified_gmt":"2024-05-24T08:22:33","slug":"b-exchange","status":"publish","type":"product","link":"https:\/\/accept.tsa-interlocks.com.bmade.it\/de\/product\/b-exchange\/","title":{"rendered":"B &#8211; Schl\u00fcsselwechselbox"},"content":{"rendered":"<p>Die B-Schl\u00fcsselwechseleinheit ist so konzipiert, dass sie die sequentielle Freigabe von Schl\u00fcsseln (maximal 5) durch Einstecken eines oder mehrerer Anfangsschl\u00fcssel erm\u00f6glicht. Der Bedarf f\u00fcr diese Art von Produkt ergibt sich normalerweise, wenn es mehrere Zug\u00e4nge zum Gefahrenbereich gibt. Die Schl\u00fcsselwechseleinheit fungiert in der Regel als Bindeglied zwischen den Trennschl\u00f6ssern und den Zutrittsprodukten. Das Produkt wird in einem schlanken Geh\u00e4use geliefert, das f\u00fcr die Oberfl\u00e4chen- oder Schalttafelmontage geeignet ist, und ist in einer Vielzahl von Schlosskonfigurationen erh\u00e4ltlich.<\/p>\n<p><strong><a href=\"https:\/\/www.tsa-interlocks.com\/de\/wp-content\/uploads\/sites\/2\/2024\/05\/B_Jan_23.pdf\">Bedienungsanleitung &amp; weitere Informationen &gt;&gt;<\/a><\/strong><\/p>\n","protected":false},"excerpt":{"rendered":"<p>Die B-Schl\u00fcsselwechseleinheit ist so konzipiert, dass sie die sequentielle Freigabe von Schl\u00fcsseln (maximal 5) durch Einstecken eines oder mehrerer Anfangsschl\u00fcssel erm\u00f6glicht. Der Bedarf f\u00fcr diese Art von Produkt ergibt sich&hellip;<\/p>\n","protected":false},"featured_media":1936,"comment_status":"closed","ping_status":"closed","template":"","meta":[],"product_brand":[],"product_cat":[24],"product_tag":[],"yoast_head":"<!-- This site is optimized with the Yoast SEO plugin v24.5 - https:\/\/yoast.com\/wordpress\/plugins\/seo\/ -->\n<title>B - Schl\u00fcsselwechselbox - TSA Interlocks<\/title>\n<meta name=\"description\" content=\"Die B-Schl\u00fcsselwechseleinheit ist so konzipiert, dass sie die sequentielle Freigabe von Schl\u00fcsseln durch Einstecken mehrerer Anfangsschl\u00fcssel erm\u00f6glicht.\" \/>\n<meta name=\"robots\" content=\"index, follow, max-snippet:-1, max-image-preview:large, max-video-preview:-1\" \/>\n<link rel=\"canonical\" href=\"https:\/\/www.tsa-interlocks.com\/de\/product\/b-exchange\/\" \/>\n<meta property=\"og:locale\" content=\"en_US\" \/>\n<meta property=\"og:type\" content=\"article\" \/>\n<meta property=\"og:title\" content=\"B - Schl\u00fcsselwechselbox - TSA Interlocks\" \/>\n<meta property=\"og:description\" content=\"Die B-Schl\u00fcsselwechseleinheit ist so konzipiert, dass sie die sequentielle Freigabe von Schl\u00fcsseln durch Einstecken mehrerer Anfangsschl\u00fcssel erm\u00f6glicht.\" \/>\n<meta property=\"og:url\" content=\"https:\/\/www.tsa-interlocks.com\/de\/product\/b-exchange\/\" \/>\n<meta property=\"og:site_name\" content=\"TSA Interlocks\" \/>\n<meta property=\"article:modified_time\" content=\"2024-05-24T08:22:33+00:00\" \/>\n<meta property=\"og:image\" content=\"https:\/\/www.tsa-interlocks.com\/de\/wp-content\/uploads\/sites\/2\/2022\/03\/B-sleutelwisselunit.png\" \/>\n\t<meta property=\"og:image:width\" content=\"944\" \/>\n\t<meta property=\"og:image:height\" content=\"703\" \/>\n\t<meta property=\"og:image:type\" content=\"image\/png\" \/>\n<meta name=\"twitter:card\" content=\"summary_large_image\" \/>\n<meta name=\"twitter:label1\" content=\"Est. reading time\" \/>\n\t<meta name=\"twitter:data1\" content=\"1 minute\" \/>\n<script type=\"application\/ld+json\" class=\"yoast-schema-graph\">{\"@context\":\"https:\/\/schema.org\",\"@graph\":[{\"@type\":\"WebPage\",\"@id\":\"https:\/\/www.tsa-interlocks.com\/de\/product\/b-exchange\/\",\"url\":\"https:\/\/www.tsa-interlocks.com\/de\/product\/b-exchange\/\",\"name\":\"B - Schl\u00fcsselwechselbox - TSA Interlocks\",\"isPartOf\":{\"@id\":\"https:\/\/www.tsa-interlocks.com\/de\/#website\"},\"primaryImageOfPage\":{\"@id\":\"https:\/\/www.tsa-interlocks.com\/de\/product\/b-exchange\/#primaryimage\"},\"image\":{\"@id\":\"https:\/\/www.tsa-interlocks.com\/de\/product\/b-exchange\/#primaryimage\"},\"thumbnailUrl\":\"https:\/\/accept.tsa-interlocks.com.bmade.it\/de\/wp-content\/uploads\/sites\/2\/2022\/03\/B-sleutelwisselunit.png\",\"datePublished\":\"2022-03-16T10:50:36+00:00\",\"dateModified\":\"2024-05-24T08:22:33+00:00\",\"description\":\"Die B-Schl\u00fcsselwechseleinheit ist so konzipiert, dass sie die sequentielle Freigabe von Schl\u00fcsseln durch Einstecken mehrerer Anfangsschl\u00fcssel erm\u00f6glicht.\",\"breadcrumb\":{\"@id\":\"https:\/\/www.tsa-interlocks.com\/de\/product\/b-exchange\/#breadcrumb\"},\"inLanguage\":\"en-US\",\"potentialAction\":[{\"@type\":\"ReadAction\",\"target\":[\"https:\/\/www.tsa-interlocks.com\/de\/product\/b-exchange\/\"]}]},{\"@type\":\"ImageObject\",\"inLanguage\":\"en-US\",\"@id\":\"https:\/\/www.tsa-interlocks.com\/de\/product\/b-exchange\/#primaryimage\",\"url\":\"https:\/\/accept.tsa-interlocks.com.bmade.it\/de\/wp-content\/uploads\/sites\/2\/2022\/03\/B-sleutelwisselunit.png\",\"contentUrl\":\"https:\/\/accept.tsa-interlocks.com.bmade.it\/de\/wp-content\/uploads\/sites\/2\/2022\/03\/B-sleutelwisselunit.png\",\"width\":944,\"height\":703},{\"@type\":\"WebSite\",\"@id\":\"https:\/\/www.tsa-interlocks.com\/de\/#website\",\"url\":\"https:\/\/www.tsa-interlocks.com\/de\/\",\"name\":\"TSA Interlocks\",\"description\":\"\",\"publisher\":{\"@id\":\"https:\/\/www.tsa-interlocks.com\/de\/#organization\"},\"potentialAction\":[{\"@type\":\"SearchAction\",\"target\":{\"@type\":\"EntryPoint\",\"urlTemplate\":\"https:\/\/www.tsa-interlocks.com\/de\/?s={search_term_string}\"},\"query-input\":{\"@type\":\"PropertyValueSpecification\",\"valueRequired\":true,\"valueName\":\"search_term_string\"}}],\"inLanguage\":\"en-US\"},{\"@type\":\"Organization\",\"@id\":\"https:\/\/www.tsa-interlocks.com\/de\/#organization\",\"name\":\"TSA Interlocks\",\"url\":\"https:\/\/www.tsa-interlocks.com\/de\/\",\"logo\":{\"@type\":\"ImageObject\",\"inLanguage\":\"en-US\",\"@id\":\"https:\/\/www.tsa-interlocks.com\/de\/#\/schema\/logo\/image\/\",\"url\":\"https:\/\/accept.tsa-interlocks.com.bmade.it\/de\/wp-content\/uploads\/sites\/2\/2022\/01\/Logo-TSA-Safety-Services-PNG.png\",\"contentUrl\":\"https:\/\/accept.tsa-interlocks.com.bmade.it\/de\/wp-content\/uploads\/sites\/2\/2022\/01\/Logo-TSA-Safety-Services-PNG.png\",\"width\":5000,\"height\":2212,\"caption\":\"TSA Interlocks\"},\"image\":{\"@id\":\"https:\/\/www.tsa-interlocks.com\/de\/#\/schema\/logo\/image\/\"}}]}<\/script>\n<!-- \/ Yoast SEO plugin. -->","yoast_head_json":{"title":"B - Schl\u00fcsselwechselbox - TSA Interlocks","description":"Die B-Schl\u00fcsselwechseleinheit ist so konzipiert, dass sie die sequentielle Freigabe von Schl\u00fcsseln durch Einstecken mehrerer Anfangsschl\u00fcssel erm\u00f6glicht.","robots":{"index":"index","follow":"follow","max-snippet":"max-snippet:-1","max-image-preview":"max-image-preview:large","max-video-preview":"max-video-preview:-1"},"canonical":"https:\/\/www.tsa-interlocks.com\/de\/product\/b-exchange\/","og_locale":"en_US","og_type":"article","og_title":"B - Schl\u00fcsselwechselbox - TSA Interlocks","og_description":"Die B-Schl\u00fcsselwechseleinheit ist so konzipiert, dass sie die sequentielle Freigabe von Schl\u00fcsseln durch Einstecken mehrerer Anfangsschl\u00fcssel erm\u00f6glicht.","og_url":"https:\/\/www.tsa-interlocks.com\/de\/product\/b-exchange\/","og_site_name":"TSA Interlocks","article_modified_time":"2024-05-24T08:22:33+00:00","og_image":[{"width":944,"height":703,"url":"https:\/\/www.tsa-interlocks.com\/de\/wp-content\/uploads\/sites\/2\/2022\/03\/B-sleutelwisselunit.png","type":"image\/png"}],"twitter_card":"summary_large_image","twitter_misc":{"Est. reading time":"1 minute"},"schema":{"@context":"https:\/\/schema.org","@graph":[{"@type":"WebPage","@id":"https:\/\/www.tsa-interlocks.com\/de\/product\/b-exchange\/","url":"https:\/\/www.tsa-interlocks.com\/de\/product\/b-exchange\/","name":"B - Schl\u00fcsselwechselbox - TSA Interlocks","isPartOf":{"@id":"https:\/\/www.tsa-interlocks.com\/de\/#website"},"primaryImageOfPage":{"@id":"https:\/\/www.tsa-interlocks.com\/de\/product\/b-exchange\/#primaryimage"},"image":{"@id":"https:\/\/www.tsa-interlocks.com\/de\/product\/b-exchange\/#primaryimage"},"thumbnailUrl":"https:\/\/accept.tsa-interlocks.com.bmade.it\/de\/wp-content\/uploads\/sites\/2\/2022\/03\/B-sleutelwisselunit.png","datePublished":"2022-03-16T10:50:36+00:00","dateModified":"2024-05-24T08:22:33+00:00","description":"Die B-Schl\u00fcsselwechseleinheit ist so konzipiert, dass sie die sequentielle Freigabe von Schl\u00fcsseln durch Einstecken mehrerer Anfangsschl\u00fcssel erm\u00f6glicht.","breadcrumb":{"@id":"https:\/\/www.tsa-interlocks.com\/de\/product\/b-exchange\/#breadcrumb"},"inLanguage":"en-US","potentialAction":[{"@type":"ReadAction","target":["https:\/\/www.tsa-interlocks.com\/de\/product\/b-exchange\/"]}]},{"@type":"ImageObject","inLanguage":"en-US","@id":"https:\/\/www.tsa-interlocks.com\/de\/product\/b-exchange\/#primaryimage","url":"https:\/\/accept.tsa-interlocks.com.bmade.it\/de\/wp-content\/uploads\/sites\/2\/2022\/03\/B-sleutelwisselunit.png","contentUrl":"https:\/\/accept.tsa-interlocks.com.bmade.it\/de\/wp-content\/uploads\/sites\/2\/2022\/03\/B-sleutelwisselunit.png","width":944,"height":703},{"@type":"WebSite","@id":"https:\/\/www.tsa-interlocks.com\/de\/#website","url":"https:\/\/www.tsa-interlocks.com\/de\/","name":"TSA Interlocks","description":"","publisher":{"@id":"https:\/\/www.tsa-interlocks.com\/de\/#organization"},"potentialAction":[{"@type":"SearchAction","target":{"@type":"EntryPoint","urlTemplate":"https:\/\/www.tsa-interlocks.com\/de\/?s={search_term_string}"},"query-input":{"@type":"PropertyValueSpecification","valueRequired":true,"valueName":"search_term_string"}}],"inLanguage":"en-US"},{"@type":"Organization","@id":"https:\/\/www.tsa-interlocks.com\/de\/#organization","name":"TSA Interlocks","url":"https:\/\/www.tsa-interlocks.com\/de\/","logo":{"@type":"ImageObject","inLanguage":"en-US","@id":"https:\/\/www.tsa-interlocks.com\/de\/#\/schema\/logo\/image\/","url":"https:\/\/accept.tsa-interlocks.com.bmade.it\/de\/wp-content\/uploads\/sites\/2\/2022\/01\/Logo-TSA-Safety-Services-PNG.png","contentUrl":"https:\/\/accept.tsa-interlocks.com.bmade.it\/de\/wp-content\/uploads\/sites\/2\/2022\/01\/Logo-TSA-Safety-Services-PNG.png","width":5000,"height":2212,"caption":"TSA Interlocks"},"image":{"@id":"https:\/\/www.tsa-interlocks.com\/de\/#\/schema\/logo\/image\/"}}]}},"_links":{"self":[{"href":"https:\/\/accept.tsa-interlocks.com.bmade.it\/de\/wp-json\/wp\/v2\/product\/841"}],"collection":[{"href":"https:\/\/accept.tsa-interlocks.com.bmade.it\/de\/wp-json\/wp\/v2\/product"}],"about":[{"href":"https:\/\/accept.tsa-interlocks.com.bmade.it\/de\/wp-json\/wp\/v2\/types\/product"}],"replies":[{"embeddable":true,"href":"https:\/\/accept.tsa-interlocks.com.bmade.it\/de\/wp-json\/wp\/v2\/comments?post=841"}],"wp:featuredmedia":[{"embeddable":true,"href":"https:\/\/accept.tsa-interlocks.com.bmade.it\/de\/wp-json\/wp\/v2\/media\/1936"}],"wp:attachment":[{"href":"https:\/\/accept.tsa-interlocks.com.bmade.it\/de\/wp-json\/wp\/v2\/media?parent=841"}],"wp:term":[{"taxonomy":"product_brand","embeddable":true,"href":"https:\/\/accept.tsa-interlocks.com.bmade.it\/de\/wp-json\/wp\/v2\/product_brand?post=841"},{"taxonomy":"product_cat","embeddable":true,"href":"https:\/\/accept.tsa-interlocks.com.bmade.it\/de\/wp-json\/wp\/v2\/product_cat?post=841"},{"taxonomy":"product_tag","embeddable":true,"href":"https:\/\/accept.tsa-interlocks.com.bmade.it\/de\/wp-json\/wp\/v2\/product_tag?post=841"}],"curies":[{"name":"wp","href":"https:\/\/api.w.org\/{rel}","templated":true}]}}