{"id":843,"date":"2022-03-16T10:50:36","date_gmt":"2022-03-16T10:50:36","guid":{"rendered":"https:\/\/www.tsa-interlocks.com\/?post_type=product&#038;p=843"},"modified":"2024-05-24T10:07:02","modified_gmt":"2024-05-24T10:07:02","slug":"z","status":"publish","type":"product","link":"https:\/\/accept.tsa-interlocks.com.bmade.it\/de\/product\/z\/","title":{"rendered":"Z &#8211; Schl\u00fcsselwechselbox"},"content":{"rendered":"<p>Der Schl\u00fcsselschrank der Z-Schl\u00fcsselwechseleinheit ist f\u00fcr die Entnahme von Schl\u00fcsseln konzipiert und f\u00fcr die Entnahme von bis zu f\u00fcnf Schl\u00fcsseln geeignet. Die Freigabe von Schl\u00fcsseln muss nicht sequentiell erfolgen und erfolgt, sobald die Isolierung (Endschl\u00fcssel) platziert und verriegelt ist. Dieses Produkt wird verwendet, wenn mehr Schl\u00fcssel ben\u00f6tigt werden, als das urspr\u00fcngliche Isoliersystem bietet. Diese Schl\u00fcsselwechseleinheit bildet in der Regel die Verbindung zwischen den Isolierschl\u00f6ssern und den Zutrittsprodukten. Die Z-Schl\u00fcsselwechseleinheit wird in einem f\u00fcr die Aufputzmontage geeigneten Geh\u00e4use geliefert.<\/p>\n<p><strong><a href=\"https:\/\/www.tsa-interlocks.com\/de\/wp-content\/uploads\/sites\/2\/2024\/05\/Z_Jan_23.pdf\" target=\"_blank\" rel=\"noopener\">Bedienungsanleitung &amp; weitere Informationen &gt;&gt;<\/a><\/strong><\/p>\n","protected":false},"excerpt":{"rendered":"<p>Der Schl\u00fcsselschrank der Z-Schl\u00fcsselwechseleinheit ist f\u00fcr die Entnahme von Schl\u00fcsseln konzipiert und f\u00fcr die Entnahme von bis zu f\u00fcnf Schl\u00fcsseln geeignet. Die Freigabe von Schl\u00fcsseln muss nicht sequentiell erfolgen und&hellip;<\/p>\n","protected":false},"featured_media":1935,"comment_status":"closed","ping_status":"closed","template":"","meta":[],"product_brand":[],"product_cat":[24],"product_tag":[],"yoast_head":"<!-- This site is optimized with the Yoast SEO plugin v24.5 - https:\/\/yoast.com\/wordpress\/plugins\/seo\/ -->\n<title>Z - Schl\u00fcsselwechselbox - TSA Interlocks<\/title>\n<meta name=\"description\" content=\"Der Schl\u00fcsselschrank der Z-Schl\u00fcsselwechseleinheit ist f\u00fcr die Entnahme von Schl\u00fcsseln konzipiert und f\u00fcr die Entnahme von bis zu f\u00fcnf Schl\u00fcsseln geeignet.\" \/>\n<meta name=\"robots\" content=\"index, follow, max-snippet:-1, max-image-preview:large, max-video-preview:-1\" \/>\n<link rel=\"canonical\" href=\"https:\/\/www.tsa-interlocks.com\/de\/product\/z\/\" \/>\n<meta property=\"og:locale\" content=\"en_US\" \/>\n<meta property=\"og:type\" content=\"article\" \/>\n<meta property=\"og:title\" content=\"Z - Schl\u00fcsselwechselbox - TSA Interlocks\" \/>\n<meta property=\"og:description\" content=\"Der Schl\u00fcsselschrank der Z-Schl\u00fcsselwechseleinheit ist f\u00fcr die Entnahme von Schl\u00fcsseln konzipiert und f\u00fcr die Entnahme von bis zu f\u00fcnf Schl\u00fcsseln geeignet.\" \/>\n<meta property=\"og:url\" content=\"https:\/\/www.tsa-interlocks.com\/de\/product\/z\/\" \/>\n<meta property=\"og:site_name\" content=\"TSA Interlocks\" \/>\n<meta property=\"article:modified_time\" content=\"2024-05-24T10:07:02+00:00\" \/>\n<meta property=\"og:image\" content=\"https:\/\/www.tsa-interlocks.com\/de\/wp-content\/uploads\/sites\/2\/2022\/03\/Z-sleutelwisselunit.png\" \/>\n\t<meta property=\"og:image:width\" content=\"944\" \/>\n\t<meta property=\"og:image:height\" content=\"703\" \/>\n\t<meta property=\"og:image:type\" content=\"image\/png\" \/>\n<meta name=\"twitter:card\" content=\"summary_large_image\" \/>\n<meta name=\"twitter:label1\" content=\"Est. reading time\" \/>\n\t<meta name=\"twitter:data1\" content=\"1 minute\" \/>\n<script type=\"application\/ld+json\" class=\"yoast-schema-graph\">{\"@context\":\"https:\/\/schema.org\",\"@graph\":[{\"@type\":\"WebPage\",\"@id\":\"https:\/\/www.tsa-interlocks.com\/de\/product\/z\/\",\"url\":\"https:\/\/www.tsa-interlocks.com\/de\/product\/z\/\",\"name\":\"Z - Schl\u00fcsselwechselbox - TSA Interlocks\",\"isPartOf\":{\"@id\":\"https:\/\/www.tsa-interlocks.com\/de\/#website\"},\"primaryImageOfPage\":{\"@id\":\"https:\/\/www.tsa-interlocks.com\/de\/product\/z\/#primaryimage\"},\"image\":{\"@id\":\"https:\/\/www.tsa-interlocks.com\/de\/product\/z\/#primaryimage\"},\"thumbnailUrl\":\"https:\/\/accept.tsa-interlocks.com.bmade.it\/de\/wp-content\/uploads\/sites\/2\/2022\/03\/Z-sleutelwisselunit.png\",\"datePublished\":\"2022-03-16T10:50:36+00:00\",\"dateModified\":\"2024-05-24T10:07:02+00:00\",\"description\":\"Der Schl\u00fcsselschrank der Z-Schl\u00fcsselwechseleinheit ist f\u00fcr die Entnahme von Schl\u00fcsseln konzipiert und f\u00fcr die Entnahme von bis zu f\u00fcnf Schl\u00fcsseln geeignet.\",\"breadcrumb\":{\"@id\":\"https:\/\/www.tsa-interlocks.com\/de\/product\/z\/#breadcrumb\"},\"inLanguage\":\"en-US\",\"potentialAction\":[{\"@type\":\"ReadAction\",\"target\":[\"https:\/\/www.tsa-interlocks.com\/de\/product\/z\/\"]}]},{\"@type\":\"ImageObject\",\"inLanguage\":\"en-US\",\"@id\":\"https:\/\/www.tsa-interlocks.com\/de\/product\/z\/#primaryimage\",\"url\":\"https:\/\/accept.tsa-interlocks.com.bmade.it\/de\/wp-content\/uploads\/sites\/2\/2022\/03\/Z-sleutelwisselunit.png\",\"contentUrl\":\"https:\/\/accept.tsa-interlocks.com.bmade.it\/de\/wp-content\/uploads\/sites\/2\/2022\/03\/Z-sleutelwisselunit.png\",\"width\":944,\"height\":703},{\"@type\":\"WebSite\",\"@id\":\"https:\/\/www.tsa-interlocks.com\/de\/#website\",\"url\":\"https:\/\/www.tsa-interlocks.com\/de\/\",\"name\":\"TSA Interlocks\",\"description\":\"\",\"publisher\":{\"@id\":\"https:\/\/www.tsa-interlocks.com\/de\/#organization\"},\"potentialAction\":[{\"@type\":\"SearchAction\",\"target\":{\"@type\":\"EntryPoint\",\"urlTemplate\":\"https:\/\/www.tsa-interlocks.com\/de\/?s={search_term_string}\"},\"query-input\":{\"@type\":\"PropertyValueSpecification\",\"valueRequired\":true,\"valueName\":\"search_term_string\"}}],\"inLanguage\":\"en-US\"},{\"@type\":\"Organization\",\"@id\":\"https:\/\/www.tsa-interlocks.com\/de\/#organization\",\"name\":\"TSA Interlocks\",\"url\":\"https:\/\/www.tsa-interlocks.com\/de\/\",\"logo\":{\"@type\":\"ImageObject\",\"inLanguage\":\"en-US\",\"@id\":\"https:\/\/www.tsa-interlocks.com\/de\/#\/schema\/logo\/image\/\",\"url\":\"https:\/\/accept.tsa-interlocks.com.bmade.it\/de\/wp-content\/uploads\/sites\/2\/2022\/01\/Logo-TSA-Safety-Services-PNG.png\",\"contentUrl\":\"https:\/\/accept.tsa-interlocks.com.bmade.it\/de\/wp-content\/uploads\/sites\/2\/2022\/01\/Logo-TSA-Safety-Services-PNG.png\",\"width\":5000,\"height\":2212,\"caption\":\"TSA Interlocks\"},\"image\":{\"@id\":\"https:\/\/www.tsa-interlocks.com\/de\/#\/schema\/logo\/image\/\"}}]}<\/script>\n<!-- \/ Yoast SEO plugin. -->","yoast_head_json":{"title":"Z - Schl\u00fcsselwechselbox - TSA Interlocks","description":"Der Schl\u00fcsselschrank der Z-Schl\u00fcsselwechseleinheit ist f\u00fcr die Entnahme von Schl\u00fcsseln konzipiert und f\u00fcr die Entnahme von bis zu f\u00fcnf Schl\u00fcsseln geeignet.","robots":{"index":"index","follow":"follow","max-snippet":"max-snippet:-1","max-image-preview":"max-image-preview:large","max-video-preview":"max-video-preview:-1"},"canonical":"https:\/\/www.tsa-interlocks.com\/de\/product\/z\/","og_locale":"en_US","og_type":"article","og_title":"Z - Schl\u00fcsselwechselbox - TSA Interlocks","og_description":"Der Schl\u00fcsselschrank der Z-Schl\u00fcsselwechseleinheit ist f\u00fcr die Entnahme von Schl\u00fcsseln konzipiert und f\u00fcr die Entnahme von bis zu f\u00fcnf Schl\u00fcsseln geeignet.","og_url":"https:\/\/www.tsa-interlocks.com\/de\/product\/z\/","og_site_name":"TSA Interlocks","article_modified_time":"2024-05-24T10:07:02+00:00","og_image":[{"width":944,"height":703,"url":"https:\/\/www.tsa-interlocks.com\/de\/wp-content\/uploads\/sites\/2\/2022\/03\/Z-sleutelwisselunit.png","type":"image\/png"}],"twitter_card":"summary_large_image","twitter_misc":{"Est. reading time":"1 minute"},"schema":{"@context":"https:\/\/schema.org","@graph":[{"@type":"WebPage","@id":"https:\/\/www.tsa-interlocks.com\/de\/product\/z\/","url":"https:\/\/www.tsa-interlocks.com\/de\/product\/z\/","name":"Z - Schl\u00fcsselwechselbox - TSA Interlocks","isPartOf":{"@id":"https:\/\/www.tsa-interlocks.com\/de\/#website"},"primaryImageOfPage":{"@id":"https:\/\/www.tsa-interlocks.com\/de\/product\/z\/#primaryimage"},"image":{"@id":"https:\/\/www.tsa-interlocks.com\/de\/product\/z\/#primaryimage"},"thumbnailUrl":"https:\/\/accept.tsa-interlocks.com.bmade.it\/de\/wp-content\/uploads\/sites\/2\/2022\/03\/Z-sleutelwisselunit.png","datePublished":"2022-03-16T10:50:36+00:00","dateModified":"2024-05-24T10:07:02+00:00","description":"Der Schl\u00fcsselschrank der Z-Schl\u00fcsselwechseleinheit ist f\u00fcr die Entnahme von Schl\u00fcsseln konzipiert und f\u00fcr die Entnahme von bis zu f\u00fcnf Schl\u00fcsseln geeignet.","breadcrumb":{"@id":"https:\/\/www.tsa-interlocks.com\/de\/product\/z\/#breadcrumb"},"inLanguage":"en-US","potentialAction":[{"@type":"ReadAction","target":["https:\/\/www.tsa-interlocks.com\/de\/product\/z\/"]}]},{"@type":"ImageObject","inLanguage":"en-US","@id":"https:\/\/www.tsa-interlocks.com\/de\/product\/z\/#primaryimage","url":"https:\/\/accept.tsa-interlocks.com.bmade.it\/de\/wp-content\/uploads\/sites\/2\/2022\/03\/Z-sleutelwisselunit.png","contentUrl":"https:\/\/accept.tsa-interlocks.com.bmade.it\/de\/wp-content\/uploads\/sites\/2\/2022\/03\/Z-sleutelwisselunit.png","width":944,"height":703},{"@type":"WebSite","@id":"https:\/\/www.tsa-interlocks.com\/de\/#website","url":"https:\/\/www.tsa-interlocks.com\/de\/","name":"TSA Interlocks","description":"","publisher":{"@id":"https:\/\/www.tsa-interlocks.com\/de\/#organization"},"potentialAction":[{"@type":"SearchAction","target":{"@type":"EntryPoint","urlTemplate":"https:\/\/www.tsa-interlocks.com\/de\/?s={search_term_string}"},"query-input":{"@type":"PropertyValueSpecification","valueRequired":true,"valueName":"search_term_string"}}],"inLanguage":"en-US"},{"@type":"Organization","@id":"https:\/\/www.tsa-interlocks.com\/de\/#organization","name":"TSA Interlocks","url":"https:\/\/www.tsa-interlocks.com\/de\/","logo":{"@type":"ImageObject","inLanguage":"en-US","@id":"https:\/\/www.tsa-interlocks.com\/de\/#\/schema\/logo\/image\/","url":"https:\/\/accept.tsa-interlocks.com.bmade.it\/de\/wp-content\/uploads\/sites\/2\/2022\/01\/Logo-TSA-Safety-Services-PNG.png","contentUrl":"https:\/\/accept.tsa-interlocks.com.bmade.it\/de\/wp-content\/uploads\/sites\/2\/2022\/01\/Logo-TSA-Safety-Services-PNG.png","width":5000,"height":2212,"caption":"TSA Interlocks"},"image":{"@id":"https:\/\/www.tsa-interlocks.com\/de\/#\/schema\/logo\/image\/"}}]}},"_links":{"self":[{"href":"https:\/\/accept.tsa-interlocks.com.bmade.it\/de\/wp-json\/wp\/v2\/product\/843"}],"collection":[{"href":"https:\/\/accept.tsa-interlocks.com.bmade.it\/de\/wp-json\/wp\/v2\/product"}],"about":[{"href":"https:\/\/accept.tsa-interlocks.com.bmade.it\/de\/wp-json\/wp\/v2\/types\/product"}],"replies":[{"embeddable":true,"href":"https:\/\/accept.tsa-interlocks.com.bmade.it\/de\/wp-json\/wp\/v2\/comments?post=843"}],"wp:featuredmedia":[{"embeddable":true,"href":"https:\/\/accept.tsa-interlocks.com.bmade.it\/de\/wp-json\/wp\/v2\/media\/1935"}],"wp:attachment":[{"href":"https:\/\/accept.tsa-interlocks.com.bmade.it\/de\/wp-json\/wp\/v2\/media?parent=843"}],"wp:term":[{"taxonomy":"product_brand","embeddable":true,"href":"https:\/\/accept.tsa-interlocks.com.bmade.it\/de\/wp-json\/wp\/v2\/product_brand?post=843"},{"taxonomy":"product_cat","embeddable":true,"href":"https:\/\/accept.tsa-interlocks.com.bmade.it\/de\/wp-json\/wp\/v2\/product_cat?post=843"},{"taxonomy":"product_tag","embeddable":true,"href":"https:\/\/accept.tsa-interlocks.com.bmade.it\/de\/wp-json\/wp\/v2\/product_tag?post=843"}],"curies":[{"name":"wp","href":"https:\/\/api.w.org\/{rel}","templated":true}]}}